{"id":10577,"date":"2020-10-02T14:34:49","date_gmt":"2020-10-02T14:34:49","guid":{"rendered":"http:\/\/www2.unifap.br\/edfisica\/?page_id=10577"},"modified":"2022-01-06T00:35:44","modified_gmt":"2022-01-06T00:35:44","slug":"e-book","status":"publish","type":"page","link":"http:\/\/www2.unifap.br\/edfisica\/e-book\/","title":{"rendered":"Produ\u00e7\u00e3o bibliogr\u00e1fica e imag\u00e9tica"},"content":{"rendered":"<p><a href=\"http:\/\/www2.unifap.br\/edfisica\/files\/2022\/01\/E-book_Educacao-Fisica-no-Meio-do-Mundo_CCEF_UNIFAP_2021.pdf\">E-book_Educacao-Fisica-no-Meio-do-Mundo_CCEF_UNIFAP_2021<\/a><\/p>\n","protected":false},"excerpt":{"rendered":"<p>E-book_Educacao-Fisica-no-Meio-do-Mundo_CCEF_UNIFAP_2021<\/p>\n","protected":false},"author":535,"featured_media":0,"parent":0,"menu_order":6,"comment_status":"closed","ping_status":"closed","template":"","meta":{"inline_featured_image":false,"ngg_post_thumbnail":0,"footnotes":""},"class_list":["post-10577","page","type-page","status-publish","hentry"],"_links":{"self":[{"href":"http:\/\/www2.unifap.br\/edfisica\/wp-json\/wp\/v2\/pages\/10577","targetHints":{"allow":["GET"]}}],"collection":[{"href":"http:\/\/www2.unifap.br\/edfisica\/wp-json\/wp\/v2\/pages"}],"about":[{"href":"http:\/\/www2.unifap.br\/edfisica\/wp-json\/wp\/v2\/types\/page"}],"author":[{"embeddable":true,"href":"http:\/\/www2.unifap.br\/edfisica\/wp-json\/wp\/v2\/users\/535"}],"replies":[{"embeddable":true,"href":"http:\/\/www2.unifap.br\/edfisica\/wp-json\/wp\/v2\/comments?post=10577"}],"version-history":[{"count":6,"href":"http:\/\/www2.unifap.br\/edfisica\/wp-json\/wp\/v2\/pages\/10577\/revisions"}],"predecessor-version":[{"id":10847,"href":"http:\/\/www2.unifap.br\/edfisica\/wp-json\/wp\/v2\/pages\/10577\/revisions\/10847"}],"wp:attachment":[{"href":"http:\/\/www2.unifap.br\/edfisica\/wp-json\/wp\/v2\/media?parent=10577"}],"curies":[{"name":"wp","href":"https:\/\/api.w.org\/{rel}","templated":true}]}}