{"id":10683,"date":"2020-10-08T22:50:53","date_gmt":"2020-10-08T22:50:53","guid":{"rendered":"http:\/\/www2.unifap.br\/edfisica\/?page_id=10683"},"modified":"2023-11-22T14:48:45","modified_gmt":"2023-11-22T14:48:45","slug":"coordenacao-do-curso","status":"publish","type":"page","link":"http:\/\/www2.unifap.br\/edfisica\/coordenacao\/coordenacao-do-curso\/","title":{"rendered":"Coordena\u00e7\u00e3o do curso"},"content":{"rendered":"<p style=\"text-align: left\">Prof\u00aa Let\u00edcia de C. Ferreira<\/p>\n<p style=\"text-align: left\" align=\"center\"><strong>Coordenadora do Curso de Educa\u00e7\u00e3o F\u00edsica<\/strong><\/p>\n<p style=\"text-align: left\" align=\"center\">Prof\u00aa Ron\u00e9dia Monteiro Bosque<\/p>\n<p style=\"text-align: left\" align=\"center\"><strong>Vice \u2013 Coordenadora do Curso de Educa\u00e7\u00e3o F\u00edsica<\/strong><\/p>\n<p style=\"text-align: left\"><strong>Contato:&nbsp;Email: ed.fisica@unifap.br<\/strong><\/p>\n<p style=\"text-align: left\">&nbsp;<\/p>\n","protected":false},"excerpt":{"rendered":"<p>Prof\u00aa Let\u00edcia de C. Ferreira Coordenadora do Curso de Educa\u00e7\u00e3o F\u00edsica Prof\u00aa Ron\u00e9dia Monteiro Bosque Vice \u2013 Coordenadora do Curso de Educa\u00e7\u00e3o&#8230;<\/p>\n","protected":false},"author":535,"featured_media":0,"parent":523,"menu_order":0,"comment_status":"closed","ping_status":"closed","template":"","meta":{"inline_featured_image":false,"ngg_post_thumbnail":0,"footnotes":""},"class_list":["post-10683","page","type-page","status-publish","hentry"],"_links":{"self":[{"href":"http:\/\/www2.unifap.br\/edfisica\/wp-json\/wp\/v2\/pages\/10683","targetHints":{"allow":["GET"]}}],"collection":[{"href":"http:\/\/www2.unifap.br\/edfisica\/wp-json\/wp\/v2\/pages"}],"about":[{"href":"http:\/\/www2.unifap.br\/edfisica\/wp-json\/wp\/v2\/types\/page"}],"author":[{"embeddable":true,"href":"http:\/\/www2.unifap.br\/edfisica\/wp-json\/wp\/v2\/users\/535"}],"replies":[{"embeddable":true,"href":"http:\/\/www2.unifap.br\/edfisica\/wp-json\/wp\/v2\/comments?post=10683"}],"version-history":[{"count":4,"href":"http:\/\/www2.unifap.br\/edfisica\/wp-json\/wp\/v2\/pages\/10683\/revisions"}],"predecessor-version":[{"id":137241,"href":"http:\/\/www2.unifap.br\/edfisica\/wp-json\/wp\/v2\/pages\/10683\/revisions\/137241"}],"up":[{"embeddable":true,"href":"http:\/\/www2.unifap.br\/edfisica\/wp-json\/wp\/v2\/pages\/523"}],"wp:attachment":[{"href":"http:\/\/www2.unifap.br\/edfisica\/wp-json\/wp\/v2\/media?parent=10683"}],"curies":[{"name":"wp","href":"https:\/\/api.w.org\/{rel}","templated":true}]}}