{"id":108,"date":"2009-11-17T14:02:19","date_gmt":"2009-11-17T17:02:19","guid":{"rendered":"http:\/\/pororoca.unifap.br\/edfisica\/?page_id=108"},"modified":"2014-12-26T12:30:00","modified_gmt":"2014-12-26T12:30:00","slug":"projetos-de-pesquisa","status":"publish","type":"page","link":"http:\/\/www2.unifap.br\/edfisica\/e-book\/eventos-2\/projetos-de-pesquisa\/","title":{"rendered":"NEPEFEL"},"content":{"rendered":"<p>O colegiado do curso de Educa\u00e7\u00e3o F\u00edsica, recentemente, constitui o NEPEFEL- N\u00facleo de Estudos e Pesquisas em Educa\u00e7\u00e3o F\u00edsica, Esporte e Lazer, a forma\u00e7\u00e3o do N\u00facleo\u00a0tem\u00a0a relev\u00e2ncia de incentivar o campo da pesquisa cient\u00edfica na Educa\u00e7\u00e3o F\u00edsica; agregar estudantes de gradua\u00e7\u00e3o, p\u00f3s-gradua\u00e7\u00e3o, professores da rede p\u00fablica e privada, e pesquisadores\u00a0de universidade\u00a0p\u00fablicas e privadas. O n\u00facleo est\u00e1 se estabelecendo em eixos de interesse dos pesquisadores\u00a0que est\u00e3o vinculados.\u00a0O n\u00facleo\u00a0est\u00e1 registrado\u00a0na base de dados do CNPq, para saber sobre os professores, linhas de atua\u00e7\u00e3o e interesse do n\u00facleo, clique <a href=\"http:\/\/dgp.cnpq.br\/buscaoperacional\/detalhegrupo.jsp?grupo=8945409T29JV4C\">aqui<\/a><\/p>\n<h1>A aluna Juliana Brito, do curso de Educa\u00e7\u00e3o F\u00edsica, representar\u00e1 a Unifap em congresso na Unicamp-SP<\/h1>\n<p>Evento: 19\u00ba Congresso de Leitura do Brasil (COLE), que ser\u00e1 realizado no per\u00edodo de 22 a 25 de julho de 2014, na Universidade Estadual de Campinas (Unicamp), em Campinas \u2013 SP, Brasil. Apresenta\u00e7\u00e3o de comunica\u00e7\u00e3o oral do trabalho intitulado \u201cEduca\u00e7\u00e3o F\u00edsica vivenciada no \u00e2mbito escolar: relato autobiogr\u00e1fico de uma ex-aluna do Col\u00e9gio Santa Bartolomea Capitanio\u201d, de autoria de Juliana do Socorro da Silva Brito. A aluna e autora \u00e9 acad\u00eamica do 3\u00ba semestre de Educa\u00e7\u00e3o F\u00edsica da Universidade Federal do Amap\u00e1 (UNIFAP), integrante do N\u00facleo de Estudos e Pesquisas em Educa\u00e7\u00e3o F\u00edsica, Esporte e Lazer \u2013 NEPEFEL, e bolsista do Programa de Bolsas de Inicia\u00e7\u00e3o Cient\u00edfica &#8211; PROBIC\/UNIFAP.<\/p>\n","protected":false},"excerpt":{"rendered":"<p>O colegiado do curso de Educa\u00e7\u00e3o F\u00edsica, recentemente, constitui o NEPEFEL- N\u00facleo de Estudos e Pesquisas em Educa\u00e7\u00e3o F\u00edsica, Esporte e Lazer,&#8230;<\/p>\n","protected":false},"author":64,"featured_media":0,"parent":47,"menu_order":4,"comment_status":"closed","ping_status":"closed","template":"template-onecolumn.php","meta":{"inline_featured_image":false,"ngg_post_thumbnail":0,"footnotes":""},"class_list":["post-108","page","type-page","status-publish","hentry"],"_links":{"self":[{"href":"http:\/\/www2.unifap.br\/edfisica\/wp-json\/wp\/v2\/pages\/108","targetHints":{"allow":["GET"]}}],"collection":[{"href":"http:\/\/www2.unifap.br\/edfisica\/wp-json\/wp\/v2\/pages"}],"about":[{"href":"http:\/\/www2.unifap.br\/edfisica\/wp-json\/wp\/v2\/types\/page"}],"author":[{"embeddable":true,"href":"http:\/\/www2.unifap.br\/edfisica\/wp-json\/wp\/v2\/users\/64"}],"replies":[{"embeddable":true,"href":"http:\/\/www2.unifap.br\/edfisica\/wp-json\/wp\/v2\/comments?post=108"}],"version-history":[{"count":3,"href":"http:\/\/www2.unifap.br\/edfisica\/wp-json\/wp\/v2\/pages\/108\/revisions"}],"predecessor-version":[{"id":2744,"href":"http:\/\/www2.unifap.br\/edfisica\/wp-json\/wp\/v2\/pages\/108\/revisions\/2744"}],"up":[{"embeddable":true,"href":"http:\/\/www2.unifap.br\/edfisica\/wp-json\/wp\/v2\/pages\/47"}],"wp:attachment":[{"href":"http:\/\/www2.unifap.br\/edfisica\/wp-json\/wp\/v2\/media?parent=108"}],"curies":[{"name":"wp","href":"https:\/\/api.w.org\/{rel}","templated":true}]}}