{"id":6099,"date":"2017-06-03T00:00:15","date_gmt":"2017-06-03T00:00:15","guid":{"rendered":"http:\/\/www2.unifap.br\/edfisica\/?page_id=6099"},"modified":"2018-09-05T20:30:04","modified_gmt":"2018-09-05T20:30:04","slug":"proespol2017","status":"publish","type":"page","link":"http:\/\/www2.unifap.br\/edfisica\/extensao_ccef\/extensao\/proesport\/proespol2017\/","title":{"rendered":"PROESPOL Comunidade (ED. 17\/2017 &#8211; DEX\/PROEAC)"},"content":{"rendered":"<header>\n<h2 style=\"text-align: center\"><span style=\"color: #0000ff\">\u00c0 Divis\u00e3o de Esportes &#8211; DESPORT\/CCEF, por meio da Coordena\u00e7\u00e3o do PROESPOL, em parceria com a PROEAC\/DEX<\/span><\/h2>\n<h2><span style=\"color: #800000\">Abri Inscri\u00e7\u00f5es para o Esporte e Lazer Comunidade 2017 &#8211; PROESPOL<\/span><\/h2>\n<p style=\"text-align: center\"><img fetchpriority=\"high\" decoding=\"async\" class=\"aligncenter  wp-image-6113\" alt=\"EQUIPE - PROESPOL 20170603_082726\" src=\"http:\/\/www2.unifap.br\/edfisica\/files\/2017\/06\/EQUIPE-PROESPOL-20170603_082726.jpg\" width=\"322\" height=\"322\" srcset=\"http:\/\/www2.unifap.br\/edfisica\/files\/2017\/06\/EQUIPE-PROESPOL-20170603_082726.jpg 640w, http:\/\/www2.unifap.br\/edfisica\/files\/2017\/06\/EQUIPE-PROESPOL-20170603_082726-150x150.jpg 150w, http:\/\/www2.unifap.br\/edfisica\/files\/2017\/06\/EQUIPE-PROESPOL-20170603_082726-300x300.jpg 300w, http:\/\/www2.unifap.br\/edfisica\/files\/2017\/06\/EQUIPE-PROESPOL-20170603_082726-70x70.jpg 70w\" sizes=\"(max-width: 322px) 100vw, 322px\" \/><\/p>\n<p><!--more-->O Pr\u00f3-Estudante Esporte e Lazer (PROESPOL) consiste em uma a\u00e7\u00e3o de extens\u00e3o com intuito de produzir qualidade \u00e0 pr\u00e1tica acad\u00eamica mediante os objetivos de inclus\u00e3o social e democratiza\u00e7\u00e3o de atividades esportivas e de lazer, proporcionando um estilo de vida ativo e melhora na qualidade de vida aos participantes. A oferta de vagas ser\u00e1 para o p\u00fablico interno (servidores e acad\u00eamicos da UNIFAP) e toda comunidade externa, com as seguintes modalidades: treinamento funcional, lutas, hidrogin\u00e1stica, nata\u00e7\u00e3o e dan\u00e7a de sal\u00e3o.<\/p>\n<div><!--more--><\/div>\n<div><img decoding=\"async\" title=\"Mais...\" alt=\"\" src=\"http:\/\/www2.unifap.br\/edfisica\/wp-includes\/js\/tinymce\/plugins\/wordpress\/img\/trans.gif\" \/><\/div>\n<\/header>\n<div>\n<p><strong><span style=\"color: #ff0000\">Per\u00edodo de Inscri\u00e7\u00e3o:<\/span><\/strong>\u00a0<span style=\"color: #000000\"><strong>03\/06\/2017 a 10\/06\/2017 \u00e0s 15h59min.\u00a0<\/strong><\/span><\/p>\n<p><!--more--><\/p>\n<p style=\"text-align: center\"><img decoding=\"async\" class=\"aligncenter  wp-image-3450\" alt=\"Inscri\u00e7\u00f5es Encerradas\" src=\"http:\/\/www2.unifap.br\/edfisica\/files\/2015\/04\/Inscri\u00e7\u00f5es-Encerradas.gif\" width=\"372\" height=\"52\" \/><\/p>\n<p><strong><span style=\"color: #ff0000\">\u00a0 \u00a0 \u00a0<span style=\"color: #ff0000\"><a title=\"Ficha de Cadastro    - Acompanhamento \" href=\"#\" target=\"_blank\">\u00a0<\/a><a href=\"#\" target=\"_blank\">ACOMPANHAMENTO<\/a><\/span><a href=\"#\" target=\"_blank\">\u00a0<\/a><\/span><\/strong><\/p>\n<p><strong style=\"line-height: 1.5em\"><span style=\"color: #ff0000\">Documentos para download:<\/span><\/strong><\/p>\n<ol>\n<li><div class='w3eden'><!-- WPDM Link Template: Default Template -->\n\n<div class=\"link-template-default card mb-2\">\n    <div class=\"card-body\">\n        <div class=\"media\">\n            <div class=\"mr-3 img-48\"><img decoding=\"async\" class=\"wpdm_icon\" alt=\"\u00edcone\"   src=\"http:\/\/www2.unifap.br\/edfisica\/wp-content\/plugins\/download-manager\/assets\/file-type-icons\/pdf.png\" \/><\/div>\n            <div class=\"media-body\">\n                <h3 class=\"package-title\"><a href='http:\/\/www2.unifap.br\/edfisica\/download\/convocacao-11\/'>20170818 CONVOCA\u00c7\u00c3O 3 (Retifica\u00e7\u00e3o n\u00ba 01)  e Matr\u00edcula no PROESPOL I<\/a><\/h3>\n                <div class=\"text-muted text-small\"><i class=\"fas fa-copy\"><\/i> 1  arquivo(s) <i class=\"fas fa-hdd ml-3\"><\/i> 401.99 KB<\/div>\n            <\/div>\n            <div class=\"ml-3\">\n                <a class='wpdm-download-link download-on-click btn btn-primary ' rel='nofollow' href='#' data-downloadurl=\"http:\/\/www2.unifap.br\/edfisica\/download\/convocacao-11\/?wpdmdl=6930&refresh=69ea815ab79061776976218\">Download<\/a>\n            <\/div>\n        <\/div>\n    <\/div>\n<\/div>\n\n<\/div> Convoc.3 &#8211; RETIFICA\u00c7\u00c3O<img decoding=\"async\" alt=\"Novo\" src=\"http:\/\/www2.unifap.br\/edfisica\/files\/2015\/11\/Novo.gif\" width=\"31\" height=\"12\" \/><\/li>\n<li><span style=\"color: #ff0000\"><div class='w3eden'><!-- WPDM Link Template: Default Template -->\n\n<div class=\"link-template-default card mb-2\">\n    <div class=\"card-body\">\n        <div class=\"media\">\n            <div class=\"mr-3 img-48\"><img decoding=\"async\" class=\"wpdm_icon\" alt=\"\u00edcone\"   src=\"http:\/\/www2.unifap.br\/edfisica\/wp-content\/plugins\/download-manager\/assets\/file-type-icons\/pdf.png\" \/><\/div>\n            <div class=\"media-body\">\n                <h3 class=\"package-title\"><a href='http:\/\/www2.unifap.br\/edfisica\/download\/convocacao_proespol_i_comuni\/'>2017-08-12 CONVOCA\u00c7\u00c3O 3 (Cadastro reserva) PROESPOL Comunidade I<\/a><\/h3>\n                <div class=\"text-muted text-small\"><i class=\"fas fa-copy\"><\/i> 1  arquivo(s) <i class=\"fas fa-hdd ml-3\"><\/i> 778.51 KB<\/div>\n            <\/div>\n            <div class=\"ml-3\">\n                <a class='wpdm-download-link download-on-click btn btn-primary ' rel='nofollow' href='#' data-downloadurl=\"http:\/\/www2.unifap.br\/edfisica\/download\/convocacao_proespol_i_comuni\/?wpdmdl=6881&refresh=69ea815ab9b171776976218\">Download<\/a>\n            <\/div>\n        <\/div>\n    <\/div>\n<\/div>\n\n<\/div> Convoc.3-Alunos<img decoding=\"async\" alt=\"Novo\" src=\"http:\/\/www2.unifap.br\/edfisica\/files\/2015\/11\/Novo.gif\" width=\"31\" height=\"12\" \/><\/span><\/li>\n<li><span style=\"color: #ff0000\"><div class='w3eden'><!-- WPDM Link Template: Default Template -->\n\n<div class=\"link-template-default card mb-2\">\n    <div class=\"card-body\">\n        <div class=\"media\">\n            <div class=\"mr-3 img-48\"><img decoding=\"async\" class=\"wpdm_icon\" alt=\"\u00edcone\"   src=\"http:\/\/www2.unifap.br\/edfisica\/wp-content\/plugins\/download-manager\/assets\/file-type-icons\/pdf.png\" \/><\/div>\n            <div class=\"media-body\">\n                <h3 class=\"package-title\"><a href='http:\/\/www2.unifap.br\/edfisica\/download\/convocacao-17\/'>20170705_Convocacao_2_Aula_e_Matricula_PROESPOL_comunidade_public<\/a><\/h3>\n                <div class=\"text-muted text-small\"><i class=\"fas fa-copy\"><\/i> 1  arquivo(s) <i class=\"fas fa-hdd ml-3\"><\/i> 808.29 KB<\/div>\n            <\/div>\n            <div class=\"ml-3\">\n                <a class='wpdm-download-link download-on-click btn btn-primary ' rel='nofollow' href='#' data-downloadurl=\"http:\/\/www2.unifap.br\/edfisica\/download\/convocacao-17\/?wpdmdl=6547&refresh=69ea815abb3801776976218\">Download<\/a>\n            <\/div>\n        <\/div>\n    <\/div>\n<\/div>\n\n<\/div>\u00a0<\/span><\/li>\n<li><span style=\"color: #ff0000\"><div class='w3eden'><!-- WPDM Link Template: Default Template -->\n\n<div class=\"link-template-default card mb-2\">\n    <div class=\"card-body\">\n        <div class=\"media\">\n            <div class=\"mr-3 img-48\"><img decoding=\"async\" class=\"wpdm_icon\" alt=\"\u00edcone\"   src=\"http:\/\/www2.unifap.br\/edfisica\/wp-content\/plugins\/download-manager\/assets\/file-type-icons\/pdf.png\" \/><\/div>\n            <div class=\"media-body\">\n                <h3 class=\"package-title\"><a href='http:\/\/www2.unifap.br\/edfisica\/download\/convocacao-13\/'>Convoca\u00e7\u00e3o aula Inaugural PROESPOL ED. 17\/2017 - DEX<\/a><\/h3>\n                <div class=\"text-muted text-small\"><i class=\"fas fa-copy\"><\/i> 1  arquivo(s) <i class=\"fas fa-hdd ml-3\"><\/i> 577.94 KB<\/div>\n            <\/div>\n            <div class=\"ml-3\">\n                <a class='wpdm-download-link download-on-click btn btn-primary ' rel='nofollow' href='#' data-downloadurl=\"http:\/\/www2.unifap.br\/edfisica\/download\/convocacao-13\/?wpdmdl=6233&refresh=69ea815abcce41776976218\">Download<\/a>\n            <\/div>\n        <\/div>\n    <\/div>\n<\/div>\n\n<\/div>\u00a0<\/span><\/li>\n<li><span style=\"color: #ff0000\"><div class='w3eden'><!-- WPDM Link Template: Default Template -->\n\n<div class=\"link-template-default card mb-2\">\n    <div class=\"card-body\">\n        <div class=\"media\">\n            <div class=\"mr-3 img-48\"><img decoding=\"async\" class=\"wpdm_icon\" alt=\"\u00edcone\"   src=\"http:\/\/www2.unifap.br\/edfisica\/wp-content\/plugins\/download-manager\/assets\/file-type-icons\/pdf.png\" \/><\/div>\n            <div class=\"media-body\">\n                <h3 class=\"package-title\"><a href='http:\/\/www2.unifap.br\/edfisica\/download\/resultado_final\/'>2017\/06\/14 RESULTADO FINAL PROESOL Comunidade (Ap\u00f3s RECURSOS)<\/a><\/h3>\n                <div class=\"text-muted text-small\"><i class=\"fas fa-copy\"><\/i> 1  arquivo(s) <i class=\"fas fa-hdd ml-3\"><\/i> 473.99 KB<\/div>\n            <\/div>\n            <div class=\"ml-3\">\n                <a class='wpdm-download-link download-on-click btn btn-primary ' rel='nofollow' href='#' data-downloadurl=\"http:\/\/www2.unifap.br\/edfisica\/download\/resultado_final\/?wpdmdl=6230&refresh=69ea815abe68b1776976218\">Download<\/a>\n            <\/div>\n        <\/div>\n    <\/div>\n<\/div>\n\n<\/div>\u00a0<\/span><\/li>\n<li><span style=\"color: #ff0000\"><div class='w3eden'><!-- WPDM Link Template: Default Template -->\n\n<div class=\"link-template-default card mb-2\">\n    <div class=\"card-body\">\n        <div class=\"media\">\n            <div class=\"mr-3 img-48\"><img decoding=\"async\" class=\"wpdm_icon\" alt=\"\u00edcone\"   src=\"http:\/\/www2.unifap.br\/edfisica\/wp-content\/plugins\/download-manager\/assets\/file-type-icons\/pdf.png\" \/><\/div>\n            <div class=\"media-body\">\n                <h3 class=\"package-title\"><a href='http:\/\/www2.unifap.br\/edfisica\/download\/inscricoes\/'>20170610 PROESPOL comunidade: Inscri\u00e7\u00f5es homologadas e DEFERIDAS [Obs: N\u00e3o e Resultado apenas rela\u00e7\u00e3o de inscritos]<\/a><\/h3>\n                <div class=\"text-muted text-small\"><i class=\"fas fa-copy\"><\/i> 1  arquivo(s) <i class=\"fas fa-hdd ml-3\"><\/i> 977.57 KB<\/div>\n            <\/div>\n            <div class=\"ml-3\">\n                <a class='wpdm-download-link download-on-click btn btn-primary ' rel='nofollow' href='#' data-downloadurl=\"http:\/\/www2.unifap.br\/edfisica\/download\/inscricoes\/?wpdmdl=6177&refresh=69ea815abffe71776976218\">Download<\/a>\n            <\/div>\n        <\/div>\n    <\/div>\n<\/div>\n\n<\/div>\u00a0<\/span><\/li>\n<li><span style=\"color: #ff0000\"><div class='w3eden'><!-- WPDM Link Template: Default Template -->\n\n<div class=\"link-template-default card mb-2\">\n    <div class=\"card-body\">\n        <div class=\"media\">\n            <div class=\"mr-3 img-48\"><img decoding=\"async\" class=\"wpdm_icon\" alt=\"\u00edcone\"   src=\"http:\/\/www2.unifap.br\/edfisica\/wp-content\/plugins\/download-manager\/assets\/file-type-icons\/pdf.png\" \/><\/div>\n            <div class=\"media-body\">\n                <h3 class=\"package-title\"><a href='http:\/\/www2.unifap.br\/edfisica\/download\/relatorio-4\/'>2017\/06\/10 \u2013 Relat\u00f3rio de Inscritos Aprovados e Classificados (LUTAS)<\/a><\/h3>\n                <div class=\"text-muted text-small\"><i class=\"fas fa-copy\"><\/i> 1  arquivo(s) <i class=\"fas fa-hdd ml-3\"><\/i> 403.26 KB<\/div>\n            <\/div>\n            <div class=\"ml-3\">\n                <a class='wpdm-download-link download-on-click btn btn-primary ' rel='nofollow' href='#' data-downloadurl=\"http:\/\/www2.unifap.br\/edfisica\/download\/relatorio-4\/?wpdmdl=6180&refresh=69ea815ac189f1776976218\">Download<\/a>\n            <\/div>\n        <\/div>\n    <\/div>\n<\/div>\n\n<\/div>\u00a0<\/span><\/li>\n<li><span style=\"color: #ff0000\"><div class='w3eden'><!-- WPDM Link Template: Default Template -->\n\n<div class=\"link-template-default card mb-2\">\n    <div class=\"card-body\">\n        <div class=\"media\">\n            <div class=\"mr-3 img-48\"><img decoding=\"async\" class=\"wpdm_icon\" alt=\"\u00edcone\"   src=\"http:\/\/www2.unifap.br\/edfisica\/wp-content\/plugins\/download-manager\/assets\/file-type-icons\/pdf.png\" \/><\/div>\n            <div class=\"media-body\">\n                <h3 class=\"package-title\"><a href='http:\/\/www2.unifap.br\/edfisica\/download\/relatorio-5\/'>2017\/06\/10 - Relat\u00f3rio de Inscritos Aprovados e Classificados (ESC02 Trein. Func.) <\/a><\/h3>\n                <div class=\"text-muted text-small\"><i class=\"fas fa-copy\"><\/i> 1  arquivo(s) <i class=\"fas fa-hdd ml-3\"><\/i> 522.79 KB<\/div>\n            <\/div>\n            <div class=\"ml-3\">\n                <a class='wpdm-download-link download-on-click btn btn-primary ' rel='nofollow' href='#' data-downloadurl=\"http:\/\/www2.unifap.br\/edfisica\/download\/relatorio-5\/?wpdmdl=6182&refresh=69ea815ac34ff1776976218\">Download<\/a>\n            <\/div>\n        <\/div>\n    <\/div>\n<\/div>\n\n<\/div><\/span><\/li>\n<li><span style=\"color: #ff0000\"><div class='w3eden'><!-- WPDM Link Template: Default Template -->\n\n<div class=\"link-template-default card mb-2\">\n    <div class=\"card-body\">\n        <div class=\"media\">\n            <div class=\"mr-3 img-48\"><img decoding=\"async\" class=\"wpdm_icon\" alt=\"\u00edcone\"   src=\"http:\/\/www2.unifap.br\/edfisica\/wp-content\/plugins\/download-manager\/assets\/file-type-icons\/pdf.png\" \/><\/div>\n            <div class=\"media-body\">\n                <h3 class=\"package-title\"><a href='http:\/\/www2.unifap.br\/edfisica\/download\/relatorio-6\/'>2017\/06\/10 - Relat\u00f3rio de Inscritos Aprovados e Classificados (ESC03 Dan\u00e7a)  <\/a><\/h3>\n                <div class=\"text-muted text-small\"><i class=\"fas fa-copy\"><\/i> 1  arquivo(s) <i class=\"fas fa-hdd ml-3\"><\/i> 533.04 KB<\/div>\n            <\/div>\n            <div class=\"ml-3\">\n                <a class='wpdm-download-link download-on-click btn btn-primary ' rel='nofollow' href='#' data-downloadurl=\"http:\/\/www2.unifap.br\/edfisica\/download\/relatorio-6\/?wpdmdl=6183&refresh=69ea815ac50061776976218\">Download<\/a>\n            <\/div>\n        <\/div>\n    <\/div>\n<\/div>\n\n<\/div><\/span><\/li>\n<li><span style=\"color: #ff0000\">\u00a0<div class='w3eden'><!-- WPDM Link Template: Default Template -->\n\n<div class=\"link-template-default card mb-2\">\n    <div class=\"card-body\">\n        <div class=\"media\">\n            <div class=\"mr-3 img-48\"><img decoding=\"async\" class=\"wpdm_icon\" alt=\"\u00edcone\"   src=\"http:\/\/www2.unifap.br\/edfisica\/wp-content\/plugins\/download-manager\/assets\/file-type-icons\/pdf.png\" \/><\/div>\n            <div class=\"media-body\">\n                <h3 class=\"package-title\"><a href='http:\/\/www2.unifap.br\/edfisica\/download\/relatorio-7\/'>2017\/06\/10 - Relat\u00f3rio de Inscritos Aprovados e Classificados (ESC04 Nata\u00e7\u00e3o)<\/a><\/h3>\n                <div class=\"text-muted text-small\"><i class=\"fas fa-copy\"><\/i> 1  arquivo(s) <i class=\"fas fa-hdd ml-3\"><\/i> 532.17 KB<\/div>\n            <\/div>\n            <div class=\"ml-3\">\n                <a class='wpdm-download-link download-on-click btn btn-primary ' rel='nofollow' href='#' data-downloadurl=\"http:\/\/www2.unifap.br\/edfisica\/download\/relatorio-7\/?wpdmdl=6186&refresh=69ea815ac6b0c1776976218\">Download<\/a>\n            <\/div>\n        <\/div>\n    <\/div>\n<\/div>\n\n<\/div><\/span><\/li>\n<li><span style=\"color: #ff0000\"><div class='w3eden'><!-- WPDM Link Template: Default Template -->\n\n<div class=\"link-template-default card mb-2\">\n    <div class=\"card-body\">\n        <div class=\"media\">\n            <div class=\"mr-3 img-48\"><img decoding=\"async\" class=\"wpdm_icon\" alt=\"\u00edcone\"   src=\"http:\/\/www2.unifap.br\/edfisica\/wp-content\/plugins\/download-manager\/assets\/file-type-icons\/pdf.png\" \/><\/div>\n            <div class=\"media-body\">\n                <h3 class=\"package-title\"><a href='http:\/\/www2.unifap.br\/edfisica\/download\/relatorio-8\/'>2017\/06\/10 - Relat\u00f3rio de Inscritos Aprovados e Classificados (ESC05 Hidrog.)<\/a><\/h3>\n                <div class=\"text-muted text-small\"><i class=\"fas fa-copy\"><\/i> 1  arquivo(s) <i class=\"fas fa-hdd ml-3\"><\/i> 418.03 KB<\/div>\n            <\/div>\n            <div class=\"ml-3\">\n                <a class='wpdm-download-link download-on-click btn btn-primary ' rel='nofollow' href='#' data-downloadurl=\"http:\/\/www2.unifap.br\/edfisica\/download\/relatorio-8\/?wpdmdl=6187&refresh=69ea815ac852b1776976218\">Download<\/a>\n            <\/div>\n        <\/div>\n    <\/div>\n<\/div>\n\n<\/div><\/span><\/li>\n<li><div class='w3eden'><!-- WPDM Link Template: Default Template -->\n\n<div class=\"link-template-default card mb-2\">\n    <div class=\"card-body\">\n        <div class=\"media\">\n            <div class=\"mr-3 img-48\"><img decoding=\"async\" class=\"wpdm_icon\" alt=\"\u00edcone\"   src=\"http:\/\/www2.unifap.br\/edfisica\/wp-content\/plugins\/download-manager\/assets\/file-type-icons\/pdf.png\" \/><\/div>\n            <div class=\"media-body\">\n                <h3 class=\"package-title\"><a href='http:\/\/www2.unifap.br\/edfisica\/download\/edital\/'>2017\/05\/02 - Edital N\u00ba 17\/2017 - DEX\/PROEAC\/UNIFAP Para a Comunidade<\/a><\/h3>\n                <div class=\"text-muted text-small\"><i class=\"fas fa-copy\"><\/i> 1  arquivo(s) <i class=\"fas fa-hdd ml-3\"><\/i> 294.83 KB<\/div>\n            <\/div>\n            <div class=\"ml-3\">\n                <a class='wpdm-download-link download-on-click btn btn-primary ' rel='nofollow' href='#' data-downloadurl=\"http:\/\/www2.unifap.br\/edfisica\/download\/edital\/?wpdmdl=6114&refresh=69ea815aca58d1776976218\">Download<\/a>\n            <\/div>\n        <\/div>\n    <\/div>\n<\/div>\n\n<\/div><\/li>\n<\/ol>\n<p>TOTAL DE ARQUIVOS: 11<\/p>\n<\/div>\n","protected":false},"excerpt":{"rendered":"<p>\u00c0 Divis\u00e3o de Esportes &#8211; DESPORT\/CCEF, por meio da Coordena\u00e7\u00e3o do PROESPOL, em parceria com a PROEAC\/DEX Abri Inscri\u00e7\u00f5es para o Esporte&#8230;<\/p>\n","protected":false},"author":205,"featured_media":0,"parent":300,"menu_order":3,"comment_status":"closed","ping_status":"closed","template":"","meta":{"inline_featured_image":false,"ngg_post_thumbnail":0,"footnotes":""},"class_list":["post-6099","page","type-page","status-publish","hentry"],"_links":{"self":[{"href":"http:\/\/www2.unifap.br\/edfisica\/wp-json\/wp\/v2\/pages\/6099","targetHints":{"allow":["GET"]}}],"collection":[{"href":"http:\/\/www2.unifap.br\/edfisica\/wp-json\/wp\/v2\/pages"}],"about":[{"href":"http:\/\/www2.unifap.br\/edfisica\/wp-json\/wp\/v2\/types\/page"}],"author":[{"embeddable":true,"href":"http:\/\/www2.unifap.br\/edfisica\/wp-json\/wp\/v2\/users\/205"}],"replies":[{"embeddable":true,"href":"http:\/\/www2.unifap.br\/edfisica\/wp-json\/wp\/v2\/comments?post=6099"}],"version-history":[{"count":20,"href":"http:\/\/www2.unifap.br\/edfisica\/wp-json\/wp\/v2\/pages\/6099\/revisions"}],"predecessor-version":[{"id":6231,"href":"http:\/\/www2.unifap.br\/edfisica\/wp-json\/wp\/v2\/pages\/6099\/revisions\/6231"}],"up":[{"embeddable":true,"href":"http:\/\/www2.unifap.br\/edfisica\/wp-json\/wp\/v2\/pages\/300"}],"wp:attachment":[{"href":"http:\/\/www2.unifap.br\/edfisica\/wp-json\/wp\/v2\/media?parent=6099"}],"curies":[{"name":"wp","href":"https:\/\/api.w.org\/{rel}","templated":true}]}}