{"id":6978,"date":"2017-08-23T21:44:38","date_gmt":"2017-08-23T21:44:38","guid":{"rendered":"http:\/\/www2.unifap.br\/edfisica\/?page_id=6978"},"modified":"2018-09-05T20:49:58","modified_gmt":"2018-09-05T20:49:58","slug":"proespol_2_2017","status":"publish","type":"page","link":"http:\/\/www2.unifap.br\/edfisica\/extensao_ccef\/extensao\/proesport\/proespol_2_2017\/","title":{"rendered":"PROESPOL II &#8211; (Bando de dados e Cadastro RESERVA &#8211; Encerradas)"},"content":{"rendered":"<p><span style=\"color: #000000\"><img fetchpriority=\"high\" decoding=\"async\" class=\"aligncenter\" alt=\"logo_PROESPOL_2017\" src=\"http:\/\/www2.unifap.br\/edfisica\/files\/2017\/08\/logo_PROESPOL_2017.jpg\" width=\"583\" height=\"203\" \/><\/span><\/p>\n<p><span style=\"color: #000000\">A UNIVERSIDADE FEDERAL DO AMAP\u00c1, por meio do Departamento de Educa\u00e7\u00e3o \u2013 DEDU em parceria com a Pr\u00f3-Reitoria de Extens\u00e3o e A\u00e7\u00f5es Comunit\u00e1rias &#8211; PROEAC, por interm\u00e9dio da Coordena\u00e7\u00e3o do Pr\u00f3 Estudante Esporte e Lazer &#8211; PROESPOL em conjunto com a Divis\u00e3o de Esportes &#8211; DESPORT, e no uso de suas atribui\u00e7\u00f5es legais, torna p\u00fablica as defini\u00e7\u00f5es, abertura de inscri\u00e7\u00f5es e estabelece as normas, condi\u00e7\u00f5es de participa\u00e7\u00e3o e perman\u00eancia, para o PR\u00d3-ESTUDANTE Esporte e Lazer, nos termos detalhados neste edital, futuros comunicados, avisos e seus anexos.<\/span><\/p>\n<p><span style=\"color: #000000\"><img decoding=\"async\" title=\"Mais...\" alt=\"\" src=\"http:\/\/www2.unifap.br\/edfisica\/wp-includes\/js\/tinymce\/plugins\/wordpress\/img\/trans.gif\" \/><!--more--><\/span><\/p>\n<p><strong><span style=\"color: #000000\">Per\u00edodo de Inscri\u00e7\u00e3o:<\/span>\u00a0<span style=\"color: #ff0000\">07\/08\/2017 \u00e0 <strong>\u00a023h59min de\u00a0<\/strong>20\/03\/2018 (Inscri\u00e7\u00f5es ENCERRADAS)<\/span><\/strong><\/p>\n<p><img decoding=\"async\" class=\"aligncenter size-full wp-image-3450\" alt=\"Inscri\u00e7\u00f5es Encerradas\" src=\"http:\/\/www2.unifap.br\/edfisica\/files\/2015\/04\/Inscri\u00e7\u00f5es-Encerradas.gif\" width=\"620\" height=\"86\" \/><\/p>\n<p>&nbsp;<\/p>\n<p><a title=\"Informa\u00e7\u00f5es  ( edital, futuros comunicados, avisos e seus anexos)\" href=\"http:\/\/www2.unifap.br\/edfisica\/2017\/08\/04\/edital\/\" target=\"_blank\"><img decoding=\"async\" title=\"Mais...\" alt=\"\" src=\"http:\/\/www2.unifap.br\/edfisica\/wp-includes\/js\/tinymce\/plugins\/wordpress\/img\/trans.gif\" \/><\/a><br \/>\n<span style=\"color: #ff0000\"><strong>Documentos para download:<\/strong><\/span><\/p>\n<p><div class='w3eden'><!-- WPDM Link Template: Default Template -->\n\n<div class=\"link-template-default card mb-2\">\n    <div class=\"card-body\">\n        <div class=\"media\">\n            <div class=\"mr-3 img-48\"><img decoding=\"async\" class=\"wpdm_icon\" alt=\"\u00edcone\"   src=\"http:\/\/www2.unifap.br\/edfisica\/wp-content\/plugins\/download-manager\/assets\/file-type-icons\/pdf.png\" \/><\/div>\n            <div class=\"media-body\">\n                <h3 class=\"package-title\"><a href='http:\/\/www2.unifap.br\/edfisica\/download\/chamadas_proespol\/'>2017\/09\/09 - CHAMADA P\u00daBLICA PARA CADASTRO RESERVA NO PROESPOL 2017 - DESPCHO n\u00ba 293\/2017 CCEF\/DEDU  <\/a><\/h3>\n                <div class=\"text-muted text-small\"><i class=\"fas fa-copy\"><\/i> 1  arquivo(s) <i class=\"fas fa-hdd ml-3\"><\/i> 239.02 KB<\/div>\n            <\/div>\n            <div class=\"ml-3\">\n                <a class='wpdm-download-link download-on-click btn btn-primary ' rel='nofollow' href='#' data-downloadurl=\"http:\/\/www2.unifap.br\/edfisica\/download\/chamadas_proespol\/?wpdmdl=7198&refresh=69e214efed71b1776424175\">Download<\/a>\n            <\/div>\n        <\/div>\n    <\/div>\n<\/div>\n\n<\/div> Chamada para Cadastro reserva\u00a0<img decoding=\"async\" alt=\"novo\" src=\"http:\/\/www2.unifap.br\/edfisica\/files\/2014\/12\/novo.gif\" \/><\/p>\n<p><div class='w3eden'><!-- WPDM Link Template: Default Template -->\n\n<div class=\"link-template-default card mb-2\">\n    <div class=\"card-body\">\n        <div class=\"media\">\n            <div class=\"mr-3 img-48\"><img decoding=\"async\" class=\"wpdm_icon\" alt=\"\u00edcone\"   src=\"http:\/\/www2.unifap.br\/edfisica\/wp-content\/plugins\/download-manager\/assets\/file-type-icons\/pdf.png\" \/><\/div>\n            <div class=\"media-body\">\n                <h3 class=\"package-title\"><a href='http:\/\/www2.unifap.br\/edfisica\/download\/retificacao-7\/'>2017\/08\/24 - Retifica\u00e7\u00e3o 01 do Edital 02\/2017 - PROESPOL II Comd<\/a><\/h3>\n                <div class=\"text-muted text-small\"><i class=\"fas fa-copy\"><\/i> 1  arquivo(s) <i class=\"fas fa-hdd ml-3\"><\/i> 140.64 KB<\/div>\n            <\/div>\n            <div class=\"ml-3\">\n                <a class='wpdm-download-link download-on-click btn btn-primary ' rel='nofollow' href='#' data-downloadurl=\"http:\/\/www2.unifap.br\/edfisica\/download\/retificacao-7\/?wpdmdl=6971&refresh=69e214efefaa61776424175\">Download<\/a>\n            <\/div>\n        <\/div>\n    <\/div>\n<\/div>\n\n<\/div> &#8211;\u00a0RETIFICA\u00c7\u00c3O 01 (Reabertura das Inscri\u00e7\u00f5es e altera\u00e7\u00e3o da Idade de 8 a 11 anos)<\/p>\n<div class='w3eden'><!-- WPDM Link Template: Default Template -->\n\n<div class=\"link-template-default card mb-2\">\n    <div class=\"card-body\">\n        <div class=\"media\">\n            <div class=\"mr-3 img-48\"><img decoding=\"async\" class=\"wpdm_icon\" alt=\"\u00edcone\"   src=\"http:\/\/www2.unifap.br\/edfisica\/wp-content\/plugins\/download-manager\/assets\/file-type-icons\/pdf.png\" \/><\/div>\n            <div class=\"media-body\">\n                <h3 class=\"package-title\"><a href='http:\/\/www2.unifap.br\/edfisica\/download\/20170824-edital\/'>2017\/08\/24 - Edital_04-2017_PROESPOL_II_Comd (RETIFICADO)<\/a><\/h3>\n                <div class=\"text-muted text-small\"><i class=\"fas fa-copy\"><\/i> 1  arquivo(s) <i class=\"fas fa-hdd ml-3\"><\/i> 233.45 KB<\/div>\n            <\/div>\n            <div class=\"ml-3\">\n                <a class='wpdm-download-link download-on-click btn btn-primary ' rel='nofollow' href='#' data-downloadurl=\"http:\/\/www2.unifap.br\/edfisica\/download\/20170824-edital\/?wpdmdl=6977&refresh=69e214eff12801776424175\">Download<\/a>\n            <\/div>\n        <\/div>\n    <\/div>\n<\/div>\n\n<\/div>\n<p><div class='w3eden'><!-- WPDM Link Template: Default Template -->\n\n<div class=\"link-template-default card mb-2\">\n    <div class=\"card-body\">\n        <div class=\"media\">\n            <div class=\"mr-3 img-48\"><img decoding=\"async\" class=\"wpdm_icon\" alt=\"\u00edcone\"   src=\"http:\/\/www2.unifap.br\/edfisica\/wp-content\/plugins\/download-manager\/assets\/file-type-icons\/pdf.png\" \/><\/div>\n            <div class=\"media-body\">\n                <h3 class=\"package-title\"><a href='http:\/\/www2.unifap.br\/edfisica\/download\/edital-5\/'>2017\/08\/05 - Edital n\u00ba 02\/2017 - DEDU\/UNIFAP - PROESPOL - Escolas de Esporte e Lutas Adulto<\/a><\/h3>\n                <div class=\"text-muted text-small\"><i class=\"fas fa-copy\"><\/i> 1  arquivo(s) <i class=\"fas fa-hdd ml-3\"><\/i> 501.23 KB<\/div>\n            <\/div>\n            <div class=\"ml-3\">\n                <a class='wpdm-download-link download-on-click btn btn-primary ' rel='nofollow' href='#' data-downloadurl=\"http:\/\/www2.unifap.br\/edfisica\/download\/edital-5\/?wpdmdl=6790&refresh=69e214eff39b51776424175\">Download<\/a>\n            <\/div>\n        <\/div>\n    <\/div>\n<\/div>\n\n<\/div> \u00a0&#8211; ED 02\/2017 -DEDU<\/p>\n","protected":false},"excerpt":{"rendered":"<p>A UNIVERSIDADE FEDERAL DO AMAP\u00c1, por meio do Departamento de Educa\u00e7\u00e3o \u2013 DEDU em parceria com a Pr\u00f3-Reitoria de Extens\u00e3o e A\u00e7\u00f5es&#8230;<\/p>\n","protected":false},"author":205,"featured_media":0,"parent":300,"menu_order":7,"comment_status":"closed","ping_status":"closed","template":"","meta":{"inline_featured_image":false,"ngg_post_thumbnail":0,"footnotes":""},"class_list":["post-6978","page","type-page","status-publish","hentry"],"_links":{"self":[{"href":"http:\/\/www2.unifap.br\/edfisica\/wp-json\/wp\/v2\/pages\/6978","targetHints":{"allow":["GET"]}}],"collection":[{"href":"http:\/\/www2.unifap.br\/edfisica\/wp-json\/wp\/v2\/pages"}],"about":[{"href":"http:\/\/www2.unifap.br\/edfisica\/wp-json\/wp\/v2\/types\/page"}],"author":[{"embeddable":true,"href":"http:\/\/www2.unifap.br\/edfisica\/wp-json\/wp\/v2\/users\/205"}],"replies":[{"embeddable":true,"href":"http:\/\/www2.unifap.br\/edfisica\/wp-json\/wp\/v2\/comments?post=6978"}],"version-history":[{"count":9,"href":"http:\/\/www2.unifap.br\/edfisica\/wp-json\/wp\/v2\/pages\/6978\/revisions"}],"predecessor-version":[{"id":8131,"href":"http:\/\/www2.unifap.br\/edfisica\/wp-json\/wp\/v2\/pages\/6978\/revisions\/8131"}],"up":[{"embeddable":true,"href":"http:\/\/www2.unifap.br\/edfisica\/wp-json\/wp\/v2\/pages\/300"}],"wp:attachment":[{"href":"http:\/\/www2.unifap.br\/edfisica\/wp-json\/wp\/v2\/media?parent=6978"}],"curies":[{"name":"wp","href":"https:\/\/api.w.org\/{rel}","templated":true}]}}