{"id":13,"date":"2014-12-05T12:46:27","date_gmt":"2014-12-05T12:46:27","guid":{"rendered":"http:\/\/www2.unifap.br\/editora\/?page_id=13"},"modified":"2022-06-22T11:51:30","modified_gmt":"2022-06-22T11:51:30","slug":"politica-editorial","status":"publish","type":"page","link":"http:\/\/www2.unifap.br\/editora\/noticias-lancamentos\/a-editora\/politica-editorial\/","title":{"rendered":"Pol\u00edtica Editorial"},"content":{"rendered":"<p><strong>RESOLU\u00c7\u00c3O N.\u00ba 01\/2022, de 07 de junho de 2022<\/strong><\/p>\n<p><strong>Aprova a Pol\u00edtica Editorial da Editora da Universidade Federal do Amap\u00e1.<\/strong><\/p>\n<p>O PRESIDENTE DO CONSELHO EDITORIAL, no uso das atribui\u00e7\u00f5es que lhe s\u00e3o conferidas pelo Artigo 8\u00ba, Incisos II e V, da Resolu\u00e7\u00e3o n.\u00ba 07 do Conselho Universit\u00e1rio da UNIFAP, de 16 de maio de 2003, e considerando:<\/p>\n<p>A Portaria n.\u00ba 510\/2022-UNIFAP, de 06 de maio de 2022, que instituiu o Conselho Editorial com mandato de 02 anos,<\/p>\n<p>A necessidade de sistematizar a submiss\u00e3o e publica\u00e7\u00e3o de propostas de livros digitais e impressos da Editora da Universidade Federal do Amap\u00e1 e das revistas cient\u00edficas do Portal de Peri\u00f3dicos da UNIFAP, e,<\/p>\n<p><strong>A decis\u00e3o do Conselho Editorial em sess\u00e3o realizada no dia 07 de junho de 2022, <\/strong><\/p>\n<p><strong>RESOLVE: <\/strong><\/p>\n<p><strong>Art. 1\u00ba <\/strong>Aprovar a <strong>Pol\u00edtica Editorial da Editora da Universidade Federal do Amap\u00e1<\/strong>, de publica\u00e7\u00e3o de obras de car\u00e1ter t\u00e9cnico-cient\u00edfico, did\u00e1ticas e liter\u00e1rias, que ser\u00e1 desenvolvida na forma e condi\u00e7\u00f5es estabelecidas na presente Resolu\u00e7\u00e3o.<\/p>\n<p><strong>Art. 2\u00ba<\/strong> A Editora da UNIFAP publicar\u00e1 livros autorais e livros organizados, e as revistas alocadas no Portal de Peri\u00f3dicos da UNIFAP.<\/p>\n<p><strong>Art. 3\u00ba<\/strong> A Editora da UNIFAP atuar\u00e1 para a publica\u00e7\u00e3o de:<\/p>\n<p>I \u2013 Livros digitais:<\/p>\n<p style=\"padding-left: 40px\">a) a Editora da UNIFAP poder\u00e1 realizar a atividade de editora\u00e7\u00e3o, diagrama\u00e7\u00e3o e publica\u00e7\u00e3o de livros digitais;<\/p>\n<p style=\"padding-left: 40px\">b) a Editora da UNIFAP poder\u00e1 receber o material previamente diagramado por conta do proponente e, caso seja considerado aprovado para publica\u00e7\u00e3o, conceder o selo editorial, a logomarca da Editora, a folha catalogr\u00e1fica e o registro do ISBN.<\/p>\n<p>II \u2013 Livros impressos:<\/p>\n<p style=\"padding-left: 40px\">a) a Editora da UNIFAP poder\u00e1 publicar livro custeado pela UNIFAP, selecionado por meio de edital de publica\u00e7\u00e3o de livro impresso;<\/p>\n<p style=\"padding-left: 40px\">b) a Editora da UNIFAP poder\u00e1 publicar livro impresso custeado por pr\u00f3prio proponente, caso seja considerado aprovado para publica\u00e7\u00e3o, e conceder o selo editorial, a logomarca da Editora e a folha catalogr\u00e1fica e o registro do ISBN, com a obrigatoriedade do proponente de doar, pelo menos, 03 exemplares para o acervo da Editora da UNIFAP.<\/p>\n<p>III \u2013 Revistas cient\u00edficas: exclusivamente as do Portal de Peri\u00f3dicos da UNIFAP, regulamentado pela Resolu\u00e7\u00e3o n.\u00ba 32\/2016-CONSU\/UNIFAP, de 20 de dezembro de 2016.<\/p>\n<p><strong>Art. 4\u00ba<\/strong> Ser\u00e1 aceita proposta de publica\u00e7\u00e3o de obra de autor interno e externo \u00e0 UNIFAP.<\/p>\n<p><strong>Art. 5\u00ba<\/strong> Os integrantes do Conselho Editorial podem publicar obras pela Editora da UNIFAP.<\/p>\n<p><strong>Art. 6\u00ba<\/strong> Os integrantes do Conselho Editorial atuar\u00e3o por meio de emiss\u00e3o de pareceres de an\u00e1lises de obras, conforme o formato padr\u00e3o de Parecer Editorial.<\/p>\n<p><strong>Art. 7\u00ba<\/strong> Os memoriais aprovados em processos de progress\u00e3o funcional para o n\u00edvel de Professor Titular e as teses de doutorado poder\u00e3o ser publicados com aprova\u00e7\u00e3o apenas do Diretor da Editora, haja vista que foram previamente avaliados por banca de \u00e1rea.<\/p>\n<p><strong>Art. 8\u00ba<\/strong> Anais de eventos, panfletos, jornais, magazines, manuais, relat\u00f3rios t\u00e9cnicos, calend\u00e1rios e similares n\u00e3o ser\u00e3o publicados pela Editora da UNIFAP.<\/p>\n<p><strong>Art. 9\u00ba<\/strong> Ser\u00e1 mantido o apoio de publica\u00e7\u00e3o dos livros de resumos dos congressos de inicia\u00e7\u00e3o cient\u00edfica do Departamento de Pesquisa da UNIFAP, por ser a contraparte da institui\u00e7\u00e3o para manter o Programa de Bolsas de Inicia\u00e7\u00e3o Cient\u00edfica com o fomento do Conselho Nacional de Desenvolvimento Cient\u00edfico e Tecnol\u00f3gico (CNPq).<\/p>\n<p><strong>Art. 10\u00ba<\/strong> A Editora n\u00e3o atuar\u00e1 com selos editoriais.<\/p>\n<p><strong>Art. 11\u00ba<\/strong> A proposi\u00e7\u00e3o de cole\u00e7\u00e3o de livros dever\u00e1 ser feita com a pr\u00e9via apresenta\u00e7\u00e3o de no m\u00ednimo 04 t\u00edtulos completos para o registro de cole\u00e7\u00e3o.<\/p>\n<p><strong>Art. 12\u00ba<\/strong> Os casos omissos e as situa\u00e7\u00f5es n\u00e3o previstas poder\u00e3o ser analisados pelo Conselho Editorial.<\/p>\n<p>Pleno do Conselho Editorial, reunido na sala da Editora da UNIFAP, em 07 de junho de 2022.<\/p>\n","protected":false},"excerpt":{"rendered":"<p>RESOLU\u00c7\u00c3O N.\u00ba 01\/2022, de 07 de junho de 2022 Aprova a Pol\u00edtica Editorial da Editora da Universidade Federal do Amap\u00e1. O PRESIDENTE DO CONSELHO EDITORIAL, no uso das atribui\u00e7\u00f5es que lhe s\u00e3o conferidas pelo Artigo 8\u00ba, Incisos II e V, da Resolu\u00e7\u00e3o n.\u00ba 07 do Conselho Universit\u00e1rio da UNIFAP, de 16 de maio de 2003,&#8230;<\/p>\n","protected":false},"author":626,"featured_media":0,"parent":8,"menu_order":1,"comment_status":"open","ping_status":"closed","template":"","meta":{"inline_featured_image":false,"ngg_post_thumbnail":0,"footnotes":""},"class_list":["post-13","page","type-page","status-publish","hentry","entry"],"_links":{"self":[{"href":"http:\/\/www2.unifap.br\/editora\/wp-json\/wp\/v2\/pages\/13","targetHints":{"allow":["GET"]}}],"collection":[{"href":"http:\/\/www2.unifap.br\/editora\/wp-json\/wp\/v2\/pages"}],"about":[{"href":"http:\/\/www2.unifap.br\/editora\/wp-json\/wp\/v2\/types\/page"}],"author":[{"embeddable":true,"href":"http:\/\/www2.unifap.br\/editora\/wp-json\/wp\/v2\/users\/626"}],"replies":[{"embeddable":true,"href":"http:\/\/www2.unifap.br\/editora\/wp-json\/wp\/v2\/comments?post=13"}],"version-history":[{"count":9,"href":"http:\/\/www2.unifap.br\/editora\/wp-json\/wp\/v2\/pages\/13\/revisions"}],"predecessor-version":[{"id":676,"href":"http:\/\/www2.unifap.br\/editora\/wp-json\/wp\/v2\/pages\/13\/revisions\/676"}],"up":[{"embeddable":true,"href":"http:\/\/www2.unifap.br\/editora\/wp-json\/wp\/v2\/pages\/8"}],"wp:attachment":[{"href":"http:\/\/www2.unifap.br\/editora\/wp-json\/wp\/v2\/media?parent=13"}],"curies":[{"name":"wp","href":"https:\/\/api.w.org\/{rel}","templated":true}]}}