{"id":23,"date":"2014-12-05T13:05:48","date_gmt":"2014-12-05T13:05:48","guid":{"rendered":"http:\/\/www2.unifap.br\/editora\/?page_id=23"},"modified":"2024-06-11T09:27:12","modified_gmt":"2024-06-11T09:27:12","slug":"catalogo","status":"publish","type":"page","link":"http:\/\/www2.unifap.br\/editora\/catalogo\/","title":{"rendered":"PERGUNTAS FREQUENTES"},"content":{"rendered":"<h3 style=\"text-align: left\">Nesta se\u00e7\u00e3o s\u00e3o divulgadas as perguntas frequentes sobre as atividades desempenhadas pela Editora da UNIFAP<\/h3>\n<p style=\"text-align: center\"><a href=\"http:\/\/www2.unifap.br\/editora\/files\/2023\/08\/perguntas-frequentes.png\"><img fetchpriority=\"high\" decoding=\"async\" class=\"wp-image-1058 aligncenter\" src=\"http:\/\/www2.unifap.br\/editora\/files\/2023\/08\/perguntas-frequentes-300x149.png\" alt=\"\" width=\"383\" height=\"190\" srcset=\"http:\/\/www2.unifap.br\/editora\/files\/2023\/08\/perguntas-frequentes-300x149.png 300w, http:\/\/www2.unifap.br\/editora\/files\/2023\/08\/perguntas-frequentes.png 318w\" sizes=\"(max-width: 383px) 100vw, 383px\" \/><\/a><\/p>\n<hr>\n<p><span class=\"documentPublished\">Publicado em 22\/08\/2023 16h05&nbsp;<\/span><span class=\"documentModified\">Atualizado em&nbsp;<span class=\"value\">22\/08\/2023 16h23 por Shirley Gisele<\/span><\/span><\/p>\n<hr>\n<p><strong>1. COMO PUBLICAR NA FORMA DE E-BOOK?&nbsp;<\/strong><\/p>\n<p>Consultar Link&nbsp;<a href=\"https:\/\/www2.unifap.br\/editora\/procedimentos-para-publicacao\/\">https:\/\/www2.unifap.br\/editora\/procedimentos-para-publicacao\/<\/a><\/p>\n<p><strong>2. O QUE A EDITORA DA UNIFAP PUBLICA?<\/strong><\/p>\n<ul>\n<li><strong>Livros digitais<\/strong>, na forma de e-book&nbsp;<strong>(<a href=\"https:\/\/www2.unifap.br\/editora\/e-books\/\">https:\/\/www2.unifap.br\/editora\/e-books\/<\/a>)<\/strong><\/li>\n<li><strong>Livros impressos:<\/strong>&nbsp;Custeado pela UNIFAP, selecionado por meio de edital de publica\u00e7\u00e3o de livro impresso ou Custeado pelo pr\u00f3prio proponente, caso seja considerado aprovado para publica\u00e7\u00e3o, a Editora conceder\u00e1 o selo editorial, a logomarca da Editora e a ficha catalogr\u00e1fica e o registro do ISBN;<\/li>\n<li><strong>Revistas cient\u00edficas<\/strong>: exclusivamente as do Portal de Peri\u00f3dicos da UNIFAP,&nbsp;<strong>(<a href=\"https:\/\/www2.unifap.br\/editora\/periodicos\/\">https:\/\/www2.unifap.br\/editora\/periodicos\/)<\/a><\/strong><\/li>\n<\/ul>\n<p><strong>3. AUTOR EXTERNO TAMB\u00c9M PODE PUBLICAR?&nbsp;<\/strong><\/p>\n<p>Sim! Conforme Resolu\u00e7\u00e3o n\u00b0 01\/2022 que aprova a Pol\u00edtica Editorial da Editora&nbsp; da UNIFAP, art. 4\u00b0. Ser\u00e1 aceita proposta de publica\u00e7\u00e3o de obra de autor interno e externo \u00e0 UNIFAP.<\/p>\n<p><strong>Saiba mais:<\/strong><\/p>\n<p>Resolu\u00e7\u00e3o de Pol\u00edtica Editorial:&nbsp;<strong><a href=\"https:\/\/www2.unifap.br\/editora\/noticias-lancamentos\/a-editora\/politica-editorial\/\">https:\/\/www2.unifap.br\/editora\/noticias-lancamentos\/a-editora\/politica-editorial\/<\/a><\/strong><\/p>\n<p>Normas de livros:<strong>&nbsp;<a href=\"https:\/\/www2.unifap.br\/editora\/noticias-lancamentos\/a-editora\/normas-de-livros\/\">https:\/\/www2.unifap.br\/editora\/noticias-lancamentos\/a-editora\/normas-de-livros\/<\/a><\/strong><\/p>\n<p>&nbsp;<\/p>\n<h2><strong>NOS AJUDE A MELHORAR, MANDE SUA D\u00daVIDA AQUI!<\/strong><\/h2>\n","protected":false},"excerpt":{"rendered":"<p>Nesta se\u00e7\u00e3o s\u00e3o divulgadas as perguntas frequentes sobre as atividades desempenhadas pela Editora da UNIFAP Publicado em 22\/08\/2023 16h05&nbsp;Atualizado em&nbsp;22\/08\/2023 16h23 por Shirley Gisele 1. COMO PUBLICAR NA FORMA DE E-BOOK?&nbsp; Consultar Link&nbsp;https:\/\/www2.unifap.br\/editora\/procedimentos-para-publicacao\/ 2. O QUE A EDITORA DA UNIFAP PUBLICA? Livros digitais, na forma de e-book&nbsp;(https:\/\/www2.unifap.br\/editora\/e-books\/) Livros impressos:&nbsp;Custeado pela UNIFAP, selecionado por meio de&#8230;<\/p>\n","protected":false},"author":626,"featured_media":0,"parent":0,"menu_order":2,"comment_status":"open","ping_status":"open","template":"","meta":{"inline_featured_image":false,"ngg_post_thumbnail":0,"footnotes":""},"class_list":["post-23","page","type-page","status-publish","hentry","entry"],"_links":{"self":[{"href":"http:\/\/www2.unifap.br\/editora\/wp-json\/wp\/v2\/pages\/23","targetHints":{"allow":["GET"]}}],"collection":[{"href":"http:\/\/www2.unifap.br\/editora\/wp-json\/wp\/v2\/pages"}],"about":[{"href":"http:\/\/www2.unifap.br\/editora\/wp-json\/wp\/v2\/types\/page"}],"author":[{"embeddable":true,"href":"http:\/\/www2.unifap.br\/editora\/wp-json\/wp\/v2\/users\/626"}],"replies":[{"embeddable":true,"href":"http:\/\/www2.unifap.br\/editora\/wp-json\/wp\/v2\/comments?post=23"}],"version-history":[{"count":15,"href":"http:\/\/www2.unifap.br\/editora\/wp-json\/wp\/v2\/pages\/23\/revisions"}],"predecessor-version":[{"id":1194,"href":"http:\/\/www2.unifap.br\/editora\/wp-json\/wp\/v2\/pages\/23\/revisions\/1194"}],"wp:attachment":[{"href":"http:\/\/www2.unifap.br\/editora\/wp-json\/wp\/v2\/media?parent=23"}],"curies":[{"name":"wp","href":"https:\/\/api.w.org\/{rel}","templated":true}]}}