{"id":649,"date":"2014-06-11T01:19:08","date_gmt":"2014-06-11T01:19:08","guid":{"rendered":"https:\/\/www2.unifap.br\/editora\/?page_id=649"},"modified":"2026-03-16T14:28:04","modified_gmt":"2026-03-16T14:28:04","slug":"conselho-editorial","status":"publish","type":"page","link":"http:\/\/www2.unifap.br\/editora\/noticias-lancamentos\/a-editora\/conselho-editorial\/","title":{"rendered":"Conselho Editorial"},"content":{"rendered":"<p>&nbsp;<\/p>\n<h2><strong>COMPOSI\u00c7\u00c3O DO CONSELHO EDITORIAL<\/strong><\/h2>\n<p style=\"font-weight: 400\">FABIO WOSNIAK &#8211; Presidente<\/p>\n<p style=\"font-weight: 400\">ALDRIN VIANNA DE SANTANA<\/p>\n<p style=\"font-weight: 400\">ALISSON VIEIRA COSTA<\/p>\n<p style=\"font-weight: 400\">ALAAN UBAIARA BRITO<\/p>\n<p style=\"font-weight: 400\">DAVID JUNIOR DE SOUZA SILVA<\/p>\n<p style=\"font-weight: 400\">FREDERICO DE CARVALHO FERREIRA<\/p>\n<p style=\"font-weight: 400\">IVAN CARLO ANDRADE DE OLIVEIRA<\/p>\n<p style=\"font-weight: 400\">MARCUS ANDRE DE SOUZA CARDOSO DA SILVA<\/p>\n<p style=\"font-weight: 400\">MARCOS PAULO TORRES PEREIRA<\/p>\n<p style=\"font-weight: 400\">ROSIVALDO GOMES<\/p>\n<p style=\"font-weight: 400\">VICTOR ANDRE PINHEIRO CANTUARIO<\/p>\n<p><strong>Portarias dos Conselhos Editoriais<\/strong><\/p>\n<p><a href=\"http:\/\/www2.unifap.br\/editora\/files\/2026\/03\/portaria_1.pdf\">PORTARIA N\u00ba 0689\/2026<\/a>, vig\u00eancia de 12 de mar\u00e7o de 2026 a 12 de mar\u00e7o de 2028<\/p>\n<p><a href=\"http:\/\/www2.unifap.br\/editora\/files\/2024\/06\/PORTARIA-No-0119-2024.pdf\">PORTARIA N\u00ba 0119-2024<\/a>, vig\u00eancia de <i>17 de Janeiro de 2024 a 17 de janeiro de 2026<\/i><\/p>\n<p><a href=\"http:\/\/www2.unifap.br\/editora\/files\/2022\/05\/portaria-2022-n.-210-conselho.pdf\" target=\"_blank\" rel=\"noopener\">Portaria n.\u00ba 510\/2022-UNIFAP, vig\u00eancia de 06.05.2022 a 05.05.2024<\/a><\/p>\n<p><a href=\"http:\/\/www2.unifap.br\/editora\/files\/2021\/06\/portaria-2019-n.-740-conselho.pdf\" target=\"_blank\" rel=\"noopener noreferrer\">Portaria n.\u00ba 740\/2019-UNIFAP, vig\u00eancia de 17.04.2019 a 16.04.2021<\/a><\/p>\n<p><a href=\"http:\/\/www2.unifap.br\/editora\/files\/2021\/06\/portaria-2017-n.-465-conselho.pdf\" target=\"_blank\" rel=\"noopener noreferrer\">Portaria n.\u00ba 465\/2017-UNIFAP, vig\u00eancia de 07.03.2017 a 06.03.2019<\/a><\/p>\n<p><a href=\"http:\/\/www2.unifap.br\/editora\/files\/2021\/06\/portaria-2015-n.-259-conselho.pdf\" target=\"_blank\" rel=\"noopener noreferrer\">Portaria n.\u00ba 259-2015-UNIFAP, vig\u00eancia de 10.02.2015 a 09.02.2017<\/a><\/p>\n","protected":false},"excerpt":{"rendered":"<p>&nbsp; COMPOSI\u00c7\u00c3O DO CONSELHO EDITORIAL FABIO WOSNIAK &#8211; Presidente ALDRIN VIANNA DE SANTANA ALISSON VIEIRA COSTA ALAAN UBAIARA BRITO DAVID JUNIOR DE SOUZA SILVA FREDERICO DE CARVALHO FERREIRA IVAN CARLO ANDRADE DE OLIVEIRA MARCUS ANDRE DE SOUZA CARDOSO DA SILVA MARCOS PAULO TORRES PEREIRA ROSIVALDO GOMES VICTOR ANDRE PINHEIRO CANTUARIO Portarias dos Conselhos Editoriais PORTARIA&#8230;<\/p>\n","protected":false},"author":626,"featured_media":0,"parent":8,"menu_order":4,"comment_status":"closed","ping_status":"closed","template":"","meta":{"inline_featured_image":false,"ngg_post_thumbnail":0,"footnotes":""},"class_list":["post-649","page","type-page","status-publish","hentry","entry"],"_links":{"self":[{"href":"http:\/\/www2.unifap.br\/editora\/wp-json\/wp\/v2\/pages\/649","targetHints":{"allow":["GET"]}}],"collection":[{"href":"http:\/\/www2.unifap.br\/editora\/wp-json\/wp\/v2\/pages"}],"about":[{"href":"http:\/\/www2.unifap.br\/editora\/wp-json\/wp\/v2\/types\/page"}],"author":[{"embeddable":true,"href":"http:\/\/www2.unifap.br\/editora\/wp-json\/wp\/v2\/users\/626"}],"replies":[{"embeddable":true,"href":"http:\/\/www2.unifap.br\/editora\/wp-json\/wp\/v2\/comments?post=649"}],"version-history":[{"count":11,"href":"http:\/\/www2.unifap.br\/editora\/wp-json\/wp\/v2\/pages\/649\/revisions"}],"predecessor-version":[{"id":1376,"href":"http:\/\/www2.unifap.br\/editora\/wp-json\/wp\/v2\/pages\/649\/revisions\/1376"}],"up":[{"embeddable":true,"href":"http:\/\/www2.unifap.br\/editora\/wp-json\/wp\/v2\/pages\/8"}],"wp:attachment":[{"href":"http:\/\/www2.unifap.br\/editora\/wp-json\/wp\/v2\/media?parent=649"}],"curies":[{"name":"wp","href":"https:\/\/api.w.org\/{rel}","templated":true}]}}