{"id":8,"date":"2014-12-05T12:35:32","date_gmt":"2014-12-05T12:35:32","guid":{"rendered":"http:\/\/www2.unifap.br\/editora\/?page_id=8"},"modified":"2023-07-05T16:53:17","modified_gmt":"2023-07-05T16:53:17","slug":"a-editora","status":"publish","type":"page","link":"http:\/\/www2.unifap.br\/editora\/noticias-lancamentos\/a-editora\/","title":{"rendered":"A Editora"},"content":{"rendered":"<p>A Editora UNIFAP apoia as atividades de ensino, pesquisa e extens\u00e3o desenvolvidas na Universidade Federal do Amap\u00e1, e tem desempenhado importante papel na divulga\u00e7\u00e3o do trabalho realizado na Institui\u00e7\u00e3o, difundindo o conhecimento produzido na comunidade acad\u00eamica do pa\u00eds e do exterior.<\/p>\n<p>Os livros da Editora UNIFAP podem ser encontrados no site ou na pr\u00f3pria Editora no campus Marco Zero, Rodovia Juscelino Kubitschek, Km 2, s\/n, Universidade, Macap\u00e1-AP, CEP: 68.903-419<\/p>\n<h4 style=\"text-align: center\">Sejam bem-vindos!<\/h4>\n<p><a href=\"http:\/\/www2.unifap.br\/editora\/files\/2023\/06\/Editora-Home.jpg\"><img fetchpriority=\"high\" decoding=\"async\" class=\"wp-image-846 aligncenter\" src=\"http:\/\/www2.unifap.br\/editora\/files\/2023\/06\/Editora-Home-300x300.jpg\" alt=\"\" width=\"443\" height=\"443\" srcset=\"http:\/\/www2.unifap.br\/editora\/files\/2023\/06\/Editora-Home-300x300.jpg 300w, http:\/\/www2.unifap.br\/editora\/files\/2023\/06\/Editora-Home-1024x1024.jpg 1024w, http:\/\/www2.unifap.br\/editora\/files\/2023\/06\/Editora-Home-150x150.jpg 150w, http:\/\/www2.unifap.br\/editora\/files\/2023\/06\/Editora-Home-768x768.jpg 768w, http:\/\/www2.unifap.br\/editora\/files\/2023\/06\/Editora-Home-600x600.jpg 600w, http:\/\/www2.unifap.br\/editora\/files\/2023\/06\/Editora-Home.jpg 1200w\" sizes=\"(max-width: 443px) 100vw, 443px\" \/><\/a><\/p>\n<h3 style=\"text-align: left\">Comente abaixo o que voc\u00ea pretende ver por aqui!&nbsp;<\/h3>\n<h3>&nbsp;<\/h3>\n<p>&nbsp;<\/p>\n<p>&nbsp;<\/p>\n","protected":false},"excerpt":{"rendered":"<p>A Editora UNIFAP apoia as atividades de ensino, pesquisa e extens\u00e3o desenvolvidas na Universidade Federal do Amap\u00e1, e tem desempenhado importante papel na divulga\u00e7\u00e3o do trabalho realizado na Institui\u00e7\u00e3o, difundindo o conhecimento produzido na comunidade acad\u00eamica do pa\u00eds e do exterior. Os livros da Editora UNIFAP podem ser encontrados no site ou na pr\u00f3pria Editora&#8230;<\/p>\n","protected":false},"author":626,"featured_media":0,"parent":34,"menu_order":1,"comment_status":"open","ping_status":"open","template":"","meta":{"inline_featured_image":false,"ngg_post_thumbnail":0,"footnotes":""},"class_list":["post-8","page","type-page","status-publish","hentry","entry"],"_links":{"self":[{"href":"http:\/\/www2.unifap.br\/editora\/wp-json\/wp\/v2\/pages\/8","targetHints":{"allow":["GET"]}}],"collection":[{"href":"http:\/\/www2.unifap.br\/editora\/wp-json\/wp\/v2\/pages"}],"about":[{"href":"http:\/\/www2.unifap.br\/editora\/wp-json\/wp\/v2\/types\/page"}],"author":[{"embeddable":true,"href":"http:\/\/www2.unifap.br\/editora\/wp-json\/wp\/v2\/users\/626"}],"replies":[{"embeddable":true,"href":"http:\/\/www2.unifap.br\/editora\/wp-json\/wp\/v2\/comments?post=8"}],"version-history":[{"count":35,"href":"http:\/\/www2.unifap.br\/editora\/wp-json\/wp\/v2\/pages\/8\/revisions"}],"predecessor-version":[{"id":935,"href":"http:\/\/www2.unifap.br\/editora\/wp-json\/wp\/v2\/pages\/8\/revisions\/935"}],"up":[{"embeddable":true,"href":"http:\/\/www2.unifap.br\/editora\/wp-json\/wp\/v2\/pages\/34"}],"wp:attachment":[{"href":"http:\/\/www2.unifap.br\/editora\/wp-json\/wp\/v2\/media?parent=8"}],"curies":[{"name":"wp","href":"https:\/\/api.w.org\/{rel}","templated":true}]}}