{"id":128,"date":"2018-04-09T19:21:47","date_gmt":"2018-04-09T22:21:47","guid":{"rendered":"http:\/\/www2.unifap.br\/educacaodocampo\/?page_id=128"},"modified":"2019-03-21T19:40:16","modified_gmt":"2019-03-21T22:40:16","slug":"2018-2","status":"publish","type":"page","link":"http:\/\/www2.unifap.br\/educacaodocampo\/2018-2\/","title":{"rendered":"2018"},"content":{"rendered":"<p><b>Juventude em foco: \u201cn\u00f3s, por n\u00f3s mesmos!\u201d<\/b><\/p>\n<p>Descri\u00e7\u00e3o: O objetivo geral do projeto \u00e9 o de realizar forma\u00e7\u00e3o com jovens de 15 a 29 anos matriculados regularmente no Ensino M\u00e9dio da Escola Estadual \u00c1gua Branca do Cajari, no munic\u00edpio de Laranjal do Jari, Estado do Amap\u00e1, com vistas ao protagonismo da juventude, sua auto-organiza\u00e7\u00e3o e a cria\u00e7\u00e3o de produtos culturais com foco no fortalecimento da identidade e do modo de vida extrativista na Amaz\u00f4nia.<\/p>\n<p>Integrantes: Marlo dos Reis &#8211; Coordenador \/ D\u00e9bora Mate Mendes &#8211; Integrante.<\/p>\n<p>Financiador(es): Universidade Federal do Amap\u00e1 &#8211; Bolsa; NEA &#8211; UNIFAP\/MZG.<\/p>\n<p>&nbsp;<\/p>\n<p><b>Para n\u00e3o dizer que n\u00e3o falei das flores&#8230; E dos polinizadores tamb\u00e9m<\/b><\/p>\n<p>Descri\u00e7\u00e3o: Este projeto de extens\u00e3o (PJ009-2018) teve como objetivo geral, divulgar ci\u00eancia, popularizando-a, difundindo conhecimentos sobre Biologia Reprodutiva de Plantas, envolvendo flores e polinizadores, e conscientizar para a conserva\u00e7\u00e3o do meio ambiente e de seus recursos naturais. As atividades foram realizadas junto a alunos de Ensino Fundamental I e II de escolas do campo localizadas no sul do Amap\u00e1, em Laranjal do Jari (Escola Municipal de Ensino Fundamental Concei\u00e7\u00e3o do Muriac\u00e1 e Escola Estadual \u00c1gua Branca do Cajari) e em Mazag\u00e3o (Escola Estadual Osmundo Valente Barreto e Escola Municipal de 1\u00b0 Grau Vilhena Alves). O projeto era vinculado ao programa N\u00facleo de Estudo em Agroecologia e Produ\u00e7\u00e3o Org\u00e2nica da Universidade Federal do Amap\u00e1 \u2013 <em>Campus<\/em> Mazag\u00e3o (NEA \u2013 UNIFAP\/MZG) (PG005-2018).&nbsp;<\/p>\n<p>Integrantes: Mellissa Sousa Sobrinho &#8211; Coordenadora \/ Angelica Souza da Costa &#8211; Integrante (bolsista PIBEX 2018)\/&nbsp;Daniele Souza da Costa &#8211; Integrante (bolsista PIBEX 2018).<\/p>\n<p>Financiador(es): Universidade Federal do Amap\u00e1 &#8211; Bolsa; NEA &#8211; UNIFAP\/MZG.<\/p>\n<p>&nbsp;<\/p>\n<div id=\"attachment_338\" style=\"width: 310px\" class=\"wp-caption alignleft\"><a href=\"http:\/\/www2.unifap.br\/educacaodocampo\/files\/2019\/03\/IMG_2485.jpg\"><img fetchpriority=\"high\" decoding=\"async\" aria-describedby=\"caption-attachment-338\" class=\"wp-image-338 size-medium\" src=\"http:\/\/www2.unifap.br\/educacaodocampo\/files\/2019\/03\/IMG_2485-300x225.jpg\" alt=\"\" width=\"300\" height=\"225\" srcset=\"http:\/\/www2.unifap.br\/educacaodocampo\/files\/2019\/03\/IMG_2485-300x225.jpg 300w, http:\/\/www2.unifap.br\/educacaodocampo\/files\/2019\/03\/IMG_2485-768x576.jpg 768w, http:\/\/www2.unifap.br\/educacaodocampo\/files\/2019\/03\/IMG_2485-1024x768.jpg 1024w\" sizes=\"(max-width: 300px) 100vw, 300px\" \/><\/a><p id=\"caption-attachment-338\" class=\"wp-caption-text\">Quinto ano da Escola Estadual Osmundo Valente Barreto, RESEX Rio Cajar\u00ed, Mazag\u00e3o, Amap\u00e1.<\/p><\/div>\n<div id=\"attachment_334\" style=\"width: 310px\" class=\"wp-caption alignleft\"><a href=\"http:\/\/www2.unifap.br\/educacaodocampo\/files\/2019\/03\/IMG_1512.jpg\"><img decoding=\"async\" aria-describedby=\"caption-attachment-334\" class=\"wp-image-334 size-medium\" src=\"http:\/\/www2.unifap.br\/educacaodocampo\/files\/2019\/03\/IMG_1512-300x225.jpg\" alt=\"\" width=\"300\" height=\"225\" srcset=\"http:\/\/www2.unifap.br\/educacaodocampo\/files\/2019\/03\/IMG_1512-300x225.jpg 300w, http:\/\/www2.unifap.br\/educacaodocampo\/files\/2019\/03\/IMG_1512-768x576.jpg 768w, http:\/\/www2.unifap.br\/educacaodocampo\/files\/2019\/03\/IMG_1512-1024x768.jpg 1024w\" sizes=\"(max-width: 300px) 100vw, 300px\" \/><\/a><p id=\"caption-attachment-334\" class=\"wp-caption-text\">Alunos e professor do quinto ano da Escola Municipal Concei\u00e7\u00e3o do Muriac\u00e1, RESEX Rio Cajar\u00ed, Laranjal do Jari, Amap\u00e1.<\/p><\/div>\n<div id=\"attachment_335\" style=\"width: 310px\" class=\"wp-caption alignleft\"><a href=\"http:\/\/www2.unifap.br\/educacaodocampo\/files\/2019\/03\/IMG_1639.jpg\"><img decoding=\"async\" aria-describedby=\"caption-attachment-335\" class=\"wp-image-335 size-medium\" src=\"http:\/\/www2.unifap.br\/educacaodocampo\/files\/2019\/03\/IMG_1639-300x225.jpg\" alt=\"\" width=\"300\" height=\"225\" srcset=\"http:\/\/www2.unifap.br\/educacaodocampo\/files\/2019\/03\/IMG_1639-300x225.jpg 300w, http:\/\/www2.unifap.br\/educacaodocampo\/files\/2019\/03\/IMG_1639-768x576.jpg 768w, http:\/\/www2.unifap.br\/educacaodocampo\/files\/2019\/03\/IMG_1639-1024x768.jpg 1024w\" sizes=\"(max-width: 300px) 100vw, 300px\" \/><\/a><p id=\"caption-attachment-335\" class=\"wp-caption-text\">Etapa Flores com alunos do s\u00e9timo ano do Ensino Fundamental II da Escola Estadual \u00c1gua Branca do Cajar\u00ed, RESEX Rio Cajar\u00ed, Laranjal do Jari, Amap\u00e1.<\/p><\/div>\n<p>&nbsp;<\/p>\n<p>&nbsp;<\/p>\n<p>&nbsp;<\/p>\n<p>&nbsp;<\/p>\n<p>&nbsp;<\/p>\n<div id=\"attachment_336\" style=\"width: 310px\" class=\"wp-caption alignleft\"><a href=\"http:\/\/www2.unifap.br\/educacaodocampo\/files\/2019\/03\/escola-em-mazag\u00e3o.jpg\"><img loading=\"lazy\" decoding=\"async\" aria-describedby=\"caption-attachment-336\" class=\"size-medium wp-image-336\" src=\"http:\/\/www2.unifap.br\/educacaodocampo\/files\/2019\/03\/escola-em-mazag\u00e3o-300x205.jpg\" alt=\"\" width=\"300\" height=\"205\" srcset=\"http:\/\/www2.unifap.br\/educacaodocampo\/files\/2019\/03\/escola-em-mazag\u00e3o-300x205.jpg 300w, http:\/\/www2.unifap.br\/educacaodocampo\/files\/2019\/03\/escola-em-mazag\u00e3o.jpg 654w\" sizes=\"(max-width: 300px) 100vw, 300px\" \/><\/a><p id=\"caption-attachment-336\" class=\"wp-caption-text\">Dia de atividades na Escola Municipal Vilhena Alves, em Mazag\u00e3o, Amap\u00e1.<\/p><\/div>\n<p>&nbsp;<\/p>\n<p>&nbsp;<\/p>\n<p>&nbsp;<\/p>\n<p>&nbsp;<\/p>\n","protected":false},"excerpt":{"rendered":"<p>Juventude em foco: \u201cn\u00f3s, por n\u00f3s mesmos!\u201d Descri\u00e7\u00e3o: O objetivo geral do projeto \u00e9 o de realizar forma\u00e7\u00e3o com jovens de 15 a 29 anos matriculados regularmente no Ensino M\u00e9dio da Escola Estadual \u00c1gua Branca do Cajari, no munic\u00edpio de&hellip; <\/p>\n<p><a href=\"http:\/\/www2.unifap.br\/educacaodocampo\/2018-2\/\" class=\"readmore-button\">Continue Reading<\/a><\/p>\n","protected":false},"author":2426,"featured_media":0,"parent":0,"menu_order":0,"comment_status":"open","ping_status":"open","template":"","meta":{"inline_featured_image":false,"ngg_post_thumbnail":0,"footnotes":""},"class_list":["post-128","page","type-page","status-publish","hentry"],"_links":{"self":[{"href":"http:\/\/www2.unifap.br\/educacaodocampo\/wp-json\/wp\/v2\/pages\/128","targetHints":{"allow":["GET"]}}],"collection":[{"href":"http:\/\/www2.unifap.br\/educacaodocampo\/wp-json\/wp\/v2\/pages"}],"about":[{"href":"http:\/\/www2.unifap.br\/educacaodocampo\/wp-json\/wp\/v2\/types\/page"}],"author":[{"embeddable":true,"href":"http:\/\/www2.unifap.br\/educacaodocampo\/wp-json\/wp\/v2\/users\/2426"}],"replies":[{"embeddable":true,"href":"http:\/\/www2.unifap.br\/educacaodocampo\/wp-json\/wp\/v2\/comments?post=128"}],"version-history":[{"count":10,"href":"http:\/\/www2.unifap.br\/educacaodocampo\/wp-json\/wp\/v2\/pages\/128\/revisions"}],"predecessor-version":[{"id":371,"href":"http:\/\/www2.unifap.br\/educacaodocampo\/wp-json\/wp\/v2\/pages\/128\/revisions\/371"}],"wp:attachment":[{"href":"http:\/\/www2.unifap.br\/educacaodocampo\/wp-json\/wp\/v2\/media?parent=128"}],"curies":[{"name":"wp","href":"https:\/\/api.w.org\/{rel}","templated":true}]}}