{"id":43,"date":"2018-03-28T01:22:57","date_gmt":"2018-03-28T04:22:57","guid":{"rendered":"http:\/\/www2.unifap.br\/educacaodocampo\/?page_id=43"},"modified":"2018-04-09T17:39:12","modified_gmt":"2018-04-09T20:39:12","slug":"2017-2","status":"publish","type":"page","link":"http:\/\/www2.unifap.br\/educacaodocampo\/2017-2\/","title":{"rendered":"2017"},"content":{"rendered":"<p><strong>Aproveitamento de res\u00edduos org\u00e2nicos alternativos na aduba\u00e7\u00e3o de maracujazeiro-amarelo<\/strong><\/p>\n<p>Descri\u00e7\u00e3o: Objetiva-se avaliar a viabilidade agron\u00f4mica do uso de res\u00edduos org\u00e2nicos alternativos na aduba\u00e7\u00e3o de maracujazeiro-amarelo. A pesquisa ser\u00e1 realizada em duas etapas: 1- produ\u00e7\u00e3o de mudas e 2 &#8211; cultivo em campo, sendo os tratamentos em ambos os casos constitu\u00eddos por seis formula\u00e7\u00f5es de substratos\/aduba\u00e7\u00f5es.<\/p>\n<p>Integrantes: Kalyne Sonale Arruda de Brito &#8211; Coordenadora \/ Janivan Fernandes Suassuna &#8211; Integrante \/ Fl\u00e1vio da Silva Costa &#8211; Integrante \/ Daniel Sousa dos Santos &#8211; Integrante.<\/p>\n<p>&nbsp;<\/p>\n<p><strong>Aspectos flor\u00edsticos, ecol\u00f3gicos e econ\u00f4micos da vegeta\u00e7\u00e3o ruderal no munic\u00edpio de Mazag\u00e3o\/AP<\/strong><\/p>\n<p>Descri\u00e7\u00e3o: Avaliar aspectos flor\u00edsticos, ecol\u00f3gicos e econ\u00f4micos de plantas que ocorrem em margens de estradas localizadas no munic\u00edpio de Mazag\u00e3o, estado do Amap\u00e1.<\/p>\n<p>Integrantes: Mellissa Sobrinho &#8211; Coordenadora; Galdino de Paula Filho &#8211; Integrante.<\/p>\n<p>&nbsp;<\/p>\n<p><strong>Bioecologia de moscas-das-frutas e seus inimigos naturais (Diptera: Tephritidae e Lonchaeidae) no munic\u00edpio de Mazag\u00e3o, Amap\u00e1, Brasil<\/strong><\/p>\n<p>Descri\u00e7\u00e3o: O projeto de pesquisa sobre moscas-das-frutas no Munic\u00edpio de Mazag\u00e3o-AP visa gerar e difundir informa\u00e7\u00f5es sobre a ecologia e distribui\u00e7\u00e3o das moscas-das-frutas, plantas hospedeiras e inimigos naturais visando subsidiar o manejo das esp\u00e9cies pelos produtores e pelos \u00f3rg\u00e3os oficiais de controle.<\/p>\n<p>Integrantes: Lailson do Nascimento Lemos &#8211; Coordenador \/\u00a0Cristiane Ramos De Jesus-Barros\u00a0&#8211; Integrante \/ Diego Amoras Santana &#8211; Integrante \/ Andressa Paola Dias Belo &#8211; Integrante \/ Stanley Moraes de Souza &#8211; Integrante \/ Ricardo Marcelo dos Anjos Ferreira &#8211; Integrante \/ Ricardo Adaime &#8211; Integrante.<\/p>\n<p>&nbsp;<\/p>\n<p><strong>Escola da terra, das \u00e1guas e florestas<\/strong><\/p>\n<p>Descri\u00e7\u00e3o: O Projeto contribui para a promo\u00e7\u00e3o da qualifica\u00e7\u00e3o dos processos educativos em classes multisseriadas nas s\u00e9ries iniciais do Ensino Fundamental por meio da forma\u00e7\u00e3o continuada de professores em uma perspectiva problematizadora e interdisciplinar considerando a identidade e percursos formativos da educa\u00e7\u00e3o do campo, das \u00e1guas e da floresta.<\/p>\n<p>Integrantes: Marlo dos Reis &#8211; Coordenador \/ Galdino Xavier de Paula Filho &#8211; Integrante \/ Janivan Fernandes Suassuna &#8211; Integrante \/ Arthane Menezes Figueiredo &#8211; Integrante \/ Debora Mate Mendes &#8211; Integrante \/ Eliane Aparecida Cabral da Silva &#8211; Integrante \/ Mellissa Sousa Sobrinho &#8211; Integrante \/ Emanuel Leal de Lima &#8211; Integrante \/ Francisco Barbosa Malheiros &#8211; Integrante \/ Zenaide Teles de Oliveira &#8211; Integrante.<\/p>\n<p>&nbsp;<\/p>\n<p><strong>N\u00facleo de Estudo em Agroecologia e Produ\u00e7\u00e3o Org\u00e2nica da Universidade Federal do Amap\u00e1 &#8211; <em>Campus<\/em> Mazag\u00e3o (NEA &#8211; UNIFAP\/MZG)<\/strong><\/p>\n<p>Descri\u00e7\u00e3o: O projeto consiste na implanta\u00e7\u00e3o do N\u00facleo de Estudos em Agroecologia voltado para a produ\u00e7\u00e3o vegetal e animal de bases agroecol\u00f3gicas da Universidade Federal do Amap\u00e1, Campus Mazag\u00e3o (NEA &#8211; UNIFAP\/MZG). A proposta est\u00e1 inserida no contexto da produ\u00e7\u00e3o familiar, com a\u00e7\u00f5es a serem mediadas por um processo educativo junto ao p\u00fablico-alvo da proposta, na perspectiva do desenvolvimento rural sustent\u00e1vel e da valoriza\u00e7\u00e3o, resgate e aperfei\u00e7oamento de sistemas produtivos voltados para os aspectos socioecon\u00f4micos e ambientais.<\/p>\n<p>Integrantes: Galdino Xavier de Paula Filho &#8211; Coordenador \/ Fl\u00e1vio da Silva Costa &#8211; Integrante \/ Janivan Fernandes Suassuna &#8211; Integrante \/ Wardsson Lustrino Borges &#8211; Integrante \/ Marlo dos Reis &#8211; Integrante \/ Debora Mate Mendes &#8211; Integrante \/ Mellissa Sousa Sobrinho &#8211; Integrante \/ Alder de Sousa Dias &#8211; Integrante \/ Ana Karolina Bezerra Lima &#8211; Integrante \/ Dem\u00f3sthenes Arabutan Travassos da Silva &#8211; Integrante \/ Kalyne Sonale Arruda de Brito &#8211; Integrante.<\/p>\n<p>&nbsp;<\/p>\n<p><strong>Paulo Freire e a educa\u00e7\u00e3o popular da Amaz\u00f4nia amapaense: hist\u00f3ria e mem\u00f3ria de experi\u00eancias educativas<\/strong><\/p>\n<p>Descri\u00e7\u00e3o: O projeto tem como objetivo geral analisar a presen\u00e7a do pensamento educacional de Paulo Freire em documentos de tr\u00eas experi\u00eancias educativas de orienta\u00e7\u00e3o popular: Curso de Educa\u00e7\u00e3o Profissional em Produtos da Floresta, Pr\u00e1ticas Culturais Amaz\u00f4nicas e Pr\u00e1ticas Ocupacionais Urbanas, com eleva\u00e7\u00e3o da escolaridade ao Ensino Fundamental; na proposta por uma nova Pol\u00edtica de Educa\u00e7\u00e3o na Floresta; e na proposta de escola p\u00fablica popular para o sistema de educa\u00e7\u00e3o do Estado do Amap\u00e1.<\/p>\n<p>Integrantes: Alder de Sousa Dias &#8211; Coordenador \/ Vitor Sousa Cunha Nery &#8211; Integrante \/ Pedro Correia de Souza &#8211; Integrante \/\u00a0Manoel Raimundo dos Santos\u00a0 &#8211; Integrante \/ Raimunda Kelly Silva Gomes &#8211; Integrante \/\u00a0Cristiane dos Santos Nery\u00a0 &#8211; Integrante \/ Heliadora Georgete Pereira da Costa &#8211; Integrante \/\u00a0Marcela Cardoso Seoane &#8211; Integrante \/ Etacyara Priscilla Carvalho da Silva &#8211; Integrante.<\/p>\n","protected":false},"excerpt":{"rendered":"<p>Aproveitamento de res\u00edduos org\u00e2nicos alternativos na aduba\u00e7\u00e3o de maracujazeiro-amarelo Descri\u00e7\u00e3o: Objetiva-se avaliar a viabilidade agron\u00f4mica do uso de res\u00edduos org\u00e2nicos alternativos na aduba\u00e7\u00e3o de maracujazeiro-amarelo. A pesquisa ser\u00e1 realizada em duas etapas: 1- produ\u00e7\u00e3o de mudas e 2 &#8211; cultivo&hellip; <\/p>\n<p><a href=\"http:\/\/www2.unifap.br\/educacaodocampo\/2017-2\/\" class=\"readmore-button\">Continue Reading<\/a><\/p>\n","protected":false},"author":2426,"featured_media":0,"parent":0,"menu_order":0,"comment_status":"closed","ping_status":"closed","template":"","meta":{"inline_featured_image":false,"ngg_post_thumbnail":0,"footnotes":""},"class_list":["post-43","page","type-page","status-publish","hentry"],"_links":{"self":[{"href":"http:\/\/www2.unifap.br\/educacaodocampo\/wp-json\/wp\/v2\/pages\/43","targetHints":{"allow":["GET"]}}],"collection":[{"href":"http:\/\/www2.unifap.br\/educacaodocampo\/wp-json\/wp\/v2\/pages"}],"about":[{"href":"http:\/\/www2.unifap.br\/educacaodocampo\/wp-json\/wp\/v2\/types\/page"}],"author":[{"embeddable":true,"href":"http:\/\/www2.unifap.br\/educacaodocampo\/wp-json\/wp\/v2\/users\/2426"}],"replies":[{"embeddable":true,"href":"http:\/\/www2.unifap.br\/educacaodocampo\/wp-json\/wp\/v2\/comments?post=43"}],"version-history":[{"count":9,"href":"http:\/\/www2.unifap.br\/educacaodocampo\/wp-json\/wp\/v2\/pages\/43\/revisions"}],"predecessor-version":[{"id":1601,"href":"http:\/\/www2.unifap.br\/educacaodocampo\/wp-json\/wp\/v2\/pages\/43\/revisions\/1601"}],"wp:attachment":[{"href":"http:\/\/www2.unifap.br\/educacaodocampo\/wp-json\/wp\/v2\/media?parent=43"}],"curies":[{"name":"wp","href":"https:\/\/api.w.org\/{rel}","templated":true}]}}