{"id":57,"date":"2018-03-28T01:35:41","date_gmt":"2018-03-28T04:35:41","guid":{"rendered":"http:\/\/www2.unifap.br\/educacaodocampo\/?page_id=57"},"modified":"2019-03-21T21:53:27","modified_gmt":"2019-03-22T00:53:27","slug":"2017-3","status":"publish","type":"page","link":"http:\/\/www2.unifap.br\/educacaodocampo\/2017-3\/","title":{"rendered":"2017"},"content":{"rendered":"<p><b>Horta escolar como ferramenta interdisciplinar para a educa\u00e7\u00e3o ambiental, alimentar e da sa\u00fade em escolas p\u00fablicas<\/b><\/p>\n<div>\n<div>Descri\u00e7\u00e3o: O despertar para os cuidados com o meio ambiente e com a qualidade dos alimentos produzidos\/consumidos t\u00eam aberto espa\u00e7o para debates constantes e apontamentos para poss\u00edveis alternativas mitigadoras das problem\u00e1ticas ou necessidades relacionadas a tais tem\u00e1ticas, fato que, de certa forma, exige estrat\u00e9gias para integrar o conhecimento produzido nas Universidades com a sociedade em geral. Como forma de auxiliar no processo educativo em Escolas e comunidade geral, a horta escolar tem sido ferramenta eficiente para conscientiza\u00e7\u00e3o sobre a import\u00e2ncia da produ\u00e7\u00e3o de alimentos de forma sustent\u00e1vel, da alimenta\u00e7\u00e3o saud\u00e1vel e para integra\u00e7\u00e3o entre \u00e1reas de conhecimento, al\u00e9m de resgatar o conhecimento tradicional sobre o uso de plantas medicinais e arom\u00e1ticas. Neste sentido, pretende-se implantar hortas em escolas do munic\u00edpio de Mazag\u00e3o Novo\/AP, baseando-se nos princ\u00edpios de reaproveitamento, reciclagem e redu\u00e7\u00e3o de material utilizados, com o objetivo de oportunizar a educa\u00e7\u00e3o ambiental, alimentar e da sa\u00fade dos educandos, bem como estimular o cultivo de plantas medicinais e arom\u00e1ticas, promovendo a forma\u00e7\u00e3o de consci\u00eancia cr\u00edtica e respeito \u00e0 sustentabilidade na produ\u00e7\u00e3o alimentar e a valoriza\u00e7\u00e3o do conhecimento popular.<\/div>\n<div>Integrantes: Janivan Fernandes Suassuna &#8211; Coordenador \/ Kalyne Sonale Arruda Brito &#8211; Integrante \/ Elizabeth Machado Barbosa &#8211; Integrante.<\/div>\n<div>&nbsp;<\/div>\n<\/div>\n<div>\n<div id=\"attachment_316\" style=\"width: 318px\" class=\"wp-caption aligncenter\"><a href=\"http:\/\/www2.unifap.br\/educacaodocampo\/files\/2019\/03\/1.jpg\"><img fetchpriority=\"high\" decoding=\"async\" aria-describedby=\"caption-attachment-316\" class=\"wp-image-316\" src=\"http:\/\/www2.unifap.br\/educacaodocampo\/files\/2019\/03\/1-300x169.jpg\" alt=\"\" width=\"308\" height=\"174\" srcset=\"http:\/\/www2.unifap.br\/educacaodocampo\/files\/2019\/03\/1-300x169.jpg 300w, http:\/\/www2.unifap.br\/educacaodocampo\/files\/2019\/03\/1.jpg 694w\" sizes=\"(max-width: 308px) 100vw, 308px\" \/><\/a><p id=\"caption-attachment-316\" class=\"wp-caption-text\">Vis\u00e3o da Escola onde foi desenvolvida a a\u00e7\u00e3o. Mazag\u00e3o, AP, 2018.<\/p><\/div>\n<div id=\"attachment_317\" style=\"width: 241px\" class=\"wp-caption aligncenter\"><a href=\"http:\/\/www2.unifap.br\/educacaodocampo\/files\/2019\/03\/2.jpg\"><img decoding=\"async\" aria-describedby=\"caption-attachment-317\" class=\"wp-image-317\" src=\"http:\/\/www2.unifap.br\/educacaodocampo\/files\/2019\/03\/2-300x225.jpg\" alt=\"\" width=\"231\" height=\"174\" srcset=\"http:\/\/www2.unifap.br\/educacaodocampo\/files\/2019\/03\/2-300x225.jpg 300w, http:\/\/www2.unifap.br\/educacaodocampo\/files\/2019\/03\/2-768x576.jpg 768w, http:\/\/www2.unifap.br\/educacaodocampo\/files\/2019\/03\/2-1024x768.jpg 1024w, http:\/\/www2.unifap.br\/educacaodocampo\/files\/2019\/03\/2.jpg 1032w\" sizes=\"(max-width: 231px) 100vw, 231px\" \/><\/a><p id=\"caption-attachment-317\" class=\"wp-caption-text\">Momento formativo no ciclo de palestras mediado pelos acad\u00eamicos. Mazag\u00e3o, AP, 2018.<\/p><\/div>\n<\/div>\n<div id=\"attachment_342\" style=\"width: 247px\" class=\"wp-caption aligncenter\"><a href=\"http:\/\/www2.unifap.br\/educacaodocampo\/files\/2019\/03\/5.jpg\"><img decoding=\"async\" aria-describedby=\"caption-attachment-342\" class=\" wp-image-342\" src=\"http:\/\/www2.unifap.br\/educacaodocampo\/files\/2019\/03\/5-300x225.jpg\" alt=\"\" width=\"237\" height=\"177\" srcset=\"http:\/\/www2.unifap.br\/educacaodocampo\/files\/2019\/03\/5-300x225.jpg 300w, http:\/\/www2.unifap.br\/educacaodocampo\/files\/2019\/03\/5.jpg 607w\" sizes=\"(max-width: 237px) 100vw, 237px\" \/><\/a><p id=\"caption-attachment-342\" class=\"wp-caption-text\">Registro da segunda etapa da a\u00e7\u00e3o, com atividades coletivas de limpeza da \u00e1rea da horta e confec\u00e7\u00e3o dos canteiros e recipientes de cultivo para implanta\u00e7\u00e3o da horta. Mazag\u00e3o, AP, 2018.<\/p><\/div>\n<div id=\"attachment_318\" style=\"width: 248px\" class=\"wp-caption aligncenter\"><a href=\"http:\/\/www2.unifap.br\/educacaodocampo\/files\/2019\/03\/3.jpg\"><img loading=\"lazy\" decoding=\"async\" aria-describedby=\"caption-attachment-318\" class=\"wp-image-318\" src=\"http:\/\/www2.unifap.br\/educacaodocampo\/files\/2019\/03\/3-300x225.jpg\" alt=\"\" width=\"238\" height=\"178\" srcset=\"http:\/\/www2.unifap.br\/educacaodocampo\/files\/2019\/03\/3-300x225.jpg 300w, http:\/\/www2.unifap.br\/educacaodocampo\/files\/2019\/03\/3.jpg 693w\" sizes=\"(max-width: 238px) 100vw, 238px\" \/><\/a><p id=\"caption-attachment-318\" class=\"wp-caption-text\">Registro da terceira etapa, com atividade integradora de implanta\u00e7\u00e3o da horta com a participa\u00e7\u00e3o dos alunos. Mazag\u00e3o, AP, 2018.<\/p><\/div>\n<p>&nbsp;<\/p>\n<p>&nbsp;<\/p>\n<p><b>Juventude da Floresta: vis\u00f5es, can\u00e7\u00f5es e modo de vida de uma Amaz\u00f4nia extrativista<\/b><\/p>\n<p>Descri\u00e7\u00e3o: Este projeto desenvolveu atividades de produ\u00e7\u00e3o e difus\u00e3o de conhecimentos, com vistas ao fortalecimento da identidade e modo de vida extrativista, garantindo o protagonismo da juventude, sua auto-organiza\u00e7\u00e3o, a cria\u00e7\u00e3o de produtos culturais e a gera\u00e7\u00e3o de renda que contribuam com o desenvolvimento sustent\u00e1vel e com a supera\u00e7\u00e3o das desigualdades de renda de agricultoras\/es do campo e da floresta.<\/p>\n<p>Subprojeto: Biologia reprodutiva e da poliniza\u00e7\u00e3o em escolas do campo<\/p>\n<p>&nbsp; &nbsp; &nbsp; &nbsp; &nbsp;O subprojeto buscou dar continuidade \u00e0s a\u00e7\u00f5es difus\u00e3o de conhecimentos sobre Biologia Reprodutiva de plantas, envolvendo informa\u00e7\u00f5es cient\u00edficas sobre flores e polinizadores, junto a escolas do campo de Ensino Fundamental I de Mazag\u00e3o, Amap\u00e1. Os alunos de quarto ano envolvidos nas a\u00e7\u00f5es foram das escolas: Escola Estadual Leandro Pl\u00e1cido (foz do Rio Mazag\u00e3o Velho),&nbsp;Escola Estadual Ant\u00f4nia Silva Santos (distrito de Mazag\u00e3o Velho),&nbsp;Escola Estadual Fagundes Varela (distrito do Carv\u00e3o) e Escola Estadual Piquiazal (Agrovila do Assentamento Piquiazal). Todas as a\u00e7\u00f5es deste subprojeto foram executadas ao longo do ano de 2017.&nbsp; &nbsp; &nbsp;&nbsp;<\/p>\n<p>Integrantes: Ant\u00f4nio Sergio Monteiro Filocre\u00e3o &#8211; Coordenador \/ Mellissa Sousa Sobrinho &#8211; Integrante e orientadora \/ Elizete Calazans Moraes &#8211; Bolsista PIBEX 2017 \/ Daniela Flexa Martins &#8211; Volunt\u00e1ria.<\/p>\n<p>Financiador: Departamento de Extens\u00e3o\/UNIFAP &#8211; Bolsa PIBEX.<\/p>\n<div id=\"attachment_327\" style=\"width: 310px\" class=\"wp-caption alignleft\"><a href=\"http:\/\/www2.unifap.br\/educacaodocampo\/files\/2019\/03\/IMG-20171005-WA0007.jpg\"><img loading=\"lazy\" decoding=\"async\" aria-describedby=\"caption-attachment-327\" class=\"wp-image-327 size-medium\" src=\"http:\/\/www2.unifap.br\/educacaodocampo\/files\/2019\/03\/IMG-20171005-WA0007-300x169.jpg\" alt=\"\" width=\"300\" height=\"169\" srcset=\"http:\/\/www2.unifap.br\/educacaodocampo\/files\/2019\/03\/IMG-20171005-WA0007-300x169.jpg 300w, http:\/\/www2.unifap.br\/educacaodocampo\/files\/2019\/03\/IMG-20171005-WA0007-768x432.jpg 768w, http:\/\/www2.unifap.br\/educacaodocampo\/files\/2019\/03\/IMG-20171005-WA0007-1024x576.jpg 1024w, http:\/\/www2.unifap.br\/educacaodocampo\/files\/2019\/03\/IMG-20171005-WA0007.jpg 1280w\" sizes=\"(max-width: 300px) 100vw, 300px\" \/><\/a><p id=\"caption-attachment-327\" class=\"wp-caption-text\">Escola Estadual Leandro Pl\u00e1cido, foz do Rio Mazag\u00e3o Velho, Mazag\u00e3o, Amap\u00e1.<\/p><\/div>\n<div id=\"attachment_329\" style=\"width: 313px\" class=\"wp-caption alignleft\"><a href=\"http:\/\/www2.unifap.br\/educacaodocampo\/files\/2019\/03\/IMG-20171005-WA0003.jpg\"><img loading=\"lazy\" decoding=\"async\" aria-describedby=\"caption-attachment-329\" class=\"wp-image-329\" src=\"http:\/\/www2.unifap.br\/educacaodocampo\/files\/2019\/03\/IMG-20171005-WA0003-300x169.jpg\" alt=\"\" width=\"303\" height=\"171\" srcset=\"http:\/\/www2.unifap.br\/educacaodocampo\/files\/2019\/03\/IMG-20171005-WA0003-300x169.jpg 300w, http:\/\/www2.unifap.br\/educacaodocampo\/files\/2019\/03\/IMG-20171005-WA0003-768x432.jpg 768w, http:\/\/www2.unifap.br\/educacaodocampo\/files\/2019\/03\/IMG-20171005-WA0003-1024x576.jpg 1024w, http:\/\/www2.unifap.br\/educacaodocampo\/files\/2019\/03\/IMG-20171005-WA0003.jpg 1280w\" sizes=\"(max-width: 303px) 100vw, 303px\" \/><\/a><p id=\"caption-attachment-329\" class=\"wp-caption-text\">Turma do quarto ano do Ensino Fundamental I da Escola Leandro Pl\u00e1cido, Mazag\u00e3o, Amap\u00e1.<\/p><\/div>\n","protected":false},"excerpt":{"rendered":"<p>Horta escolar como ferramenta interdisciplinar para a educa\u00e7\u00e3o ambiental, alimentar e da sa\u00fade em escolas p\u00fablicas Descri\u00e7\u00e3o: O despertar para os cuidados com o meio ambiente e com a qualidade dos alimentos produzidos\/consumidos t\u00eam aberto espa\u00e7o para debates constantes e&hellip; <\/p>\n<p><a href=\"http:\/\/www2.unifap.br\/educacaodocampo\/2017-3\/\" class=\"readmore-button\">Continue Reading<\/a><\/p>\n","protected":false},"author":2426,"featured_media":0,"parent":0,"menu_order":0,"comment_status":"closed","ping_status":"closed","template":"","meta":{"inline_featured_image":false,"ngg_post_thumbnail":0,"footnotes":""},"class_list":["post-57","page","type-page","status-publish","hentry"],"_links":{"self":[{"href":"http:\/\/www2.unifap.br\/educacaodocampo\/wp-json\/wp\/v2\/pages\/57","targetHints":{"allow":["GET"]}}],"collection":[{"href":"http:\/\/www2.unifap.br\/educacaodocampo\/wp-json\/wp\/v2\/pages"}],"about":[{"href":"http:\/\/www2.unifap.br\/educacaodocampo\/wp-json\/wp\/v2\/types\/page"}],"author":[{"embeddable":true,"href":"http:\/\/www2.unifap.br\/educacaodocampo\/wp-json\/wp\/v2\/users\/2426"}],"replies":[{"embeddable":true,"href":"http:\/\/www2.unifap.br\/educacaodocampo\/wp-json\/wp\/v2\/comments?post=57"}],"version-history":[{"count":20,"href":"http:\/\/www2.unifap.br\/educacaodocampo\/wp-json\/wp\/v2\/pages\/57\/revisions"}],"predecessor-version":[{"id":349,"href":"http:\/\/www2.unifap.br\/educacaodocampo\/wp-json\/wp\/v2\/pages\/57\/revisions\/349"}],"wp:attachment":[{"href":"http:\/\/www2.unifap.br\/educacaodocampo\/wp-json\/wp\/v2\/media?parent=57"}],"curies":[{"name":"wp","href":"https:\/\/api.w.org\/{rel}","templated":true}]}}