{"id":650,"date":"2019-09-06T14:29:38","date_gmt":"2019-09-06T17:29:38","guid":{"rendered":"http:\/\/www2.unifap.br\/educacaodocampo\/?page_id=650"},"modified":"2019-09-06T14:36:46","modified_gmt":"2019-09-06T17:36:46","slug":"2019-2","status":"publish","type":"page","link":"http:\/\/www2.unifap.br\/educacaodocampo\/2019-2\/","title":{"rendered":"2019"},"content":{"rendered":"<p><strong>Para n\u00e3o dizer que n\u00e3o falei das flores tamb\u00e9m no Ensino M\u00e9dio<\/strong><\/p>\n<p>Descri\u00e7\u00e3o:&nbsp;Este projeto de extens\u00e3o \u00e9 continua\u00e7\u00e3o dos projetos executados nos dois anos anteriores, de divulga\u00e7\u00e3o de ci\u00eancia junto a escolas do campo no Estado do Amap\u00e1, popularizando-a, difundindo conhecimentos sobre Reprodu\u00e7\u00e3o de Plantas, em especial sobre morfologia de flores, s\u00edndromes de poliniza\u00e7\u00e3o e diversidade de polinizadores. Neste ano, as a\u00e7\u00f5es ser\u00e3o no Ensino M\u00e9dio e realizar-se-\u00e3o em escolas fam\u00edlia do sul do Amap\u00e1.<\/p>\n<p>Integrantes: Mellissa Sousa Sobrinho \u2013 Coordenadora \/ Angelica Souza da Costa \u2013 Integrante (bolsista PIBEX 2019)\/&nbsp;Daniele Souza da Costa \u2013 Integrante (bolsista PIBEX 2019).&nbsp;<\/p>\n<p>Financiador(es): Universidade Federal do Amap\u00e1 \u2013 Bolsas e aux\u00edlio financeiro<\/p>\n<p>&nbsp;<\/p>\n<p><strong>Populariza\u00e7\u00e3o das Plantas Aliment\u00edcias N\u00e3o Convencionais (PANC) e Plantas Medicinais em escolas de n\u00edvel fundamental e m\u00e9dio da Reserva Extrativista (Resex) Rio Cajari, Sul do Estado do Amap\u00e1<\/strong><\/p>\n<p>Descri\u00e7\u00e3o: O projeto tem o objetivo de restituir resultado de pesquisa sobre diversidade, benef\u00edcios e uso de PANC e plantas medicinais para escolas de n\u00edvel fundamental e m\u00e9dio da Resex Rio Cajari, munic\u00edpios de Mazag\u00e3o, Laranjal do Jari e Vit\u00f3ria do Jari, regi\u00e3o sul do Estado do Amap\u00e1. A restitui\u00e7\u00e3o ocorre por meio de distribui\u00e7\u00e3o de cartilhas did\u00e1ticas nas respectivas escolas.<\/p>\n<p>Integrantes: Galdino Xavier de Paula Filho &#8211; Coordenador \/ Ranicley Sousa Jardim &#8211; Integrante \/ Jo\u00e1z Braz\u00e3o Vaz &#8211; Integrante \/ Lorrana Silva de Assun\u00e7\u00e3o &#8211; Integrante \/ Maxilene Pinto Fraz\u00e3o &#8211; Integrante \/ Joab Carneiro da Silva &#8211; Integrante.<\/p>\n<p>Financiador(es): Universidade Federal do Amap\u00e1 &#8211; Aux\u00edlio financeiro.<\/p>\n<p>&nbsp;<\/p>\n","protected":false},"excerpt":{"rendered":"<p>Para n\u00e3o dizer que n\u00e3o falei das flores tamb\u00e9m no Ensino M\u00e9dio Descri\u00e7\u00e3o:&nbsp;Este projeto de extens\u00e3o \u00e9 continua\u00e7\u00e3o dos projetos executados nos dois anos anteriores, de divulga\u00e7\u00e3o de ci\u00eancia junto a escolas do campo no Estado do Amap\u00e1, popularizando-a, difundindo&hellip; <\/p>\n<p><a href=\"http:\/\/www2.unifap.br\/educacaodocampo\/2019-2\/\" class=\"readmore-button\">Continue Reading<\/a><\/p>\n","protected":false},"author":2426,"featured_media":0,"parent":0,"menu_order":0,"comment_status":"closed","ping_status":"closed","template":"","meta":{"inline_featured_image":false,"ngg_post_thumbnail":0,"footnotes":""},"class_list":["post-650","page","type-page","status-publish","hentry"],"_links":{"self":[{"href":"http:\/\/www2.unifap.br\/educacaodocampo\/wp-json\/wp\/v2\/pages\/650","targetHints":{"allow":["GET"]}}],"collection":[{"href":"http:\/\/www2.unifap.br\/educacaodocampo\/wp-json\/wp\/v2\/pages"}],"about":[{"href":"http:\/\/www2.unifap.br\/educacaodocampo\/wp-json\/wp\/v2\/types\/page"}],"author":[{"embeddable":true,"href":"http:\/\/www2.unifap.br\/educacaodocampo\/wp-json\/wp\/v2\/users\/2426"}],"replies":[{"embeddable":true,"href":"http:\/\/www2.unifap.br\/educacaodocampo\/wp-json\/wp\/v2\/comments?post=650"}],"version-history":[{"count":2,"href":"http:\/\/www2.unifap.br\/educacaodocampo\/wp-json\/wp\/v2\/pages\/650\/revisions"}],"predecessor-version":[{"id":655,"href":"http:\/\/www2.unifap.br\/educacaodocampo\/wp-json\/wp\/v2\/pages\/650\/revisions\/655"}],"wp:attachment":[{"href":"http:\/\/www2.unifap.br\/educacaodocampo\/wp-json\/wp\/v2\/media?parent=650"}],"curies":[{"name":"wp","href":"https:\/\/api.w.org\/{rel}","templated":true}]}}