{"id":18,"date":"2019-06-07T22:21:24","date_gmt":"2019-06-08T01:21:24","guid":{"rendered":"http:\/\/www2.unifap.br\/eetc\/?page_id=18"},"modified":"2021-12-05T19:06:58","modified_gmt":"2021-12-05T21:06:58","slug":"processo-seletivo","status":"publish","type":"page","link":"http:\/\/www2.unifap.br\/eetc\/processo-seletivo\/","title":{"rendered":"Processo Seletivo"},"content":{"rendered":"<div>Aberto o Processo Seletivo para a segunda turma do Curso de Especializa\u00e7\u00e3o em Estudos Teatrais Contempor\u00e2neos da UNIFAP.&nbsp;<\/div>\n<div>&nbsp;Acesse:&nbsp;<a href=\"https:\/\/depsec.unifap.br\/concursos\/processos\/612d3c87bc2d7da671917333\" target=\"_blank\" rel=\"noopener noreferrer\" data-saferedirecturl=\"https:\/\/www.google.com\/url?q=https:\/\/depsec.unifap.br\/concursos\/processos\/612d3c87bc2d7da671917333&amp;source=gmail&amp;ust=1630533891103000&amp;usg=AFQjCNErqhcKof8RqEOXIv2fSKbAaFJRUg\">https:\/\/depsec.unifap.br\/concursos\/processos\/612d3c87bc2d7da671917333<\/a><\/div>\n<div>&nbsp;<\/div>\n<div>Participe! Divulgue! Esperamos voc\u00ea!<\/div>\n<div>&nbsp;<\/div>\n<div><a href=\"http:\/\/www2.unifap.br\/eetc\/files\/2021\/08\/Edital2021atualizado.pdf\">Edital 01\/2021 EETC UNIFAP<\/a><\/div>\n<div>&nbsp;<\/div>\n<div><strong>LISTA PROVIS\u00d3RIA DE CANDIDATOS\/AS COM A INSCRI\u00c7\u00c3O HOMOLOGADA &#8211; EDITAL N\u00ba. 01\/2021 \u2013 EETC\/UNIFAP PROCESSO SELETIVO PARA SELE\u00c7\u00c3O SEGUNDA TURMA DO O CURSO DE ESPECIALIZA\u00c7\u00c3O EM ESTUDOS TEATRAIS CONTEMPOR\u00c2NEOS MODALIDADE PRESENCIAL:<\/strong><\/div>\n<div><a href=\"http:\/\/www2.unifap.br\/eetc\/files\/2021\/10\/Resultado-Provis\u00f3rio-Inscri\u00e7\u00f5es-Homologadas.pdf\">Resultado Provis\u00f3rio Inscri\u00e7\u00f5es Homologadas<\/a><\/div>\n<div>&nbsp;<\/div>\n<div><strong>LISTA FINAL DE CANDIDATOS\/AS COM A INSCRI\u00c7\u00c3O HOMOLOGADA \u2013 EDITAL N\u00ba. 01\/2021 \u2013 EETC\/UNIFAP PROCESSO SELETIVO PARA SELE\u00c7\u00c3O SEGUNDA TURMA DO O CURSO DE ESPECIALIZA\u00c7\u00c3O EM ESTUDOS TEATRAIS CONTEMPOR\u00c2NEOS MODALIDADE PRESENCIAL:<\/strong><\/div>\n<div><a href=\"http:\/\/www2.unifap.br\/eetc\/files\/2021\/11\/RESULTADO-FINAL-DE-INSCRI\u00c7\u00d5ES-HOMOLOGADAS.pdf\">RESULTADO FINAL DE INSCRI\u00c7\u00d5ES HOMOLOGADAS<\/a><\/div>\n<div>&nbsp;<\/div>\n<div><strong>RESULTADO PROVIS\u00d3RIO ETAPA 2 &#8211; EDITAL N\u00ba. 01\/2021 \u2013 EETC\/UNIFAP PROCESSO SELETIVO PARA SELE\u00c7\u00c3O DA SEGUNDA TURMA DO CURSO DE ESPECIALIZA\u00c7\u00c3O EM ESTUDOS TEATRAIS CONTEMPOR\u00c2NEOS MODALIDADE PRESENCIAL:<\/strong><\/div>\n<div><a href=\"http:\/\/www2.unifap.br\/eetc\/files\/2021\/11\/RESULTADO-PROVIS\u00d3RIO-ETAPA-2.pdf\">RESULTADO PROVIS\u00d3RIO ETAPA 2<\/a><\/div>\n<div>&nbsp;<\/div>\n<div>\n<p><strong>RESULTADO FINAL ETAPA 2 &#8211; EDITAL N\u00ba. 01\/2021 \u2013 EETC\/UNIFAP PROCESSO SELETIVO PARA SELE\u00c7\u00c3O DA SEGUNDA TURMA DO CURSO DE ESPECIALIZA\u00c7\u00c3O EM ESTUDOS TEATRAIS CONTEMPOR\u00c2NEOS MODALIDADE PRESENCIAL:<\/strong><\/p>\n<p><a href=\"http:\/\/www2.unifap.br\/eetc\/files\/2021\/11\/RESULTADO-FINAL-ETAPA-2.pdf\">RESULTADO FINAL ETAPA 2<\/a><\/p>\n<p><strong>CRONOGRAMA DE ENTREVISTAS ETAPA 3 &#8211; EDITAL N\u00ba. 01\/2021 \u2013 EETC\/UNIFAP PROCESSO SELETIVO PARA SELE\u00c7\u00c3O DA SEGUNDA TURMA DO CURSO DE ESPECIALIZA\u00c7\u00c3O EM ESTUDOS TEATRAIS CONTEMPOR\u00c2NEOS MODALIDADE PRESENCIAL:<\/strong><\/p>\n<p><a href=\"http:\/\/www2.unifap.br\/eetc\/files\/2021\/11\/CRONOGRAMA-ENTREVISTAS-ETAPA-3.pdf\">CRONOGRAMA ENTREVISTAS ETAPA 3<\/a><\/p>\n<p><strong>RESULTADO FINAL \u2013 CANDIDATOS\/AS APROVADOS\/AS &#8211; EDITAL N\u00ba. 01\/2021 \u2013 EETC\/UNIFAP PROCESSO SELETIVO PARA SELE\u00c7\u00c3O DA SEGUNDA TURMA DO CURSO DE ESPECIALIZA\u00c7\u00c3O EM ESTUDOS TEATRAIS CONTEMPOR\u00c2NEOS MODALIDADE PRESENCIAL:<\/strong><\/p>\n<p><a href=\"http:\/\/www2.unifap.br\/eetc\/files\/2021\/12\/RESULTADO-FINAL-GERAL.pdf\">RESULTADO FINAL GERAL<\/a><\/p>\n<p>&nbsp;<\/p>\n<\/div>\n","protected":false},"excerpt":{"rendered":"<p>Aberto o Processo Seletivo para a segunda turma do Curso de Especializa\u00e7\u00e3o em Estudos Teatrais Contempor\u00e2neos da UNIFAP.&nbsp; &nbsp;Acesse:&nbsp;https:\/\/depsec.unifap.br\/concursos\/processos\/612d3c87bc2d7da671917333 &nbsp; Participe! Divulgue! Esperamos voc\u00ea! &nbsp; Edital 01\/2021 EETC UNIFAP &nbsp; LISTA PROVIS\u00d3RIA DE CANDIDATOS\/AS COM A INSCRI\u00c7\u00c3O HOMOLOGADA &#8211; EDITAL&hellip; <\/p>\n<p><a href=\"http:\/\/www2.unifap.br\/eetc\/processo-seletivo\/\" class=\"readmore-button\">Continue Reading<\/a><\/p>\n","protected":false},"author":3838,"featured_media":0,"parent":0,"menu_order":6,"comment_status":"closed","ping_status":"closed","template":"","meta":{"inline_featured_image":false,"ngg_post_thumbnail":0,"footnotes":""},"class_list":["post-18","page","type-page","status-publish","hentry"],"_links":{"self":[{"href":"http:\/\/www2.unifap.br\/eetc\/wp-json\/wp\/v2\/pages\/18","targetHints":{"allow":["GET"]}}],"collection":[{"href":"http:\/\/www2.unifap.br\/eetc\/wp-json\/wp\/v2\/pages"}],"about":[{"href":"http:\/\/www2.unifap.br\/eetc\/wp-json\/wp\/v2\/types\/page"}],"author":[{"embeddable":true,"href":"http:\/\/www2.unifap.br\/eetc\/wp-json\/wp\/v2\/users\/3838"}],"replies":[{"embeddable":true,"href":"http:\/\/www2.unifap.br\/eetc\/wp-json\/wp\/v2\/comments?post=18"}],"version-history":[{"count":23,"href":"http:\/\/www2.unifap.br\/eetc\/wp-json\/wp\/v2\/pages\/18\/revisions"}],"predecessor-version":[{"id":308,"href":"http:\/\/www2.unifap.br\/eetc\/wp-json\/wp\/v2\/pages\/18\/revisions\/308"}],"wp:attachment":[{"href":"http:\/\/www2.unifap.br\/eetc\/wp-json\/wp\/v2\/media?parent=18"}],"curies":[{"name":"wp","href":"https:\/\/api.w.org\/{rel}","templated":true}]}}