{"id":1258,"date":"2012-05-08T08:59:07","date_gmt":"2012-05-08T11:59:07","guid":{"rendered":"http:\/\/www2.unifap.br\/eletrica\/?page_id=1258"},"modified":"2020-06-30T22:54:55","modified_gmt":"2020-07-01T01:54:55","slug":"ii-semana-de-engenharia-eletrica","status":"publish","type":"page","link":"http:\/\/www2.unifap.br\/eletrica\/academico\/semana-da-engenharia-eletrica\/ii-semana-de-engenharia-eletrica\/","title":{"rendered":"II Semana de Engenharia El\u00e9trica"},"content":{"rendered":"<p style=\"text-align: center\">&nbsp;<\/p>\n<p style=\"text-align: center\"><a href=\"http:\/\/www2.unifap.br\/eletrica\/files\/2012\/04\/banner-site.jpg\"><img fetchpriority=\"high\" decoding=\"async\" class=\"aligncenter size-large wp-image-1275\" src=\"http:\/\/www2.unifap.br\/eletrica\/files\/2012\/04\/banner-site-1024x656.jpg\" alt=\"\" width=\"573\" height=\"368\" srcset=\"http:\/\/www2.unifap.br\/eletrica\/files\/2012\/04\/banner-site-1024x656.jpg 1024w, http:\/\/www2.unifap.br\/eletrica\/files\/2012\/04\/banner-site-300x192.jpg 300w, http:\/\/www2.unifap.br\/eletrica\/files\/2012\/04\/banner-site-280x180.jpg 280w, http:\/\/www2.unifap.br\/eletrica\/files\/2012\/04\/banner-site.jpg 1127w\" sizes=\"(max-width: 573px) 100vw, 573px\" \/><\/a><\/p>\n<pre><span style=\"text-decoration: underline\"><a href=\"http:\/\/www2.unifap.br\/eletrica\/files\/2012\/04\/2_Semana-Engenharia_Folder.pdf\" target=\"_blank\" rel=\"noopener noreferrer\"><span style=\"color: #000080\">Clique aqui<\/span><\/a><\/span> para baixar e imprimir o folder da programa\u00e7\u00e3o<\/pre>\n<p>&nbsp;<\/p>\n<p><span style=\"text-decoration: underline;color: #ff0000\"><strong>Programa\u00e7\u00e3o<\/strong><\/span><\/p>\n<ul>\n<li><strong>Solenidade de abertura oficial do evento.<\/strong><\/li>\n<\/ul>\n<p>Local: Anfiteatro da UNIFAP Campus Marco Zero<\/p>\n<p>02\/05\/2012 &#8211; 15:30-16:00<\/p>\n<p style=\"text-align: center\"><a href=\"http:\/\/www2.unifap.br\/eletrica\/files\/2012\/04\/DSC04975.jpg\"><img decoding=\"async\" class=\"size-medium wp-image-1301 aligncenter\" src=\"http:\/\/www2.unifap.br\/eletrica\/files\/2012\/04\/DSC04975-300x225.jpg\" alt=\"\" width=\"300\" height=\"225\" srcset=\"http:\/\/www2.unifap.br\/eletrica\/files\/2012\/04\/DSC04975-300x225.jpg 300w, http:\/\/www2.unifap.br\/eletrica\/files\/2012\/04\/DSC04975-1024x768.jpg 1024w, http:\/\/www2.unifap.br\/eletrica\/files\/2012\/04\/DSC04975-240x180.jpg 240w\" sizes=\"(max-width: 300px) 100vw, 300px\" \/><\/a><\/p>\n<p><span style=\"color: #ff0000\"><strong><span style=\"text-decoration: underline\">Palestras<\/span><\/strong><\/span><\/p>\n<p>Local: Anfiteatro da UNIFAP Campus Marco Zero<\/p>\n<p>&nbsp;<\/p>\n<p><strong>02\/05- <\/strong><\/p>\n<ul>\n<li><strong>Desvio de Energia e Fraudes na Rede<\/strong><\/li>\n<\/ul>\n<p>Eng. Hedilberto e Eng. Tadeu \u2013 CEA &#8211; 16:20h \u00e0s 17:30h<\/p>\n<p>&nbsp;<\/p>\n<p><strong>03\/05- <\/strong><\/p>\n<ul>\n<li><strong>Sistemas Motrizes Industriais<\/strong><\/li>\n<\/ul>\n<p>Prof. Msc. Jos\u00e9 Henrique Dias &#8211; 14:30h \u00e0s 16:00h<\/p>\n<p><a href=\"http:\/\/www2.unifap.br\/eletrica\/files\/2012\/04\/DSC04997.jpg\"><img decoding=\"async\" class=\"aligncenter size-medium wp-image-1304\" src=\"http:\/\/www2.unifap.br\/eletrica\/files\/2012\/04\/DSC04997-300x225.jpg\" alt=\"\" width=\"300\" height=\"225\" srcset=\"http:\/\/www2.unifap.br\/eletrica\/files\/2012\/04\/DSC04997-300x225.jpg 300w, http:\/\/www2.unifap.br\/eletrica\/files\/2012\/04\/DSC04997-1024x768.jpg 1024w, http:\/\/www2.unifap.br\/eletrica\/files\/2012\/04\/DSC04997-240x180.jpg 240w\" sizes=\"(max-width: 300px) 100vw, 300px\" \/><\/a><\/p>\n<ul>\n<li><strong>Etapas de implanta\u00e7\u00e3o de Uma Rede de Distribui\u00e7\u00e3o de Energia El\u00e9trica<\/strong><\/li>\n<\/ul>\n<p>Prof. Esp. Coracy da Silva Fonseca &#8211; 16:20h \u00e0s 17:30h<\/p>\n<p><a href=\"http:\/\/www2.unifap.br\/eletrica\/files\/2012\/04\/DSC05000.jpg\"><img loading=\"lazy\" decoding=\"async\" class=\"aligncenter size-medium wp-image-1305\" src=\"http:\/\/www2.unifap.br\/eletrica\/files\/2012\/04\/DSC05000-300x225.jpg\" alt=\"\" width=\"300\" height=\"225\" srcset=\"http:\/\/www2.unifap.br\/eletrica\/files\/2012\/04\/DSC05000-300x225.jpg 300w, http:\/\/www2.unifap.br\/eletrica\/files\/2012\/04\/DSC05000-1024x768.jpg 1024w, http:\/\/www2.unifap.br\/eletrica\/files\/2012\/04\/DSC05000-240x180.jpg 240w\" sizes=\"(max-width: 300px) 100vw, 300px\" \/><\/a><\/p>\n<p><strong>04\/05 &#8211;<\/strong><\/p>\n<ul>\n<li><strong>Introdu\u00e7\u00e3o \u00e0 Sistemas Fuzzy<\/strong><\/li>\n<\/ul>\n<p>Prof. Dr. Carlos Tavares \u2013 UFPA &#8211; 14:30h \u00e0s 16:00h<\/p>\n<p>&nbsp;<\/p>\n<p><span style=\"text-decoration: underline;color: #ff0000\"><strong>Minicursos<\/strong><\/span><\/p>\n<p>Per\u00edodo: 03 e 04\/05\/2012<\/p>\n<p>Hor\u00e1rio: 18:30h \u00e0s 21:30 h<\/p>\n<p>Carga Hor\u00e1ria: 06 h<\/p>\n<p>Local: Salas e Laborat\u00f3rios da UNIFAP Campus Marco Zero<\/p>\n<p>&nbsp;<\/p>\n<ul>\n<li><strong>Power World Simulator<\/strong> &#8211; 40 vagas<\/li>\n<\/ul>\n<p>Mistrante: Prof. Alaan Ubaiara Brito<\/p>\n<p>&nbsp;<\/p>\n<ul>\n<li><strong>Detec\u00e7\u00e3o e Diagnostico de Falhas em Sistemas Industriais<\/strong> &#8211; 40 vagas<\/li>\n<\/ul>\n<p>Mistrante: Prof. Geraldo Maranh\u00e3o<\/p>\n<p>&nbsp;<\/p>\n<ul>\n<li><strong>Princ\u00edpios B\u00e1sicos de Seguran\u00e7a em Instala\u00e7\u00f5es e Servi\u00e7os de Eletricidade<\/strong> &#8211; 40 vagas<\/li>\n<\/ul>\n<p>Mistrante: Prof. Andrey da Costa Lopes<\/p>\n<p>&nbsp;<\/p>\n<ul>\n<li><strong>Estratifica\u00e7\u00e3o El\u00e9trica do Solo para Subsidiar Aterramento El\u00e9trico<\/strong> &#8211; 40 vagas<\/li>\n<\/ul>\n<p>Mistrante: Prof. Helyelson Moura<\/p>\n<p>&nbsp;<\/p>\n<p>&nbsp;<\/p>\n<p><span style=\"text-decoration: underline;color: #ff0000\"><strong>Mostras Did\u00e1ticas<\/strong><\/span><\/p>\n<ul>\n<li>Controle de pot\u00eancia reativa de aerogeradores s\u00edncronos Direct-Drive para melhoria da capacidade de sobreviv\u00eancia a afundamento de tens\u00e3o.<\/li>\n<\/ul>\n<ul>\n<li>Mapeamento de resistividade do solo atrav\u00e9s do m\u00e9todo de eletroresistividade.<\/li>\n<\/ul>\n<ul>\n<li>Desenvolvimento de um sistema de supervis\u00e3o e aquisi\u00e7\u00e3o de dados para bancada de ensaios de motobombas utilizando o LabVIEW.<\/li>\n<\/ul>\n<ul>\n<li>Estudo hidrogeoqu\u00edmico em aqu\u00edfero fre\u00e1tico na area do bairro Zer\u00e3o, Macap\u00e1 (AP).<\/li>\n<\/ul>\n<ul>\n<li>Eletriza\u00e7\u00e3o por atrito utilizando o Gerador de Van de Graaff.<\/li>\n<\/ul>\n<ul>\n<li>Circuitos de automa\u00e7\u00e3o prediais e industriais.<\/li>\n<\/ul>\n<p><a href=\"http:\/\/www2.unifap.br\/eletrica\/files\/2012\/04\/DSC04988.jpg\"><img loading=\"lazy\" decoding=\"async\" class=\"aligncenter size-medium wp-image-1302\" src=\"http:\/\/www2.unifap.br\/eletrica\/files\/2012\/04\/DSC04988-300x225.jpg\" alt=\"\" width=\"300\" height=\"225\" srcset=\"http:\/\/www2.unifap.br\/eletrica\/files\/2012\/04\/DSC04988-300x225.jpg 300w, http:\/\/www2.unifap.br\/eletrica\/files\/2012\/04\/DSC04988-1024x768.jpg 1024w, http:\/\/www2.unifap.br\/eletrica\/files\/2012\/04\/DSC04988-240x180.jpg 240w\" sizes=\"(max-width: 300px) 100vw, 300px\" \/><\/a><\/p>\n<p><a href=\"http:\/\/www2.unifap.br\/eletrica\/files\/2012\/04\/DSC04991.jpg\"><img loading=\"lazy\" decoding=\"async\" class=\"aligncenter size-medium wp-image-1303\" src=\"http:\/\/www2.unifap.br\/eletrica\/files\/2012\/04\/DSC04991-300x225.jpg\" alt=\"\" width=\"300\" height=\"225\" srcset=\"http:\/\/www2.unifap.br\/eletrica\/files\/2012\/04\/DSC04991-300x225.jpg 300w, http:\/\/www2.unifap.br\/eletrica\/files\/2012\/04\/DSC04991-1024x768.jpg 1024w, http:\/\/www2.unifap.br\/eletrica\/files\/2012\/04\/DSC04991-240x180.jpg 240w\" sizes=\"(max-width: 300px) 100vw, 300px\" \/><\/a><\/p>\n<p><a href=\"http:\/\/www2.unifap.br\/eletrica\/files\/2012\/04\/DSC05007.jpg\"><img loading=\"lazy\" decoding=\"async\" class=\"aligncenter size-medium wp-image-1306\" src=\"http:\/\/www2.unifap.br\/eletrica\/files\/2012\/04\/DSC05007-300x225.jpg\" alt=\"\" width=\"300\" height=\"225\" srcset=\"http:\/\/www2.unifap.br\/eletrica\/files\/2012\/04\/DSC05007-300x225.jpg 300w, http:\/\/www2.unifap.br\/eletrica\/files\/2012\/04\/DSC05007-1024x768.jpg 1024w, http:\/\/www2.unifap.br\/eletrica\/files\/2012\/04\/DSC05007-240x180.jpg 240w\" sizes=\"(max-width: 300px) 100vw, 300px\" \/><\/a><\/p>\n<p><a href=\"http:\/\/www2.unifap.br\/eletrica\/files\/2012\/04\/DSC05014.jpg\"><img loading=\"lazy\" decoding=\"async\" class=\"aligncenter size-medium wp-image-1307\" src=\"http:\/\/www2.unifap.br\/eletrica\/files\/2012\/04\/DSC05014-300x225.jpg\" alt=\"\" width=\"300\" height=\"225\" srcset=\"http:\/\/www2.unifap.br\/eletrica\/files\/2012\/04\/DSC05014-300x225.jpg 300w, http:\/\/www2.unifap.br\/eletrica\/files\/2012\/04\/DSC05014-1024x768.jpg 1024w, http:\/\/www2.unifap.br\/eletrica\/files\/2012\/04\/DSC05014-240x180.jpg 240w\" sizes=\"(max-width: 300px) 100vw, 300px\" \/><\/a><\/p>\n<p><span style=\"text-decoration: underline;color: #ff0000\"><strong>Visitas t\u00e9cnicas orientadas<\/strong><\/span><\/p>\n<ul>\n<li>03\/05 \u2013 Usina Termoel\u00e9trica de Santana e Centro de Opera\u00e7\u00e3o de Sistema (25 alunos)<\/li>\n<li>04\/05 &#8211; Usina Termoel\u00e9trica de Santana e Centro de Opera\u00e7\u00e3o de Sistema (25 alunos)<\/li>\n<\/ul>\n<p><a href=\"http:\/\/www2.unifap.br\/eletrica\/files\/2012\/04\/IMG10194.jpg\"><img loading=\"lazy\" decoding=\"async\" class=\"aligncenter size-medium wp-image-1308\" src=\"http:\/\/www2.unifap.br\/eletrica\/files\/2012\/04\/IMG10194-300x225.jpg\" alt=\"\" width=\"300\" height=\"225\" srcset=\"http:\/\/www2.unifap.br\/eletrica\/files\/2012\/04\/IMG10194-300x225.jpg 300w, http:\/\/www2.unifap.br\/eletrica\/files\/2012\/04\/IMG10194-1024x768.jpg 1024w, http:\/\/www2.unifap.br\/eletrica\/files\/2012\/04\/IMG10194-240x180.jpg 240w, http:\/\/www2.unifap.br\/eletrica\/files\/2012\/04\/IMG10194.jpg 1600w\" sizes=\"(max-width: 300px) 100vw, 300px\" \/><\/a><\/p>\n<p>&nbsp;<\/p>\n","protected":false},"excerpt":{"rendered":"<p>&nbsp; Clique aqui para baixar e imprimir o folder da programa\u00e7\u00e3o &nbsp; Programa\u00e7\u00e3o Solenidade de abertura oficial do evento. Local: Anfiteatro da UNIFAP Campus Marco Zero 02\/05\/2012 &#8211; 15:30-16:00 Palestras Local: Anfiteatro da UNIFAP Campus Marco Zero &nbsp; 02\/05- Desvio de Energia e Fraudes na Rede Eng. Hedilberto e Eng. Tadeu \u2013 CEA &#8211; 16:20h&hellip;<\/p>\n","protected":false},"author":66,"featured_media":0,"parent":5976,"menu_order":2,"comment_status":"open","ping_status":"closed","template":"fullwidth.php","meta":{"inline_featured_image":false,"ngg_post_thumbnail":0,"footnotes":""},"class_list":["post-1258","page","type-page","status-publish","hentry"],"_links":{"self":[{"href":"http:\/\/www2.unifap.br\/eletrica\/wp-json\/wp\/v2\/pages\/1258","targetHints":{"allow":["GET"]}}],"collection":[{"href":"http:\/\/www2.unifap.br\/eletrica\/wp-json\/wp\/v2\/pages"}],"about":[{"href":"http:\/\/www2.unifap.br\/eletrica\/wp-json\/wp\/v2\/types\/page"}],"author":[{"embeddable":true,"href":"http:\/\/www2.unifap.br\/eletrica\/wp-json\/wp\/v2\/users\/66"}],"replies":[{"embeddable":true,"href":"http:\/\/www2.unifap.br\/eletrica\/wp-json\/wp\/v2\/comments?post=1258"}],"version-history":[{"count":34,"href":"http:\/\/www2.unifap.br\/eletrica\/wp-json\/wp\/v2\/pages\/1258\/revisions"}],"predecessor-version":[{"id":6659,"href":"http:\/\/www2.unifap.br\/eletrica\/wp-json\/wp\/v2\/pages\/1258\/revisions\/6659"}],"up":[{"embeddable":true,"href":"http:\/\/www2.unifap.br\/eletrica\/wp-json\/wp\/v2\/pages\/5976"}],"wp:attachment":[{"href":"http:\/\/www2.unifap.br\/eletrica\/wp-json\/wp\/v2\/media?parent=1258"}],"curies":[{"name":"wp","href":"https:\/\/api.w.org\/{rel}","templated":true}]}}