{"id":1525,"date":"2013-06-01T19:57:42","date_gmt":"2013-06-01T22:57:42","guid":{"rendered":"http:\/\/www2.unifap.br\/eletrica\/?page_id=1525"},"modified":"2024-01-15T12:38:36","modified_gmt":"2024-01-15T15:38:36","slug":"michele-de-nazare-novaes-santos","status":"publish","type":"page","link":"http:\/\/www2.unifap.br\/eletrica\/portal-docente\/docentes\/michele-de-nazare-novaes-santos\/","title":{"rendered":"Prof.\u00aa Dra. Michele de Nazar\u00e9 Novaes Santos"},"content":{"rendered":"\t\t<div data-elementor-type=\"wp-page\" data-elementor-id=\"1525\" class=\"elementor elementor-1525\">\n\t\t\t\t\t\t<section class=\"elementor-section elementor-top-section elementor-element elementor-element-4fd66e3f elementor-section-boxed elementor-section-height-default elementor-section-height-default\" data-id=\"4fd66e3f\" data-element_type=\"section\" data-e-type=\"section\">\n\t\t\t\t\t\t<div class=\"elementor-container elementor-column-gap-default\">\n\t\t\t\t\t<div class=\"elementor-column elementor-col-100 elementor-top-column elementor-element elementor-element-492d57f9\" data-id=\"492d57f9\" data-element_type=\"column\" data-e-type=\"column\">\n\t\t\t<div class=\"elementor-widget-wrap elementor-element-populated\">\n\t\t\t\t\t\t<div class=\"elementor-element elementor-element-b6a5804 elementor-position-left elementor-vertical-align-top elementor-widget elementor-widget-image-box\" data-id=\"b6a5804\" data-element_type=\"widget\" data-e-type=\"widget\" data-widget_type=\"image-box.default\">\n\t\t\t\t<div class=\"elementor-widget-container\">\n\t\t\t\t\t<div class=\"elementor-image-box-wrapper\"><figure class=\"elementor-image-box-img\"><img fetchpriority=\"high\" decoding=\"async\" width=\"300\" height=\"297\" src=\"http:\/\/www2.unifap.br\/eletrica\/files\/2020\/03\/thumbnail_Captura-de-Tela-2020-03-23-\u00e0s-13.51.53-300x297.png\" class=\"attachment-medium size-medium wp-image-4903\" alt=\"\" srcset=\"http:\/\/www2.unifap.br\/eletrica\/files\/2020\/03\/thumbnail_Captura-de-Tela-2020-03-23-\u00e0s-13.51.53-300x297.png 300w, http:\/\/www2.unifap.br\/eletrica\/files\/2020\/03\/thumbnail_Captura-de-Tela-2020-03-23-\u00e0s-13.51.53-150x150.png 150w, http:\/\/www2.unifap.br\/eletrica\/files\/2020\/03\/thumbnail_Captura-de-Tela-2020-03-23-\u00e0s-13.51.53.png 750w\" sizes=\"(max-width: 300px) 100vw, 300px\" \/><\/figure><div class=\"elementor-image-box-content\"><h1 class=\"elementor-image-box-title\">Dra. Michele de Nazar\u00e9 Novaes Santos<\/h1><p class=\"elementor-image-box-description\"><p style=\"text-align:justify\"><span style=\"font-family: Arial, sans-serif;letter-spacing: 0.4pt;background-image: initial;background-position: initial;background-size: initial;background-attachment: initial\">Possui  <a href=\"https:\/\/repositorio.usp.br\/item\/003085815\" target=\"_blank\" rel=\"noopener\">Doutorado em Energia (2022)<\/a> pela Universidade de S\u00e3o Paulo - USP, <a href=\"http:\/\/repositorio.ufpa.br\/jspui\/handle\/2011\/2682\" target=\"_blank\" rel=\"noopener\">Mestrado em Engenharia El\u00e9trica (2011)<\/a> pela Universidade Federal do Par\u00e1 - UFPA, Especializa\u00e7\u00e3o em Engenharia El\u00e9trica pelo Instituto de Estudos Superiores da Amaz\u00f4nia IESAM (2013), gradua\u00e7\u00e3o em Engenharia El\u00e9trica pela UFPA (2009) e forma\u00e7\u00e3o t\u00e9cnica em Eletrot\u00e9cnica pelo Centro Federal de Educa\u00e7\u00e3o Tecnol\u00f3gica do Par\u00e1 (2004). Atualmente \u00e9 professora efetiva do curso de gradua\u00e7\u00e3o em Engenharia El\u00e9trica da Universidade Federal do Amap\u00e1 (UNIFAP). Tem experi\u00eancia na \u00e1rea de Engenharia El\u00e9trica, com \u00eanfase em Sistemas El\u00e9tricos de Pot\u00eancia, atuando principalmente nos seguintes temas: Qualidade de Energia El\u00e9trica, Motores de Indu\u00e7\u00e3o, Acionamentos El\u00e9tricos e Instrumenta\u00e7\u00e3o Virtual.<\/span><\/p><\/div><\/div>\t\t\t\t<\/div>\n\t\t\t\t<\/div>\n\t\t\t\t\t<\/div>\n\t\t<\/div>\n\t\t\t\t\t<\/div>\n\t\t<\/section>\n\t\t\t\t<section class=\"elementor-section elementor-top-section elementor-element elementor-element-8ae1246 elementor-section-boxed elementor-section-height-default elementor-section-height-default\" data-id=\"8ae1246\" data-element_type=\"section\" data-e-type=\"section\">\n\t\t\t\t\t\t<div class=\"elementor-container elementor-column-gap-default\">\n\t\t\t\t\t<div class=\"elementor-column elementor-col-100 elementor-top-column elementor-element elementor-element-a037796\" data-id=\"a037796\" data-element_type=\"column\" data-e-type=\"column\">\n\t\t\t<div class=\"elementor-widget-wrap elementor-element-populated\">\n\t\t\t\t\t\t<div class=\"elementor-element elementor-element-9be2679 elementor-widget-divider--view-line elementor-widget elementor-widget-divider\" data-id=\"9be2679\" data-element_type=\"widget\" data-e-type=\"widget\" data-widget_type=\"divider.default\">\n\t\t\t\t<div class=\"elementor-widget-container\">\n\t\t\t\t\t\t\t<div class=\"elementor-divider\">\n\t\t\t<span class=\"elementor-divider-separator\">\n\t\t\t\t\t\t<\/span>\n\t\t<\/div>\n\t\t\t\t\t\t<\/div>\n\t\t\t\t<\/div>\n\t\t\t\t\t<\/div>\n\t\t<\/div>\n\t\t\t\t\t<\/div>\n\t\t<\/section>\n\t\t\t\t<section class=\"elementor-section elementor-top-section elementor-element elementor-element-3bc5339 elementor-section-boxed elementor-section-height-default elementor-section-height-default\" data-id=\"3bc5339\" data-element_type=\"section\" data-e-type=\"section\">\n\t\t\t\t\t\t<div class=\"elementor-container elementor-column-gap-default\">\n\t\t\t\t\t<div class=\"elementor-column elementor-col-25 elementor-top-column elementor-element elementor-element-e4cf7b0\" data-id=\"e4cf7b0\" data-element_type=\"column\" data-e-type=\"column\">\n\t\t\t<div class=\"elementor-widget-wrap elementor-element-populated\">\n\t\t\t\t\t\t<div class=\"elementor-element elementor-element-16f3fa1 elementor-button-info elementor-align-center elementor-widget elementor-widget-button\" data-id=\"16f3fa1\" data-element_type=\"widget\" data-e-type=\"widget\" data-widget_type=\"button.default\">\n\t\t\t\t<div class=\"elementor-widget-container\">\n\t\t\t\t\t\t\t\t\t<div class=\"elementor-button-wrapper\">\n\t\t\t\t\t<a class=\"elementor-button elementor-button-link elementor-size-md elementor-animation-grow\" href=\"http:\/\/lattes.cnpq.br\/4801738595076733\" target=\"_blank\">\n\t\t\t\t\t\t<span class=\"elementor-button-content-wrapper\">\n\t\t\t\t\t\t<span class=\"elementor-button-icon\">\n\t\t\t\t<i aria-hidden=\"true\" class=\"far fa-address-card\"><\/i>\t\t\t<\/span>\n\t\t\t\t\t\t\t\t\t<span class=\"elementor-button-text\">Curriculo Lattes<\/span>\n\t\t\t\t\t<\/span>\n\t\t\t\t\t<\/a>\n\t\t\t\t<\/div>\n\t\t\t\t\t\t\t\t<\/div>\n\t\t\t\t<\/div>\n\t\t\t\t\t<\/div>\n\t\t<\/div>\n\t\t\t\t<div class=\"elementor-column elementor-col-25 elementor-top-column elementor-element elementor-element-ddc2340\" data-id=\"ddc2340\" data-element_type=\"column\" data-e-type=\"column\">\n\t\t\t<div class=\"elementor-widget-wrap elementor-element-populated\">\n\t\t\t\t\t\t<div class=\"elementor-element elementor-element-e714abb elementor-button-info elementor-align-center elementor-widget elementor-widget-button\" data-id=\"e714abb\" data-element_type=\"widget\" data-e-type=\"widget\" data-widget_type=\"button.default\">\n\t\t\t\t<div class=\"elementor-widget-container\">\n\t\t\t\t\t\t\t\t\t<div class=\"elementor-button-wrapper\">\n\t\t\t\t\t<a class=\"elementor-button elementor-button-link elementor-size-md elementor-animation-grow\" href=\"http:\/\/dgp.cnpq.br\/dgp\/espelhorh\/4801738595076733\" target=\"_blank\">\n\t\t\t\t\t\t<span class=\"elementor-button-content-wrapper\">\n\t\t\t\t\t\t<span class=\"elementor-button-icon\">\n\t\t\t\t<i aria-hidden=\"true\" class=\"far fa-address-card\"><\/i>\t\t\t<\/span>\n\t\t\t\t\t\t\t\t\t<span class=\"elementor-button-text\">Espelho do Pesquisador<\/span>\n\t\t\t\t\t<\/span>\n\t\t\t\t\t<\/a>\n\t\t\t\t<\/div>\n\t\t\t\t\t\t\t\t<\/div>\n\t\t\t\t<\/div>\n\t\t\t\t\t<\/div>\n\t\t<\/div>\n\t\t\t\t<div class=\"elementor-column elementor-col-25 elementor-top-column elementor-element elementor-element-a13977e\" data-id=\"a13977e\" data-element_type=\"column\" data-e-type=\"column\">\n\t\t\t<div class=\"elementor-widget-wrap elementor-element-populated\">\n\t\t\t\t\t\t<div class=\"elementor-element elementor-element-a5b1541 elementor-button-info elementor-align-center elementor-widget elementor-widget-button\" data-id=\"a5b1541\" data-element_type=\"widget\" data-e-type=\"widget\" data-widget_type=\"button.default\">\n\t\t\t\t<div class=\"elementor-widget-container\">\n\t\t\t\t\t\t\t\t\t<div class=\"elementor-button-wrapper\">\n\t\t\t\t\t<a class=\"elementor-button elementor-button-link elementor-size-md elementor-animation-grow\" href=\"http:\/\/buscatextual.cnpq.br\/buscatextual\/graficos.do?metodo=apresentar&#038;codRHCript=K4240922Z8&#038;nome=Michele%20de%20Nazar%C3%A9%20Novaes%20Santos&#038;chamadaExterna=true\" target=\"_blank\">\n\t\t\t\t\t\t<span class=\"elementor-button-content-wrapper\">\n\t\t\t\t\t\t<span class=\"elementor-button-icon\">\n\t\t\t\t<i aria-hidden=\"true\" class=\"far fa-address-card\"><\/i>\t\t\t<\/span>\n\t\t\t\t\t\t\t\t\t<span class=\"elementor-button-text\">Indicadores da Produ\u00e7\u00e3o<\/span>\n\t\t\t\t\t<\/span>\n\t\t\t\t\t<\/a>\n\t\t\t\t<\/div>\n\t\t\t\t\t\t\t\t<\/div>\n\t\t\t\t<\/div>\n\t\t\t\t\t<\/div>\n\t\t<\/div>\n\t\t\t\t<div class=\"elementor-column elementor-col-25 elementor-top-column elementor-element elementor-element-9bab9f4\" data-id=\"9bab9f4\" data-element_type=\"column\" data-e-type=\"column\">\n\t\t\t<div class=\"elementor-widget-wrap elementor-element-populated\">\n\t\t\t\t\t\t<div class=\"elementor-element elementor-element-6c7d638 elementor-button-info elementor-align-center elementor-widget elementor-widget-button\" data-id=\"6c7d638\" data-element_type=\"widget\" data-e-type=\"widget\" data-widget_type=\"button.default\">\n\t\t\t\t<div class=\"elementor-widget-container\">\n\t\t\t\t\t\t\t\t\t<div class=\"elementor-button-wrapper\">\n\t\t\t\t\t<a class=\"elementor-button elementor-button-link elementor-size-md elementor-animation-grow\" href=\"https:\/\/sigaa.unifap.br\/sigaa\/public\/docente\/portal.jsf?siape=2029118\" target=\"_blank\">\n\t\t\t\t\t\t<span class=\"elementor-button-content-wrapper\">\n\t\t\t\t\t\t<span class=\"elementor-button-icon\">\n\t\t\t\t<i aria-hidden=\"true\" class=\"far fa-address-card\"><\/i>\t\t\t<\/span>\n\t\t\t\t\t\t\t\t\t<span class=\"elementor-button-text\">P\u00e1gina Institucional<\/span>\n\t\t\t\t\t<\/span>\n\t\t\t\t\t<\/a>\n\t\t\t\t<\/div>\n\t\t\t\t\t\t\t\t<\/div>\n\t\t\t\t<\/div>\n\t\t\t\t\t<\/div>\n\t\t<\/div>\n\t\t\t\t\t<\/div>\n\t\t<\/section>\n\t\t\t\t<section class=\"elementor-section elementor-top-section elementor-element elementor-element-2d1730d elementor-section-boxed elementor-section-height-default elementor-section-height-default\" data-id=\"2d1730d\" data-element_type=\"section\" data-e-type=\"section\">\n\t\t\t\t\t\t<div class=\"elementor-container elementor-column-gap-default\">\n\t\t\t\t\t<div class=\"elementor-column elementor-col-100 elementor-top-column elementor-element elementor-element-33e5970\" data-id=\"33e5970\" data-element_type=\"column\" data-e-type=\"column\">\n\t\t\t<div class=\"elementor-widget-wrap elementor-element-populated\">\n\t\t\t\t\t\t<div class=\"elementor-element elementor-element-b325ef6 elementor-widget elementor-widget-text-editor\" data-id=\"b325ef6\" data-element_type=\"widget\" data-e-type=\"widget\" data-widget_type=\"text-editor.default\">\n\t\t\t\t<div class=\"elementor-widget-container\">\n\t\t\t\t\t\t\t\t\t<p style=\"text-align: center\">E-mail: <a style=\"background-color: #ffffff\" href=\"mailto:michele@unifap.br\">michele@unifap.br<\/a> \/ <a style=\"background-color: #ffffff\" href=\"mailto:michelennsantos@gmail.com\">michelennsantos@gmail.com<\/a><\/p>\t\t\t\t\t\t\t\t<\/div>\n\t\t\t\t<\/div>\n\t\t\t\t\t<\/div>\n\t\t<\/div>\n\t\t\t\t\t<\/div>\n\t\t<\/section>\n\t\t\t\t<section class=\"elementor-section elementor-top-section elementor-element elementor-element-ae354a3 elementor-section-boxed elementor-section-height-default elementor-section-height-default\" data-id=\"ae354a3\" data-element_type=\"section\" data-e-type=\"section\">\n\t\t\t\t\t\t<div class=\"elementor-container elementor-column-gap-default\">\n\t\t\t\t\t<div class=\"elementor-column elementor-col-100 elementor-top-column elementor-element elementor-element-a8b407d\" data-id=\"a8b407d\" data-element_type=\"column\" data-e-type=\"column\">\n\t\t\t<div class=\"elementor-widget-wrap elementor-element-populated\">\n\t\t\t\t\t\t<div class=\"elementor-element elementor-element-5f16ceb elementor-widget-divider--view-line elementor-widget elementor-widget-divider\" data-id=\"5f16ceb\" data-element_type=\"widget\" data-e-type=\"widget\" data-widget_type=\"divider.default\">\n\t\t\t\t<div class=\"elementor-widget-container\">\n\t\t\t\t\t\t\t<div class=\"elementor-divider\">\n\t\t\t<span class=\"elementor-divider-separator\">\n\t\t\t\t\t\t<\/span>\n\t\t<\/div>\n\t\t\t\t\t\t<\/div>\n\t\t\t\t<\/div>\n\t\t\t\t\t<\/div>\n\t\t<\/div>\n\t\t\t\t\t<\/div>\n\t\t<\/section>\n\t\t\t\t<section class=\"elementor-section elementor-top-section elementor-element elementor-element-a2e1eb7 elementor-section-boxed elementor-section-height-default elementor-section-height-default\" data-id=\"a2e1eb7\" data-element_type=\"section\" data-e-type=\"section\">\n\t\t\t\t\t\t<div class=\"elementor-container elementor-column-gap-default\">\n\t\t\t\t\t<div class=\"elementor-column elementor-col-25 elementor-top-column elementor-element elementor-element-42ab5fa\" data-id=\"42ab5fa\" data-element_type=\"column\" data-e-type=\"column\">\n\t\t\t<div class=\"elementor-widget-wrap elementor-element-populated\">\n\t\t\t\t\t\t<div class=\"elementor-element elementor-element-33b0ec1 animated-fast elementor-invisible elementor-widget elementor-widget-image\" data-id=\"33b0ec1\" data-element_type=\"widget\" data-e-type=\"widget\" data-settings=\"{&quot;_animation&quot;:&quot;fadeIn&quot;}\" data-widget_type=\"image.default\">\n\t\t\t\t<div class=\"elementor-widget-container\">\n\t\t\t\t\t\t\t\t\t\t\t\t<figure class=\"wp-caption\">\n\t\t\t\t\t\t\t\t\t\t\t<a href=\"https:\/\/sigaa.unifap.br\/sigaa\/public\/docente\/pesquisa.jsf?siape=2029118\" target=\"_blank\">\n\t\t\t\t\t\t\t<img decoding=\"async\" width=\"550\" height=\"550\" src=\"http:\/\/www2.unifap.br\/eletrica\/files\/2020\/03\/projetos-pesquisa-1024x1024.jpg\" class=\"attachment-large size-large wp-image-4738\" alt=\"\" srcset=\"http:\/\/www2.unifap.br\/eletrica\/files\/2020\/03\/projetos-pesquisa-1024x1024.jpg 1024w, http:\/\/www2.unifap.br\/eletrica\/files\/2020\/03\/projetos-pesquisa-150x150.jpg 150w, http:\/\/www2.unifap.br\/eletrica\/files\/2020\/03\/projetos-pesquisa-300x300.jpg 300w, http:\/\/www2.unifap.br\/eletrica\/files\/2020\/03\/projetos-pesquisa-768x768.jpg 768w, http:\/\/www2.unifap.br\/eletrica\/files\/2020\/03\/projetos-pesquisa.jpg 1562w\" sizes=\"(max-width: 550px) 100vw, 550px\" \/>\t\t\t\t\t\t\t\t<\/a>\n\t\t\t\t\t\t\t\t\t\t\t<figcaption class=\"widget-image-caption wp-caption-text\">Projetos de Pesquisa<\/figcaption>\n\t\t\t\t\t\t\t\t\t\t<\/figure>\n\t\t\t\t\t\t\t\t\t<\/div>\n\t\t\t\t<\/div>\n\t\t\t\t\t<\/div>\n\t\t<\/div>\n\t\t\t\t<div class=\"elementor-column elementor-col-25 elementor-top-column elementor-element elementor-element-6e2f7d1\" data-id=\"6e2f7d1\" data-element_type=\"column\" data-e-type=\"column\">\n\t\t\t<div class=\"elementor-widget-wrap elementor-element-populated\">\n\t\t\t\t\t\t<div class=\"elementor-element elementor-element-7db5761 elementor-widget elementor-widget-image\" data-id=\"7db5761\" data-element_type=\"widget\" data-e-type=\"widget\" data-widget_type=\"image.default\">\n\t\t\t\t<div class=\"elementor-widget-container\">\n\t\t\t\t\t\t\t\t\t\t\t\t<figure class=\"wp-caption\">\n\t\t\t\t\t\t\t\t\t\t\t<a href=\"https:\/\/sigaa.unifap.br\/sigaa\/public\/docente\/extensao.jsf?siape=2029118\" target=\"_blank\">\n\t\t\t\t\t\t\t<img decoding=\"async\" width=\"550\" height=\"550\" src=\"http:\/\/www2.unifap.br\/eletrica\/files\/2020\/03\/extencao-1024x1024.jpg\" class=\"attachment-large size-large wp-image-4740\" alt=\"\" srcset=\"http:\/\/www2.unifap.br\/eletrica\/files\/2020\/03\/extencao-1024x1024.jpg 1024w, http:\/\/www2.unifap.br\/eletrica\/files\/2020\/03\/extencao-150x150.jpg 150w, http:\/\/www2.unifap.br\/eletrica\/files\/2020\/03\/extencao-300x300.jpg 300w, http:\/\/www2.unifap.br\/eletrica\/files\/2020\/03\/extencao-768x768.jpg 768w, http:\/\/www2.unifap.br\/eletrica\/files\/2020\/03\/extencao.jpg 1562w\" sizes=\"(max-width: 550px) 100vw, 550px\" \/>\t\t\t\t\t\t\t\t<\/a>\n\t\t\t\t\t\t\t\t\t\t\t<figcaption class=\"widget-image-caption wp-caption-text\">Projetos de Extens\u00e3o<\/figcaption>\n\t\t\t\t\t\t\t\t\t\t<\/figure>\n\t\t\t\t\t\t\t\t\t<\/div>\n\t\t\t\t<\/div>\n\t\t\t\t\t<\/div>\n\t\t<\/div>\n\t\t\t\t<div class=\"elementor-column elementor-col-25 elementor-top-column elementor-element elementor-element-8842714\" data-id=\"8842714\" data-element_type=\"column\" data-e-type=\"column\">\n\t\t\t<div class=\"elementor-widget-wrap elementor-element-populated\">\n\t\t\t\t\t\t<div class=\"elementor-element elementor-element-0103380 elementor-widget elementor-widget-image\" data-id=\"0103380\" data-element_type=\"widget\" data-e-type=\"widget\" data-widget_type=\"image.default\">\n\t\t\t\t<div class=\"elementor-widget-container\">\n\t\t\t\t\t\t\t\t\t\t\t\t<figure class=\"wp-caption\">\n\t\t\t\t\t\t\t\t\t\t\t<a href=\"https:\/\/sigaa.unifap.br\/sigaa\/public\/docente\/disciplinas.jsf?siape=2029118\" target=\"_blank\">\n\t\t\t\t\t\t\t<img loading=\"lazy\" decoding=\"async\" width=\"225\" height=\"225\" src=\"http:\/\/www2.unifap.br\/eletrica\/files\/2021\/03\/Disciplinas-Ministradas.png\" class=\"attachment-large size-large wp-image-7828\" alt=\"\" srcset=\"http:\/\/www2.unifap.br\/eletrica\/files\/2021\/03\/Disciplinas-Ministradas.png 225w, http:\/\/www2.unifap.br\/eletrica\/files\/2021\/03\/Disciplinas-Ministradas-150x150.png 150w\" sizes=\"(max-width: 225px) 100vw, 225px\" \/>\t\t\t\t\t\t\t\t<\/a>\n\t\t\t\t\t\t\t\t\t\t\t<figcaption class=\"widget-image-caption wp-caption-text\">Disciplinas Ministradas<\/figcaption>\n\t\t\t\t\t\t\t\t\t\t<\/figure>\n\t\t\t\t\t\t\t\t\t<\/div>\n\t\t\t\t<\/div>\n\t\t\t\t\t<\/div>\n\t\t<\/div>\n\t\t\t\t<div class=\"elementor-column elementor-col-25 elementor-top-column elementor-element elementor-element-41e0dd4\" data-id=\"41e0dd4\" data-element_type=\"column\" data-e-type=\"column\">\n\t\t\t<div class=\"elementor-widget-wrap elementor-element-populated\">\n\t\t\t\t\t\t<div class=\"elementor-element elementor-element-1422076 elementor-widget elementor-widget-image\" data-id=\"1422076\" data-element_type=\"widget\" data-e-type=\"widget\" data-widget_type=\"image.default\">\n\t\t\t\t<div class=\"elementor-widget-container\">\n\t\t\t\t\t\t\t\t\t\t\t\t<figure class=\"wp-caption\">\n\t\t\t\t\t\t\t\t\t\t\t<a href=\"https:\/\/sigaa.unifap.br\/sigaa\/public\/docente\/producao.jsf?siape=2029118\" target=\"_blank\">\n\t\t\t\t\t\t\t<img loading=\"lazy\" decoding=\"async\" width=\"512\" height=\"512\" src=\"http:\/\/www2.unifap.br\/eletrica\/files\/2021\/03\/Produ\u00e7\u00e3o-Intelectual.png\" class=\"attachment-large size-large wp-image-7829\" alt=\"\" srcset=\"http:\/\/www2.unifap.br\/eletrica\/files\/2021\/03\/Produ\u00e7\u00e3o-Intelectual.png 512w, http:\/\/www2.unifap.br\/eletrica\/files\/2021\/03\/Produ\u00e7\u00e3o-Intelectual-300x300.png 300w, http:\/\/www2.unifap.br\/eletrica\/files\/2021\/03\/Produ\u00e7\u00e3o-Intelectual-150x150.png 150w\" sizes=\"(max-width: 512px) 100vw, 512px\" \/>\t\t\t\t\t\t\t\t<\/a>\n\t\t\t\t\t\t\t\t\t\t\t<figcaption class=\"widget-image-caption wp-caption-text\">Produ\u00e7\u00e3o Intelectual<\/figcaption>\n\t\t\t\t\t\t\t\t\t\t<\/figure>\n\t\t\t\t\t\t\t\t\t<\/div>\n\t\t\t\t<\/div>\n\t\t\t\t\t<\/div>\n\t\t<\/div>\n\t\t\t\t\t<\/div>\n\t\t<\/section>\n\t\t\t\t<\/div>\n\t\t","protected":false},"excerpt":{"rendered":"<p>Dra. Michele de Nazar\u00e9 Novaes Santos Possui Doutorado em Energia (2022) pela Universidade de S\u00e3o Paulo &#8211; USP, Mestrado em Engenharia El\u00e9trica (2011) pela Universidade Federal do Par\u00e1 &#8211; UFPA, Especializa\u00e7\u00e3o em Engenharia El\u00e9trica pelo Instituto de Estudos Superiores da Amaz\u00f4nia IESAM (2013), gradua\u00e7\u00e3o em Engenharia El\u00e9trica pela UFPA (2009) e forma\u00e7\u00e3o t\u00e9cnica em Eletrot\u00e9cnica&hellip;<\/p>\n","protected":false},"author":65,"featured_media":0,"parent":20,"menu_order":11,"comment_status":"closed","ping_status":"closed","template":"fullwidth.php","meta":{"inline_featured_image":false,"ngg_post_thumbnail":0,"footnotes":""},"class_list":["post-1525","page","type-page","status-publish","hentry"],"_links":{"self":[{"href":"http:\/\/www2.unifap.br\/eletrica\/wp-json\/wp\/v2\/pages\/1525","targetHints":{"allow":["GET"]}}],"collection":[{"href":"http:\/\/www2.unifap.br\/eletrica\/wp-json\/wp\/v2\/pages"}],"about":[{"href":"http:\/\/www2.unifap.br\/eletrica\/wp-json\/wp\/v2\/types\/page"}],"author":[{"embeddable":true,"href":"http:\/\/www2.unifap.br\/eletrica\/wp-json\/wp\/v2\/users\/65"}],"replies":[{"embeddable":true,"href":"http:\/\/www2.unifap.br\/eletrica\/wp-json\/wp\/v2\/comments?post=1525"}],"version-history":[{"count":37,"href":"http:\/\/www2.unifap.br\/eletrica\/wp-json\/wp\/v2\/pages\/1525\/revisions"}],"predecessor-version":[{"id":13106,"href":"http:\/\/www2.unifap.br\/eletrica\/wp-json\/wp\/v2\/pages\/1525\/revisions\/13106"}],"up":[{"embeddable":true,"href":"http:\/\/www2.unifap.br\/eletrica\/wp-json\/wp\/v2\/pages\/20"}],"wp:attachment":[{"href":"http:\/\/www2.unifap.br\/eletrica\/wp-json\/wp\/v2\/media?parent=1525"}],"curies":[{"name":"wp","href":"https:\/\/api.w.org\/{rel}","templated":true}]}}