{"id":2811,"date":"2020-06-15T23:35:01","date_gmt":"2020-06-16T02:35:01","guid":{"rendered":"http:\/\/www2.unifap.br\/eletrica\/?page_id=2811"},"modified":"2021-01-07T17:32:31","modified_gmt":"2021-01-07T20:32:31","slug":"laboratorio-de-instrumentacao-e-controle","status":"publish","type":"page","link":"http:\/\/www2.unifap.br\/eletrica\/academico\/laboratorios\/laboratorio-de-instrumentacao-e-controle\/","title":{"rendered":"Laborat\u00f3rio de Instrumenta\u00e7\u00e3o e Controle de Processos"},"content":{"rendered":"\t\t<div data-elementor-type=\"wp-post\" data-elementor-id=\"2811\" class=\"elementor elementor-2811\">\n\t\t\t\t\t\t<section class=\"elementor-section elementor-top-section elementor-element elementor-element-3555ef0 elementor-section-boxed elementor-section-height-default elementor-section-height-default\" data-id=\"3555ef0\" data-element_type=\"section\" data-e-type=\"section\">\n\t\t\t\t\t\t<div class=\"elementor-container elementor-column-gap-default\">\n\t\t\t\t\t<div class=\"elementor-column elementor-col-100 elementor-top-column elementor-element elementor-element-d40c416\" data-id=\"d40c416\" data-element_type=\"column\" data-e-type=\"column\">\n\t\t\t<div class=\"elementor-widget-wrap elementor-element-populated\">\n\t\t\t\t\t\t<div class=\"elementor-element elementor-element-941c30e elementor-widget elementor-widget-heading\" data-id=\"941c30e\" data-element_type=\"widget\" data-e-type=\"widget\" data-widget_type=\"heading.default\">\n\t\t\t\t<div class=\"elementor-widget-container\">\n\t\t\t\t\t<h2 class=\"elementor-heading-title elementor-size-default\">Laborat\u00f3rio de Instrumenta\u00e7\u00e3o e Controle de Processos<\/h2>\t\t\t\t<\/div>\n\t\t\t\t<\/div>\n\t\t\t\t\t<\/div>\n\t\t<\/div>\n\t\t\t\t\t<\/div>\n\t\t<\/section>\n\t\t\t\t<section class=\"elementor-section elementor-top-section elementor-element elementor-element-3c0192f elementor-section-boxed elementor-section-height-default elementor-section-height-default\" data-id=\"3c0192f\" data-element_type=\"section\" data-e-type=\"section\">\n\t\t\t\t\t\t<div class=\"elementor-container elementor-column-gap-default\">\n\t\t\t\t\t<div class=\"elementor-column elementor-col-100 elementor-top-column elementor-element elementor-element-df993a6\" data-id=\"df993a6\" data-element_type=\"column\" data-e-type=\"column\">\n\t\t\t<div class=\"elementor-widget-wrap elementor-element-populated\">\n\t\t\t\t\t\t<div class=\"elementor-element elementor-element-3b4f3bb elementor-widget elementor-widget-text-editor\" data-id=\"3b4f3bb\" data-element_type=\"widget\" data-e-type=\"widget\" data-widget_type=\"text-editor.default\">\n\t\t\t\t<div class=\"elementor-widget-container\">\n\t\t\t\t\t\t\t\t\t<p>Laborat\u00f3rio did\u00e1tico em que s\u00e3o realizados experimentos em sistemas de instrumenta\u00e7\u00e3o, controle e automa\u00e7\u00e3o de processos, utilizando equipamentos e t\u00e9cnicas digitais.<\/p><p>Dentre os equipamentos dispon\u00edveis no laborat\u00f3rio est\u00e3o:<\/p><ul><li>Boxes de instala\u00e7\u00f5es el\u00e9tricas prediais<\/li><li>Sistema el\u00e9trico de automa\u00e7\u00e3o industrial<\/li><li>Sistemas motrizes e circuitos eletr\u00f4nicos.<\/li><\/ul>\t\t\t\t\t\t\t\t<\/div>\n\t\t\t\t<\/div>\n\t\t\t\t\t<\/div>\n\t\t<\/div>\n\t\t\t\t\t<\/div>\n\t\t<\/section>\n\t\t\t\t<section class=\"elementor-section elementor-top-section elementor-element elementor-element-3c582a4 elementor-section-boxed elementor-section-height-default elementor-section-height-default\" data-id=\"3c582a4\" data-element_type=\"section\" data-e-type=\"section\">\n\t\t\t\t\t\t<div class=\"elementor-container elementor-column-gap-default\">\n\t\t\t\t\t<div class=\"elementor-column elementor-col-100 elementor-top-column elementor-element elementor-element-e0bbecd\" data-id=\"e0bbecd\" data-element_type=\"column\" data-e-type=\"column\">\n\t\t\t<div class=\"elementor-widget-wrap elementor-element-populated\">\n\t\t\t\t\t\t<div class=\"elementor-element elementor-element-1616f99 elementor-widget elementor-widget-text-editor\" data-id=\"1616f99\" data-element_type=\"widget\" data-e-type=\"widget\" data-widget_type=\"text-editor.default\">\n\t\t\t\t<div class=\"elementor-widget-container\">\n\t\t\t\t\t\t\t\t\t<p>Esse laborat\u00f3rio \u00e9 avaliado pela Divis\u00e3o de Sa\u00fade e Medicina do Trabalho da UNIFAP, <strong>como \u00e1rea de baixa risco<\/strong>, conforme <a style=\"background-color: #ffffff\" href=\"http:\/\/www2.unifap.br\/eletrica\/files\/2020\/06\/Laudo-Lab-Instrumentacao.pdf\">laudo t\u00e9cnico ambiental 12\/2019<\/a>.<\/p>\t\t\t\t\t\t\t\t<\/div>\n\t\t\t\t<\/div>\n\t\t\t\t\t<\/div>\n\t\t<\/div>\n\t\t\t\t\t<\/div>\n\t\t<\/section>\n\t\t\t\t<section class=\"elementor-section elementor-top-section elementor-element elementor-element-3b21cea elementor-section-boxed elementor-section-height-default elementor-section-height-default\" data-id=\"3b21cea\" data-element_type=\"section\" data-e-type=\"section\">\n\t\t\t\t\t\t<div class=\"elementor-container elementor-column-gap-default\">\n\t\t\t\t\t<div class=\"elementor-column elementor-col-100 elementor-top-column elementor-element elementor-element-9300191\" data-id=\"9300191\" data-element_type=\"column\" data-e-type=\"column\">\n\t\t\t<div class=\"elementor-widget-wrap elementor-element-populated\">\n\t\t\t\t\t\t<div class=\"elementor-element elementor-element-3162593 elementor-widget elementor-widget-text-editor\" data-id=\"3162593\" data-element_type=\"widget\" data-e-type=\"widget\" data-widget_type=\"text-editor.default\">\n\t\t\t\t<div class=\"elementor-widget-container\">\n\t\t\t\t\t\t\t\t\t<p><b>Chefe de Laborat\u00f3rio:<\/b> Prof. Dr. Andr\u00e9 de Oliveira Ferreira<\/p><p>E-mail:\u00a0<a href=\"mailto:andreof@unifap.br\">andreof@unifap.br<\/a><\/p><p><b>T\u00e9cnico:<\/b> Messias Dias da Silva<\/p><p>E-mail:\u00a0<u><a href=\"mailto:mdsilva@unifap.br\" target=\"_blank\" rel=\"noopener\">mdsilva@unifap.br<\/a><\/u><u><\/u><\/p>\t\t\t\t\t\t\t\t<\/div>\n\t\t\t\t<\/div>\n\t\t\t\t\t<\/div>\n\t\t<\/div>\n\t\t\t\t\t<\/div>\n\t\t<\/section>\n\t\t\t\t<section class=\"elementor-section elementor-top-section elementor-element elementor-element-8e5704d elementor-section-boxed elementor-section-height-default elementor-section-height-default\" data-id=\"8e5704d\" data-element_type=\"section\" data-e-type=\"section\">\n\t\t\t\t\t\t<div class=\"elementor-container elementor-column-gap-default\">\n\t\t\t\t\t<div class=\"elementor-column elementor-col-100 elementor-top-column elementor-element elementor-element-eaa7ad6\" data-id=\"eaa7ad6\" data-element_type=\"column\" data-e-type=\"column\">\n\t\t\t<div class=\"elementor-widget-wrap elementor-element-populated\">\n\t\t\t\t\t\t<div class=\"elementor-element elementor-element-0b2878d elementor-invisible elementor-widget elementor-widget-image-gallery\" data-id=\"0b2878d\" data-element_type=\"widget\" data-e-type=\"widget\" data-settings=\"{&quot;_animation&quot;:&quot;fadeIn&quot;}\" data-widget_type=\"image-gallery.default\">\n\t\t\t\t<div class=\"elementor-widget-container\">\n\t\t\t\t\t\t\t<div class=\"elementor-image-gallery\">\n\t\t\t<div id='gallery-1' class='gallery galleryid-2811 gallery-columns-4 gallery-size-thumbnail'><figure class='gallery-item'>\n\t\t\t<div class='gallery-icon landscape'>\n\t\t\t\t<a data-elementor-open-lightbox=\"yes\" data-elementor-lightbox-slideshow=\"0b2878d\" data-elementor-lightbox-title=\"18\" data-e-action-hash=\"#elementor-action%3Aaction%3Dlightbox%26settings%3DeyJpZCI6NjM2NywidXJsIjoiaHR0cDpcL1wvd3d3Mi51bmlmYXAuYnJcL2VsZXRyaWNhXC9maWxlc1wvMjAyMFwvMDZcLzE4LmpwZyIsInNsaWRlc2hvdyI6IjBiMjg3OGQifQ%3D%3D\" href='http:\/\/www2.unifap.br\/eletrica\/files\/2020\/06\/18.jpg'><img decoding=\"async\" width=\"150\" height=\"150\" src=\"http:\/\/www2.unifap.br\/eletrica\/files\/2020\/06\/18-150x150.jpg\" class=\"attachment-thumbnail size-thumbnail\" alt=\"\" \/><\/a>\n\t\t\t<\/div><\/figure><figure class='gallery-item'>\n\t\t\t<div class='gallery-icon landscape'>\n\t\t\t\t<a data-elementor-open-lightbox=\"yes\" data-elementor-lightbox-slideshow=\"0b2878d\" data-elementor-lightbox-title=\"20\" data-e-action-hash=\"#elementor-action%3Aaction%3Dlightbox%26settings%3DeyJpZCI6NjM2OSwidXJsIjoiaHR0cDpcL1wvd3d3Mi51bmlmYXAuYnJcL2VsZXRyaWNhXC9maWxlc1wvMjAyMFwvMDZcLzIwLmpwZyIsInNsaWRlc2hvdyI6IjBiMjg3OGQifQ%3D%3D\" href='http:\/\/www2.unifap.br\/eletrica\/files\/2020\/06\/20.jpg'><img decoding=\"async\" width=\"150\" height=\"150\" src=\"http:\/\/www2.unifap.br\/eletrica\/files\/2020\/06\/20-150x150.jpg\" class=\"attachment-thumbnail size-thumbnail\" alt=\"\" \/><\/a>\n\t\t\t<\/div><\/figure><figure class='gallery-item'>\n\t\t\t<div class='gallery-icon landscape'>\n\t\t\t\t<a data-elementor-open-lightbox=\"yes\" data-elementor-lightbox-slideshow=\"0b2878d\" data-elementor-lightbox-title=\"19\" data-e-action-hash=\"#elementor-action%3Aaction%3Dlightbox%26settings%3DeyJpZCI6NjM2OCwidXJsIjoiaHR0cDpcL1wvd3d3Mi51bmlmYXAuYnJcL2VsZXRyaWNhXC9maWxlc1wvMjAyMFwvMDZcLzE5LmpwZyIsInNsaWRlc2hvdyI6IjBiMjg3OGQifQ%3D%3D\" href='http:\/\/www2.unifap.br\/eletrica\/files\/2020\/06\/19.jpg'><img decoding=\"async\" width=\"150\" height=\"150\" src=\"http:\/\/www2.unifap.br\/eletrica\/files\/2020\/06\/19-150x150.jpg\" class=\"attachment-thumbnail size-thumbnail\" alt=\"\" \/><\/a>\n\t\t\t<\/div><\/figure><figure class='gallery-item'>\n\t\t\t<div class='gallery-icon landscape'>\n\t\t\t\t<a data-elementor-open-lightbox=\"yes\" data-elementor-lightbox-slideshow=\"0b2878d\" data-elementor-lightbox-title=\"1\" data-e-action-hash=\"#elementor-action%3Aaction%3Dlightbox%26settings%3DeyJpZCI6NjQ0MSwidXJsIjoiaHR0cDpcL1wvd3d3Mi51bmlmYXAuYnJcL2VsZXRyaWNhXC9maWxlc1wvMjAyMFwvMDZcLzEtMy5qcGciLCJzbGlkZXNob3ciOiIwYjI4NzhkIn0%3D\" href='http:\/\/www2.unifap.br\/eletrica\/files\/2020\/06\/1-3.jpg'><img loading=\"lazy\" decoding=\"async\" width=\"150\" height=\"150\" src=\"http:\/\/www2.unifap.br\/eletrica\/files\/2020\/06\/1-3-150x150.jpg\" class=\"attachment-thumbnail size-thumbnail\" alt=\"\" \/><\/a>\n\t\t\t<\/div><\/figure><figure class='gallery-item'>\n\t\t\t<div class='gallery-icon landscape'>\n\t\t\t\t<a data-elementor-open-lightbox=\"yes\" data-elementor-lightbox-slideshow=\"0b2878d\" data-elementor-lightbox-title=\"2\" data-e-action-hash=\"#elementor-action%3Aaction%3Dlightbox%26settings%3DeyJpZCI6NjQ0MiwidXJsIjoiaHR0cDpcL1wvd3d3Mi51bmlmYXAuYnJcL2VsZXRyaWNhXC9maWxlc1wvMjAyMFwvMDZcLzItMy5qcGciLCJzbGlkZXNob3ciOiIwYjI4NzhkIn0%3D\" href='http:\/\/www2.unifap.br\/eletrica\/files\/2020\/06\/2-3.jpg'><img loading=\"lazy\" decoding=\"async\" width=\"150\" height=\"150\" src=\"http:\/\/www2.unifap.br\/eletrica\/files\/2020\/06\/2-3-150x150.jpg\" class=\"attachment-thumbnail size-thumbnail\" alt=\"\" \/><\/a>\n\t\t\t<\/div><\/figure><figure class='gallery-item'>\n\t\t\t<div class='gallery-icon landscape'>\n\t\t\t\t<a data-elementor-open-lightbox=\"yes\" data-elementor-lightbox-slideshow=\"0b2878d\" data-elementor-lightbox-title=\"3\" data-e-action-hash=\"#elementor-action%3Aaction%3Dlightbox%26settings%3DeyJpZCI6NjQ0MywidXJsIjoiaHR0cDpcL1wvd3d3Mi51bmlmYXAuYnJcL2VsZXRyaWNhXC9maWxlc1wvMjAyMFwvMDZcLzMtMy5qcGciLCJzbGlkZXNob3ciOiIwYjI4NzhkIn0%3D\" href='http:\/\/www2.unifap.br\/eletrica\/files\/2020\/06\/3-3.jpg'><img loading=\"lazy\" decoding=\"async\" width=\"150\" height=\"150\" src=\"http:\/\/www2.unifap.br\/eletrica\/files\/2020\/06\/3-3-150x150.jpg\" class=\"attachment-thumbnail size-thumbnail\" alt=\"\" \/><\/a>\n\t\t\t<\/div><\/figure>\n\t\t<\/div>\n\t\t<\/div>\n\t\t\t\t\t\t<\/div>\n\t\t\t\t<\/div>\n\t\t\t\t\t<\/div>\n\t\t<\/div>\n\t\t\t\t\t<\/div>\n\t\t<\/section>\n\t\t\t\t<\/div>\n\t\t","protected":false},"excerpt":{"rendered":"<p>Laborat\u00f3rio de Instrumenta\u00e7\u00e3o e Controle de Processos Laborat\u00f3rio did\u00e1tico em que s\u00e3o realizados experimentos em sistemas de instrumenta\u00e7\u00e3o, controle e automa\u00e7\u00e3o de processos, utilizando equipamentos e t\u00e9cnicas digitais. Dentre os equipamentos dispon\u00edveis no laborat\u00f3rio est\u00e3o: Boxes de instala\u00e7\u00f5es el\u00e9tricas prediais Sistema el\u00e9trico de automa\u00e7\u00e3o industrial Sistemas motrizes e circuitos eletr\u00f4nicos. Esse laborat\u00f3rio \u00e9 avaliado pela&hellip;<\/p>\n","protected":false},"author":66,"featured_media":0,"parent":4189,"menu_order":0,"comment_status":"closed","ping_status":"closed","template":"fullwidth.php","meta":{"inline_featured_image":false,"ngg_post_thumbnail":0,"footnotes":""},"class_list":["post-2811","page","type-page","status-publish","hentry"],"_links":{"self":[{"href":"http:\/\/www2.unifap.br\/eletrica\/wp-json\/wp\/v2\/pages\/2811","targetHints":{"allow":["GET"]}}],"collection":[{"href":"http:\/\/www2.unifap.br\/eletrica\/wp-json\/wp\/v2\/pages"}],"about":[{"href":"http:\/\/www2.unifap.br\/eletrica\/wp-json\/wp\/v2\/types\/page"}],"author":[{"embeddable":true,"href":"http:\/\/www2.unifap.br\/eletrica\/wp-json\/wp\/v2\/users\/66"}],"replies":[{"embeddable":true,"href":"http:\/\/www2.unifap.br\/eletrica\/wp-json\/wp\/v2\/comments?post=2811"}],"version-history":[{"count":6,"href":"http:\/\/www2.unifap.br\/eletrica\/wp-json\/wp\/v2\/pages\/2811\/revisions"}],"predecessor-version":[{"id":7673,"href":"http:\/\/www2.unifap.br\/eletrica\/wp-json\/wp\/v2\/pages\/2811\/revisions\/7673"}],"up":[{"embeddable":true,"href":"http:\/\/www2.unifap.br\/eletrica\/wp-json\/wp\/v2\/pages\/4189"}],"wp:attachment":[{"href":"http:\/\/www2.unifap.br\/eletrica\/wp-json\/wp\/v2\/media?parent=2811"}],"curies":[{"name":"wp","href":"https:\/\/api.w.org\/{rel}","templated":true}]}}