{"id":2817,"date":"2020-06-15T21:45:54","date_gmt":"2020-06-16T00:45:54","guid":{"rendered":"http:\/\/www2.unifap.br\/eletrica\/?page_id=2817"},"modified":"2020-06-15T23:45:53","modified_gmt":"2020-06-16T02:45:53","slug":"laboratorio-de-eletromagnetismo-antenas-e-processamento-de-sinais","status":"publish","type":"page","link":"http:\/\/www2.unifap.br\/eletrica\/academico\/laboratorios\/laboratorio-de-eletromagnetismo-antenas-e-processamento-de-sinais\/","title":{"rendered":"Laborat\u00f3rio de Eletromagnetismo, Antenas e Processamento de Sinais"},"content":{"rendered":"\t\t<div data-elementor-type=\"wp-post\" data-elementor-id=\"2817\" class=\"elementor elementor-2817 elementor-bc-flex-widget\">\n\t\t\t\t\t\t<section class=\"elementor-section elementor-top-section elementor-element elementor-element-7aebf17 elementor-section-boxed elementor-section-height-default elementor-section-height-default\" data-id=\"7aebf17\" data-element_type=\"section\" data-e-type=\"section\">\n\t\t\t\t\t\t<div class=\"elementor-container elementor-column-gap-default\">\n\t\t\t\t\t<div class=\"elementor-column elementor-col-100 elementor-top-column elementor-element elementor-element-f51005a\" data-id=\"f51005a\" data-element_type=\"column\" data-e-type=\"column\">\n\t\t\t<div class=\"elementor-widget-wrap elementor-element-populated\">\n\t\t\t\t\t\t<div class=\"elementor-element elementor-element-55e2b3b elementor-widget elementor-widget-heading\" data-id=\"55e2b3b\" data-element_type=\"widget\" data-e-type=\"widget\" data-widget_type=\"heading.default\">\n\t\t\t\t<div class=\"elementor-widget-container\">\n\t\t\t\t\t<h2 class=\"elementor-heading-title elementor-size-default\">Laborat\u00f3rio de Eletromagnetismo, Antenas e Processamento de Sinais<\/h2>\t\t\t\t<\/div>\n\t\t\t\t<\/div>\n\t\t\t\t\t<\/div>\n\t\t<\/div>\n\t\t\t\t\t<\/div>\n\t\t<\/section>\n\t\t\t\t<section class=\"elementor-section elementor-top-section elementor-element elementor-element-04574f4 elementor-section-boxed elementor-section-height-default elementor-section-height-default\" data-id=\"04574f4\" data-element_type=\"section\" data-e-type=\"section\">\n\t\t\t\t\t\t<div class=\"elementor-container elementor-column-gap-default\">\n\t\t\t\t\t<div class=\"elementor-column elementor-col-100 elementor-top-column elementor-element elementor-element-aabf1df\" data-id=\"aabf1df\" data-element_type=\"column\" data-e-type=\"column\">\n\t\t\t<div class=\"elementor-widget-wrap elementor-element-populated\">\n\t\t\t\t\t\t<div class=\"elementor-element elementor-element-63d8ee5 elementor-widget elementor-widget-text-editor\" data-id=\"63d8ee5\" data-element_type=\"widget\" data-e-type=\"widget\" data-widget_type=\"text-editor.default\">\n\t\t\t\t<div class=\"elementor-widget-container\">\n\t\t\t\t\t\t\t\t\t<p>Laborat\u00f3rio did\u00e1tico que tem como objetivo realizar atividades pr\u00e1ticas referente a medi\u00e7\u00e3o de campos eletromagn\u00e9ticos, cargas eletrost\u00e1ticas e din\u00e2micas, propaga\u00e7\u00e3o de ondas eletromagn\u00e9ticas e processamento de sinais.<\/p><p>Dentre os equipamentos dispon\u00edveis no laborat\u00f3rio est\u00e3o:<\/p><ul><li>Conjuntos did\u00e1ticos de eletromagnetismo<\/li><li>Componentes eletr\u00f4nicos\u00a0<\/li><li>Hardwares e softwares did\u00e1ticos e de simula\u00e7\u00e3o<\/li><\/ul>\t\t\t\t\t\t\t\t<\/div>\n\t\t\t\t<\/div>\n\t\t\t\t\t<\/div>\n\t\t<\/div>\n\t\t\t\t\t<\/div>\n\t\t<\/section>\n\t\t\t\t<section class=\"elementor-section elementor-top-section elementor-element elementor-element-88fbd40 elementor-section-boxed elementor-section-height-default elementor-section-height-default\" data-id=\"88fbd40\" data-element_type=\"section\" data-e-type=\"section\">\n\t\t\t\t\t\t<div class=\"elementor-container elementor-column-gap-default\">\n\t\t\t\t\t<div class=\"elementor-column elementor-col-100 elementor-top-column elementor-element elementor-element-10b0d88\" data-id=\"10b0d88\" data-element_type=\"column\" data-e-type=\"column\">\n\t\t\t<div class=\"elementor-widget-wrap elementor-element-populated\">\n\t\t\t\t\t\t<div class=\"elementor-element elementor-element-ad95e86 elementor-widget elementor-widget-text-editor\" data-id=\"ad95e86\" data-element_type=\"widget\" data-e-type=\"widget\" data-widget_type=\"text-editor.default\">\n\t\t\t\t<div class=\"elementor-widget-container\">\n\t\t\t\t\t\t\t\t\t<p>Esse laborat\u00f3rio \u00e9 avaliado pela Divis\u00e3o de Sa\u00fade e Medicina do Trabalho da UNIFAP, <strong>como \u00e1rea de baixa risco<\/strong>, conforme <a style=\"background-color: #ffffff;\" href=\"http:\/\/www2.unifap.br\/eletrica\/files\/2020\/06\/Laudo-Lab-Eletromagnetismo.pdf\">laudo t\u00e9cnico ambiental 24\/2019<\/a>.<\/p>\t\t\t\t\t\t\t\t<\/div>\n\t\t\t\t<\/div>\n\t\t\t\t\t<\/div>\n\t\t<\/div>\n\t\t\t\t\t<\/div>\n\t\t<\/section>\n\t\t\t\t<section class=\"elementor-section elementor-top-section elementor-element elementor-element-ade4bc0 elementor-section-boxed elementor-section-height-default elementor-section-height-default\" data-id=\"ade4bc0\" data-element_type=\"section\" data-e-type=\"section\">\n\t\t\t\t\t\t<div class=\"elementor-container elementor-column-gap-default\">\n\t\t\t\t\t<div class=\"elementor-column elementor-col-100 elementor-top-column elementor-element elementor-element-568289f\" data-id=\"568289f\" data-element_type=\"column\" data-e-type=\"column\">\n\t\t\t<div class=\"elementor-widget-wrap elementor-element-populated\">\n\t\t\t\t\t\t<div class=\"elementor-element elementor-element-9b99acc elementor-widget elementor-widget-text-editor\" data-id=\"9b99acc\" data-element_type=\"widget\" data-e-type=\"widget\" data-widget_type=\"text-editor.default\">\n\t\t\t\t<div class=\"elementor-widget-container\">\n\t\t\t\t\t\t\t\t\t<p><strong>Chefe de Laborat\u00f3rio:<\/strong> Prof\u00aa. Dra. Fernanda Regina Smith Neves Corr\u00eaa<\/p><p>E-mail:\u00a0<a href=\"mailto:fernandasmith@unifap.br\">fernandasmith@unifap.br<\/a><\/p><p><b>T\u00e9cnico:<\/b>\u00a0Gilmar Holanda da Paix\u00e3o<\/p><p>E-mail:\u00a0<u><a href=\"mailto:gilmar.paixao@unifap.br\">gilmar.paixao@unifap.br<\/a><\/u><\/p>\t\t\t\t\t\t\t\t<\/div>\n\t\t\t\t<\/div>\n\t\t\t\t\t<\/div>\n\t\t<\/div>\n\t\t\t\t\t<\/div>\n\t\t<\/section>\n\t\t\t\t<section class=\"elementor-section elementor-top-section elementor-element elementor-element-c2156cf elementor-section-boxed elementor-section-height-default elementor-section-height-default\" data-id=\"c2156cf\" data-element_type=\"section\" data-e-type=\"section\">\n\t\t\t\t\t\t<div class=\"elementor-container elementor-column-gap-default\">\n\t\t\t\t\t<div class=\"elementor-column elementor-col-100 elementor-top-column elementor-element elementor-element-2d1d819\" data-id=\"2d1d819\" data-element_type=\"column\" data-e-type=\"column\">\n\t\t\t<div class=\"elementor-widget-wrap elementor-element-populated\">\n\t\t\t\t\t\t<div class=\"elementor-element elementor-element-1491d3f elementor-invisible elementor-widget elementor-widget-image-gallery\" data-id=\"1491d3f\" data-element_type=\"widget\" data-e-type=\"widget\" data-settings=\"{&quot;_animation&quot;:&quot;fadeIn&quot;}\" data-widget_type=\"image-gallery.default\">\n\t\t\t\t<div class=\"elementor-widget-container\">\n\t\t\t\t\t\t\t<div class=\"elementor-image-gallery\">\n\t\t\t<div id='gallery-1' class='gallery galleryid-2817 gallery-columns-4 gallery-size-thumbnail'><figure class='gallery-item'>\n\t\t\t<div class='gallery-icon landscape'>\n\t\t\t\t<a data-elementor-open-lightbox=\"yes\" data-elementor-lightbox-slideshow=\"1491d3f\" data-elementor-lightbox-title=\"4\" data-e-action-hash=\"#elementor-action%3Aaction%3Dlightbox%26settings%3DeyJpZCI6NjM1NiwidXJsIjoiaHR0cHM6XC9cL3d3dzIudW5pZmFwLmJyXC9lbGV0cmljYVwvZmlsZXNcLzIwMjBcLzA2XC80LTEuanBnIiwic2xpZGVzaG93IjoiMTQ5MWQzZiJ9\" href='https:\/\/www2.unifap.br\/eletrica\/files\/2020\/06\/4-1.jpg'><img decoding=\"async\" width=\"150\" height=\"150\" src=\"https:\/\/www2.unifap.br\/eletrica\/files\/2020\/06\/4-1-150x150.jpg\" class=\"attachment-thumbnail size-thumbnail\" alt=\"\" \/><\/a>\n\t\t\t<\/div><\/figure><figure class='gallery-item'>\n\t\t\t<div class='gallery-icon landscape'>\n\t\t\t\t<a data-elementor-open-lightbox=\"yes\" data-elementor-lightbox-slideshow=\"1491d3f\" data-elementor-lightbox-title=\"5\" data-e-action-hash=\"#elementor-action%3Aaction%3Dlightbox%26settings%3DeyJpZCI6NjM1NywidXJsIjoiaHR0cHM6XC9cL3d3dzIudW5pZmFwLmJyXC9lbGV0cmljYVwvZmlsZXNcLzIwMjBcLzA2XC81LmpwZyIsInNsaWRlc2hvdyI6IjE0OTFkM2YifQ%3D%3D\" href='https:\/\/www2.unifap.br\/eletrica\/files\/2020\/06\/5.jpg'><img decoding=\"async\" width=\"150\" height=\"150\" src=\"https:\/\/www2.unifap.br\/eletrica\/files\/2020\/06\/5-150x150.jpg\" class=\"attachment-thumbnail size-thumbnail\" alt=\"\" \/><\/a>\n\t\t\t<\/div><\/figure><figure class='gallery-item'>\n\t\t\t<div class='gallery-icon landscape'>\n\t\t\t\t<a data-elementor-open-lightbox=\"yes\" data-elementor-lightbox-slideshow=\"1491d3f\" data-elementor-lightbox-title=\"6\" data-e-action-hash=\"#elementor-action%3Aaction%3Dlightbox%26settings%3DeyJpZCI6NjM1NCwidXJsIjoiaHR0cHM6XC9cL3d3dzIudW5pZmFwLmJyXC9lbGV0cmljYVwvZmlsZXNcLzIwMjBcLzA2XC82LmpwZyIsInNsaWRlc2hvdyI6IjE0OTFkM2YifQ%3D%3D\" href='https:\/\/www2.unifap.br\/eletrica\/files\/2020\/06\/6.jpg'><img decoding=\"async\" width=\"150\" height=\"150\" src=\"https:\/\/www2.unifap.br\/eletrica\/files\/2020\/06\/6-150x150.jpg\" class=\"attachment-thumbnail size-thumbnail\" alt=\"\" \/><\/a>\n\t\t\t<\/div><\/figure><figure class='gallery-item'>\n\t\t\t<div class='gallery-icon landscape'>\n\t\t\t\t<a data-elementor-open-lightbox=\"yes\" data-elementor-lightbox-slideshow=\"1491d3f\" data-elementor-lightbox-title=\"7\" data-e-action-hash=\"#elementor-action%3Aaction%3Dlightbox%26settings%3DeyJpZCI6NjM1NSwidXJsIjoiaHR0cHM6XC9cL3d3dzIudW5pZmFwLmJyXC9lbGV0cmljYVwvZmlsZXNcLzIwMjBcLzA2XC83LmpwZyIsInNsaWRlc2hvdyI6IjE0OTFkM2YifQ%3D%3D\" href='https:\/\/www2.unifap.br\/eletrica\/files\/2020\/06\/7.jpg'><img loading=\"lazy\" decoding=\"async\" width=\"150\" height=\"150\" src=\"https:\/\/www2.unifap.br\/eletrica\/files\/2020\/06\/7-150x150.jpg\" class=\"attachment-thumbnail size-thumbnail\" alt=\"\" \/><\/a>\n\t\t\t<\/div><\/figure>\n\t\t<\/div>\n\t\t<\/div>\n\t\t\t\t\t\t<\/div>\n\t\t\t\t<\/div>\n\t\t\t\t\t<\/div>\n\t\t<\/div>\n\t\t\t\t\t<\/div>\n\t\t<\/section>\n\t\t\t\t<\/div>\n\t\t","protected":false},"excerpt":{"rendered":"<p>Laborat\u00f3rio de Eletromagnetismo, Antenas e Processamento de Sinais Laborat\u00f3rio did\u00e1tico que tem como objetivo realizar atividades pr\u00e1ticas referente a medi\u00e7\u00e3o de campos eletromagn\u00e9ticos, cargas eletrost\u00e1ticas e din\u00e2micas, propaga\u00e7\u00e3o de ondas eletromagn\u00e9ticas e processamento de sinais. Dentre os equipamentos dispon\u00edveis no laborat\u00f3rio est\u00e3o: Conjuntos did\u00e1ticos de eletromagnetismo Componentes eletr\u00f4nicos&nbsp; Hardwares e softwares did\u00e1ticos e de simula\u00e7\u00e3o&hellip;<\/p>\n","protected":false},"author":66,"featured_media":0,"parent":4189,"menu_order":0,"comment_status":"closed","ping_status":"closed","template":"fullwidth.php","meta":{"inline_featured_image":false,"ngg_post_thumbnail":0,"footnotes":""},"class_list":["post-2817","page","type-page","status-publish","hentry"],"_links":{"self":[{"href":"http:\/\/www2.unifap.br\/eletrica\/wp-json\/wp\/v2\/pages\/2817","targetHints":{"allow":["GET"]}}],"collection":[{"href":"http:\/\/www2.unifap.br\/eletrica\/wp-json\/wp\/v2\/pages"}],"about":[{"href":"http:\/\/www2.unifap.br\/eletrica\/wp-json\/wp\/v2\/types\/page"}],"author":[{"embeddable":true,"href":"http:\/\/www2.unifap.br\/eletrica\/wp-json\/wp\/v2\/users\/66"}],"replies":[{"embeddable":true,"href":"http:\/\/www2.unifap.br\/eletrica\/wp-json\/wp\/v2\/comments?post=2817"}],"version-history":[{"count":8,"href":"http:\/\/www2.unifap.br\/eletrica\/wp-json\/wp\/v2\/pages\/2817\/revisions"}],"predecessor-version":[{"id":6451,"href":"http:\/\/www2.unifap.br\/eletrica\/wp-json\/wp\/v2\/pages\/2817\/revisions\/6451"}],"up":[{"embeddable":true,"href":"http:\/\/www2.unifap.br\/eletrica\/wp-json\/wp\/v2\/pages\/4189"}],"wp:attachment":[{"href":"http:\/\/www2.unifap.br\/eletrica\/wp-json\/wp\/v2\/media?parent=2817"}],"curies":[{"name":"wp","href":"https:\/\/api.w.org\/{rel}","templated":true}]}}