{"id":2927,"date":"2017-09-15T15:24:18","date_gmt":"2017-09-15T15:24:18","guid":{"rendered":"http:\/\/www2.unifap.br\/eletrica\/?page_id=2927"},"modified":"2021-04-01T17:41:23","modified_gmt":"2021-04-01T20:41:23","slug":"prof-werbeston-douglas-de-oliveira","status":"publish","type":"page","link":"http:\/\/www2.unifap.br\/eletrica\/portal-docente\/docentes\/prof-werbeston-douglas-de-oliveira\/","title":{"rendered":"Prof. Dr. Werbeston Douglas de Oliveira"},"content":{"rendered":"\t\t<div data-elementor-type=\"wp-page\" data-elementor-id=\"2927\" class=\"elementor elementor-2927\">\n\t\t\t\t\t\t<section class=\"elementor-section elementor-top-section elementor-element elementor-element-4e91c615 elementor-section-boxed elementor-section-height-default elementor-section-height-default\" data-id=\"4e91c615\" data-element_type=\"section\" data-e-type=\"section\">\n\t\t\t\t\t\t<div class=\"elementor-container elementor-column-gap-default\">\n\t\t\t\t\t<div class=\"elementor-column elementor-col-100 elementor-top-column elementor-element elementor-element-614819e2\" data-id=\"614819e2\" data-element_type=\"column\" data-e-type=\"column\">\n\t\t\t<div class=\"elementor-widget-wrap elementor-element-populated\">\n\t\t\t\t\t\t<div class=\"elementor-element elementor-element-b7f2fac elementor-position-left elementor-vertical-align-top elementor-widget elementor-widget-image-box\" data-id=\"b7f2fac\" data-element_type=\"widget\" data-e-type=\"widget\" data-widget_type=\"image-box.default\">\n\t\t\t\t<div class=\"elementor-widget-container\">\n\t\t\t\t\t<div class=\"elementor-image-box-wrapper\"><figure class=\"elementor-image-box-img\"><img fetchpriority=\"high\" decoding=\"async\" width=\"300\" height=\"300\" src=\"https:\/\/www2.unifap.br\/eletrica\/files\/2017\/09\/servletrecuperafoto-300x300.jpg\" class=\"attachment-medium size-medium wp-image-3050\" alt=\"\" srcset=\"http:\/\/www2.unifap.br\/eletrica\/files\/2017\/09\/servletrecuperafoto-300x300.jpg 300w, http:\/\/www2.unifap.br\/eletrica\/files\/2017\/09\/servletrecuperafoto-150x150.jpg 150w, http:\/\/www2.unifap.br\/eletrica\/files\/2017\/09\/servletrecuperafoto-70x70.jpg 70w, http:\/\/www2.unifap.br\/eletrica\/files\/2017\/09\/servletrecuperafoto.jpg 640w\" sizes=\"(max-width: 300px) 100vw, 300px\" \/><\/figure><div class=\"elementor-image-box-content\"><h1 class=\"elementor-image-box-title\">Dr. Werbeston Douglas de Oliveira<\/h1><p class=\"elementor-image-box-description\"><p style=\"text-align:justify\"><span style=\"font-family: Arial, sans-serif;letter-spacing: 0.4pt;background-image: initial;background-position: initial;background-size: initial;background-attachment: initial\">Possui <a href=\"https:\/\/bdm.ufpa.br:8443\/jspui\/handle\/prefix\/461\" target=\"_blank\" rel=\"noopener\">Gradua\u00e7\u00e3o (2011)<\/a>, <a href=\"http:\/\/repositorio.ufpa.br\/jspui\/handle\/2011\/3756\" target=\"_blank\" rel=\"noopener\">Mestrado (2013)<\/a> e <a href=\"http:\/\/repositorio.ufpa.br\/jspui\/handle\/2011\/9456\" target=\"_blank\" rel=\"noopener\">Doutorado (2017)<\/a> em Engenharia El\u00e9trica pela Universidade Federal do Par\u00e1 com \u00eanfase em Sistemas de Energia El\u00e9trica. Atualmente est\u00e1 como l\u00edder do grupo de Estudos em Sistemas de Energia da UNIFAP. Tem experi\u00eancia na \u00e1rea de Engenharia El\u00e9trica, com \u00eanfase em gera\u00e7\u00e3o da energia el\u00e9trica, seguran\u00e7a de sistemas el\u00e9tricos, minera\u00e7\u00e3o de dados aplicados em sistemas de pot\u00eancia, estabilidade e gera\u00e7\u00e3o distribu\u00edda, atuando como pesquisador no Laborat\u00f3rio de Modelagem e Simula\u00e7\u00e3o de Sistemas El\u00e9tricos de Pot\u00eancia do Centro de Excel\u00eancia em Efici\u00eancia Energ\u00e9tica da Amaz\u00f4nia (CEAMAZON). IEEE Membership, IEEE Power &amp; Energy Society.<\/span><\/p><\/div><\/div>\t\t\t\t<\/div>\n\t\t\t\t<\/div>\n\t\t\t\t\t<\/div>\n\t\t<\/div>\n\t\t\t\t\t<\/div>\n\t\t<\/section>\n\t\t\t\t<section class=\"elementor-section elementor-top-section elementor-element elementor-element-68d01e9 elementor-section-boxed elementor-section-height-default elementor-section-height-default\" data-id=\"68d01e9\" data-element_type=\"section\" data-e-type=\"section\">\n\t\t\t\t\t\t<div class=\"elementor-container elementor-column-gap-default\">\n\t\t\t\t\t<div class=\"elementor-column elementor-col-100 elementor-top-column elementor-element elementor-element-0738850\" data-id=\"0738850\" data-element_type=\"column\" data-e-type=\"column\">\n\t\t\t<div class=\"elementor-widget-wrap elementor-element-populated\">\n\t\t\t\t\t\t<div class=\"elementor-element elementor-element-e8e18fe elementor-widget-divider--view-line elementor-widget elementor-widget-divider\" data-id=\"e8e18fe\" data-element_type=\"widget\" data-e-type=\"widget\" data-widget_type=\"divider.default\">\n\t\t\t\t<div class=\"elementor-widget-container\">\n\t\t\t\t\t\t\t<div class=\"elementor-divider\">\n\t\t\t<span class=\"elementor-divider-separator\">\n\t\t\t\t\t\t<\/span>\n\t\t<\/div>\n\t\t\t\t\t\t<\/div>\n\t\t\t\t<\/div>\n\t\t\t\t\t<\/div>\n\t\t<\/div>\n\t\t\t\t\t<\/div>\n\t\t<\/section>\n\t\t\t\t<section class=\"elementor-section elementor-top-section elementor-element elementor-element-929e872 elementor-section-boxed elementor-section-height-default elementor-section-height-default\" data-id=\"929e872\" data-element_type=\"section\" data-e-type=\"section\">\n\t\t\t\t\t\t<div class=\"elementor-container elementor-column-gap-default\">\n\t\t\t\t\t<div class=\"elementor-column elementor-col-25 elementor-top-column elementor-element elementor-element-097f90d\" data-id=\"097f90d\" data-element_type=\"column\" data-e-type=\"column\">\n\t\t\t<div class=\"elementor-widget-wrap elementor-element-populated\">\n\t\t\t\t\t\t<div class=\"elementor-element elementor-element-fc4c983 elementor-button-info elementor-align-center elementor-widget elementor-widget-button\" data-id=\"fc4c983\" data-element_type=\"widget\" data-e-type=\"widget\" data-widget_type=\"button.default\">\n\t\t\t\t<div class=\"elementor-widget-container\">\n\t\t\t\t\t\t\t\t\t<div class=\"elementor-button-wrapper\">\n\t\t\t\t\t<a class=\"elementor-button elementor-button-link elementor-size-md elementor-animation-grow\" href=\"http:\/\/lattes.cnpq.br\/8673931634430580\" target=\"_blank\">\n\t\t\t\t\t\t<span class=\"elementor-button-content-wrapper\">\n\t\t\t\t\t\t<span class=\"elementor-button-icon\">\n\t\t\t\t<i aria-hidden=\"true\" class=\"far fa-address-card\"><\/i>\t\t\t<\/span>\n\t\t\t\t\t\t\t\t\t<span class=\"elementor-button-text\">Curriculo Lattes<\/span>\n\t\t\t\t\t<\/span>\n\t\t\t\t\t<\/a>\n\t\t\t\t<\/div>\n\t\t\t\t\t\t\t\t<\/div>\n\t\t\t\t<\/div>\n\t\t\t\t\t<\/div>\n\t\t<\/div>\n\t\t\t\t<div class=\"elementor-column elementor-col-25 elementor-top-column elementor-element elementor-element-b39b2e5\" data-id=\"b39b2e5\" data-element_type=\"column\" data-e-type=\"column\">\n\t\t\t<div class=\"elementor-widget-wrap elementor-element-populated\">\n\t\t\t\t\t\t<div class=\"elementor-element elementor-element-9c2cdef elementor-button-info elementor-align-center elementor-widget elementor-widget-button\" data-id=\"9c2cdef\" data-element_type=\"widget\" data-e-type=\"widget\" data-widget_type=\"button.default\">\n\t\t\t\t<div class=\"elementor-widget-container\">\n\t\t\t\t\t\t\t\t\t<div class=\"elementor-button-wrapper\">\n\t\t\t\t\t<a class=\"elementor-button elementor-button-link elementor-size-md elementor-animation-grow\" href=\"http:\/\/dgp.cnpq.br\/dgp\/espelhorh\/8673931634430580\" target=\"_blank\">\n\t\t\t\t\t\t<span class=\"elementor-button-content-wrapper\">\n\t\t\t\t\t\t<span class=\"elementor-button-icon\">\n\t\t\t\t<i aria-hidden=\"true\" class=\"far fa-address-card\"><\/i>\t\t\t<\/span>\n\t\t\t\t\t\t\t\t\t<span class=\"elementor-button-text\">Espelho do Pesquisador<\/span>\n\t\t\t\t\t<\/span>\n\t\t\t\t\t<\/a>\n\t\t\t\t<\/div>\n\t\t\t\t\t\t\t\t<\/div>\n\t\t\t\t<\/div>\n\t\t\t\t\t<\/div>\n\t\t<\/div>\n\t\t\t\t<div class=\"elementor-column elementor-col-25 elementor-top-column elementor-element elementor-element-8637ed4\" data-id=\"8637ed4\" data-element_type=\"column\" data-e-type=\"column\">\n\t\t\t<div class=\"elementor-widget-wrap elementor-element-populated\">\n\t\t\t\t\t\t<div class=\"elementor-element elementor-element-52ab007 elementor-button-info elementor-align-center elementor-widget elementor-widget-button\" data-id=\"52ab007\" data-element_type=\"widget\" data-e-type=\"widget\" data-widget_type=\"button.default\">\n\t\t\t\t<div class=\"elementor-widget-container\">\n\t\t\t\t\t\t\t\t\t<div class=\"elementor-button-wrapper\">\n\t\t\t\t\t<a class=\"elementor-button elementor-button-link elementor-size-md elementor-animation-grow\" href=\"http:\/\/buscatextual.cnpq.br\/buscatextual\/graficos.do?metodo=apresentar&#038;codRHCript=K4407055U5&#038;nome=Werbeston%20Douglas%20de%20Oliveira&#038;chamadaExterna=true\" target=\"_blank\">\n\t\t\t\t\t\t<span class=\"elementor-button-content-wrapper\">\n\t\t\t\t\t\t<span class=\"elementor-button-icon\">\n\t\t\t\t<i aria-hidden=\"true\" class=\"far fa-address-card\"><\/i>\t\t\t<\/span>\n\t\t\t\t\t\t\t\t\t<span class=\"elementor-button-text\">Indicadores da Produ\u00e7\u00e3o<\/span>\n\t\t\t\t\t<\/span>\n\t\t\t\t\t<\/a>\n\t\t\t\t<\/div>\n\t\t\t\t\t\t\t\t<\/div>\n\t\t\t\t<\/div>\n\t\t\t\t\t<\/div>\n\t\t<\/div>\n\t\t\t\t<div class=\"elementor-column elementor-col-25 elementor-top-column elementor-element elementor-element-b798f01\" data-id=\"b798f01\" data-element_type=\"column\" data-e-type=\"column\">\n\t\t\t<div class=\"elementor-widget-wrap elementor-element-populated\">\n\t\t\t\t\t\t<div class=\"elementor-element elementor-element-17363fe elementor-button-info elementor-align-center elementor-widget elementor-widget-button\" data-id=\"17363fe\" data-element_type=\"widget\" data-e-type=\"widget\" data-widget_type=\"button.default\">\n\t\t\t\t<div class=\"elementor-widget-container\">\n\t\t\t\t\t\t\t\t\t<div class=\"elementor-button-wrapper\">\n\t\t\t\t\t<a class=\"elementor-button elementor-button-link elementor-size-md elementor-animation-grow\" href=\"https:\/\/sigaa.unifap.br\/sigaa\/public\/docente\/portal.jsf?siape=2389020\" target=\"_blank\">\n\t\t\t\t\t\t<span class=\"elementor-button-content-wrapper\">\n\t\t\t\t\t\t<span class=\"elementor-button-icon\">\n\t\t\t\t<i aria-hidden=\"true\" class=\"far fa-address-card\"><\/i>\t\t\t<\/span>\n\t\t\t\t\t\t\t\t\t<span class=\"elementor-button-text\">P\u00e1gina Institucional<\/span>\n\t\t\t\t\t<\/span>\n\t\t\t\t\t<\/a>\n\t\t\t\t<\/div>\n\t\t\t\t\t\t\t\t<\/div>\n\t\t\t\t<\/div>\n\t\t\t\t\t<\/div>\n\t\t<\/div>\n\t\t\t\t\t<\/div>\n\t\t<\/section>\n\t\t\t\t<section class=\"elementor-section elementor-top-section elementor-element elementor-element-3e9f7c7 elementor-section-boxed elementor-section-height-default elementor-section-height-default\" data-id=\"3e9f7c7\" data-element_type=\"section\" data-e-type=\"section\">\n\t\t\t\t\t\t<div class=\"elementor-container elementor-column-gap-default\">\n\t\t\t\t\t<div class=\"elementor-column elementor-col-100 elementor-top-column elementor-element elementor-element-a32f6c5\" data-id=\"a32f6c5\" data-element_type=\"column\" data-e-type=\"column\">\n\t\t\t<div class=\"elementor-widget-wrap elementor-element-populated\">\n\t\t\t\t\t\t<div class=\"elementor-element elementor-element-cc4e5f8 elementor-widget elementor-widget-text-editor\" data-id=\"cc4e5f8\" data-element_type=\"widget\" data-e-type=\"widget\" data-widget_type=\"text-editor.default\">\n\t\t\t\t<div class=\"elementor-widget-container\">\n\t\t\t\t\t\t\t\t\t<p style=\"text-align: center\">E-mail: <a style=\"background-color: #ffffff\" href=\"mailto:wdoliveira@unifap.br\">wdoliveira@unifap.br<\/a>\u00a0<\/p>\t\t\t\t\t\t\t\t<\/div>\n\t\t\t\t<\/div>\n\t\t\t\t\t<\/div>\n\t\t<\/div>\n\t\t\t\t\t<\/div>\n\t\t<\/section>\n\t\t\t\t<section class=\"elementor-section elementor-top-section elementor-element elementor-element-51c6126 elementor-section-boxed elementor-section-height-default elementor-section-height-default\" data-id=\"51c6126\" data-element_type=\"section\" data-e-type=\"section\">\n\t\t\t\t\t\t<div class=\"elementor-container elementor-column-gap-default\">\n\t\t\t\t\t<div class=\"elementor-column elementor-col-100 elementor-top-column elementor-element elementor-element-f5a867c\" data-id=\"f5a867c\" data-element_type=\"column\" data-e-type=\"column\">\n\t\t\t<div class=\"elementor-widget-wrap elementor-element-populated\">\n\t\t\t\t\t\t<div class=\"elementor-element elementor-element-f4d152a elementor-widget-divider--view-line elementor-widget elementor-widget-divider\" data-id=\"f4d152a\" data-element_type=\"widget\" data-e-type=\"widget\" data-widget_type=\"divider.default\">\n\t\t\t\t<div class=\"elementor-widget-container\">\n\t\t\t\t\t\t\t<div class=\"elementor-divider\">\n\t\t\t<span class=\"elementor-divider-separator\">\n\t\t\t\t\t\t<\/span>\n\t\t<\/div>\n\t\t\t\t\t\t<\/div>\n\t\t\t\t<\/div>\n\t\t\t\t\t<\/div>\n\t\t<\/div>\n\t\t\t\t\t<\/div>\n\t\t<\/section>\n\t\t\t\t<section class=\"elementor-section elementor-top-section elementor-element elementor-element-53d3439 elementor-section-boxed elementor-section-height-default elementor-section-height-default\" data-id=\"53d3439\" data-element_type=\"section\" data-e-type=\"section\">\n\t\t\t\t\t\t<div class=\"elementor-container elementor-column-gap-default\">\n\t\t\t\t\t<div class=\"elementor-column elementor-col-25 elementor-top-column elementor-element elementor-element-ac56eeb\" data-id=\"ac56eeb\" data-element_type=\"column\" data-e-type=\"column\">\n\t\t\t<div class=\"elementor-widget-wrap elementor-element-populated\">\n\t\t\t\t\t\t<div class=\"elementor-element elementor-element-bd80f5a animated-fast elementor-widget elementor-widget-image\" data-id=\"bd80f5a\" data-element_type=\"widget\" data-e-type=\"widget\" data-settings=\"{&quot;_animation&quot;:&quot;none&quot;}\" data-widget_type=\"image.default\">\n\t\t\t\t<div class=\"elementor-widget-container\">\n\t\t\t\t\t\t\t\t\t\t\t\t<figure class=\"wp-caption\">\n\t\t\t\t\t\t\t\t\t\t\t<a href=\"https:\/\/sigaa.unifap.br\/sigaa\/public\/docente\/pesquisa.jsf?siape=2389020\" target=\"_blank\">\n\t\t\t\t\t\t\t<img decoding=\"async\" width=\"550\" height=\"550\" src=\"https:\/\/www2.unifap.br\/eletrica\/files\/2020\/03\/projetos-pesquisa-1024x1024.jpg\" class=\"attachment-large size-large wp-image-4738\" alt=\"\" srcset=\"https:\/\/www2.unifap.br\/eletrica\/files\/2020\/03\/projetos-pesquisa-1024x1024.jpg 1024w, https:\/\/www2.unifap.br\/eletrica\/files\/2020\/03\/projetos-pesquisa-150x150.jpg 150w, https:\/\/www2.unifap.br\/eletrica\/files\/2020\/03\/projetos-pesquisa-300x300.jpg 300w, https:\/\/www2.unifap.br\/eletrica\/files\/2020\/03\/projetos-pesquisa-768x768.jpg 768w, https:\/\/www2.unifap.br\/eletrica\/files\/2020\/03\/projetos-pesquisa.jpg 1562w\" sizes=\"(max-width: 550px) 100vw, 550px\" \/>\t\t\t\t\t\t\t\t<\/a>\n\t\t\t\t\t\t\t\t\t\t\t<figcaption class=\"widget-image-caption wp-caption-text\">Projetos de Pesquisa<\/figcaption>\n\t\t\t\t\t\t\t\t\t\t<\/figure>\n\t\t\t\t\t\t\t\t\t<\/div>\n\t\t\t\t<\/div>\n\t\t\t\t\t<\/div>\n\t\t<\/div>\n\t\t\t\t<div class=\"elementor-column elementor-col-25 elementor-top-column elementor-element elementor-element-d4fe185\" data-id=\"d4fe185\" data-element_type=\"column\" data-e-type=\"column\">\n\t\t\t<div class=\"elementor-widget-wrap elementor-element-populated\">\n\t\t\t\t\t\t<div class=\"elementor-element elementor-element-f07331f elementor-widget elementor-widget-image\" data-id=\"f07331f\" data-element_type=\"widget\" data-e-type=\"widget\" data-widget_type=\"image.default\">\n\t\t\t\t<div class=\"elementor-widget-container\">\n\t\t\t\t\t\t\t\t\t\t\t\t<figure class=\"wp-caption\">\n\t\t\t\t\t\t\t\t\t\t\t<a href=\"https:\/\/sigaa.unifap.br\/sigaa\/public\/docente\/extensao.jsf?siape=2389020\" target=\"_blank\">\n\t\t\t\t\t\t\t<img decoding=\"async\" width=\"550\" height=\"550\" src=\"https:\/\/www2.unifap.br\/eletrica\/files\/2020\/03\/extencao-1024x1024.jpg\" class=\"attachment-large size-large wp-image-4740\" alt=\"\" srcset=\"https:\/\/www2.unifap.br\/eletrica\/files\/2020\/03\/extencao-1024x1024.jpg 1024w, https:\/\/www2.unifap.br\/eletrica\/files\/2020\/03\/extencao-150x150.jpg 150w, https:\/\/www2.unifap.br\/eletrica\/files\/2020\/03\/extencao-300x300.jpg 300w, https:\/\/www2.unifap.br\/eletrica\/files\/2020\/03\/extencao-768x768.jpg 768w, https:\/\/www2.unifap.br\/eletrica\/files\/2020\/03\/extencao.jpg 1562w\" sizes=\"(max-width: 550px) 100vw, 550px\" \/>\t\t\t\t\t\t\t\t<\/a>\n\t\t\t\t\t\t\t\t\t\t\t<figcaption class=\"widget-image-caption wp-caption-text\">Projetos de Extens\u00e3o<\/figcaption>\n\t\t\t\t\t\t\t\t\t\t<\/figure>\n\t\t\t\t\t\t\t\t\t<\/div>\n\t\t\t\t<\/div>\n\t\t\t\t\t<\/div>\n\t\t<\/div>\n\t\t\t\t<div class=\"elementor-column elementor-col-25 elementor-top-column elementor-element elementor-element-a57dd9b\" data-id=\"a57dd9b\" data-element_type=\"column\" data-e-type=\"column\">\n\t\t\t<div class=\"elementor-widget-wrap elementor-element-populated\">\n\t\t\t\t\t\t<div class=\"elementor-element elementor-element-41ed3de elementor-widget elementor-widget-image\" data-id=\"41ed3de\" data-element_type=\"widget\" data-e-type=\"widget\" data-widget_type=\"image.default\">\n\t\t\t\t<div class=\"elementor-widget-container\">\n\t\t\t\t\t\t\t\t\t\t\t\t<figure class=\"wp-caption\">\n\t\t\t\t\t\t\t\t\t\t\t<a href=\"https:\/\/sigaa.unifap.br\/sigaa\/public\/docente\/disciplinas.jsf?siape=2389020\" target=\"_blank\">\n\t\t\t\t\t\t\t<img loading=\"lazy\" decoding=\"async\" width=\"225\" height=\"225\" src=\"https:\/\/www2.unifap.br\/eletrica\/files\/2021\/03\/Disciplinas-Ministradas.png\" class=\"attachment-large size-large wp-image-7828\" alt=\"\" srcset=\"https:\/\/www2.unifap.br\/eletrica\/files\/2021\/03\/Disciplinas-Ministradas.png 225w, https:\/\/www2.unifap.br\/eletrica\/files\/2021\/03\/Disciplinas-Ministradas-150x150.png 150w\" sizes=\"(max-width: 225px) 100vw, 225px\" \/>\t\t\t\t\t\t\t\t<\/a>\n\t\t\t\t\t\t\t\t\t\t\t<figcaption class=\"widget-image-caption wp-caption-text\">Disciplinas Ministradas<\/figcaption>\n\t\t\t\t\t\t\t\t\t\t<\/figure>\n\t\t\t\t\t\t\t\t\t<\/div>\n\t\t\t\t<\/div>\n\t\t\t\t\t<\/div>\n\t\t<\/div>\n\t\t\t\t<div class=\"elementor-column elementor-col-25 elementor-top-column elementor-element elementor-element-00eb9ae\" data-id=\"00eb9ae\" data-element_type=\"column\" data-e-type=\"column\">\n\t\t\t<div class=\"elementor-widget-wrap elementor-element-populated\">\n\t\t\t\t\t\t<div class=\"elementor-element elementor-element-40e12de elementor-widget elementor-widget-image\" data-id=\"40e12de\" data-element_type=\"widget\" data-e-type=\"widget\" data-widget_type=\"image.default\">\n\t\t\t\t<div class=\"elementor-widget-container\">\n\t\t\t\t\t\t\t\t\t\t\t\t<figure class=\"wp-caption\">\n\t\t\t\t\t\t\t\t\t\t\t<a href=\"https:\/\/sigaa.unifap.br\/sigaa\/public\/docente\/producao.jsf?siape=2389020\" target=\"_blank\">\n\t\t\t\t\t\t\t<img loading=\"lazy\" decoding=\"async\" width=\"512\" height=\"512\" src=\"https:\/\/www2.unifap.br\/eletrica\/files\/2021\/03\/Produ\u00e7\u00e3o-Intelectual.png\" class=\"attachment-large size-large wp-image-7829\" alt=\"\" srcset=\"https:\/\/www2.unifap.br\/eletrica\/files\/2021\/03\/Produ\u00e7\u00e3o-Intelectual.png 512w, https:\/\/www2.unifap.br\/eletrica\/files\/2021\/03\/Produ\u00e7\u00e3o-Intelectual-300x300.png 300w, https:\/\/www2.unifap.br\/eletrica\/files\/2021\/03\/Produ\u00e7\u00e3o-Intelectual-150x150.png 150w\" sizes=\"(max-width: 512px) 100vw, 512px\" \/>\t\t\t\t\t\t\t\t<\/a>\n\t\t\t\t\t\t\t\t\t\t\t<figcaption class=\"widget-image-caption wp-caption-text\">Produ\u00e7\u00e3o Intelectual<\/figcaption>\n\t\t\t\t\t\t\t\t\t\t<\/figure>\n\t\t\t\t\t\t\t\t\t<\/div>\n\t\t\t\t<\/div>\n\t\t\t\t\t<\/div>\n\t\t<\/div>\n\t\t\t\t\t<\/div>\n\t\t<\/section>\n\t\t\t\t<section class=\"elementor-section elementor-top-section elementor-element elementor-element-b6f672c elementor-section-boxed elementor-section-height-default elementor-section-height-default\" data-id=\"b6f672c\" data-element_type=\"section\" data-e-type=\"section\">\n\t\t\t\t\t\t<div class=\"elementor-container elementor-column-gap-default\">\n\t\t\t\t\t<div class=\"elementor-column elementor-col-100 elementor-top-column elementor-element elementor-element-c0b1587\" data-id=\"c0b1587\" data-element_type=\"column\" data-e-type=\"column\">\n\t\t\t<div class=\"elementor-widget-wrap elementor-element-populated\">\n\t\t\t\t\t\t<div class=\"elementor-element elementor-element-2eb92ab elementor-widget-divider--view-line elementor-widget elementor-widget-divider\" data-id=\"2eb92ab\" data-element_type=\"widget\" data-e-type=\"widget\" data-widget_type=\"divider.default\">\n\t\t\t\t<div class=\"elementor-widget-container\">\n\t\t\t\t\t\t\t<div class=\"elementor-divider\">\n\t\t\t<span class=\"elementor-divider-separator\">\n\t\t\t\t\t\t<\/span>\n\t\t<\/div>\n\t\t\t\t\t\t<\/div>\n\t\t\t\t<\/div>\n\t\t\t\t\t<\/div>\n\t\t<\/div>\n\t\t\t\t\t<\/div>\n\t\t<\/section>\n\t\t\t\t<section class=\"elementor-section elementor-top-section elementor-element elementor-element-cec4c37 elementor-section-boxed elementor-section-height-default elementor-section-height-default\" data-id=\"cec4c37\" data-element_type=\"section\" data-e-type=\"section\">\n\t\t\t\t\t\t<div class=\"elementor-container elementor-column-gap-default\">\n\t\t\t\t\t<div class=\"elementor-column elementor-col-33 elementor-top-column elementor-element elementor-element-376ef2b\" data-id=\"376ef2b\" data-element_type=\"column\" data-e-type=\"column\">\n\t\t\t<div class=\"elementor-widget-wrap elementor-element-populated\">\n\t\t\t\t\t\t<div class=\"elementor-element elementor-element-3636483 elementor-widget elementor-widget-text-editor\" data-id=\"3636483\" data-element_type=\"widget\" data-e-type=\"widget\" data-widget_type=\"text-editor.default\">\n\t\t\t\t<div class=\"elementor-widget-container\">\n\t\t\t\t\t\t\t\t\t<p>Chefe de Laborat\u00f3rio:<\/p>\t\t\t\t\t\t\t\t<\/div>\n\t\t\t\t<\/div>\n\t\t\t\t\t<\/div>\n\t\t<\/div>\n\t\t\t\t<div class=\"elementor-column elementor-col-33 elementor-top-column elementor-element elementor-element-873592f\" data-id=\"873592f\" data-element_type=\"column\" data-e-type=\"column\">\n\t\t\t<div class=\"elementor-widget-wrap elementor-element-populated\">\n\t\t\t\t\t\t<div class=\"elementor-element elementor-element-99aba58 elementor-button-info elementor-align-center elementor-widget elementor-widget-button\" data-id=\"99aba58\" data-element_type=\"widget\" data-e-type=\"widget\" data-widget_type=\"button.default\">\n\t\t\t\t<div class=\"elementor-widget-container\">\n\t\t\t\t\t\t\t\t\t<div class=\"elementor-button-wrapper\">\n\t\t\t\t\t<a class=\"elementor-button elementor-button-link elementor-size-md elementor-animation-grow\" href=\"http:\/\/www2.unifap.br\/eletrica\/academico\/laboratorios\/laboratorio-de-sistemas-eletricos-de-potencia\/\" target=\"_blank\">\n\t\t\t\t\t\t<span class=\"elementor-button-content-wrapper\">\n\t\t\t\t\t\t<span class=\"elementor-button-icon\">\n\t\t\t\t<i aria-hidden=\"true\" class=\"fas fa-flask\"><\/i>\t\t\t<\/span>\n\t\t\t\t\t\t\t\t\t<span class=\"elementor-button-text\">Laborat\u00f3rio de Sistemas El\u00e9tricos de Pot\u00eancia<\/span>\n\t\t\t\t\t<\/span>\n\t\t\t\t\t<\/a>\n\t\t\t\t<\/div>\n\t\t\t\t\t\t\t\t<\/div>\n\t\t\t\t<\/div>\n\t\t\t\t\t<\/div>\n\t\t<\/div>\n\t\t\t\t<div class=\"elementor-column elementor-col-33 elementor-top-column elementor-element elementor-element-ae8f203\" data-id=\"ae8f203\" data-element_type=\"column\" data-e-type=\"column\">\n\t\t\t<div class=\"elementor-widget-wrap\">\n\t\t\t\t\t\t\t<\/div>\n\t\t<\/div>\n\t\t\t\t\t<\/div>\n\t\t<\/section>\n\t\t\t\t<section class=\"elementor-section elementor-top-section elementor-element elementor-element-9c95366 elementor-section-boxed elementor-section-height-default elementor-section-height-default\" data-id=\"9c95366\" data-element_type=\"section\" data-e-type=\"section\">\n\t\t\t\t\t\t<div class=\"elementor-container elementor-column-gap-default\">\n\t\t\t\t\t<div class=\"elementor-column elementor-col-100 elementor-top-column elementor-element elementor-element-9ce12d2\" data-id=\"9ce12d2\" data-element_type=\"column\" data-e-type=\"column\">\n\t\t\t<div class=\"elementor-widget-wrap\">\n\t\t\t\t\t\t\t<\/div>\n\t\t<\/div>\n\t\t\t\t\t<\/div>\n\t\t<\/section>\n\t\t\t\t<\/div>\n\t\t","protected":false},"excerpt":{"rendered":"<p>Dr. Werbeston Douglas de Oliveira Possui Gradua\u00e7\u00e3o (2011), Mestrado (2013) e Doutorado (2017) em Engenharia El\u00e9trica pela Universidade Federal do Par\u00e1 com \u00eanfase em Sistemas de Energia El\u00e9trica. Atualmente est\u00e1 como l\u00edder do grupo de Estudos em Sistemas de Energia da UNIFAP. Tem experi\u00eancia na \u00e1rea de Engenharia El\u00e9trica, com \u00eanfase em gera\u00e7\u00e3o da energia&hellip;<\/p>\n","protected":false},"author":65,"featured_media":0,"parent":20,"menu_order":13,"comment_status":"closed","ping_status":"closed","template":"fullwidth.php","meta":{"inline_featured_image":false,"ngg_post_thumbnail":0,"footnotes":""},"class_list":["post-2927","page","type-page","status-publish","hentry"],"_links":{"self":[{"href":"http:\/\/www2.unifap.br\/eletrica\/wp-json\/wp\/v2\/pages\/2927","targetHints":{"allow":["GET"]}}],"collection":[{"href":"http:\/\/www2.unifap.br\/eletrica\/wp-json\/wp\/v2\/pages"}],"about":[{"href":"http:\/\/www2.unifap.br\/eletrica\/wp-json\/wp\/v2\/types\/page"}],"author":[{"embeddable":true,"href":"http:\/\/www2.unifap.br\/eletrica\/wp-json\/wp\/v2\/users\/65"}],"replies":[{"embeddable":true,"href":"http:\/\/www2.unifap.br\/eletrica\/wp-json\/wp\/v2\/comments?post=2927"}],"version-history":[{"count":32,"href":"http:\/\/www2.unifap.br\/eletrica\/wp-json\/wp\/v2\/pages\/2927\/revisions"}],"predecessor-version":[{"id":8082,"href":"http:\/\/www2.unifap.br\/eletrica\/wp-json\/wp\/v2\/pages\/2927\/revisions\/8082"}],"up":[{"embeddable":true,"href":"http:\/\/www2.unifap.br\/eletrica\/wp-json\/wp\/v2\/pages\/20"}],"wp:attachment":[{"href":"http:\/\/www2.unifap.br\/eletrica\/wp-json\/wp\/v2\/media?parent=2927"}],"curies":[{"name":"wp","href":"https:\/\/api.w.org\/{rel}","templated":true}]}}