{"id":3217,"date":"2018-09-21T19:45:47","date_gmt":"2018-09-21T22:45:47","guid":{"rendered":"http:\/\/www2.unifap.br\/eletrica\/?page_id=3217"},"modified":"2020-05-28T21:25:10","modified_gmt":"2020-05-29T00:25:10","slug":"tesla-engenharia-empresa-junior","status":"publish","type":"page","link":"http:\/\/www2.unifap.br\/eletrica\/academico\/tesla-engenharia-empresa-junior\/","title":{"rendered":"Tesla Engenharia (Empresa J\u00fanior)"},"content":{"rendered":"\t\t<div data-elementor-type=\"wp-post\" data-elementor-id=\"3217\" class=\"elementor elementor-3217 elementor-bc-flex-widget\">\n\t\t\t\t\t\t<section class=\"elementor-section elementor-top-section elementor-element elementor-element-76b0a1e8 elementor-section-boxed elementor-section-height-default elementor-section-height-default\" data-id=\"76b0a1e8\" data-element_type=\"section\" data-e-type=\"section\">\n\t\t\t\t\t\t<div class=\"elementor-container elementor-column-gap-default\">\n\t\t\t\t\t<div class=\"elementor-column elementor-col-100 elementor-top-column elementor-element elementor-element-661f1d20\" data-id=\"661f1d20\" data-element_type=\"column\" data-e-type=\"column\">\n\t\t\t<div class=\"elementor-widget-wrap elementor-element-populated\">\n\t\t\t\t\t\t<div class=\"elementor-element elementor-element-457f4e67 elementor-widget elementor-widget-text-editor\" data-id=\"457f4e67\" data-element_type=\"widget\" data-e-type=\"widget\" data-widget_type=\"text-editor.default\">\n\t\t\t\t<div class=\"elementor-widget-container\">\n\t\t\t\t\t\t\t\t\t<p style=\"text-align: center\"><a href=\"http:\/\/www2.unifap.br\/eletrica\/files\/2018\/09\/Tesla-Logo.jpg\"><img fetchpriority=\"high\" decoding=\"async\" class=\"alignnone size-medium wp-image-3219\" alt=\"Tesla Logo\" src=\"http:\/\/www2.unifap.br\/eletrica\/files\/2018\/09\/Tesla-Logo-300x300.jpg\" width=\"300\" height=\"300\" srcset=\"http:\/\/www2.unifap.br\/eletrica\/files\/2018\/09\/Tesla-Logo-300x300.jpg 300w, http:\/\/www2.unifap.br\/eletrica\/files\/2018\/09\/Tesla-Logo-150x150.jpg 150w, http:\/\/www2.unifap.br\/eletrica\/files\/2018\/09\/Tesla-Logo-1024x1024.jpg 1024w, http:\/\/www2.unifap.br\/eletrica\/files\/2018\/09\/Tesla-Logo-70x70.jpg 70w\" sizes=\"(max-width: 300px) 100vw, 300px\" \/><\/a><\/p>\r\n<p style=\"text-align: justify\"><strong>A empresa JUNIOR DE ENGENHARIA EL\u00c9TRICA DA UNIVERSIDADE FEDERAL DO AMAP\u00c1 \u2013 UNIFAP\/ CAMPUS MARCO ZERO, doravante denominada TESLA ENGENHARIA, constitu\u00edda no dia onze de junho de dois mil e dezesseis, \u00e9 uma associa\u00e7\u00e3o civil sem fins lucrativos, com fins educativos, que se reger\u00e1 pelas disposi\u00e7\u00f5es legais aplic\u00e1veis, pelas diretrizes da autogest\u00e3o e por este estatuto.\u00a0<\/strong><strong>Atuante nas mais diversas \u00e1reas no \u00e2mbito da\u00a0Engenharia El\u00e9trica tais como Instala\u00e7\u00f5es El\u00e9tricas,\u00a0Efici\u00eancia Energ\u00e9tica e Consultorias em Geral, a\u00a0TESLA ENGENHARIA presta servi\u00e7os e desenvolve\u00a0<\/strong><strong>projetos inovadores e diferenciados, primando\u00a0sempre pela qualidade e pela seguran\u00e7a.<\/strong><\/p>\r\n<p style=\"text-align: justify\"><strong>E-MAIL:\u00a0teslaeng10@gmail.com<\/strong><\/p>\r\n<p style=\"text-align: justify\"><b>Hor\u00e1rios de Funcionamento: segunda a sexta das 8h \u00e0s 12h\u00a0e 14h \u00e0s 18h.<\/b><\/p>\r\n<p style=\"text-align: justify\"><strong>Local: Universidade Federal do Amap\u00e1 &#8211; UNIFAP, Campus Marco Zero Localizada na Rod. Juscelino Kubitscheck km 02 S\/N, Bloco de Engenharia El\u00e9trica e Ci\u00eancia da Computa\u00e7\u00e3o, Sala 10-A, CEP 68.903-419, munic\u00edpio de Macap\u00e1, Estado do Amap\u00e1.<\/strong><\/p>\r\n&nbsp;\t\t\t\t\t\t\t\t<\/div>\n\t\t\t\t<\/div>\n\t\t\t\t\t<\/div>\n\t\t<\/div>\n\t\t\t\t\t<\/div>\n\t\t<\/section>\n\t\t\t\t<section class=\"elementor-section elementor-top-section elementor-element elementor-element-6ab32bc elementor-section-boxed elementor-section-height-default elementor-section-height-default\" data-id=\"6ab32bc\" data-element_type=\"section\" data-e-type=\"section\">\n\t\t\t\t\t\t<div class=\"elementor-container elementor-column-gap-default\">\n\t\t\t\t\t<div class=\"elementor-column elementor-col-100 elementor-top-column elementor-element elementor-element-b57c872\" data-id=\"b57c872\" data-element_type=\"column\" data-e-type=\"column\">\n\t\t\t<div class=\"elementor-widget-wrap elementor-element-populated\">\n\t\t\t\t\t\t<div class=\"elementor-element elementor-element-a76ea2f elementor-position-left elementor-vertical-align-top elementor-widget elementor-widget-image-box\" data-id=\"a76ea2f\" data-element_type=\"widget\" data-e-type=\"widget\" data-widget_type=\"image-box.default\">\n\t\t\t\t<div class=\"elementor-widget-container\">\n\t\t\t\t\t<div class=\"elementor-image-box-wrapper\"><figure class=\"elementor-image-box-img\"><a href=\"https:\/\/www.ejteslaeng.com\/\" target=\"_blank\" tabindex=\"-1\"><img decoding=\"async\" width=\"150\" height=\"150\" src=\"http:\/\/www2.unifap.br\/eletrica\/files\/2020\/05\/Icone_sites2-150x150.png\" class=\"attachment-thumbnail size-thumbnail wp-image-5988\" alt=\"\" srcset=\"http:\/\/www2.unifap.br\/eletrica\/files\/2020\/05\/Icone_sites2-150x150.png 150w, http:\/\/www2.unifap.br\/eletrica\/files\/2020\/05\/Icone_sites2.png 300w\" sizes=\"(max-width: 150px) 100vw, 150px\" \/><\/a><\/figure><div class=\"elementor-image-box-content\"><h2 class=\"elementor-image-box-title\"><a href=\"https:\/\/www.ejteslaeng.com\/\" target=\"_blank\">Acesse nosso site<\/a><\/h2><p class=\"elementor-image-box-description\">https:\/\/www.ejteslaeng.com\/<\/p><\/div><\/div>\t\t\t\t<\/div>\n\t\t\t\t<\/div>\n\t\t\t\t\t<\/div>\n\t\t<\/div>\n\t\t\t\t\t<\/div>\n\t\t<\/section>\n\t\t\t\t<\/div>\n\t\t","protected":false},"excerpt":{"rendered":"<p>A empresa JUNIOR DE ENGENHARIA EL\u00c9TRICA DA UNIVERSIDADE FEDERAL DO AMAP\u00c1 \u2013 UNIFAP\/ CAMPUS MARCO ZERO, doravante denominada TESLA ENGENHARIA, constitu\u00edda no dia onze de junho de dois mil e dezesseis, \u00e9 uma associa\u00e7\u00e3o civil sem fins lucrativos, com fins educativos, que se reger\u00e1 pelas disposi\u00e7\u00f5es legais aplic\u00e1veis, pelas diretrizes da autogest\u00e3o e por este&hellip;<\/p>\n","protected":false},"author":65,"featured_media":0,"parent":4597,"menu_order":25,"comment_status":"closed","ping_status":"closed","template":"fullwidth.php","meta":{"inline_featured_image":false,"ngg_post_thumbnail":0,"footnotes":""},"class_list":["post-3217","page","type-page","status-publish","hentry"],"_links":{"self":[{"href":"http:\/\/www2.unifap.br\/eletrica\/wp-json\/wp\/v2\/pages\/3217","targetHints":{"allow":["GET"]}}],"collection":[{"href":"http:\/\/www2.unifap.br\/eletrica\/wp-json\/wp\/v2\/pages"}],"about":[{"href":"http:\/\/www2.unifap.br\/eletrica\/wp-json\/wp\/v2\/types\/page"}],"author":[{"embeddable":true,"href":"http:\/\/www2.unifap.br\/eletrica\/wp-json\/wp\/v2\/users\/65"}],"replies":[{"embeddable":true,"href":"http:\/\/www2.unifap.br\/eletrica\/wp-json\/wp\/v2\/comments?post=3217"}],"version-history":[{"count":9,"href":"http:\/\/www2.unifap.br\/eletrica\/wp-json\/wp\/v2\/pages\/3217\/revisions"}],"predecessor-version":[{"id":5992,"href":"http:\/\/www2.unifap.br\/eletrica\/wp-json\/wp\/v2\/pages\/3217\/revisions\/5992"}],"up":[{"embeddable":true,"href":"http:\/\/www2.unifap.br\/eletrica\/wp-json\/wp\/v2\/pages\/4597"}],"wp:attachment":[{"href":"http:\/\/www2.unifap.br\/eletrica\/wp-json\/wp\/v2\/media?parent=3217"}],"curies":[{"name":"wp","href":"https:\/\/api.w.org\/{rel}","templated":true}]}}