{"id":3798,"date":"2020-02-13T18:38:50","date_gmt":"2020-02-13T21:38:50","guid":{"rendered":"http:\/\/www2.unifap.br\/eletrica\/?page_id=3798"},"modified":"2025-01-16T15:46:27","modified_gmt":"2025-01-16T18:46:27","slug":"colacao-de-grau","status":"publish","type":"page","link":"http:\/\/www2.unifap.br\/eletrica\/academico\/colacao-de-grau\/","title":{"rendered":"Cola\u00e7\u00e3o de grau"},"content":{"rendered":"\t\t<div data-elementor-type=\"wp-post\" data-elementor-id=\"3798\" class=\"elementor elementor-3798\">\n\t\t\t\t\t\t<section class=\"elementor-section elementor-top-section elementor-element elementor-element-797a65f elementor-section-boxed elementor-section-height-default elementor-section-height-default\" data-id=\"797a65f\" data-element_type=\"section\" data-e-type=\"section\">\n\t\t\t\t\t\t<div class=\"elementor-container elementor-column-gap-default\">\n\t\t\t\t\t<div class=\"elementor-column elementor-col-100 elementor-top-column elementor-element elementor-element-f6070a7\" data-id=\"f6070a7\" data-element_type=\"column\" data-e-type=\"column\">\n\t\t\t<div class=\"elementor-widget-wrap elementor-element-populated\">\n\t\t\t\t\t\t<div class=\"elementor-element elementor-element-4fb2858 elementor-widget elementor-widget-heading\" data-id=\"4fb2858\" data-element_type=\"widget\" data-e-type=\"widget\" data-widget_type=\"heading.default\">\n\t\t\t\t<div class=\"elementor-widget-container\">\n\t\t\t\t\t<h2 class=\"elementor-heading-title elementor-size-default\">SOLICITA\u00c7\u00c3O DE COLA\u00c7\u00c3O DE GRAU<\/h2>\t\t\t\t<\/div>\n\t\t\t\t<\/div>\n\t\t\t\t\t<\/div>\n\t\t<\/div>\n\t\t\t\t\t<\/div>\n\t\t<\/section>\n\t\t\t\t<section class=\"elementor-section elementor-top-section elementor-element elementor-element-fd578b6 elementor-section-boxed elementor-section-height-default elementor-section-height-default\" data-id=\"fd578b6\" data-element_type=\"section\" data-e-type=\"section\">\n\t\t\t\t\t\t<div class=\"elementor-container elementor-column-gap-default\">\n\t\t\t\t\t<div class=\"elementor-column elementor-col-100 elementor-top-column elementor-element elementor-element-81bc985\" data-id=\"81bc985\" data-element_type=\"column\" data-e-type=\"column\">\n\t\t\t<div class=\"elementor-widget-wrap elementor-element-populated\">\n\t\t\t\t\t\t<div class=\"elementor-element elementor-element-a83e35a elementor-widget elementor-widget-text-editor\" data-id=\"a83e35a\" data-element_type=\"widget\" data-e-type=\"widget\" data-widget_type=\"text-editor.default\">\n\t\t\t\t<div class=\"elementor-widget-container\">\n\t\t\t\t\t\t\t\t\t<p><strong>DOCUMENTOS PARA COLA\u00c7\u00c3O DE GRAU<\/strong><\/p><p>Para solicita\u00e7\u00e3o de cola\u00e7\u00e3o de grau o discente dever\u00e1 apresentar, junto a\u00a0coordena\u00e7\u00e3o do curso de Engenharia El\u00e9trica,\u00a0<span style=\"font-weight: var( --e-global-typography-text-font-weight );font-size: 1rem\">atrav\u00e9s do e-mail: eletrica@unifap.br\u00a0<\/span><span style=\"font-weight: var( --e-global-typography-text-font-weight )\">o <a href=\"http:\/\/www2.unifap.br\/eletrica\/files\/2024\/03\/REQUERIMENTO-DE-COLACAO-DE-GRAU-CEE-PDF.pdf\">requerimento de cola\u00e7\u00e3o de grau<\/a>\u00a0<\/span><span style=\"font-weight: var( --e-global-typography-text-font-weight )\">\u00a0devidamente preenchido, juntamente com os documentos\u00a0abaixo descritos:<\/span><\/p><p>1- Documento de identidade oficial com foto<\/p><p>2- CPF<\/p><p>3- Certid\u00e3o de nascimento ou casamento<\/p><p>4- Certificado de conclus\u00e3o do ensino m\u00e9dio<\/p><p>5- T\u00edtulo de eleitor<\/p><p>6- Certid\u00e3o de quita\u00e7\u00e3o eleitoral<\/p><p>7- Hist\u00f3rico escolar do ensino m\u00e9dio<\/p><p>8- Carteira de reservista ou certificado de dispensa incorpora\u00e7\u00e3o (sexo masculino)<\/p><p>9- Declara\u00e7\u00e3o de adimpl\u00eancia expedida pela biblioteca central<\/p><p>10- Comprovante de resid\u00eancia atualizado<\/p><p>OBS.: OS DOCUMENTOS SER\u00c3O ENCAMINHADOS AO DERCA AP\u00d3S REGISTRO DE RECEBIMENTO DE M\u00cdDIA DIGITAL CONTENDO O TRABALHO DE CONCLUS\u00c3O DE CURSO E TERMO DE AUTORIZA\u00c7\u00c3O PARA PUBLICA\u00c7\u00c3O DA BIBLIOTECA.<\/p>\t\t\t\t\t\t\t\t<\/div>\n\t\t\t\t<\/div>\n\t\t\t\t\t<\/div>\n\t\t<\/div>\n\t\t\t\t\t<\/div>\n\t\t<\/section>\n\t\t\t\t<\/div>\n\t\t","protected":false},"excerpt":{"rendered":"<p>SOLICITA\u00c7\u00c3O DE COLA\u00c7\u00c3O DE GRAU DOCUMENTOS PARA COLA\u00c7\u00c3O DE GRAU Para solicita\u00e7\u00e3o de cola\u00e7\u00e3o de grau o discente dever\u00e1 apresentar, junto a\u00a0coordena\u00e7\u00e3o do curso de Engenharia El\u00e9trica,\u00a0atrav\u00e9s do e-mail: eletrica@unifap.br\u00a0o requerimento de cola\u00e7\u00e3o de grau\u00a0\u00a0devidamente preenchido, juntamente com os documentos\u00a0abaixo descritos: 1- Documento de identidade oficial com foto 2- CPF 3- Certid\u00e3o de nascimento ou&hellip;<\/p>\n","protected":false},"author":65,"featured_media":0,"parent":4597,"menu_order":15,"comment_status":"closed","ping_status":"closed","template":"fullwidth.php","meta":{"inline_featured_image":false,"ngg_post_thumbnail":0,"footnotes":""},"class_list":["post-3798","page","type-page","status-publish","hentry"],"_links":{"self":[{"href":"http:\/\/www2.unifap.br\/eletrica\/wp-json\/wp\/v2\/pages\/3798","targetHints":{"allow":["GET"]}}],"collection":[{"href":"http:\/\/www2.unifap.br\/eletrica\/wp-json\/wp\/v2\/pages"}],"about":[{"href":"http:\/\/www2.unifap.br\/eletrica\/wp-json\/wp\/v2\/types\/page"}],"author":[{"embeddable":true,"href":"http:\/\/www2.unifap.br\/eletrica\/wp-json\/wp\/v2\/users\/65"}],"replies":[{"embeddable":true,"href":"http:\/\/www2.unifap.br\/eletrica\/wp-json\/wp\/v2\/comments?post=3798"}],"version-history":[{"count":47,"href":"http:\/\/www2.unifap.br\/eletrica\/wp-json\/wp\/v2\/pages\/3798\/revisions"}],"predecessor-version":[{"id":13908,"href":"http:\/\/www2.unifap.br\/eletrica\/wp-json\/wp\/v2\/pages\/3798\/revisions\/13908"}],"up":[{"embeddable":true,"href":"http:\/\/www2.unifap.br\/eletrica\/wp-json\/wp\/v2\/pages\/4597"}],"wp:attachment":[{"href":"http:\/\/www2.unifap.br\/eletrica\/wp-json\/wp\/v2\/media?parent=3798"}],"curies":[{"name":"wp","href":"https:\/\/api.w.org\/{rel}","templated":true}]}}