{"id":448,"date":"2010-10-26T16:30:16","date_gmt":"2010-10-26T19:30:16","guid":{"rendered":"http:\/\/pororoca.unifap.br\/eletrica\/"},"modified":"2020-06-30T22:13:13","modified_gmt":"2020-07-01T01:13:13","slug":"i-semana-de-engenharia-eletrica","status":"publish","type":"page","link":"http:\/\/www2.unifap.br\/eletrica\/academico\/semana-da-engenharia-eletrica\/i-semana-de-engenharia-eletrica\/","title":{"rendered":"I Semana de Engenharia El\u00e9trica"},"content":{"rendered":"<p style=\"text-align: center\"><a href=\"http:\/\/www2.unifap.br\/eletrica\/files\/2010\/10\/1-seman-eng.jpg\"><img fetchpriority=\"high\" decoding=\"async\" class=\"size-medium wp-image-454 aligncenter\" src=\"http:\/\/www2.unifap.br\/eletrica\/files\/2010\/10\/1-seman-eng-300x257.jpg\" alt=\"\" width=\"300\" height=\"257\" srcset=\"http:\/\/www2.unifap.br\/eletrica\/files\/2010\/10\/1-seman-eng-300x257.jpg 300w, http:\/\/www2.unifap.br\/eletrica\/files\/2010\/10\/1-seman-eng-209x180.jpg 209w, http:\/\/www2.unifap.br\/eletrica\/files\/2010\/10\/1-seman-eng.jpg 311w\" sizes=\"(max-width: 300px) 100vw, 300px\" \/><\/a><\/p>\n<h3>Programa\u00e7\u00e3o:<\/h3>\n<pre><a title=\"Folder Programa\u00e7\u00e3o\" href=\"http:\/\/www2.unifap.br\/eletrica\/files\/2010\/10\/Folder-1\u00aa-Semana-Eng.-El\u00e9trica.pdf\" target=\"_blank\" rel=\"noopener noreferrer\">Clique aqui<\/a> para baixar e imprimir o folder da programa\u00e7\u00e3o<\/pre>\n<p>Solenidade de abertura oficial do evento<\/p>\n<p><a href=\"http:\/\/www2.unifap.br\/eletrica\/files\/2010\/10\/DSC03908.jpg\"><img decoding=\"async\" class=\"alignnone size-medium wp-image-485\" src=\"http:\/\/www2.unifap.br\/eletrica\/files\/2010\/10\/DSC03908-300x225.jpg\" alt=\"\" width=\"300\" height=\"225\" srcset=\"http:\/\/www2.unifap.br\/eletrica\/files\/2010\/10\/DSC03908-300x225.jpg 300w, http:\/\/www2.unifap.br\/eletrica\/files\/2010\/10\/DSC03908-240x180.jpg 240w, http:\/\/www2.unifap.br\/eletrica\/files\/2010\/10\/DSC03908.jpg 640w\" sizes=\"(max-width: 300px) 100vw, 300px\" \/><\/a><\/p>\n<p><a href=\"http:\/\/www2.unifap.br\/eletrica\/files\/2010\/10\/DSC03916.jpg\"><img decoding=\"async\" class=\"alignnone size-medium wp-image-488\" src=\"http:\/\/www2.unifap.br\/eletrica\/files\/2010\/10\/DSC03916-300x225.jpg\" alt=\"\" width=\"300\" height=\"225\" srcset=\"http:\/\/www2.unifap.br\/eletrica\/files\/2010\/10\/DSC03916-300x225.jpg 300w, http:\/\/www2.unifap.br\/eletrica\/files\/2010\/10\/DSC03916-240x180.jpg 240w, http:\/\/www2.unifap.br\/eletrica\/files\/2010\/10\/DSC03916.jpg 640w\" sizes=\"(max-width: 300px) 100vw, 300px\" \/><\/a><\/p>\n<h5>Palestras<\/h5>\n<p>Dia 03: <span style=\"color: #ff0000\">Legisla\u00e7\u00e3o ambiental voltada a empreendimentos de engenharia.<\/span><\/p>\n<p>Palestrante: Dra. Ivana Cei (Promotora de Justi\u00e7a do Meio Ambiente)<\/p>\n<p><span style=\"color: #ff0000\"><a href=\"http:\/\/www2.unifap.br\/eletrica\/files\/2010\/10\/DSC03919.jpg\"><img loading=\"lazy\" decoding=\"async\" class=\"alignnone size-medium wp-image-489\" src=\"http:\/\/www2.unifap.br\/eletrica\/files\/2010\/10\/DSC03919-300x225.jpg\" alt=\"\" width=\"300\" height=\"225\" srcset=\"http:\/\/www2.unifap.br\/eletrica\/files\/2010\/10\/DSC03919-300x225.jpg 300w, http:\/\/www2.unifap.br\/eletrica\/files\/2010\/10\/DSC03919-240x180.jpg 240w, http:\/\/www2.unifap.br\/eletrica\/files\/2010\/10\/DSC03919.jpg 640w\" sizes=\"(max-width: 300px) 100vw, 300px\" \/><\/a><\/span><\/p>\n<p><span style=\"color: #ff0000\"><a href=\"http:\/\/www2.unifap.br\/eletrica\/files\/2010\/10\/DSC03931.jpg\"><img loading=\"lazy\" decoding=\"async\" class=\"alignnone size-medium wp-image-490\" src=\"http:\/\/www2.unifap.br\/eletrica\/files\/2010\/10\/DSC03931-300x225.jpg\" alt=\"\" width=\"300\" height=\"225\" srcset=\"http:\/\/www2.unifap.br\/eletrica\/files\/2010\/10\/DSC03931-300x225.jpg 300w, http:\/\/www2.unifap.br\/eletrica\/files\/2010\/10\/DSC03931-240x180.jpg 240w, http:\/\/www2.unifap.br\/eletrica\/files\/2010\/10\/DSC03931.jpg 640w\" sizes=\"(max-width: 300px) 100vw, 300px\" \/><\/a><br \/>\n<\/span><\/p>\n<p>Dia 04: <span style=\"color: #ff0000\">Infraestrutura de gera\u00e7\u00e3o de energia e o perfil profissional do engenheiro eletricista na iniciativa p\u00fablica.<\/span><\/p>\n<p>Palestrante: Eng. Marcos Drago (Gerente Regional Eletronorte)<\/p>\n<p><a href=\"http:\/\/www2.unifap.br\/eletrica\/files\/2010\/10\/DSC03956.jpg\"><img loading=\"lazy\" decoding=\"async\" class=\"alignnone size-medium wp-image-495\" src=\"http:\/\/www2.unifap.br\/eletrica\/files\/2010\/10\/DSC03956-300x225.jpg\" alt=\"\" width=\"300\" height=\"225\" srcset=\"http:\/\/www2.unifap.br\/eletrica\/files\/2010\/10\/DSC03956-300x225.jpg 300w, http:\/\/www2.unifap.br\/eletrica\/files\/2010\/10\/DSC03956-240x180.jpg 240w, http:\/\/www2.unifap.br\/eletrica\/files\/2010\/10\/DSC03956.jpg 640w\" sizes=\"(max-width: 300px) 100vw, 300px\" \/><\/a><\/p>\n<p>Dia 05: <span style=\"color: #ff0000\">Perspectivas de mercado de trabalho para o engenheiro eletricista no Estado do Amap\u00e1.<\/span><\/p>\n<p>Palestrante: Adm. Mivaldo Paz (Gerente geral de Log\u00edstica e Engenharia da Anglo American Min\u00e9rio de Ferro Brasil Sistema Amap\u00e1)<\/p>\n<p><a href=\"http:\/\/www2.unifap.br\/eletrica\/files\/2010\/10\/DSC03962.jpg\"><img loading=\"lazy\" decoding=\"async\" class=\"alignnone size-medium wp-image-496\" src=\"http:\/\/www2.unifap.br\/eletrica\/files\/2010\/10\/DSC03962-300x225.jpg\" alt=\"\" width=\"300\" height=\"225\" srcset=\"http:\/\/www2.unifap.br\/eletrica\/files\/2010\/10\/DSC03962-300x225.jpg 300w, http:\/\/www2.unifap.br\/eletrica\/files\/2010\/10\/DSC03962-240x180.jpg 240w, http:\/\/www2.unifap.br\/eletrica\/files\/2010\/10\/DSC03962.jpg 640w\" sizes=\"(max-width: 300px) 100vw, 300px\" \/><\/a><\/p>\n<h5>Minicursos<\/h5>\n<p><span style=\"color: #ff0000\">Matlab<\/span> &#8211; Prof. Rog\u00e9rio Almeida<\/p>\n<p><a href=\"http:\/\/www2.unifap.br\/eletrica\/files\/2010\/10\/DSC03937.jpg\"><img loading=\"lazy\" decoding=\"async\" class=\"alignnone size-medium wp-image-492\" src=\"http:\/\/www2.unifap.br\/eletrica\/files\/2010\/10\/DSC03937-300x225.jpg\" alt=\"\" width=\"300\" height=\"225\" srcset=\"http:\/\/www2.unifap.br\/eletrica\/files\/2010\/10\/DSC03937-300x225.jpg 300w, http:\/\/www2.unifap.br\/eletrica\/files\/2010\/10\/DSC03937-240x180.jpg 240w, http:\/\/www2.unifap.br\/eletrica\/files\/2010\/10\/DSC03937.jpg 640w\" sizes=\"(max-width: 300px) 100vw, 300px\" \/><\/a><\/p>\n<p><span style=\"color: #ff0000\">Dimensionamento de Sistema Solar Fotovolt\u00e1ico<\/span> &#8211; Prof. Alaan Ubaiara<\/p>\n<p><a href=\"http:\/\/www2.unifap.br\/eletrica\/files\/2010\/10\/DSC03949.jpg\"><img loading=\"lazy\" decoding=\"async\" class=\"alignnone size-medium wp-image-494\" src=\"http:\/\/www2.unifap.br\/eletrica\/files\/2010\/10\/DSC03949-300x225.jpg\" alt=\"\" width=\"300\" height=\"225\" srcset=\"http:\/\/www2.unifap.br\/eletrica\/files\/2010\/10\/DSC03949-300x225.jpg 300w, http:\/\/www2.unifap.br\/eletrica\/files\/2010\/10\/DSC03949-240x180.jpg 240w, http:\/\/www2.unifap.br\/eletrica\/files\/2010\/10\/DSC03949.jpg 640w\" sizes=\"(max-width: 300px) 100vw, 300px\" \/><\/a><\/p>\n<p>Princ\u00edpios <span style=\"color: #ff0000\">B\u00e1sicos de Seguran\u00e7a em Instala\u00e7\u00f5es e Servi\u00e7os de Eletricidade<\/span> &#8211; Prof. Andrey Lopes<\/p>\n<p><a href=\"http:\/\/www2.unifap.br\/eletrica\/files\/2010\/10\/DSC03943.jpg\"><img loading=\"lazy\" decoding=\"async\" class=\"alignnone size-medium wp-image-493\" src=\"http:\/\/www2.unifap.br\/eletrica\/files\/2010\/10\/DSC03943-300x225.jpg\" alt=\"\" width=\"300\" height=\"225\" srcset=\"http:\/\/www2.unifap.br\/eletrica\/files\/2010\/10\/DSC03943-300x225.jpg 300w, http:\/\/www2.unifap.br\/eletrica\/files\/2010\/10\/DSC03943-240x180.jpg 240w, http:\/\/www2.unifap.br\/eletrica\/files\/2010\/10\/DSC03943.jpg 640w\" sizes=\"(max-width: 300px) 100vw, 300px\" \/><\/a><\/p>\n<p><span style=\"text-decoration: underline\">CERTIFICA\u00c7\u00c3O<\/span><\/p>\n<p>Os certificados de participa\u00e7\u00e3o nas palestras e minicursos est\u00e3o prontos. Os interessados dever\u00e3o dirigir-se a sala da Coordena\u00e7\u00e3o do Curso de Engenharia El\u00e9trica no bloco das coordena\u00e7\u00f5es nos hor\u00e1rios de 08h \u00e0s 12h e 14h \u00e0s 18h.<\/p>\n","protected":false},"excerpt":{"rendered":"<p>Programa\u00e7\u00e3o: Clique aqui para baixar e imprimir o folder da programa\u00e7\u00e3o Solenidade de abertura oficial do evento Palestras Dia 03: Legisla\u00e7\u00e3o ambiental voltada a empreendimentos de engenharia. Palestrante: Dra. Ivana Cei (Promotora de Justi\u00e7a do Meio Ambiente) Dia 04: Infraestrutura de gera\u00e7\u00e3o de energia e o perfil profissional do engenheiro eletricista na iniciativa p\u00fablica. Palestrante:&hellip;<\/p>\n","protected":false},"author":66,"featured_media":0,"parent":5976,"menu_order":0,"comment_status":"closed","ping_status":"closed","template":"fullwidth.php","meta":{"inline_featured_image":false,"ngg_post_thumbnail":0,"footnotes":""},"class_list":["post-448","page","type-page","status-publish","hentry"],"_links":{"self":[{"href":"http:\/\/www2.unifap.br\/eletrica\/wp-json\/wp\/v2\/pages\/448","targetHints":{"allow":["GET"]}}],"collection":[{"href":"http:\/\/www2.unifap.br\/eletrica\/wp-json\/wp\/v2\/pages"}],"about":[{"href":"http:\/\/www2.unifap.br\/eletrica\/wp-json\/wp\/v2\/types\/page"}],"author":[{"embeddable":true,"href":"http:\/\/www2.unifap.br\/eletrica\/wp-json\/wp\/v2\/users\/66"}],"replies":[{"embeddable":true,"href":"http:\/\/www2.unifap.br\/eletrica\/wp-json\/wp\/v2\/comments?post=448"}],"version-history":[{"count":8,"href":"http:\/\/www2.unifap.br\/eletrica\/wp-json\/wp\/v2\/pages\/448\/revisions"}],"predecessor-version":[{"id":6643,"href":"http:\/\/www2.unifap.br\/eletrica\/wp-json\/wp\/v2\/pages\/448\/revisions\/6643"}],"up":[{"embeddable":true,"href":"http:\/\/www2.unifap.br\/eletrica\/wp-json\/wp\/v2\/pages\/5976"}],"wp:attachment":[{"href":"http:\/\/www2.unifap.br\/eletrica\/wp-json\/wp\/v2\/media?parent=448"}],"curies":[{"name":"wp","href":"https:\/\/api.w.org\/{rel}","templated":true}]}}