{"id":5404,"date":"2020-05-23T14:19:09","date_gmt":"2020-05-23T17:19:09","guid":{"rendered":"http:\/\/www2.unifap.br\/eletrica\/?page_id=5404"},"modified":"2025-05-07T08:59:33","modified_gmt":"2025-05-07T11:59:33","slug":"resolucoes","status":"publish","type":"page","link":"http:\/\/www2.unifap.br\/eletrica\/portal-administrativo\/documentos\/resolucoes\/","title":{"rendered":"Resolu\u00e7\u00f5es"},"content":{"rendered":"\t\t<div data-elementor-type=\"wp-post\" data-elementor-id=\"5404\" class=\"elementor elementor-5404\">\n\t\t\t\t\t\t<section class=\"elementor-section elementor-top-section elementor-element elementor-element-63586220 elementor-section-boxed elementor-section-height-default elementor-section-height-default\" data-id=\"63586220\" data-element_type=\"section\" data-e-type=\"section\">\n\t\t\t\t\t\t<div class=\"elementor-container elementor-column-gap-default\">\n\t\t\t\t\t<div class=\"elementor-column elementor-col-100 elementor-top-column elementor-element elementor-element-67b160d9\" data-id=\"67b160d9\" data-element_type=\"column\" data-e-type=\"column\">\n\t\t\t<div class=\"elementor-widget-wrap elementor-element-populated\">\n\t\t\t\t\t\t<div class=\"elementor-element elementor-element-64f0e33 elementor-widget elementor-widget-heading\" data-id=\"64f0e33\" data-element_type=\"widget\" data-e-type=\"widget\" data-widget_type=\"heading.default\">\n\t\t\t\t<div class=\"elementor-widget-container\">\n\t\t\t\t\t<h2 class=\"elementor-heading-title elementor-size-default\">Principais Resolu\u00e7\u00f5es<\/h2>\t\t\t\t<\/div>\n\t\t\t\t<\/div>\n\t\t\t\t<div class=\"elementor-element elementor-element-d3cc965 elementor-widget elementor-widget-text-editor\" data-id=\"d3cc965\" data-element_type=\"widget\" data-e-type=\"widget\" data-widget_type=\"text-editor.default\">\n\t\t\t\t<div class=\"elementor-widget-container\">\n\t\t\t\t\t\t\t\t\t<p><a href=\"http:\/\/www2.unifap.br\/eletrica\/files\/2020\/05\/Resolu\u00e7\u00e3o-n\u00ba-011-10-P\u00f3los-cr\u00e9dito-de-disciplinas.pdf\">RESOLU\u00c7\u00c3O N\u00ba<\/a><a href=\"http:\/\/www2.unifap.br\/eletrica\/files\/2020\/05\/Resolu\u00e7\u00e3o-n\u00ba-011-10-P\u00f3los-cr\u00e9dito-de-disciplinas.pdf\">\u00a011\/2010: P\u00d3LOS DE CR\u00c9DITO DE DISCIPLINAS<\/a><\/p><p><a href=\"http:\/\/www2.unifap.br\/eletrica\/files\/2020\/05\/Resolu\u00e7\u00e3o-n\u00ba-26-2011-Sistematica-de-avalia\u00e7\u00e3o.pdf\">RESOLU\u00c7\u00c3O N\u00ba<\/a><a href=\"http:\/\/www2.unifap.br\/eletrica\/files\/2020\/05\/Resolu\u00e7\u00e3o-n\u00ba-26-2011-Sistematica-de-avalia\u00e7\u00e3o.pdf\">\u00a026\/2011: SISTEM\u00c1TICA DE AVALIA\u00c7\u00c3O<\/a><\/p><p><a href=\"http:\/\/www2.unifap.br\/eletrica\/files\/2020\/05\/Resolu\u00e7\u00e3o-n\u00ba-06-2016-Aprova-altera\u00e7\u00e3o-na-Res.-020-2015.pdf\">RESOLU\u00c7\u00c3O N\u00ba<\/a>\u00a0<a href=\"http:\/\/www2.unifap.br\/eletrica\/files\/2020\/05\/Resolu\u00e7\u00e3o-n\u00ba-20-2015-Estabelece-as-diretrizes-do-PAID.-Revoga-a-resolu\u00e7\u00e3o-07-2015.pdf\">20\/2015: ESTABELECE AS DIRETRIZES DO PAID E REVOGA A RESOLU\u00c7\u00c3O 7\/2015<\/a><\/p><p><a href=\"http:\/\/www2.unifap.br\/eletrica\/files\/2020\/05\/Resolu\u00e7\u00e3o-n\u00ba-06-2016-Aprova-altera\u00e7\u00e3o-na-Res.-020-2015.pdf\">RESOLU\u00c7\u00c3O N\u00ba 06\/2016: APROVA ALTERA\u00c7\u00c3O NA RESOLU\u00c7\u00c3O 20\/2015<\/a><\/p><p><a href=\"http:\/\/www2.unifap.br\/eletrica\/files\/2020\/05\/Resolu\u00e7\u00e3o-n\u00ba-07-2017-Aux\u00edlio-Financeiro-\u00c0-Pesquisador.pdf\">RESOLU\u00c7\u00c3O N\u00ba\u00a0<\/a><a href=\"http:\/\/www2.unifap.br\/eletrica\/files\/2020\/05\/Resolu\u00e7\u00e3o-n\u00ba-07-2017-Aux\u00edlio-Financeiro-\u00c0-Pesquisador.pdf\">07\/2017: AUXILIO FINANCEIRO \u00c0 PESQUISADOR<\/a><\/p><p><a href=\"http:\/\/www2.unifap.br\/eletrica\/files\/2020\/05\/Resolu\u00e7\u00e3o-n\u00ba-10-2017-Regimento-Eleitoral-e-de-Consulta-Pr\u00e9via.pdf\">RESOLU\u00c7\u00c3O N\u00ba<\/a><a href=\"http:\/\/www2.unifap.br\/eletrica\/files\/2020\/05\/Resolu\u00e7\u00e3o-n\u00ba-10-2017-Regimento-Eleitoral-e-de-Consulta-Pr\u00e9via.pdf\">\u00a010\/2017: REGIME ELEITORAL E DE CONSULTA PR\u00c9VIA<\/a><\/p><p><a href=\"http:\/\/www2.unifap.br\/eletrica\/files\/2020\/05\/Resolu\u00e7\u00e3o-n\u00ba-20-2018-Regulamenta_o_n\u00facleo_docente_estruturante_NDE.pdf\">RESOLU\u00c7\u00c3O N\u00ba\u00a0<\/a><a href=\"http:\/\/www2.unifap.br\/eletrica\/files\/2020\/05\/Resolu\u00e7\u00e3o-n\u00ba-20-2018-Regulamenta_o_n\u00facleo_docente_estruturante_NDE.pdf\">20\/2018: REGULAMENTA O N\u00daCLEO DOCENTE ESTRUTURANTE NDE<\/a><\/p><p><a href=\"http:\/\/www2.unifap.br\/eletrica\/files\/2022\/06\/RES._9.2022_-_CONSU_-_Cria_ad_referendum_os_Labs_do_Curso_de_Eng._Ele769tri-1.pdf\" target=\"_blank\" rel=\"noopener\">RESOLU\u00c7\u00c3O N\u00ba 09\/2022: CRIA\u00c7\u00c3O DOS LABORAT\u00d3RIOS DO CURSO DE ENGENHARIA EL\u00c9TRICA COMO UNIDADES ADMINSTRATIVAS<\/a><\/p><p><a href=\"https:\/\/www2.unifap.br\/eletrica\/files\/2025\/05\/RES._18.2022_-_CONSU_-_Converso_da_Res._09.2022_-_CONSU_-_Homologa_a_criao_do.pdf\" target=\"_blank\" rel=\"noopener\">RESOLU\u00c7\u00c3O N\u00ba 18\/2022: HOMOLOGA A CRIA\u00c7\u00c3O DOS LABORAT\u00d3RIOS DO CURSO DE ENGENHARIA EL\u00c9TRICA COMO UNIDADES ADMINSTRATIVAS<\/a><\/p><p>\u00a0<\/p><p>Demais Resolu\u00e7\u00f5es podem ser encontradas no seguinte link:<\/p><p><a href=\"https:\/\/sigrh.unifap.br\/sigrh\/public\/colegiados\/filtro_busca.jsf\" target=\"_blank\" rel=\"noopener\">https:\/\/sigrh.unifap.br\/sigrh\/public\/colegiados\/filtro_busca.jsf<\/a><\/p>\t\t\t\t\t\t\t\t<\/div>\n\t\t\t\t<\/div>\n\t\t\t\t\t<\/div>\n\t\t<\/div>\n\t\t\t\t\t<\/div>\n\t\t<\/section>\n\t\t\t\t<\/div>\n\t\t","protected":false},"excerpt":{"rendered":"<p>Principais Resolu\u00e7\u00f5es RESOLU\u00c7\u00c3O N\u00ba\u00a011\/2010: P\u00d3LOS DE CR\u00c9DITO DE DISCIPLINAS RESOLU\u00c7\u00c3O N\u00ba\u00a026\/2011: SISTEM\u00c1TICA DE AVALIA\u00c7\u00c3O RESOLU\u00c7\u00c3O N\u00ba\u00a020\/2015: ESTABELECE AS DIRETRIZES DO PAID E REVOGA A RESOLU\u00c7\u00c3O 7\/2015 RESOLU\u00c7\u00c3O N\u00ba 06\/2016: APROVA ALTERA\u00c7\u00c3O NA RESOLU\u00c7\u00c3O 20\/2015 RESOLU\u00c7\u00c3O N\u00ba\u00a007\/2017: AUXILIO FINANCEIRO \u00c0 PESQUISADOR RESOLU\u00c7\u00c3O N\u00ba\u00a010\/2017: REGIME ELEITORAL E DE CONSULTA PR\u00c9VIA RESOLU\u00c7\u00c3O N\u00ba\u00a020\/2018: REGULAMENTA O N\u00daCLEO DOCENTE ESTRUTURANTE&hellip;<\/p>\n","protected":false},"author":2828,"featured_media":0,"parent":5395,"menu_order":3,"comment_status":"closed","ping_status":"closed","template":"fullwidth.php","meta":{"inline_featured_image":false,"ngg_post_thumbnail":0,"footnotes":""},"class_list":["post-5404","page","type-page","status-publish","hentry"],"_links":{"self":[{"href":"http:\/\/www2.unifap.br\/eletrica\/wp-json\/wp\/v2\/pages\/5404","targetHints":{"allow":["GET"]}}],"collection":[{"href":"http:\/\/www2.unifap.br\/eletrica\/wp-json\/wp\/v2\/pages"}],"about":[{"href":"http:\/\/www2.unifap.br\/eletrica\/wp-json\/wp\/v2\/types\/page"}],"author":[{"embeddable":true,"href":"http:\/\/www2.unifap.br\/eletrica\/wp-json\/wp\/v2\/users\/2828"}],"replies":[{"embeddable":true,"href":"http:\/\/www2.unifap.br\/eletrica\/wp-json\/wp\/v2\/comments?post=5404"}],"version-history":[{"count":18,"href":"http:\/\/www2.unifap.br\/eletrica\/wp-json\/wp\/v2\/pages\/5404\/revisions"}],"predecessor-version":[{"id":14067,"href":"http:\/\/www2.unifap.br\/eletrica\/wp-json\/wp\/v2\/pages\/5404\/revisions\/14067"}],"up":[{"embeddable":true,"href":"http:\/\/www2.unifap.br\/eletrica\/wp-json\/wp\/v2\/pages\/5395"}],"wp:attachment":[{"href":"http:\/\/www2.unifap.br\/eletrica\/wp-json\/wp\/v2\/media?parent=5404"}],"curies":[{"name":"wp","href":"https:\/\/api.w.org\/{rel}","templated":true}]}}