{"id":5636,"date":"2020-05-22T19:17:53","date_gmt":"2020-05-22T22:17:53","guid":{"rendered":"http:\/\/www2.unifap.br\/eletrica\/?page_id=5636"},"modified":"2020-05-24T20:00:00","modified_gmt":"2020-05-24T23:00:00","slug":"matriz-curricular-v2018","status":"publish","type":"page","link":"http:\/\/www2.unifap.br\/eletrica\/academico\/matriz-curricular-v2018\/","title":{"rendered":"Matriz Curricular"},"content":{"rendered":"\t\t<div data-elementor-type=\"wp-post\" data-elementor-id=\"5636\" class=\"elementor elementor-5636 elementor-bc-flex-widget\">\n\t\t\t\t\t\t<section class=\"elementor-section elementor-top-section elementor-element elementor-element-69dc9d9 elementor-section-boxed elementor-section-height-default elementor-section-height-default\" data-id=\"69dc9d9\" data-element_type=\"section\" data-e-type=\"section\">\n\t\t\t\t\t\t<div class=\"elementor-container elementor-column-gap-default\">\n\t\t\t\t\t<div class=\"elementor-column elementor-col-100 elementor-top-column elementor-element elementor-element-ea759fb\" data-id=\"ea759fb\" data-element_type=\"column\" data-e-type=\"column\">\n\t\t\t<div class=\"elementor-widget-wrap elementor-element-populated\">\n\t\t\t\t\t\t<div class=\"elementor-element elementor-element-380000f elementor-widget elementor-widget-heading\" data-id=\"380000f\" data-element_type=\"widget\" data-e-type=\"widget\" data-widget_type=\"heading.default\">\n\t\t\t\t<div class=\"elementor-widget-container\">\n\t\t\t\t\t<h2 class=\"elementor-heading-title elementor-size-default\">Matriz Curricular<\/h2>\t\t\t\t<\/div>\n\t\t\t\t<\/div>\n\t\t\t\t\t<\/div>\n\t\t<\/div>\n\t\t\t\t\t<\/div>\n\t\t<\/section>\n\t\t\t\t<section class=\"elementor-section elementor-top-section elementor-element elementor-element-9fd35ff elementor-section-boxed elementor-section-height-default elementor-section-height-default\" data-id=\"9fd35ff\" data-element_type=\"section\" data-e-type=\"section\">\n\t\t\t\t\t\t<div class=\"elementor-container elementor-column-gap-default\">\n\t\t\t\t\t<div class=\"elementor-column elementor-col-100 elementor-top-column elementor-element elementor-element-0cd7211\" data-id=\"0cd7211\" data-element_type=\"column\" data-e-type=\"column\">\n\t\t\t<div class=\"elementor-widget-wrap elementor-element-populated\">\n\t\t\t\t\t\t<div class=\"elementor-element elementor-element-0ebd5d6 elementor-widget elementor-widget-text-editor\" data-id=\"0ebd5d6\" data-element_type=\"widget\" data-e-type=\"widget\" data-widget_type=\"text-editor.default\">\n\t\t\t\t<div class=\"elementor-widget-container\">\n\t\t\t\t\t\t\t\t\t<p>A Organiza\u00e7\u00e3o Curricular do curso Bacharelado em Engenharia El\u00e9trica\u00a0est\u00e1 proposta para ser integralizada em 10 (dez) semestres letivos, correspondente a 5 anos, com carga hor\u00e1ria total de 4.275 horas\/rel\u00f3gio de atividades. Abaixo \u00e9 apresentado o Fluxograma da matriz curricular\u00a0que compreende todas as disciplinas, obrigat\u00f3rias e optativas, identificando carga hor\u00e1ria.<\/p><p>Tamb\u00e9m \u00e9 poss\u00edvel realizar o download do PDF da matriz curricular em formato de tabela.<\/p><p><a style=\"background-color: #ffffff;\" href=\"https:\/\/www2.unifap.br\/eletrica\/files\/2020\/05\/Matriz-curricular_v2018.pdf?customize_changeset_uuid=c055969d-383d-494d-96a0-2f98e27b264c&amp;customize_messenger_channel=preview-0\" target=\"_self\">Matriz curricular_v2018<\/a>\u00a0<\/p>\t\t\t\t\t\t\t\t<\/div>\n\t\t\t\t<\/div>\n\t\t\t\t\t<\/div>\n\t\t<\/div>\n\t\t\t\t\t<\/div>\n\t\t<\/section>\n\t\t\t\t<section class=\"elementor-section elementor-top-section elementor-element elementor-element-5d1710b elementor-section-boxed elementor-section-height-default elementor-section-height-default\" data-id=\"5d1710b\" data-element_type=\"section\" data-e-type=\"section\">\n\t\t\t\t\t\t<div class=\"elementor-container elementor-column-gap-default\">\n\t\t\t\t\t<div class=\"elementor-column elementor-col-100 elementor-top-column elementor-element elementor-element-9cf7fc1\" data-id=\"9cf7fc1\" data-element_type=\"column\" data-e-type=\"column\">\n\t\t\t<div class=\"elementor-widget-wrap elementor-element-populated\">\n\t\t\t\t\t\t<div class=\"elementor-element elementor-element-a109c6c elementor-widget elementor-widget-image\" data-id=\"a109c6c\" data-element_type=\"widget\" data-e-type=\"widget\" data-widget_type=\"image.default\">\n\t\t\t\t<div class=\"elementor-widget-container\">\n\t\t\t\t\t\t\t\t\t\t\t\t\t\t\t<img fetchpriority=\"high\" decoding=\"async\" width=\"1091\" height=\"741\" src=\"https:\/\/www2.unifap.br\/eletrica\/files\/2020\/05\/Matriz.png\" class=\"attachment-full size-full wp-image-5637\" alt=\"\" srcset=\"https:\/\/www2.unifap.br\/eletrica\/files\/2020\/05\/Matriz.png 1091w, https:\/\/www2.unifap.br\/eletrica\/files\/2020\/05\/Matriz-300x204.png 300w, https:\/\/www2.unifap.br\/eletrica\/files\/2020\/05\/Matriz-768x522.png 768w, https:\/\/www2.unifap.br\/eletrica\/files\/2020\/05\/Matriz-1024x695.png 1024w\" sizes=\"(max-width: 1091px) 100vw, 1091px\" \/>\t\t\t\t\t\t\t\t\t\t\t\t\t\t\t<\/div>\n\t\t\t\t<\/div>\n\t\t\t\t\t<\/div>\n\t\t<\/div>\n\t\t\t\t\t<\/div>\n\t\t<\/section>\n\t\t\t\t<\/div>\n\t\t","protected":false},"excerpt":{"rendered":"<p>Matriz Curricular A Organiza\u00e7\u00e3o Curricular do curso Bacharelado em Engenharia El\u00e9trica&nbsp;est\u00e1 proposta para ser integralizada em 10 (dez) semestres letivos, correspondente a 5 anos, com carga hor\u00e1ria total de 4.275 horas\/rel\u00f3gio de atividades. Abaixo \u00e9 apresentado o Fluxograma da matriz curricular&nbsp;que compreende todas as disciplinas, obrigat\u00f3rias e optativas, identificando carga hor\u00e1ria. Tamb\u00e9m \u00e9 poss\u00edvel realizar&hellip;<\/p>\n","protected":false},"author":66,"featured_media":0,"parent":4597,"menu_order":7,"comment_status":"closed","ping_status":"closed","template":"fullwidth.php","meta":{"inline_featured_image":false,"ngg_post_thumbnail":0,"footnotes":""},"class_list":["post-5636","page","type-page","status-publish","hentry"],"_links":{"self":[{"href":"http:\/\/www2.unifap.br\/eletrica\/wp-json\/wp\/v2\/pages\/5636","targetHints":{"allow":["GET"]}}],"collection":[{"href":"http:\/\/www2.unifap.br\/eletrica\/wp-json\/wp\/v2\/pages"}],"about":[{"href":"http:\/\/www2.unifap.br\/eletrica\/wp-json\/wp\/v2\/types\/page"}],"author":[{"embeddable":true,"href":"http:\/\/www2.unifap.br\/eletrica\/wp-json\/wp\/v2\/users\/66"}],"replies":[{"embeddable":true,"href":"http:\/\/www2.unifap.br\/eletrica\/wp-json\/wp\/v2\/comments?post=5636"}],"version-history":[{"count":3,"href":"http:\/\/www2.unifap.br\/eletrica\/wp-json\/wp\/v2\/pages\/5636\/revisions"}],"predecessor-version":[{"id":5641,"href":"http:\/\/www2.unifap.br\/eletrica\/wp-json\/wp\/v2\/pages\/5636\/revisions\/5641"}],"up":[{"embeddable":true,"href":"http:\/\/www2.unifap.br\/eletrica\/wp-json\/wp\/v2\/pages\/4597"}],"wp:attachment":[{"href":"http:\/\/www2.unifap.br\/eletrica\/wp-json\/wp\/v2\/media?parent=5636"}],"curies":[{"name":"wp","href":"https:\/\/api.w.org\/{rel}","templated":true}]}}