{"id":5797,"date":"2020-05-28T15:37:10","date_gmt":"2020-05-28T18:37:10","guid":{"rendered":"http:\/\/www2.unifap.br\/eletrica\/?page_id=5797"},"modified":"2023-04-25T08:33:42","modified_gmt":"2023-04-25T11:33:42","slug":"representantes-de-turma-e-professores-tutores","status":"publish","type":"page","link":"http:\/\/www2.unifap.br\/eletrica\/academico\/representantes-de-turma-e-professores-tutores\/","title":{"rendered":"Representantes de Turma e Professores Tutores"},"content":{"rendered":"\t\t<div data-elementor-type=\"wp-post\" data-elementor-id=\"5797\" class=\"elementor elementor-5797\">\n\t\t\t\t\t\t<section class=\"elementor-section elementor-top-section elementor-element elementor-element-ad7a58d elementor-section-boxed elementor-section-height-default elementor-section-height-default\" data-id=\"ad7a58d\" data-element_type=\"section\" data-e-type=\"section\">\n\t\t\t\t\t\t<div class=\"elementor-container elementor-column-gap-default\">\n\t\t\t\t\t<div class=\"elementor-column elementor-col-100 elementor-top-column elementor-element elementor-element-7219a97\" data-id=\"7219a97\" data-element_type=\"column\" data-e-type=\"column\">\n\t\t\t<div class=\"elementor-widget-wrap elementor-element-populated\">\n\t\t\t\t\t\t<div class=\"elementor-element elementor-element-0f54501 elementor-widget-divider--view-line elementor-widget elementor-widget-divider\" data-id=\"0f54501\" data-element_type=\"widget\" data-e-type=\"widget\" data-widget_type=\"divider.default\">\n\t\t\t\t<div class=\"elementor-widget-container\">\n\t\t\t\t\t\t\t<div class=\"elementor-divider\">\n\t\t\t<span class=\"elementor-divider-separator\">\n\t\t\t\t\t\t<\/span>\n\t\t<\/div>\n\t\t\t\t\t\t<\/div>\n\t\t\t\t<\/div>\n\t\t\t\t<div class=\"elementor-element elementor-element-e229587 elementor-widget elementor-widget-heading\" data-id=\"e229587\" data-element_type=\"widget\" data-e-type=\"widget\" data-widget_type=\"heading.default\">\n\t\t\t\t<div class=\"elementor-widget-container\">\n\t\t\t\t\t<h2 class=\"elementor-heading-title elementor-size-default\">REPRESENTANTES DE TURMA E PROFESSORES TUTORES<\/h2>\t\t\t\t<\/div>\n\t\t\t\t<\/div>\n\t\t\t\t\t<\/div>\n\t\t<\/div>\n\t\t\t\t\t<\/div>\n\t\t<\/section>\n\t\t\t\t<section class=\"elementor-section elementor-top-section elementor-element elementor-element-4ac80a4 elementor-section-boxed elementor-section-height-default elementor-section-height-default\" data-id=\"4ac80a4\" data-element_type=\"section\" data-e-type=\"section\">\n\t\t\t\t\t\t<div class=\"elementor-container elementor-column-gap-default\">\n\t\t\t\t\t<div class=\"elementor-column elementor-col-100 elementor-top-column elementor-element elementor-element-4d17e91\" data-id=\"4d17e91\" data-element_type=\"column\" data-e-type=\"column\">\n\t\t\t<div class=\"elementor-widget-wrap elementor-element-populated\">\n\t\t\t\t\t\t<div class=\"elementor-element elementor-element-4c59b72 elementor-widget-divider--view-line elementor-widget elementor-widget-divider\" data-id=\"4c59b72\" data-element_type=\"widget\" data-e-type=\"widget\" data-widget_type=\"divider.default\">\n\t\t\t\t<div class=\"elementor-widget-container\">\n\t\t\t\t\t\t\t<div class=\"elementor-divider\">\n\t\t\t<span class=\"elementor-divider-separator\">\n\t\t\t\t\t\t<\/span>\n\t\t<\/div>\n\t\t\t\t\t\t<\/div>\n\t\t\t\t<\/div>\n\t\t\t\t\t<\/div>\n\t\t<\/div>\n\t\t\t\t\t<\/div>\n\t\t<\/section>\n\t\t\t\t<section class=\"elementor-section elementor-top-section elementor-element elementor-element-e8755a6 elementor-section-boxed elementor-section-height-default elementor-section-height-default\" data-id=\"e8755a6\" data-element_type=\"section\" data-e-type=\"section\">\n\t\t\t\t\t\t<div class=\"elementor-container elementor-column-gap-default\">\n\t\t\t\t\t<div class=\"elementor-column elementor-col-100 elementor-top-column elementor-element elementor-element-ea9401f\" data-id=\"ea9401f\" data-element_type=\"column\" data-e-type=\"column\">\n\t\t\t<div class=\"elementor-widget-wrap elementor-element-populated\">\n\t\t\t\t\t\t<div class=\"elementor-element elementor-element-87216f0 elementor-widget elementor-widget-heading\" data-id=\"87216f0\" data-element_type=\"widget\" data-e-type=\"widget\" data-widget_type=\"heading.default\">\n\t\t\t\t<div class=\"elementor-widget-container\">\n\t\t\t\t\t<h2 class=\"elementor-heading-title elementor-size-default\">Representantes de Turma<\/h2>\t\t\t\t<\/div>\n\t\t\t\t<\/div>\n\t\t\t\t\t<\/div>\n\t\t<\/div>\n\t\t\t\t\t<\/div>\n\t\t<\/section>\n\t\t\t\t<section class=\"elementor-section elementor-top-section elementor-element elementor-element-e248db2 elementor-section-boxed elementor-section-height-default elementor-section-height-default\" data-id=\"e248db2\" data-element_type=\"section\" data-e-type=\"section\">\n\t\t\t\t\t\t<div class=\"elementor-container elementor-column-gap-default\">\n\t\t\t\t\t<div class=\"elementor-column elementor-col-100 elementor-top-column elementor-element elementor-element-7ea4080\" data-id=\"7ea4080\" data-element_type=\"column\" data-e-type=\"column\">\n\t\t\t<div class=\"elementor-widget-wrap elementor-element-populated\">\n\t\t\t\t\t\t<div class=\"elementor-element elementor-element-1220951 elementor-widget elementor-widget-text-editor\" data-id=\"1220951\" data-element_type=\"widget\" data-e-type=\"widget\" data-widget_type=\"text-editor.default\">\n\t\t\t\t<div class=\"elementor-widget-container\">\n\t\t\t\t\t\t\t\t\t<p style=\"text-align: justify\">Representantes de turma s\u00e3o alunos da pr\u00f3pria classe que t\u00eam uma fun\u00e7\u00e3o parecida com a de media\u00e7\u00e3o e ger\u00eancia. \u00c9 o principal elo entre a turma e a institui\u00e7\u00e3o (docentes, coordena\u00e7\u00e3o e UNIFAP) por isso precisam ter disponibilidade para participar, efetivamente, das reuni\u00f5es para as quais forem demandados. \u00c9 o interlocutor do grupo. Est\u00e1 respons\u00e1vel por administrar eventuais conflitos e deve estar em permanente di\u00e1logo em prol do consenso. Esse estudante que vai levar quest\u00f5es comuns (e n\u00e3o particulares) dos demais colegas de sala para professores e coordenadores. Eles tamb\u00e9m podem tomar decis\u00f5es importantes pela turma, j\u00e1 que t\u00eam o poder para isso &#8211; mas, claro, ap\u00f3s uma consulta aos demais colegas de turma, n\u00e3o podendo tomar nenhuma decis\u00e3o sozinho.<\/p>\t\t\t\t\t\t\t\t<\/div>\n\t\t\t\t<\/div>\n\t\t\t\t\t<\/div>\n\t\t<\/div>\n\t\t\t\t\t<\/div>\n\t\t<\/section>\n\t\t\t\t<section class=\"elementor-section elementor-top-section elementor-element elementor-element-53bfd3f elementor-section-boxed elementor-section-height-default elementor-section-height-default\" data-id=\"53bfd3f\" data-element_type=\"section\" data-e-type=\"section\">\n\t\t\t\t\t\t<div class=\"elementor-container elementor-column-gap-default\">\n\t\t\t\t\t<div class=\"elementor-column elementor-col-100 elementor-top-column elementor-element elementor-element-edb5686\" data-id=\"edb5686\" data-element_type=\"column\" data-e-type=\"column\">\n\t\t\t<div class=\"elementor-widget-wrap elementor-element-populated\">\n\t\t\t\t\t\t<div class=\"elementor-element elementor-element-15f8935 elementor-widget elementor-widget-text-editor\" data-id=\"15f8935\" data-element_type=\"widget\" data-e-type=\"widget\" data-widget_type=\"text-editor.default\">\n\t\t\t\t<div class=\"elementor-widget-container\">\n\t\t\t\t\t\t\t\t\t<p><strong>TURMA 2018<\/strong><\/p><p><strong>Titular:\u00a0<\/strong>Bianca Maria Sousa Aguiar<\/p><p><strong>Suplente:<\/strong>\u00a0Rui Sampaio dos Santos Cantu\u00e1ria<\/p><p>\u00a0<\/p><p><span style=\"font-weight: bolder\">TURMA 2019<\/span><\/p><p><span style=\"font-weight: bolder\">Titular:\u00a0<\/span>Jamilly B\u00e1rbara Nunes<\/p><p><span style=\"font-weight: bolder\">Suplente:<\/span>\u00a0Jos\u00e9 Victor Vieira de Brito<\/p><p>\u00a0<\/p><p><span style=\"font-weight: bolder\">TURMA 2020<\/span><\/p><p><span style=\"font-weight: bolder\">Titular:\u00a0<\/span>Maria Vict\u00f3ria Pantoja Nogueira<\/p><p><span style=\"font-weight: bolder\">Suplente:<\/span>\u00a0Gabriel de Nazar\u00e9 Exposto Martins Farias<\/p><p>\u00a0<\/p><p><span style=\"font-weight: bolder\">TURMA 2021<\/span><\/p><p><span style=\"font-weight: bolder\">Titular:\u00a0<\/span>Jhully dos Santos Miranda<\/p><p><span style=\"font-weight: bolder\">Suplente:<\/span>\u00a0Marcio Sieben Lobo<\/p><p>\u00a0<\/p><p><span style=\"font-weight: bolder\">TURMA 2022<\/span><\/p><p><span style=\"font-weight: bolder\">Titular:\u00a0<\/span>Gustavo Mirando dos Santos Justo<\/p><p><span style=\"font-weight: bolder\">Suplente:<\/span>\u00a0Auderi Pereira de Carvalho Neto<\/p>\t\t\t\t\t\t\t\t<\/div>\n\t\t\t\t<\/div>\n\t\t\t\t\t<\/div>\n\t\t<\/div>\n\t\t\t\t\t<\/div>\n\t\t<\/section>\n\t\t\t\t<section class=\"elementor-section elementor-top-section elementor-element elementor-element-39f3402 elementor-section-boxed elementor-section-height-default elementor-section-height-default\" data-id=\"39f3402\" data-element_type=\"section\" data-e-type=\"section\">\n\t\t\t\t\t\t<div class=\"elementor-container elementor-column-gap-default\">\n\t\t\t\t\t<div class=\"elementor-column elementor-col-100 elementor-top-column elementor-element elementor-element-1c86138\" data-id=\"1c86138\" data-element_type=\"column\" data-e-type=\"column\">\n\t\t\t<div class=\"elementor-widget-wrap elementor-element-populated\">\n\t\t\t\t\t\t<div class=\"elementor-element elementor-element-fd5e691 elementor-widget-divider--view-line elementor-widget elementor-widget-divider\" data-id=\"fd5e691\" data-element_type=\"widget\" data-e-type=\"widget\" data-widget_type=\"divider.default\">\n\t\t\t\t<div class=\"elementor-widget-container\">\n\t\t\t\t\t\t\t<div class=\"elementor-divider\">\n\t\t\t<span class=\"elementor-divider-separator\">\n\t\t\t\t\t\t<\/span>\n\t\t<\/div>\n\t\t\t\t\t\t<\/div>\n\t\t\t\t<\/div>\n\t\t\t\t<div class=\"elementor-element elementor-element-a1d11f0 elementor-widget elementor-widget-heading\" data-id=\"a1d11f0\" data-element_type=\"widget\" data-e-type=\"widget\" data-widget_type=\"heading.default\">\n\t\t\t\t<div class=\"elementor-widget-container\">\n\t\t\t\t\t<h2 class=\"elementor-heading-title elementor-size-default\">Professores Tutores<\/h2>\t\t\t\t<\/div>\n\t\t\t\t<\/div>\n\t\t\t\t\t<\/div>\n\t\t<\/div>\n\t\t\t\t\t<\/div>\n\t\t<\/section>\n\t\t\t\t<section class=\"elementor-section elementor-top-section elementor-element elementor-element-de54db6 elementor-section-boxed elementor-section-height-default elementor-section-height-default\" data-id=\"de54db6\" data-element_type=\"section\" data-e-type=\"section\">\n\t\t\t\t\t\t<div class=\"elementor-container elementor-column-gap-default\">\n\t\t\t\t\t<div class=\"elementor-column elementor-col-100 elementor-top-column elementor-element elementor-element-64f0210\" data-id=\"64f0210\" data-element_type=\"column\" data-e-type=\"column\">\n\t\t\t<div class=\"elementor-widget-wrap elementor-element-populated\">\n\t\t\t\t\t\t<div class=\"elementor-element elementor-element-ab12bc2 elementor-widget elementor-widget-text-editor\" data-id=\"ab12bc2\" data-element_type=\"widget\" data-e-type=\"widget\" data-widget_type=\"text-editor.default\">\n\t\t\t\t<div class=\"elementor-widget-container\">\n\t\t\t\t\t\t\t\t\t<p>Como um dos resultados do <a href=\"https:\/\/www2.unifap.br\/eletrica\/portal-administrativo\/encontro-zero\/\">ENCONTRO ZERO<\/a>, o Colegiado de Engenharia El\u00e9trica instituiu a fun\u00e7\u00e3o do &#8220;Professor Tutor&#8221;, definido como um professor do curso de Engenharia El\u00e9trica que acompanharia as turmas ingressantes durante os 5 anos de forma\u00e7\u00e3o da turma. O 1\u00aa Professor Tutor foi escolhido em 2019.<\/p><p>O NDE de Engenharia El\u00e9trica definiu na <a href=\"https:\/\/www2.unifap.br\/eletrica\/files\/2020\/02\/Ata-de-Reuni%c3%a3o-do-NDE-001-4.pdf\">Reuni\u00e3o do NDE de 05\/04\/2019<\/a> as atribui\u00e7\u00f5es do Professor Tutor:<\/p><ol><li><p>Desenvolver autonomia dos alunos quanto a habilidade de estudar;<\/p><\/li><li><p>Socializar a turma quanto as inst\u00e2ncias da UNIFAP;<\/p><\/li><li><p>Interagir regularmente com o representante de turma;<\/p><\/li><li><p>Instruir os alunos quanto a todos os regulamentos do curso;<\/p><\/li><li><p>Incentivar a participa\u00e7\u00e3o dos alunos em eventos cient\u00edficos e tecnol\u00f3gicos e em atividades de ensino (AACC, TCC e est\u00e1gio), pesquisa e extens\u00e3o;<\/p><\/li><li><p>Motivar a turma no planejamento da formatura.<\/p><\/li><\/ol>\t\t\t\t\t\t\t\t<\/div>\n\t\t\t\t<\/div>\n\t\t\t\t\t<\/div>\n\t\t<\/div>\n\t\t\t\t\t<\/div>\n\t\t<\/section>\n\t\t\t\t<section class=\"elementor-section elementor-top-section elementor-element elementor-element-af0c8e8 elementor-section-boxed elementor-section-height-default elementor-section-height-default\" data-id=\"af0c8e8\" data-element_type=\"section\" data-e-type=\"section\">\n\t\t\t\t\t\t<div class=\"elementor-container elementor-column-gap-default\">\n\t\t\t\t\t<div class=\"elementor-column elementor-col-100 elementor-top-column elementor-element elementor-element-3622bcd\" data-id=\"3622bcd\" data-element_type=\"column\" data-e-type=\"column\">\n\t\t\t<div class=\"elementor-widget-wrap elementor-element-populated\">\n\t\t\t\t\t\t<div class=\"elementor-element elementor-element-4e8bb5a elementor-widget elementor-widget-heading\" data-id=\"4e8bb5a\" data-element_type=\"widget\" data-e-type=\"widget\" data-widget_type=\"heading.default\">\n\t\t\t\t<div class=\"elementor-widget-container\">\n\t\t\t\t\t<h2 class=\"elementor-heading-title elementor-size-medium\">Turma 2019<\/h2>\t\t\t\t<\/div>\n\t\t\t\t<\/div>\n\t\t\t\t\t<\/div>\n\t\t<\/div>\n\t\t\t\t\t<\/div>\n\t\t<\/section>\n\t\t\t\t<section class=\"elementor-section elementor-top-section elementor-element elementor-element-4a3c4ba elementor-section-boxed elementor-section-height-default elementor-section-height-default\" data-id=\"4a3c4ba\" data-element_type=\"section\" data-e-type=\"section\">\n\t\t\t\t\t\t<div class=\"elementor-container elementor-column-gap-default\">\n\t\t\t\t\t<div class=\"elementor-column elementor-col-100 elementor-top-column elementor-element elementor-element-c51bd24\" data-id=\"c51bd24\" data-element_type=\"column\" data-e-type=\"column\">\n\t\t\t<div class=\"elementor-widget-wrap elementor-element-populated\">\n\t\t\t\t\t\t<div class=\"elementor-element elementor-element-7aca11e elementor-widget elementor-widget-text-editor\" data-id=\"7aca11e\" data-element_type=\"widget\" data-e-type=\"widget\" data-widget_type=\"text-editor.default\">\n\t\t\t\t<div class=\"elementor-widget-container\">\n\t\t\t\t\t\t\t\t\t<p><strong>Professor Tutor:<\/strong> <a href=\"https:\/\/www2.unifap.br\/eletrica\/portal-docente\/docentes\/helyelson-paredes-moura\/\">Prof. Dr. Helyelson Paredes Moura<\/a><\/p>\t\t\t\t\t\t\t\t<\/div>\n\t\t\t\t<\/div>\n\t\t\t\t\t<\/div>\n\t\t<\/div>\n\t\t\t\t\t<\/div>\n\t\t<\/section>\n\t\t\t\t<section class=\"elementor-section elementor-top-section elementor-element elementor-element-87c3cc3 elementor-section-boxed elementor-section-height-default elementor-section-height-default\" data-id=\"87c3cc3\" data-element_type=\"section\" data-e-type=\"section\">\n\t\t\t\t\t\t<div class=\"elementor-container elementor-column-gap-default\">\n\t\t\t\t\t<div class=\"elementor-column elementor-col-100 elementor-top-column elementor-element elementor-element-03ed154\" data-id=\"03ed154\" data-element_type=\"column\" data-e-type=\"column\">\n\t\t\t<div class=\"elementor-widget-wrap elementor-element-populated\">\n\t\t\t\t\t\t<div class=\"elementor-element elementor-element-2262c14 elementor-widget elementor-widget-heading\" data-id=\"2262c14\" data-element_type=\"widget\" data-e-type=\"widget\" data-widget_type=\"heading.default\">\n\t\t\t\t<div class=\"elementor-widget-container\">\n\t\t\t\t\t<h2 class=\"elementor-heading-title elementor-size-medium\">Turma 2020<\/h2>\t\t\t\t<\/div>\n\t\t\t\t<\/div>\n\t\t\t\t\t<\/div>\n\t\t<\/div>\n\t\t\t\t\t<\/div>\n\t\t<\/section>\n\t\t\t\t<section class=\"elementor-section elementor-top-section elementor-element elementor-element-1a6d2c4 elementor-section-boxed elementor-section-height-default elementor-section-height-default\" data-id=\"1a6d2c4\" data-element_type=\"section\" data-e-type=\"section\">\n\t\t\t\t\t\t<div class=\"elementor-container elementor-column-gap-default\">\n\t\t\t\t\t<div class=\"elementor-column elementor-col-100 elementor-top-column elementor-element elementor-element-a80e40a\" data-id=\"a80e40a\" data-element_type=\"column\" data-e-type=\"column\">\n\t\t\t<div class=\"elementor-widget-wrap elementor-element-populated\">\n\t\t\t\t\t\t<div class=\"elementor-element elementor-element-eb8a72b elementor-widget elementor-widget-text-editor\" data-id=\"eb8a72b\" data-element_type=\"widget\" data-e-type=\"widget\" data-widget_type=\"text-editor.default\">\n\t\t\t\t<div class=\"elementor-widget-container\">\n\t\t\t\t\t\t\t\t\t<p><strong>Professor Tutor:<\/strong> <a href=\"https:\/\/www2.unifap.br\/eletrica\/portal-docente\/docentes\/prof-geraldo-maranhao\/\">Prof. Dr. Geraldo Neves de Albuquerque Maranh\u00e3o<\/a><\/p>\t\t\t\t\t\t\t\t<\/div>\n\t\t\t\t<\/div>\n\t\t\t\t\t<\/div>\n\t\t<\/div>\n\t\t\t\t\t<\/div>\n\t\t<\/section>\n\t\t\t\t<section class=\"elementor-section elementor-top-section elementor-element elementor-element-77ab8a5 elementor-section-boxed elementor-section-height-default elementor-section-height-default\" data-id=\"77ab8a5\" data-element_type=\"section\" data-e-type=\"section\">\n\t\t\t\t\t\t<div class=\"elementor-container elementor-column-gap-default\">\n\t\t\t\t\t<div class=\"elementor-column elementor-col-100 elementor-top-column elementor-element elementor-element-a6ca951\" data-id=\"a6ca951\" data-element_type=\"column\" data-e-type=\"column\">\n\t\t\t<div class=\"elementor-widget-wrap elementor-element-populated\">\n\t\t\t\t\t\t<div class=\"elementor-element elementor-element-6a6c877 elementor-widget elementor-widget-heading\" data-id=\"6a6c877\" data-element_type=\"widget\" data-e-type=\"widget\" data-widget_type=\"heading.default\">\n\t\t\t\t<div class=\"elementor-widget-container\">\n\t\t\t\t\t<h2 class=\"elementor-heading-title elementor-size-medium\">Turma 2021<\/h2>\t\t\t\t<\/div>\n\t\t\t\t<\/div>\n\t\t\t\t\t<\/div>\n\t\t<\/div>\n\t\t\t\t\t<\/div>\n\t\t<\/section>\n\t\t\t\t<section class=\"elementor-section elementor-top-section elementor-element elementor-element-82a01b4 elementor-section-boxed elementor-section-height-default elementor-section-height-default\" data-id=\"82a01b4\" data-element_type=\"section\" data-e-type=\"section\">\n\t\t\t\t\t\t<div class=\"elementor-container elementor-column-gap-default\">\n\t\t\t\t\t<div class=\"elementor-column elementor-col-100 elementor-top-column elementor-element elementor-element-8262569\" data-id=\"8262569\" data-element_type=\"column\" data-e-type=\"column\">\n\t\t\t<div class=\"elementor-widget-wrap elementor-element-populated\">\n\t\t\t\t\t\t<div class=\"elementor-element elementor-element-4917869 elementor-widget elementor-widget-text-editor\" data-id=\"4917869\" data-element_type=\"widget\" data-e-type=\"widget\" data-widget_type=\"text-editor.default\">\n\t\t\t\t<div class=\"elementor-widget-container\">\n\t\t\t\t\t\t\t\t\t<strong>Professor Tutor:<\/strong> <a href=\"http:\/\/www2.unifap.br\/eletrica\/colegiado\/docentes\/prof-werbeston-douglas-de-oliveira\/\">Prof. Dr. Werbeston Douglas de Oliveira<\/a>\t\t\t\t\t\t\t\t<\/div>\n\t\t\t\t<\/div>\n\t\t\t\t\t<\/div>\n\t\t<\/div>\n\t\t\t\t\t<\/div>\n\t\t<\/section>\n\t\t\t\t<section class=\"elementor-section elementor-top-section elementor-element elementor-element-750c916 elementor-section-boxed elementor-section-height-default elementor-section-height-default\" data-id=\"750c916\" data-element_type=\"section\" data-e-type=\"section\">\n\t\t\t\t\t\t<div class=\"elementor-container elementor-column-gap-default\">\n\t\t\t\t\t<div class=\"elementor-column elementor-col-100 elementor-top-column elementor-element elementor-element-e7bd1b9\" data-id=\"e7bd1b9\" data-element_type=\"column\" data-e-type=\"column\">\n\t\t\t<div class=\"elementor-widget-wrap elementor-element-populated\">\n\t\t\t\t\t\t<div class=\"elementor-element elementor-element-0cd827f elementor-widget elementor-widget-heading\" data-id=\"0cd827f\" data-element_type=\"widget\" data-e-type=\"widget\" data-widget_type=\"heading.default\">\n\t\t\t\t<div class=\"elementor-widget-container\">\n\t\t\t\t\t<h2 class=\"elementor-heading-title elementor-size-medium\"><h2 class=\"elementor-heading-title elementor-size-medium elementor-inline-editing pen\" data-elementor-setting-key=\"title\" data-pen-placeholder=\"Digite aqui...\" style=\"font-weight: var( --e-global-typography-primary-font-weight );font-family: var( --e-global-typography-primary-font-family ), Sans-serif\">Turma 2022<\/h2><\/h2>\t\t\t\t<\/div>\n\t\t\t\t<\/div>\n\t\t\t\t\t<\/div>\n\t\t<\/div>\n\t\t\t\t\t<\/div>\n\t\t<\/section>\n\t\t\t\t<section class=\"elementor-section elementor-top-section elementor-element elementor-element-b6df893 elementor-section-boxed elementor-section-height-default elementor-section-height-default\" data-id=\"b6df893\" data-element_type=\"section\" data-e-type=\"section\">\n\t\t\t\t\t\t<div class=\"elementor-container elementor-column-gap-default\">\n\t\t\t\t\t<div class=\"elementor-column elementor-col-100 elementor-top-column elementor-element elementor-element-4b7797e\" data-id=\"4b7797e\" data-element_type=\"column\" data-e-type=\"column\">\n\t\t\t<div class=\"elementor-widget-wrap elementor-element-populated\">\n\t\t\t\t\t\t<div class=\"elementor-element elementor-element-d080c3c elementor-widget elementor-widget-text-editor\" data-id=\"d080c3c\" data-element_type=\"widget\" data-e-type=\"widget\" data-widget_type=\"text-editor.default\">\n\t\t\t\t<div class=\"elementor-widget-container\">\n\t\t\t\t\t\t\t\t\t<p style=\"text-align: center\"><strong>Professor Tutor:<\/strong><\/p>\t\t\t\t\t\t\t\t<\/div>\n\t\t\t\t<\/div>\n\t\t\t\t\t<\/div>\n\t\t<\/div>\n\t\t\t\t\t<\/div>\n\t\t<\/section>\n\t\t\t\t<\/div>\n\t\t","protected":false},"excerpt":{"rendered":"<p>REPRESENTANTES DE TURMA E PROFESSORES TUTORES Representantes de Turma Representantes de turma s\u00e3o alunos da pr\u00f3pria classe que t\u00eam uma fun\u00e7\u00e3o parecida com a de media\u00e7\u00e3o e ger\u00eancia. \u00c9 o principal elo entre a turma e a institui\u00e7\u00e3o (docentes, coordena\u00e7\u00e3o e UNIFAP) por isso precisam ter disponibilidade para participar, efetivamente, das reuni\u00f5es para as quais&hellip;<\/p>\n","protected":false},"author":3882,"featured_media":0,"parent":4597,"menu_order":6,"comment_status":"closed","ping_status":"closed","template":"fullwidth.php","meta":{"inline_featured_image":false,"ngg_post_thumbnail":0,"footnotes":""},"class_list":["post-5797","page","type-page","status-publish","hentry"],"_links":{"self":[{"href":"http:\/\/www2.unifap.br\/eletrica\/wp-json\/wp\/v2\/pages\/5797","targetHints":{"allow":["GET"]}}],"collection":[{"href":"http:\/\/www2.unifap.br\/eletrica\/wp-json\/wp\/v2\/pages"}],"about":[{"href":"http:\/\/www2.unifap.br\/eletrica\/wp-json\/wp\/v2\/types\/page"}],"author":[{"embeddable":true,"href":"http:\/\/www2.unifap.br\/eletrica\/wp-json\/wp\/v2\/users\/3882"}],"replies":[{"embeddable":true,"href":"http:\/\/www2.unifap.br\/eletrica\/wp-json\/wp\/v2\/comments?post=5797"}],"version-history":[{"count":39,"href":"http:\/\/www2.unifap.br\/eletrica\/wp-json\/wp\/v2\/pages\/5797\/revisions"}],"predecessor-version":[{"id":10672,"href":"http:\/\/www2.unifap.br\/eletrica\/wp-json\/wp\/v2\/pages\/5797\/revisions\/10672"}],"up":[{"embeddable":true,"href":"http:\/\/www2.unifap.br\/eletrica\/wp-json\/wp\/v2\/pages\/4597"}],"wp:attachment":[{"href":"http:\/\/www2.unifap.br\/eletrica\/wp-json\/wp\/v2\/media?parent=5797"}],"curies":[{"name":"wp","href":"https:\/\/api.w.org\/{rel}","templated":true}]}}