{"id":580,"date":"2011-01-14T09:51:37","date_gmt":"2011-01-14T12:51:37","guid":{"rendered":"http:\/\/pororoca.unifap.br\/eletrica\/"},"modified":"2020-05-24T19:59:10","modified_gmt":"2020-05-24T22:59:10","slug":"setor-eletrico","status":"publish","type":"page","link":"http:\/\/www2.unifap.br\/eletrica\/academico\/setor-eletrico\/","title":{"rendered":"Sites \u00dateis (Setor El\u00e9trico)"},"content":{"rendered":"<h3><\/h3>\n<p>Sites do setor el\u00e9trico<\/p>\n<table border=\"1\" cellspacing=\"1\" cellpadding=\"0\" width=\"400\">\n<tbody>\n<tr>\n<td><a href=\"http:\/\/www.eletrobras.gov.br\/\" target=\"_blank\">Eletrobr\u00e1s<\/a><\/td>\n<td>Centrais El\u00e9tricas Brasileiras S.A<\/td>\n<\/tr>\n<tr>\n<td><a href=\"http:\/\/www.itaipu.gov.br\/\" target=\"_blank\">Itaipu<\/a><\/td>\n<td>Geradora Binacional<\/td>\n<\/tr>\n<tr>\n<td><a href=\"http:\/\/www.mme.gov.br\/\" target=\"_blank\">MME<\/a><\/td>\n<td>Minist\u00e9rio de Minas e Energia<\/td>\n<\/tr>\n<tr>\n<td><a href=\"http:\/\/www.furnas.gov.br\/\" target=\"_blank\">Furnas<\/a><\/td>\n<td>Furnas Centrais El\u00e9tricas S.A<\/td>\n<\/tr>\n<tr>\n<td><a href=\"http:\/\/www.eletrobras.gov.br\/programas\/procel\" target=\"_blank\">Procel<\/a><\/td>\n<td>Programa de Conserva\u00e7\u00e3o de Energia El\u00e9trica<\/td>\n<\/tr>\n<tr>\n<td><a href=\"http:\/\/www.eletronorte.gov.br\/\" target=\"_blank\">Eletronorte<\/a><\/td>\n<td>Centrais El\u00e9tricas do Norte do Brasil S.A<\/td>\n<\/tr>\n<tr>\n<td><a href=\"http:\/\/www.cea.ap.gov.br\/\" target=\"_blank\">CEA<\/a><\/td>\n<td>Companhia de Eletricidade do Amap\u00e1<\/td>\n<\/tr>\n<tr>\n<td><a href=\"http:\/\/www.cemig.com.br\/\" target=\"_blank\">Cemig<\/a><\/td>\n<td>Centrais El\u00e9tricas de Minas Gerais<\/td>\n<\/tr>\n<tr>\n<td><a href=\"http:\/\/www.cepel.br\/\" target=\"_blank\">Cepel<\/a><\/td>\n<td>Centro de Pesquisas de Energia El\u00e9trica<\/td>\n<\/tr>\n<tr>\n<td><a href=\"http:\/\/www.copel.com\/\" target=\"_blank\">Copel<\/a><\/td>\n<td>Companhia Paranaense de Energia<\/td>\n<\/tr>\n<tr>\n<td><a href=\"http:\/\/www.lightrio.com.br\/\" target=\"_blank\">Light<\/a><\/td>\n<td>Empresa de Energia El\u00e9trica do Rio de Janeiro<\/td>\n<\/tr>\n<tr>\n<td><a href=\"http:\/\/www.cesp.com.br\/\" target=\"_blank\">Cesp<\/a><\/td>\n<td>Companhia Energ\u00e9tica de S\u00e3o Paulo<\/td>\n<\/tr>\n<tr>\n<td><a href=\"http:\/\/www.cataguazes.com.br\/\" target=\"_blank\">CFLCL<\/a><\/td>\n<td>Companhia For\u00e7a e Luz Cataguazes Leopoldina<\/td>\n<\/tr>\n<tr>\n<td><a href=\"http:\/\/www.aneel.gov.br\/\" target=\"_blank\">Aneel<\/a><\/td>\n<td>Ag\u00eancia Nacional de Energia El\u00e9trica<\/td>\n<\/tr>\n<tr>\n<td><a href=\"http:\/\/www.eletropaulo.com.br\/\" target=\"_blank\">Eletropaulo<\/a><\/td>\n<td>Eletricidade de S\u00e3o Paulo S.A<\/td>\n<\/tr>\n<tr>\n<td><a href=\"http:\/\/www.chesf.gov.br\/\" target=\"_blank\">Chesf<\/a><\/td>\n<td>Companhia Hidrel\u00e9trica S\u00e3o Francisco<\/td>\n<\/tr>\n<tr>\n<td><a href=\"http:\/\/www.cpfl.com.br\/\" target=\"_blank\">CPFL<\/a><\/td>\n<td>Companhia Paulista de For\u00e7a e Luz<\/td>\n<\/tr>\n<tr>\n<td><a href=\"http:\/\/www.ceb.com.br\/\" target=\"_blank\">CEB<\/a><\/td>\n<td>Companhia Energ\u00e9tica de Bras\u00edlia<\/td>\n<\/tr>\n<tr>\n<td><a href=\"http:\/\/www.cemar-ma.com.br\/\" target=\"_blank\">Cemar<\/a><\/td>\n<td>Companhia Energ\u00e9tica do Maranh\u00e3o<\/td>\n<\/tr>\n<tr>\n<td><a href=\"http:\/\/www.celg.com.br\/\" target=\"_blank\">Celg<\/a><\/td>\n<td>Centrais El\u00e9tricas de Goi\u00e1s S.A<\/td>\n<\/tr>\n<tr>\n<td><a href=\"http:\/\/www.coelba.com.br\/\" target=\"_blank\">Coelba<\/a><\/td>\n<td>Companhia de Eletricidade do Estado da Bahia<\/td>\n<\/tr>\n<tr>\n<td><a href=\"http:\/\/www.energia.sp.gov.br\/\" target=\"_blank\">Sesp<\/a><\/td>\n<td>Setor Energ\u00e9tico do Estado de S\u00e3o Paulo<\/td>\n<\/tr>\n<tr>\n<td><a href=\"http:\/\/www.ons.org.br\/\" target=\"_blank\">ONS<\/a><\/td>\n<td>Operador Nacional do Sistema<\/td>\n<\/tr>\n<tr>\n<td><a href=\"http:\/\/www.ana.gov.br\/\" target=\"_blank\">ANA<\/a><\/td>\n<td>Ag\u00eancia Nacional de \u00c1guas<\/td>\n<\/tr>\n<tr>\n<td><a href=\"http:\/\/www.fnq.org.br\/\" target=\"_blank\">FNQ<\/a><\/td>\n<td>Funda\u00e7\u00e3o Nacional da Qualidade<\/td>\n<\/tr>\n<tr>\n<td><a href=\"http:\/\/www.elektro.com.br\/\" target=\"_blank\">Elektro<\/a><\/td>\n<td>Elektro Eletricidade e Servi\u00e7os S.A.<\/td>\n<\/tr>\n<tr>\n<td><a href=\"http:\/\/www.abrage.com.br\/\" target=\"_blank\">Abrage<\/a><\/td>\n<td>Associa\u00e7\u00e3o Brasileira das Empresas\u00a0 Produtoras de   Energia<\/td>\n<\/tr>\n<tr>\n<td><a href=\"http:\/\/www.duke-energy.com.br\/\" target=\"_blank\">Duke<\/a><\/td>\n<td>Duke Energy<\/td>\n<\/tr>\n<tr>\n<td><a href=\"http:\/\/www.aestiete.com.br\/\" target=\"_blank\">AES<\/a><\/td>\n<td>AES Tiet\u00ea<\/td>\n<\/tr>\n<tr>\n<td><a href=\"http:\/\/www.tractebelenergia.com.br\/\" target=\"_blank\">Tractebel<\/a><\/td>\n<td>Tractebel Energia<\/td>\n<\/tr>\n<\/tbody>\n<\/table>\n<h3>Internacionais<\/h3>\n<table border=\"1\" cellspacing=\"1\" cellpadding=\"0\" width=\"400\">\n<tbody>\n<tr>\n<td><a href=\"http:\/\/www.ande.gov.py\/\" target=\"_blank\">Ande<\/a><\/td>\n<td colspan=\"2\">Administraci\u00f3n Nacional de Electricidad (Paraguai)<\/td>\n<\/tr>\n<tr>\n<td colspan=\"2\"><a href=\"http:\/\/www.hydropower.org\/\" target=\"_blank\">IHA<\/a><\/td>\n<td>International Hydropower Association<\/td>\n<\/tr>\n<\/tbody>\n<\/table>\n<h3>Energias Renov\u00e1veis<\/h3>\n<table border=\"1\" cellspacing=\"0\" cellpadding=\"0\" width=\"478\">\n<tbody>\n<tr>\n<td><a href=\"http:\/\/www.cresesb.cepel.br\/\" target=\"_blank\">Cresesb<\/a><\/td>\n<td>Centro de refer\u00eancia para energia solar e e\u00f3lica   S\u00e9rgio de Salvo Brito<\/td>\n<\/tr>\n<tr>\n<td><a href=\"http:\/\/www.energia.usp.br\/lsf\/\" target=\"_blank\">LSF &#8211; USP<\/a><\/td>\n<td>Laborat\u00f3rio de sistemas fotovoltaicos<\/td>\n<\/tr>\n<tr>\n<td><a href=\"http:\/\/www.ufpa.br\/gedae\/\" target=\"_blank\">GEDAE &#8211; UFPA<\/a><\/td>\n<td>Grupo de estudos e desenvolvimento de   alternativas energ\u00e9ticas<\/td>\n<\/tr>\n<tr>\n<td><a href=\"http:\/\/www.ufpe.br\/grupofae\/\" target=\"_blank\">Grupo FAE &#8211; UFPE<\/a><\/td>\n<td>Grupo de pesquisa em fontes alternativas de   energia<\/td>\n<\/tr>\n<tr>\n<td><span style=\"text-decoration: underline\"><a href=\"http:\/\/www.abens.org.br\/\">ABENS<\/a><\/span><\/td>\n<td>Associa\u00e7\u00e3o Brasileira de Energia Solar<\/td>\n<\/tr>\n<\/tbody>\n<\/table>\n","protected":false},"excerpt":{"rendered":"<p>Sites do setor el\u00e9trico Eletrobr\u00e1s Centrais El\u00e9tricas Brasileiras S.A Itaipu Geradora Binacional MME Minist\u00e9rio de Minas e Energia Furnas Furnas Centrais El\u00e9tricas S.A Procel Programa de Conserva\u00e7\u00e3o de Energia El\u00e9trica Eletronorte Centrais El\u00e9tricas do Norte do Brasil S.A CEA Companhia de Eletricidade do Amap\u00e1 Cemig Centrais El\u00e9tricas de Minas Gerais Cepel Centro de Pesquisas de&hellip;<\/p>\n","protected":false},"author":66,"featured_media":0,"parent":4597,"menu_order":23,"comment_status":"closed","ping_status":"closed","template":"fullwidth.php","meta":{"inline_featured_image":false,"ngg_post_thumbnail":0,"footnotes":""},"class_list":["post-580","page","type-page","status-publish","hentry"],"_links":{"self":[{"href":"http:\/\/www2.unifap.br\/eletrica\/wp-json\/wp\/v2\/pages\/580","targetHints":{"allow":["GET"]}}],"collection":[{"href":"http:\/\/www2.unifap.br\/eletrica\/wp-json\/wp\/v2\/pages"}],"about":[{"href":"http:\/\/www2.unifap.br\/eletrica\/wp-json\/wp\/v2\/types\/page"}],"author":[{"embeddable":true,"href":"http:\/\/www2.unifap.br\/eletrica\/wp-json\/wp\/v2\/users\/66"}],"replies":[{"embeddable":true,"href":"http:\/\/www2.unifap.br\/eletrica\/wp-json\/wp\/v2\/comments?post=580"}],"version-history":[{"count":2,"href":"http:\/\/www2.unifap.br\/eletrica\/wp-json\/wp\/v2\/pages\/580\/revisions"}],"predecessor-version":[{"id":5749,"href":"http:\/\/www2.unifap.br\/eletrica\/wp-json\/wp\/v2\/pages\/580\/revisions\/5749"}],"up":[{"embeddable":true,"href":"http:\/\/www2.unifap.br\/eletrica\/wp-json\/wp\/v2\/pages\/4597"}],"wp:attachment":[{"href":"http:\/\/www2.unifap.br\/eletrica\/wp-json\/wp\/v2\/media?parent=580"}],"curies":[{"name":"wp","href":"https:\/\/api.w.org\/{rel}","templated":true}]}}