{"id":5852,"date":"2020-05-26T16:14:28","date_gmt":"2020-05-26T19:14:28","guid":{"rendered":"http:\/\/www2.unifap.br\/eletrica\/?page_id=5852"},"modified":"2020-06-09T17:46:22","modified_gmt":"2020-06-09T20:46:22","slug":"laboratorio-de-informatica","status":"publish","type":"page","link":"http:\/\/www2.unifap.br\/eletrica\/portal-administrativo\/agenda-dos-espacos-fisicos\/laboratorio-de-informatica\/","title":{"rendered":"Laborat\u00f3rio de Inform\u00e1tica"},"content":{"rendered":"\t\t<div data-elementor-type=\"wp-post\" data-elementor-id=\"5852\" class=\"elementor elementor-5852 elementor-bc-flex-widget\">\n\t\t\t\t\t\t<section class=\"elementor-section elementor-top-section elementor-element elementor-element-afe339d elementor-section-boxed elementor-section-height-default elementor-section-height-default\" data-id=\"afe339d\" data-element_type=\"section\" data-e-type=\"section\">\n\t\t\t\t\t\t<div class=\"elementor-container elementor-column-gap-default\">\n\t\t\t\t\t<div class=\"elementor-column elementor-col-100 elementor-top-column elementor-element elementor-element-510e12d\" data-id=\"510e12d\" data-element_type=\"column\" data-e-type=\"column\">\n\t\t\t<div class=\"elementor-widget-wrap elementor-element-populated\">\n\t\t\t\t\t\t<div class=\"elementor-element elementor-element-717d8dd elementor-widget elementor-widget-heading\" data-id=\"717d8dd\" data-element_type=\"widget\" data-e-type=\"widget\" data-widget_type=\"heading.default\">\n\t\t\t\t<div class=\"elementor-widget-container\">\n\t\t\t\t\t<h2 class=\"elementor-heading-title elementor-size-default\">LABORAT\u00d3RIO DE INFORM\u00c1TICA<\/h2>\t\t\t\t<\/div>\n\t\t\t\t<\/div>\n\t\t\t\t\t<\/div>\n\t\t<\/div>\n\t\t\t\t\t<\/div>\n\t\t<\/section>\n\t\t\t\t<section class=\"elementor-section elementor-top-section elementor-element elementor-element-920890f elementor-section-boxed elementor-section-height-default elementor-section-height-default\" data-id=\"920890f\" data-element_type=\"section\" data-e-type=\"section\">\n\t\t\t\t\t\t<div class=\"elementor-container elementor-column-gap-default\">\n\t\t\t\t\t<div class=\"elementor-column elementor-col-100 elementor-top-column elementor-element elementor-element-1fb3fc8\" data-id=\"1fb3fc8\" data-element_type=\"column\" data-e-type=\"column\">\n\t\t\t<div class=\"elementor-widget-wrap elementor-element-populated\">\n\t\t\t\t\t\t<div class=\"elementor-element elementor-element-ce9dac8 elementor-widget elementor-widget-spacer\" data-id=\"ce9dac8\" data-element_type=\"widget\" data-e-type=\"widget\" data-widget_type=\"spacer.default\">\n\t\t\t\t<div class=\"elementor-widget-container\">\n\t\t\t\t\t\t\t<div class=\"elementor-spacer\">\n\t\t\t<div class=\"elementor-spacer-inner\"><\/div>\n\t\t<\/div>\n\t\t\t\t\t\t<\/div>\n\t\t\t\t<\/div>\n\t\t\t\t\t<\/div>\n\t\t<\/div>\n\t\t\t\t\t<\/div>\n\t\t<\/section>\n\t\t\t\t<section class=\"elementor-section elementor-top-section elementor-element elementor-element-32122b8 elementor-section-boxed elementor-section-height-default elementor-section-height-default\" data-id=\"32122b8\" data-element_type=\"section\" data-e-type=\"section\">\n\t\t\t\t\t\t<div class=\"elementor-container elementor-column-gap-default\">\n\t\t\t\t\t<div class=\"elementor-column elementor-col-100 elementor-top-column elementor-element elementor-element-9aaecbb\" data-id=\"9aaecbb\" data-element_type=\"column\" data-e-type=\"column\">\n\t\t\t<div class=\"elementor-widget-wrap elementor-element-populated\">\n\t\t\t\t\t\t<div class=\"elementor-element elementor-element-5a177fe elementor-widget elementor-widget-text-editor\" data-id=\"5a177fe\" data-element_type=\"widget\" data-e-type=\"widget\" data-widget_type=\"text-editor.default\">\n\t\t\t\t<div class=\"elementor-widget-container\">\n\t\t\t\t\t\t\t\t\t<p>O Curso de Engenharia El\u00e9trica da UNIFAP disp\u00f5e de uma laborat\u00f3rio de inform\u00e1tica com 40 computadores para atendimento as demandas internas e externas ao colegiado.\u00a0<\/p><p>A consulta da agenda de utiliza\u00e7\u00e3o \u00e9 feita de forma transparente e p\u00fablica, permitindo maior agilidade na reserva e alcance na divulga\u00e7\u00e3o das atividades\/programa\u00e7\u00f5es realizadas.<\/p><p>Ao abrir a agenda, clique sobre o evento para ver maiores detalhes sobre o hor\u00e1rio de in\u00edcio e fim de cada atividade.<\/p>\t\t\t\t\t\t\t\t<\/div>\n\t\t\t\t<\/div>\n\t\t\t\t\t<\/div>\n\t\t<\/div>\n\t\t\t\t\t<\/div>\n\t\t<\/section>\n\t\t\t\t<section class=\"elementor-section elementor-top-section elementor-element elementor-element-d0cc671 elementor-section-boxed elementor-section-height-default elementor-section-height-default\" data-id=\"d0cc671\" data-element_type=\"section\" data-e-type=\"section\">\n\t\t\t\t\t\t<div class=\"elementor-container elementor-column-gap-default\">\n\t\t\t\t\t<div class=\"elementor-column elementor-col-100 elementor-top-column elementor-element elementor-element-226efe6\" data-id=\"226efe6\" data-element_type=\"column\" data-e-type=\"column\">\n\t\t\t<div class=\"elementor-widget-wrap elementor-element-populated\">\n\t\t\t\t\t\t<div class=\"elementor-element elementor-element-5253f34 elementor-widget elementor-widget-text-editor\" data-id=\"5253f34\" data-element_type=\"widget\" data-e-type=\"widget\" data-widget_type=\"text-editor.default\">\n\t\t\t\t<div class=\"elementor-widget-container\">\n\t\t\t\t\t\t\t\t\t<p><strong>Chefe de Laborat\u00f3rio:<\/strong> Coordena\u00e7\u00e3o do Curse de Engenharia<\/p><p>E-mail: <a href=\"mailto:helyelson@unifap.br\">eletrica@unifap.br<\/a><\/p><p><b>T\u00e9cnico:<\/b>\u00a0Gilmar Holanda da Paix\u00e3o<\/p><p>E-mail:\u00a0<u><a href=\"mailto:gilmar.paixao@unifap.br\">gilmar.paixao@unifap.br<\/a><\/u><\/p>\t\t\t\t\t\t\t\t<\/div>\n\t\t\t\t<\/div>\n\t\t\t\t\t<\/div>\n\t\t<\/div>\n\t\t\t\t\t<\/div>\n\t\t<\/section>\n\t\t\t\t<section class=\"elementor-section elementor-top-section elementor-element elementor-element-4328df6 elementor-section-boxed elementor-section-height-default elementor-section-height-default\" data-id=\"4328df6\" data-element_type=\"section\" data-e-type=\"section\">\n\t\t\t\t\t\t<div class=\"elementor-container elementor-column-gap-default\">\n\t\t\t\t\t<div class=\"elementor-column elementor-col-100 elementor-top-column elementor-element elementor-element-50a192a\" data-id=\"50a192a\" data-element_type=\"column\" data-e-type=\"column\">\n\t\t\t<div class=\"elementor-widget-wrap elementor-element-populated\">\n\t\t\t\t\t\t<div class=\"elementor-element elementor-element-8c74ef3 elementor-widget-divider--view-line elementor-widget elementor-widget-divider\" data-id=\"8c74ef3\" data-element_type=\"widget\" data-e-type=\"widget\" data-widget_type=\"divider.default\">\n\t\t\t\t<div class=\"elementor-widget-container\">\n\t\t\t\t\t\t\t<div class=\"elementor-divider\">\n\t\t\t<span class=\"elementor-divider-separator\">\n\t\t\t\t\t\t<\/span>\n\t\t<\/div>\n\t\t\t\t\t\t<\/div>\n\t\t\t\t<\/div>\n\t\t\t\t\t<\/div>\n\t\t<\/div>\n\t\t\t\t\t<\/div>\n\t\t<\/section>\n\t\t\t\t<section class=\"elementor-section elementor-top-section elementor-element elementor-element-e3af649 elementor-section-boxed elementor-section-height-default elementor-section-height-default\" data-id=\"e3af649\" data-element_type=\"section\" data-e-type=\"section\">\n\t\t\t\t\t\t<div class=\"elementor-container elementor-column-gap-default\">\n\t\t\t\t\t<div class=\"elementor-column elementor-col-100 elementor-top-column elementor-element elementor-element-eab804f\" data-id=\"eab804f\" data-element_type=\"column\" data-e-type=\"column\">\n\t\t\t<div class=\"elementor-widget-wrap elementor-element-populated\">\n\t\t\t\t\t\t<div class=\"elementor-element elementor-element-810b931 elementor-widget elementor-widget-html\" data-id=\"810b931\" data-element_type=\"widget\" data-e-type=\"widget\" data-widget_type=\"html.default\">\n\t\t\t\t<div class=\"elementor-widget-container\">\n\t\t\t\t\t<iframe style=\"border: 0;\" src=\"https:\/\/calendar.google.com\/calendar\/embed?src=ss8jbmtek1nqr3nuodnb262a20%40group.calendar.google.com&amp;ctz=America%2FBelem\" width=\"800\" height=\"600\" frameborder=\"0\" scrolling=\"no\"><\/iframe>\t\t\t\t<\/div>\n\t\t\t\t<\/div>\n\t\t\t\t\t<\/div>\n\t\t<\/div>\n\t\t\t\t\t<\/div>\n\t\t<\/section>\n\t\t\t\t<section class=\"elementor-section elementor-top-section elementor-element elementor-element-95da403 elementor-section-boxed elementor-section-height-default elementor-section-height-default\" data-id=\"95da403\" data-element_type=\"section\" data-e-type=\"section\">\n\t\t\t\t\t\t<div class=\"elementor-container elementor-column-gap-default\">\n\t\t\t\t\t<div class=\"elementor-column elementor-col-100 elementor-top-column elementor-element elementor-element-286f577\" data-id=\"286f577\" data-element_type=\"column\" data-e-type=\"column\">\n\t\t\t<div class=\"elementor-widget-wrap elementor-element-populated\">\n\t\t\t\t\t\t<div class=\"elementor-element elementor-element-485131e elementor-widget-divider--view-line elementor-widget elementor-widget-divider\" data-id=\"485131e\" data-element_type=\"widget\" data-e-type=\"widget\" data-widget_type=\"divider.default\">\n\t\t\t\t<div class=\"elementor-widget-container\">\n\t\t\t\t\t\t\t<div class=\"elementor-divider\">\n\t\t\t<span class=\"elementor-divider-separator\">\n\t\t\t\t\t\t<\/span>\n\t\t<\/div>\n\t\t\t\t\t\t<\/div>\n\t\t\t\t<\/div>\n\t\t\t\t\t<\/div>\n\t\t<\/div>\n\t\t\t\t\t<\/div>\n\t\t<\/section>\n\t\t\t\t<section class=\"elementor-section elementor-top-section elementor-element elementor-element-4b52bf4 elementor-section-boxed elementor-section-height-default elementor-section-height-default\" data-id=\"4b52bf4\" data-element_type=\"section\" data-e-type=\"section\">\n\t\t\t\t\t\t<div class=\"elementor-container elementor-column-gap-default\">\n\t\t\t\t\t<div class=\"elementor-column elementor-col-100 elementor-top-column elementor-element elementor-element-28d07d8\" data-id=\"28d07d8\" data-element_type=\"column\" data-e-type=\"column\">\n\t\t\t<div class=\"elementor-widget-wrap elementor-element-populated\">\n\t\t\t\t\t\t<div class=\"elementor-element elementor-element-9a68b3f elementor-widget elementor-widget-text-editor\" data-id=\"9a68b3f\" data-element_type=\"widget\" data-e-type=\"widget\" data-widget_type=\"text-editor.default\">\n\t\t\t\t<div class=\"elementor-widget-container\">\n\t\t\t\t\t\t\t\t\t<p><strong><u>Como proceder para agendar o laborat\u00f3rio?<\/u><\/strong><\/p><p>\u00a0<\/p><p style=\"margin: 0cm 0cm 7.5pt; text-align: justify; line-height: 19.5pt; background-image: initial; background-position: initial; background-size: initial; background-repeat: initial; background-attachment: initial; background-origin: initial; background-clip: initial;\"><span style=\"font-family: Arial, sans-serif;\">\u00a0<\/span><\/p><p style=\"margin: 0cm 0cm 7.5pt; text-align: justify; line-height: 19.5pt; background-image: initial; background-position: initial; background-size: initial; background-repeat: initial; background-attachment: initial; background-origin: initial; background-clip: initial;\"><span style=\"font-family: Arial, sans-serif;\">Havendo disponibilidade de hor\u00e1rio \u00e9 poss\u00edvel realizar a reserva das seguintes formas:<\/span><\/p><p style=\"margin: 0cm 0cm 7.5pt; text-align: justify; line-height: 19.5pt; background-image: initial; background-position: initial; background-size: initial; background-repeat: initial; background-attachment: initial; background-origin: initial; background-clip: initial;\"><span style=\"font-family: Arial, sans-serif;\">\u00a0<\/span><\/p><p style=\"margin: 0cm 0cm 7.5pt; line-height: 19.5pt; background-image: initial; background-position: initial; background-size: initial; background-repeat: initial; background-attachment: initial; background-origin: initial; background-clip: initial;\"><b><span style=\"font-family: Arial, sans-serif;\">1 &#8211;<\/span><\/b><span style=\"font-family: Arial, sans-serif;\"> Encaminhando solicita\u00e7\u00e3o via memorando SIPAC para CCEELET. O memorando dever\u00e1 conter as seguintes informa\u00e7\u00f5es: nome do servidor que utilizar\u00e1 o laborat\u00f3rio, dados sobre o evento, dias e hor\u00e1rios de in\u00edcio e fim do evento.<\/span><\/p><p style=\"margin: 0cm 0cm 7.5pt; line-height: 19.5pt; background-image: initial; background-position: initial; background-size: initial; background-repeat: initial; background-attachment: initial; background-origin: initial; background-clip: initial;\"><b><span style=\"font-family: Arial, sans-serif;\">2 &#8211;<\/span><\/b><span style=\"font-family: Arial, sans-serif;\"> Preenchendo o formul\u00e1rio de solicita\u00e7\u00e3o de agendamento (clique aqui).\u00a0<\/span><\/p><p style=\"margin: 0cm 0cm 7.5pt; line-height: 19.5pt; background-image: initial; background-position: initial; background-size: initial; background-repeat: initial; background-attachment: initial; background-origin: initial; background-clip: initial;\"><b><span style=\"font-family: Arial, sans-serif;\">3 &#8211;<\/span><\/b><span style=\"font-family: Arial, sans-serif;\"> Diretamente\u00a0com um dos t\u00e9cnicos de laborat\u00f3rio na sala de manuten\u00e7\u00e3o localizada no segundo piso do pr\u00e9dio.\u00a0<\/span><\/p><p style=\"margin: 0cm 0cm 7.5pt; text-align: justify; line-height: 19.5pt; background-image: initial; background-position: initial; background-size: initial; background-repeat: initial; background-attachment: initial; background-origin: initial; background-clip: initial;\"><span style=\"font-family: Arial, sans-serif;\">\u00a0<\/span><\/p><p>\u00a0<\/p><p style=\"margin: 0cm 0cm 7.5pt; line-height: 19.5pt; background-image: initial; background-position: initial; background-size: initial; background-repeat: initial; background-attachment: initial; background-origin: initial; background-clip: initial;\"><span style=\"font-family: Arial, sans-serif;\">Os agendamentos seguir\u00e3o a ordem de prioridade de reservas prevista no regulamento de uso dos laborat\u00f3rios.<\/span><\/p><p><strong>\u00a0<\/strong><\/p><p><strong>REGULAMENTO:<\/strong><\/p><p><a href=\"http:\/\/www2.unifap.br\/eletrica\/files\/2020\/03\/CEE_REGUL_USO_LABORATORIOS_2015.pdf\" target=\"_blank\" rel=\"noopener\">Clique aqui para baixar o regulamento de uso dos laborat\u00f3rios de Engenharia El\u00e9trica<\/a>.<\/p>\t\t\t\t\t\t\t\t<\/div>\n\t\t\t\t<\/div>\n\t\t\t\t\t<\/div>\n\t\t<\/div>\n\t\t\t\t\t<\/div>\n\t\t<\/section>\n\t\t\t\t<section class=\"elementor-section elementor-top-section elementor-element elementor-element-86fe810 elementor-section-boxed elementor-section-height-default elementor-section-height-default\" data-id=\"86fe810\" data-element_type=\"section\" data-e-type=\"section\">\n\t\t\t\t\t\t<div class=\"elementor-container elementor-column-gap-default\">\n\t\t\t\t\t<div class=\"elementor-column elementor-col-100 elementor-top-column elementor-element elementor-element-eba15f3\" data-id=\"eba15f3\" data-element_type=\"column\" data-e-type=\"column\">\n\t\t\t<div class=\"elementor-widget-wrap elementor-element-populated\">\n\t\t\t\t\t\t<div class=\"elementor-element elementor-element-2dc98a8 elementor-invisible elementor-widget elementor-widget-image-gallery\" data-id=\"2dc98a8\" data-element_type=\"widget\" data-e-type=\"widget\" data-settings=\"{&quot;_animation&quot;:&quot;fadeIn&quot;}\" data-widget_type=\"image-gallery.default\">\n\t\t\t\t<div class=\"elementor-widget-container\">\n\t\t\t\t\t\t\t<div class=\"elementor-image-gallery\">\n\t\t\t<div id='gallery-1' class='gallery galleryid-5852 gallery-columns-4 gallery-size-thumbnail'><figure class='gallery-item'>\n\t\t\t<div class='gallery-icon landscape'>\n\t\t\t\t<a data-elementor-open-lightbox=\"yes\" data-elementor-lightbox-slideshow=\"2dc98a8\" data-elementor-lightbox-title=\"12\" data-e-action-hash=\"#elementor-action%3Aaction%3Dlightbox%26settings%3DeyJpZCI6NjM2NSwidXJsIjoiaHR0cDpcL1wvd3d3Mi51bmlmYXAuYnJcL2VsZXRyaWNhXC9maWxlc1wvMjAyMFwvMDZcLzEyLmpwZyIsInNsaWRlc2hvdyI6IjJkYzk4YTgifQ%3D%3D\" href='http:\/\/www2.unifap.br\/eletrica\/files\/2020\/06\/12.jpg'><img decoding=\"async\" width=\"150\" height=\"150\" src=\"http:\/\/www2.unifap.br\/eletrica\/files\/2020\/06\/12-150x150.jpg\" class=\"attachment-thumbnail size-thumbnail\" alt=\"\" \/><\/a>\n\t\t\t<\/div><\/figure><figure class='gallery-item'>\n\t\t\t<div class='gallery-icon landscape'>\n\t\t\t\t<a data-elementor-open-lightbox=\"yes\" data-elementor-lightbox-slideshow=\"2dc98a8\" data-elementor-lightbox-title=\"13\" data-e-action-hash=\"#elementor-action%3Aaction%3Dlightbox%26settings%3DeyJpZCI6NjM2NiwidXJsIjoiaHR0cDpcL1wvd3d3Mi51bmlmYXAuYnJcL2VsZXRyaWNhXC9maWxlc1wvMjAyMFwvMDZcLzEzLmpwZyIsInNsaWRlc2hvdyI6IjJkYzk4YTgifQ%3D%3D\" href='http:\/\/www2.unifap.br\/eletrica\/files\/2020\/06\/13.jpg'><img decoding=\"async\" width=\"150\" height=\"150\" src=\"http:\/\/www2.unifap.br\/eletrica\/files\/2020\/06\/13-150x150.jpg\" class=\"attachment-thumbnail size-thumbnail\" alt=\"\" \/><\/a>\n\t\t\t<\/div><\/figure>\n\t\t<\/div>\n\t\t<\/div>\n\t\t\t\t\t\t<\/div>\n\t\t\t\t<\/div>\n\t\t\t\t\t<\/div>\n\t\t<\/div>\n\t\t\t\t\t<\/div>\n\t\t<\/section>\n\t\t\t\t<\/div>\n\t\t","protected":false},"excerpt":{"rendered":"<p>LABORAT\u00d3RIO DE INFORM\u00c1TICA O Curso de Engenharia El\u00e9trica da UNIFAP disp\u00f5e de uma laborat\u00f3rio de inform\u00e1tica com 40 computadores para atendimento as demandas internas e externas ao colegiado.\u00a0 A consulta da agenda de utiliza\u00e7\u00e3o \u00e9 feita de forma transparente e p\u00fablica, permitindo maior agilidade na reserva e alcance na divulga\u00e7\u00e3o das atividades\/programa\u00e7\u00f5es realizadas. Ao abrir&hellip;<\/p>\n","protected":false},"author":66,"featured_media":0,"parent":5406,"menu_order":0,"comment_status":"closed","ping_status":"closed","template":"fullwidth.php","meta":{"inline_featured_image":false,"ngg_post_thumbnail":0,"footnotes":""},"class_list":["post-5852","page","type-page","status-publish","hentry"],"_links":{"self":[{"href":"http:\/\/www2.unifap.br\/eletrica\/wp-json\/wp\/v2\/pages\/5852","targetHints":{"allow":["GET"]}}],"collection":[{"href":"http:\/\/www2.unifap.br\/eletrica\/wp-json\/wp\/v2\/pages"}],"about":[{"href":"http:\/\/www2.unifap.br\/eletrica\/wp-json\/wp\/v2\/types\/page"}],"author":[{"embeddable":true,"href":"http:\/\/www2.unifap.br\/eletrica\/wp-json\/wp\/v2\/users\/66"}],"replies":[{"embeddable":true,"href":"http:\/\/www2.unifap.br\/eletrica\/wp-json\/wp\/v2\/comments?post=5852"}],"version-history":[{"count":4,"href":"http:\/\/www2.unifap.br\/eletrica\/wp-json\/wp\/v2\/pages\/5852\/revisions"}],"predecessor-version":[{"id":6378,"href":"http:\/\/www2.unifap.br\/eletrica\/wp-json\/wp\/v2\/pages\/5852\/revisions\/6378"}],"up":[{"embeddable":true,"href":"http:\/\/www2.unifap.br\/eletrica\/wp-json\/wp\/v2\/pages\/5406"}],"wp:attachment":[{"href":"http:\/\/www2.unifap.br\/eletrica\/wp-json\/wp\/v2\/media?parent=5852"}],"curies":[{"name":"wp","href":"https:\/\/api.w.org\/{rel}","templated":true}]}}