{"id":6224,"date":"2020-06-08T16:37:20","date_gmt":"2020-06-08T19:37:20","guid":{"rendered":"http:\/\/www2.unifap.br\/eletrica\/?page_id=6224"},"modified":"2021-07-14T18:52:36","modified_gmt":"2021-07-14T21:52:36","slug":"6224-2","status":"publish","type":"page","link":"http:\/\/www2.unifap.br\/eletrica\/portal-administrativo\/6224-2\/","title":{"rendered":"Avalia\u00e7\u00e3o Discente"},"content":{"rendered":"\t\t<div data-elementor-type=\"wp-post\" data-elementor-id=\"6224\" class=\"elementor elementor-6224\">\n\t\t\t\t\t\t<section class=\"elementor-section elementor-top-section elementor-element elementor-element-3a648dea elementor-section-full_width elementor-section-content-space-evenly elementor-section-height-default elementor-section-height-default\" data-id=\"3a648dea\" data-element_type=\"section\" data-e-type=\"section\" data-settings=\"{&quot;background_background&quot;:&quot;classic&quot;}\">\n\t\t\t\t\t\t\t<div class=\"elementor-background-overlay\"><\/div>\n\t\t\t\t\t\t\t<div class=\"elementor-container elementor-column-gap-default\">\n\t\t\t\t\t<div class=\"elementor-column elementor-col-100 elementor-top-column elementor-element elementor-element-36308b12\" data-id=\"36308b12\" data-element_type=\"column\" data-e-type=\"column\">\n\t\t\t<div class=\"elementor-widget-wrap elementor-element-populated\">\n\t\t\t\t\t\t<div class=\"elementor-element elementor-element-734fc026 elementor-invisible elementor-widget elementor-widget-heading\" data-id=\"734fc026\" data-element_type=\"widget\" data-e-type=\"widget\" data-settings=\"{&quot;_animation&quot;:&quot;zoomIn&quot;}\" data-widget_type=\"heading.default\">\n\t\t\t\t<div class=\"elementor-widget-container\">\n\t\t\t\t\t<h1 class=\"elementor-heading-title elementor-size-large\">avalia\u00e7\u00e3o discente<\/h1>\t\t\t\t<\/div>\n\t\t\t\t<\/div>\n\t\t\t\t<div class=\"elementor-element elementor-element-ed6c055 elementor-invisible elementor-widget elementor-widget-heading\" data-id=\"ed6c055\" data-element_type=\"widget\" data-e-type=\"widget\" data-settings=\"{&quot;_animation&quot;:&quot;fadeInUp&quot;}\" data-widget_type=\"heading.default\">\n\t\t\t\t<div class=\"elementor-widget-container\">\n\t\t\t\t\t<p class=\"elementor-heading-title elementor-size-medium\">Divulga\u00e7\u00e3o da pesquisa acad\u00eamica realizada nos per\u00edodos referente aos semestres  2018.2, 2019.1, 2019.2 e 2020.3<\/p>\t\t\t\t<\/div>\n\t\t\t\t<\/div>\n\t\t\t\t\t<\/div>\n\t\t<\/div>\n\t\t\t\t\t<\/div>\n\t\t<\/section>\n\t\t\t\t<header class=\"elementor-section elementor-top-section elementor-element elementor-element-1dc8852 elementor-section-full_width elementor-section-height-default elementor-section-height-default elementor-invisible\" data-id=\"1dc8852\" data-element_type=\"section\" data-e-type=\"section\" data-settings=\"{&quot;background_background&quot;:&quot;classic&quot;,&quot;animation&quot;:&quot;zoomIn&quot;}\">\n\t\t\t\t\t\t<div class=\"elementor-container elementor-column-gap-extended\">\n\t\t\t\t\t<div class=\"elementor-column elementor-col-100 elementor-top-column elementor-element elementor-element-4fe9552\" data-id=\"4fe9552\" data-element_type=\"column\" data-e-type=\"column\">\n\t\t\t<div class=\"elementor-widget-wrap elementor-element-populated\">\n\t\t\t\t\t\t<div class=\"elementor-element elementor-element-2a35b5b elementor-widget elementor-widget-text-editor\" data-id=\"2a35b5b\" data-element_type=\"widget\" data-e-type=\"widget\" data-widget_type=\"text-editor.default\">\n\t\t\t\t<div class=\"elementor-widget-container\">\n\t\t\t\t\t\t\t\t\t<section class=\"elementor-element elementor-element-9669810 elementor-section-boxed elementor-section-height-default elementor-section-height-default elementor-section elementor-top-section animated fadeIn\" data-id=\"9669810\" data-settings=\"{\"><div class=\"elementor-container elementor-column-gap-default\"><div class=\"elementor-row\"><div class=\"elementor-element elementor-element-a5d7ae0 elementor-column elementor-col-100 elementor-top-column\" data-id=\"a5d7ae0\"><div class=\"elementor-column-wrap elementor-element-populated\"><div class=\"elementor-widget-wrap\"><div class=\"elementor-element elementor-element-7d48629 elementor-widget elementor-widget-heading\" data-id=\"7d48629\"><div class=\"elementor-widget-container\"><h2 class=\"elementor-heading-title elementor-size-default\">Introdu\u00e7\u00e3o:<\/h2><\/div><\/div><\/div><\/div><\/div><\/div><\/div><\/section><section class=\"elementor-element elementor-element-5edf167 elementor-section-boxed elementor-section-height-default elementor-section-height-default elementor-section elementor-top-section animated fadeIn\" data-id=\"5edf167\" data-settings=\"{\"><div class=\"elementor-container elementor-column-gap-default\"><div class=\"elementor-row\"><div class=\"elementor-element elementor-element-a94b95e elementor-column elementor-col-100 elementor-top-column\" data-id=\"a94b95e\"><div class=\"elementor-column-wrap elementor-element-populated\"><div class=\"elementor-widget-wrap\"><div class=\"elementor-element elementor-element-b75603e elementor-widget elementor-widget-text-editor\" data-id=\"b75603e\"><div class=\"elementor-widget-container\"><div class=\"elementor-text-editor elementor-clearfix\"><p style=\"text-align: left\">Os resultados apresentados a seguir, s\u00e3o oriundos da pesquisa realizada entre os alunos do Curso de Engenharia El\u00e9trica no per\u00edodo de 06\/04 a 10\/04 de 202116\/12 a 31\/12 , 10\/06 a 27\/06 de 2019 e 16\/12 a 31\/12 de 2018,\u00a0 por meio de formul\u00e1rio eletr\u00f4nico. e a partir dos dados obtidos, busca-se contribuir para uma reflex\u00e3o com bases s\u00f3lidas para o desenvolvimento deste curso, tendo como meta o que foi elaborado no Planejamento Estrat\u00e9gico do Curso. a fim de torn\u00e1-lo, a cada semestre, mais alinhada com o Plano de Desenvolvimento Institucional desta IFES.<\/p><\/div><\/div><\/div><\/div><\/div><\/div><\/div><\/div><\/section>\t\t\t\t\t\t\t\t<\/div>\n\t\t\t\t<\/div>\n\t\t\t\t<div class=\"elementor-element elementor-element-206b700 elementor-widget elementor-widget-heading\" data-id=\"206b700\" data-element_type=\"widget\" data-e-type=\"widget\" data-widget_type=\"heading.default\">\n\t\t\t\t<div class=\"elementor-widget-container\">\n\t\t\t\t\t<h2 class=\"elementor-heading-title elementor-size-medium\">AVALIA\u00c7\u00c3O DAS DISCIPLINA DO SEMESTRE 2020.3<\/h2>\t\t\t\t<\/div>\n\t\t\t\t<\/div>\n\t\t\t\t<div class=\"elementor-element elementor-element-a9ebb32 elementor-widget elementor-widget-text-editor\" data-id=\"a9ebb32\" data-element_type=\"widget\" data-e-type=\"widget\" data-widget_type=\"text-editor.default\">\n\t\t\t\t<div class=\"elementor-widget-container\">\n\t\t\t\t\t\t\t\t\t<p><a href=\"http:\/\/www2.unifap.br\/eletrica\/files\/2021\/07\/2020.3-C\u00e1lculo-Aplicado-III.pdf\">Resultado da Disciplina C\u00e1lculo Aplicado III<\/a><\/p><p><a href=\"http:\/\/www2.unifap.br\/eletrica\/files\/2021\/07\/2020.3-Circuitos-El\u00e9tricos-II.pdf\">Resultado da Disciplina Circuitos El\u00e9tricos II<\/a>\u00a0<\/p><p><a href=\"http:\/\/www2.unifap.br\/eletrica\/files\/2021\/07\/2020.3-Distribui\u00e7\u00e3o-de-Energia.pdf\">Resultado da Disciplina Distribui\u00e7\u00e3o de Energia<\/a>\u00a0<\/p><p><a href=\"http:\/\/www2.unifap.br\/eletrica\/files\/2021\/07\/2020.3-Eletr\u00f4nica-Anal\u00f3gica-I.pdf\">Resultado da Disciplina Eletr\u00f4nica Anal\u00f3gica I<\/a>\u00a0<\/p><p><a href=\"http:\/\/www2.unifap.br\/eletrica\/files\/2021\/07\/2020.3-Eletr\u00f4nica-de-Pot\u00eancia.pdf\">Resultado da Disciplina Eletr\u00f4nica de Pot\u00eancia<\/a>\u00a0<\/p><p><a href=\"http:\/\/www2.unifap.br\/eletrica\/files\/2021\/07\/2020.3-Fun\u00e7\u00f5es-de-uma-Vari\u00e1vel-Complexa.pdf\">Resultado da DisciplinaFun\u00e7\u00f5es de uma Vari\u00e1vel Complexa<\/a>\u00a0<\/p><p><a href=\"http:\/\/www2.unifap.br\/eletrica\/files\/2021\/07\/2020.3-Fundamentos-de-F\u00edsica-para-Engenharia.pdf\">Resultado da Disciplina Fundamentos de F\u00edsica para Engenharia<\/a>\u00a0<\/p><p><a href=\"http:\/\/www2.unifap.br\/eletrica\/files\/2021\/07\/2020.3-Fundamentos-de-Mec\u00e2nica-dos-S\u00f3lidos.pdf\">Resultado da Disciplina Fundamentos de Mec\u00e2nica dos S\u00f3lidos<\/a>\u00a0<\/p><p><a href=\"http:\/\/www2.unifap.br\/eletrica\/files\/2021\/07\/2020.3-Introdu\u00e7\u00e3o-a-Engenharia-El\u00e9trica.pdf\">Resultado da Disciplina Introdu\u00e7\u00e3o a Engenharia El\u00e9trica<\/a>\u00a0<\/p><p><a href=\"http:\/\/www2.unifap.br\/eletrica\/files\/2021\/07\/2020.3-Prote\u00e7\u00e3o-em-S.-E.-E..pdf\">Resultado da DisciplinaProte\u00e7\u00e3o em S. E. E.<\/a>\u00a0<\/p><p><a href=\"http:\/\/www2.unifap.br\/eletrica\/files\/2021\/07\/2020.3-Sistemas-de-Comunica\u00e7\u00e3o.pdf\">Resultado da DisciplinaSistemas de Comunica\u00e7\u00e3o<\/a>\u00a0<\/p><p><a href=\"http:\/\/www2.unifap.br\/eletrica\/files\/2021\/07\/2020.3-Sistemas-El\u00e9tricos-de-Pot\u00eancia-I.pdf\">Resultado da Disciplina Sistemas El\u00e9tricos de Pot\u00eancia I<\/a>\u00a0<\/p><p><a href=\"http:\/\/www2.unifap.br\/eletrica\/files\/2021\/07\/2020.3-Teoria-Eletromagn\u00e9tica.pdf\">Resultado da DisciplinaTeoria Eletromagn\u00e9tica<\/a><\/p><p><a href=\"http:\/\/www2.unifap.br\/eletrica\/files\/2021\/07\/2020.3-Adm.-Org.-Empresa-de-Eng..pdf\">Resultado da Disciplina Adm. Org. Empresa de Eng.<\/a><\/p>\t\t\t\t\t\t\t\t<\/div>\n\t\t\t\t<\/div>\n\t\t\t\t<div class=\"elementor-element elementor-element-739534e elementor-widget elementor-widget-heading\" data-id=\"739534e\" data-element_type=\"widget\" data-e-type=\"widget\" data-widget_type=\"heading.default\">\n\t\t\t\t<div class=\"elementor-widget-container\">\n\t\t\t\t\t<h2 class=\"elementor-heading-title elementor-size-medium\">AVALIA\u00c7\u00c3O DAS DISCIPLINAS SEGUNDO SEMESTRE 2019.2<\/h2>\t\t\t\t<\/div>\n\t\t\t\t<\/div>\n\t\t\t\t<div class=\"elementor-element elementor-element-1f9b049 elementor-widget elementor-widget-text-editor\" data-id=\"1f9b049\" data-element_type=\"widget\" data-e-type=\"widget\" data-widget_type=\"text-editor.default\">\n\t\t\t\t<div class=\"elementor-widget-container\">\n\t\t\t\t\t\t\t\t\t<section class=\"elementor-element elementor-element-9669810 elementor-section-boxed elementor-section-height-default elementor-section-height-default elementor-section elementor-top-section animated fadeIn\" data-id=\"9669810\" data-settings=\"{\"><div class=\"elementor-container elementor-column-gap-default\"><div class=\"elementor-row\"><div class=\"elementor-element elementor-element-a5d7ae0 elementor-column elementor-col-100 elementor-top-column\" data-id=\"a5d7ae0\"><div class=\"elementor-column-wrap elementor-element-populated\"><div class=\"elementor-widget-wrap\"><div class=\"elementor-element elementor-element-7d48629 elementor-widget elementor-widget-heading\" data-id=\"7d48629\"><div>\u00a0<\/div><\/div><\/div><\/div><\/div><\/div><\/div><\/section><p><a href=\"http:\/\/www2.unifap.br\/eletrica\/files\/2020\/09\/Resultado-da-Disciplina-C\u00e1lculo-Aplicado-I1.pdf\">Resultado da Disciplina C\u00e1lculo Aplicado II<\/a><\/p><p><a href=\"http:\/\/www2.unifap.br\/eletrica\/files\/2020\/09\/Resultado-da-Disciplina-Circuitos-eletricos-I.pdf\">Resultado da Disciplina Circuitos eletricos I<\/a><\/p><p><a href=\"http:\/\/www2.unifap.br\/eletrica\/files\/2020\/09\/Resultado-da-Disciplina-Convers\u00e3o-de-Energia-I.pdf\">Resultado da Disciplina Convers\u00e3o de Energia I<\/a><\/p><p><a href=\"http:\/\/www2.unifap.br\/eletrica\/files\/2020\/09\/Resultado-da-Disciplina-Economia-para-Engenheiros.pdf\">Resultado da Disciplina Economia para Engenheiros<\/a><\/p><p><a href=\"http:\/\/www2.unifap.br\/eletrica\/files\/2020\/09\/Resultado-da-Disciplina-Eletricidade-e-Magnetismo.pdf\">Resultado da Disciplina Eletricidade e Magnetismo<\/a><\/p><p><a href=\"http:\/\/www2.unifap.br\/eletrica\/files\/2020\/09\/Resultado-da-Disciplina-Eletrifica\u00e7\u00e3o-Rural.pdf\">Resultado da Disciplina Eletrifica\u00e7\u00e3o Rural<\/a><\/p><p><a href=\"http:\/\/www2.unifap.br\/eletrica\/files\/2020\/09\/Resultado-da-Disciplina-Eletr\u00f4nica-Anal\u00f3gica-II.pdf\">Resultado da Disciplina Eletr\u00f4nica Anal\u00f3gica II<\/a><\/p><p><a href=\"http:\/\/www2.unifap.br\/eletrica\/files\/2020\/09\/Resultado-da-Disciplina-Eletr\u00f4nica-Digital-II.pdf\">Resultado da Disciplina Eletr\u00f4nica Digital II<\/a><\/p><p><a href=\"http:\/\/www2.unifap.br\/eletrica\/files\/2020\/09\/Resultado-da-Disciplina-Energia-e-Meio-Ambiente.pdf\">Resultado da Disciplina Energia e Meio Ambiente<\/a><\/p><p><a href=\"http:\/\/www2.unifap.br\/eletrica\/files\/2020\/09\/Resultado-da-Disciplina-Energia-e-Sociedade.pdf\">Resultado da Disciplina Energia e Sociedade<\/a><\/p><p><a href=\"http:\/\/www2.unifap.br\/eletrica\/files\/2020\/09\/Resultado-da-Disciplina-Energia-Renov\u00e1vel.pdf\">Resultado da Disciplina Energia Renov\u00e1vel<\/a><\/p><p><a href=\"http:\/\/www2.unifap.br\/eletrica\/files\/2020\/09\/Resultado-da-Disciplina-Equa\u00e7\u00f5es-Diferenciais.pdf\">Resultado da Disciplina Equa\u00e7\u00f5es Diferenciais<\/a><\/p><p><a href=\"http:\/\/www2.unifap.br\/eletrica\/files\/2020\/09\/Resultado-da-Disciplina-Fundamentos-de-F\u00edsica-para-Engenharia-II.pdf\">Resultado da Disciplina Fundamentos de F\u00edsica para Engenharia II<\/a><\/p><p><a href=\"http:\/\/www2.unifap.br\/eletrica\/files\/2020\/09\/Resultado-da-Disciplina-Int.-a-Met.-Da-Pesq.-Cient\u00edfica-e-Tecnol\u00f3gica.pdf\">Resultado da Disciplina Int. a Met. Da Pesq. Cient\u00edfica e Tecnol\u00f3gica<\/a><\/p><p><a href=\"http:\/\/www2.unifap.br\/eletrica\/files\/2020\/09\/Resultado-da-Disciplina-Introdu\u00e7\u00e3o-a-Teoria-de-Controle.pdf\">Resultado da Disciplina Introdu\u00e7\u00e3o a Teoria de Controle<\/a><\/p><p><a href=\"http:\/\/www2.unifap.br\/eletrica\/files\/2020\/09\/Resultado-da-Disciplina-Introdu\u00e7\u00e3o-aos-Sistemas-de-Energia-El\u00e9trica.pdf\">Resultado da Disciplina Introdu\u00e7\u00e3o aos Sistemas de Energia El\u00e9trica<\/a><\/p><p><a href=\"http:\/\/www2.unifap.br\/eletrica\/files\/2020\/09\/Resultado-da-Disciplina-M\u00e9todos-Geol\u00e9tricos-para-Engenharia.pdf\">Resultado da Disciplina M\u00e9todos Geol\u00e9tricos para Engenharia<\/a><\/p><p><a href=\"http:\/\/www2.unifap.br\/eletrica\/files\/2020\/09\/Resultado-da-Disciplina-Probabilidade-e-Estat\u00edstica.pdf\">Resultado da Disciplina Probabilidade e Estat\u00edstica<\/a> ]<\/p><p><a href=\"http:\/\/www2.unifap.br\/eletrica\/files\/2020\/09\/Resultado-da-Disciplina-Programa\u00e7\u00e3o-Estruturada-de-Dados.pdf\">Resultado da Disciplina Programa\u00e7\u00e3o Estruturada de Dados<\/a><\/p><p><a href=\"http:\/\/www2.unifap.br\/eletrica\/files\/2020\/09\/Resultado-da-Disciplina-Qu\u00edmica-para-Engenheiros.pdf\">Resultado da Disciplina Qu\u00edmica para Engenheiros<\/a><\/p><p><a href=\"http:\/\/www2.unifap.br\/eletrica\/files\/2020\/09\/Resultado-da-DisciplinaT\u00e9cnicas-Anal\u00edticas-para-Engenharia-El\u00e9trica.pdf\">Resultado da DisciplinaT\u00e9cnicas Anal\u00edticas para Engenharia El\u00e9trica<\/a><\/p>\t\t\t\t\t\t\t\t<\/div>\n\t\t\t\t<\/div>\n\t\t\t\t\t<\/div>\n\t\t<\/div>\n\t\t\t\t\t<\/div>\n\t\t<\/header>\n\t\t\t\t<section class=\"elementor-section elementor-top-section elementor-element elementor-element-14f548a elementor-section-boxed elementor-section-height-default elementor-section-height-default\" data-id=\"14f548a\" data-element_type=\"section\" data-e-type=\"section\">\n\t\t\t\t\t\t<div class=\"elementor-container elementor-column-gap-default\">\n\t\t\t\t\t<div class=\"elementor-column elementor-col-100 elementor-top-column elementor-element elementor-element-5fef0be\" data-id=\"5fef0be\" data-element_type=\"column\" data-e-type=\"column\">\n\t\t\t<div class=\"elementor-widget-wrap elementor-element-populated\">\n\t\t\t\t\t\t<div class=\"elementor-element elementor-element-8455c19 elementor-widget elementor-widget-heading\" data-id=\"8455c19\" data-element_type=\"widget\" data-e-type=\"widget\" data-widget_type=\"heading.default\">\n\t\t\t\t<div class=\"elementor-widget-container\">\n\t\t\t\t\t<h2 class=\"elementor-heading-title elementor-size-medium\">AVALIA\u00c7\u00c3O DAS DISCIPLINA PRIMEIRO SEMESTRE 2019.1<\/h2>\t\t\t\t<\/div>\n\t\t\t\t<\/div>\n\t\t\t\t<div class=\"elementor-element elementor-element-6bd55e5 elementor-widget elementor-widget-text-editor\" data-id=\"6bd55e5\" data-element_type=\"widget\" data-e-type=\"widget\" data-widget_type=\"text-editor.default\">\n\t\t\t\t<div class=\"elementor-widget-container\">\n\t\t\t\t\t\t\t\t\t<p><a href=\"http:\/\/www2.unifap.br\/eletrica\/files\/2020\/09\/Resultado-da-Disciplina-Administra\u00e7\u00e3o-e-Organiza\u00e7\u00e3o-de-Empresas.pdf\">Resultado da Disciplina Administra\u00e7\u00e3o e Organiza\u00e7\u00e3o de Empresas<\/a><\/p><p><a href=\"http:\/\/www2.unifap.br\/eletrica\/files\/2020\/09\/Resultado-da-Disciplina-C\u00e1lculo-Aplicado-I.pdf\">Resultado da Disciplina C\u00e1lculo Aplicado I<\/a><\/p><p><a href=\"http:\/\/www2.unifap.br\/eletrica\/files\/2020\/09\/Resultado-da-Disciplina-C\u00e1lculo-Aplicado-III.pdf\">Resultado da Disciplina C\u00e1lculo Aplicado III<\/a><\/p><p><a href=\"http:\/\/www2.unifap.br\/eletrica\/files\/2020\/09\/Resultado-da-Disciplina-Circuitos-El\u00e9tricos-II.pdf\">Resultado da Disciplina Circuitos El\u00e9tricos II<\/a><\/p><p><a href=\"http:\/\/www2.unifap.br\/eletrica\/files\/2020\/09\/Resultado-da-Disciplina-Convers\u00e3o-de-Energia-II.pdf\">Resultado da Disciplina Convers\u00e3o de Energia II<\/a><\/p><p><a href=\"http:\/\/www2.unifap.br\/eletrica\/files\/2020\/09\/Resultado-da-Disciplina-Desenho-T\u00e9cnico.pdf\">Resultado da Disciplina Desenho T\u00e9cnico<\/a>\u00a0<\/p><p><a href=\"http:\/\/www2.unifap.br\/eletrica\/files\/2020\/09\/Resultado-da-Disciplina-Distribui\u00e7\u00e3o-de-Energia-El\u00e9trica.pdf\">Resultado da Disciplina Distribui\u00e7\u00e3o de Energia El\u00e9trica<\/a><\/p><p><a href=\"http:\/\/www2.unifap.br\/eletrica\/files\/2020\/09\/Resultado-da-Disciplina-Eletr\u00f4nica-de-Pot\u00eancia.pdf\">Resultado da Disciplina Eletr\u00f4nica de Pot\u00eancia<\/a><\/p><p>]<a href=\"http:\/\/www2.unifap.br\/eletrica\/files\/2020\/09\/Resultado-da-Disciplina-Fun\u00e7\u00f5es-de-uma-Vari\u00e1vel-Complexa.pdf\">Resultado da Disciplina Fun\u00e7\u00f5es de uma Vari\u00e1vel Complexa<\/a><\/p><p><a href=\"http:\/\/www2.unifap.br\/eletrica\/files\/2020\/09\/Resultado-da-Disciplina-Fundamentos-de-F\u00edsica-para-Engenharia-I.pdf\">]Resultado da Disciplina Fundamentos de F\u00edsica para Engenharia I<\/a><\/p><p><a href=\"http:\/\/www2.unifap.br\/eletrica\/files\/2020\/09\/Resultado-da-Disciplina-Fundamentos-de-Mec\u00e2nica-dos-S\u00f3lidos.pdf\">Resultado da Disciplina Fundamentos de Mec\u00e2nica dos S\u00f3lidos<\/a><\/p><p><a href=\"http:\/\/www2.unifap.br\/eletrica\/files\/2020\/09\/Resultado-da-Disciplina-Geometria-Anal\u00edtica-e-\u00c1lgebra-Linear.pdf\">Resultado da Disciplina Geometria Anal\u00edtica e \u00c1lgebra Linear<\/a><\/p><p><a href=\"http:\/\/www2.unifap.br\/eletrica\/files\/2020\/09\/Resultado-da-Disciplina-Instrumenta\u00e7\u00e3o-e-Controle-de-Processos.pdf\">Resultado da Disciplina Instrumenta\u00e7\u00e3o e Controle de Processos<\/a><\/p><p><a href=\"http:\/\/www2.unifap.br\/eletrica\/files\/2020\/09\/Resultado-da-Disciplina-Introdu\u00e7\u00e3o-a-Ci\u00eancia-da-Computa\u00e7\u00e3o.pdf\">Resultado da Disciplina Introdu\u00e7\u00e3o a Ci\u00eancia da Computa\u00e7\u00e3o<\/a><\/p><p><a href=\"http:\/\/www2.unifap.br\/eletrica\/files\/2020\/09\/Resultado-da-Disciplina-Introdu\u00e7\u00e3o-a-Engenharia-El\u00e9trica.pdf\">Resultado da Disciplina Introdu\u00e7\u00e3o a Engenharia El\u00e9trica<\/a><\/p><p><a href=\"http:\/\/www2.unifap.br\/eletrica\/files\/2020\/09\/Resultado-da-Disciplina-Laborat\u00f3rio-de-F\u00edsica-para-Engenharia.pdf\">Resultado da Disciplina Laborat\u00f3rio de F\u00edsica para Engenharia<\/a><\/p><p><a href=\"http:\/\/www2.unifap.br\/eletrica\/files\/2020\/09\/Resultado-da-Disciplina-Sistemas-El\u00e9tricos-de-Pot\u00eancia-I.pdf\">Resultado da Disciplina Sistemas El\u00e9tricos de Pot\u00eancia I<\/a><\/p><p><a href=\"http:\/\/www2.unifap.br\/eletrica\/files\/2020\/09\/Resultado-da-Disciplina-Teoria-das-Comunica\u00e7\u00f5es.pdf\">Resultado da Disciplina Teoria das Comunica\u00e7\u00f5es<\/a><\/p>\t\t\t\t\t\t\t\t<\/div>\n\t\t\t\t<\/div>\n\t\t\t\t<div class=\"elementor-element elementor-element-cc1292f elementor-widget elementor-widget-heading\" data-id=\"cc1292f\" data-element_type=\"widget\" data-e-type=\"widget\" data-widget_type=\"heading.default\">\n\t\t\t\t<div class=\"elementor-widget-container\">\n\t\t\t\t\t<h2 class=\"elementor-heading-title elementor-size-medium\">AVALIA\u00c7\u00c3O DAS DISCIPLINA SEGUNDO SEMESTRES 2018.2<\/h2>\t\t\t\t<\/div>\n\t\t\t\t<\/div>\n\t\t\t\t\t<\/div>\n\t\t<\/div>\n\t\t\t\t\t<\/div>\n\t\t<\/section>\n\t\t\t\t<section class=\"elementor-section elementor-top-section elementor-element elementor-element-77f353a elementor-section-boxed elementor-section-height-default elementor-section-height-default\" data-id=\"77f353a\" data-element_type=\"section\" data-e-type=\"section\">\n\t\t\t\t\t\t<div class=\"elementor-container elementor-column-gap-default\">\n\t\t\t\t\t<div class=\"elementor-column elementor-col-100 elementor-top-column elementor-element elementor-element-c404572\" data-id=\"c404572\" data-element_type=\"column\" data-e-type=\"column\">\n\t\t\t<div class=\"elementor-widget-wrap elementor-element-populated\">\n\t\t\t\t\t\t<div class=\"elementor-element elementor-element-0913b17 elementor-widget elementor-widget-text-editor\" data-id=\"0913b17\" data-element_type=\"widget\" data-e-type=\"widget\" data-widget_type=\"text-editor.default\">\n\t\t\t\t<div class=\"elementor-widget-container\">\n\t\t\t\t\t\t\t\t\t<p><a href=\"http:\/\/www2.unifap.br\/eletrica\/files\/2020\/09\/Resultado-da-Disciplina-Eletrifica\u00e7\u00e3o-Rural-1.pdf\">Resultado da Disciplina Eletrifica\u00e7\u00e3o Rural<\/a><\/p><p><a href=\"http:\/\/www2.unifap.br\/eletrica\/files\/2020\/09\/Resultado-da-Disciplina-Eletr\u00f4nica-Anal\u00f3gica-II-1.pdf\">Resultado da Disciplina Eletr\u00f4nica Anal\u00f3gica II<\/a><\/p><p><a href=\"http:\/\/www2.unifap.br\/eletrica\/files\/2020\/09\/Resultado-da-Disciplina-Energia-e-Meio-Ambiente-1.pdf\">Resultado da Disciplina Energia e Meio Ambiente<\/a><\/p><p><a href=\"http:\/\/www2.unifap.br\/eletrica\/files\/2020\/09\/Resultado-da-Disciplina-Energia-Renov\u00e1vel-1.pdf\">Resultado da Disciplina Energia Renov\u00e1vel<\/a><\/p><p><a href=\"http:\/\/www2.unifap.br\/eletrica\/files\/2020\/09\/Resultado-da-Disciplina-Equa\u00e7\u00f5es-Diferenciais-1.pdf\">Resultado da Disciplina Equa\u00e7\u00f5es Diferenciais<\/a><\/p><p><a href=\"http:\/\/www2.unifap.br\/eletrica\/files\/2020\/09\/Resultado-da-Disciplina-Gera\u00e7\u00e3o-de-Energia.pdf\">Resultado da Disciplina Gera\u00e7\u00e3o de Energia<\/a><\/p><p><a href=\"http:\/\/www2.unifap.br\/eletrica\/files\/2020\/09\/Resultado-da-Disciplina-Instala\u00e7\u00f5es-El\u00e9tricas.pdf\">Resultado da Disciplina Instala\u00e7\u00f5es El\u00e9tricas<\/a><\/p><p><a href=\"http:\/\/www2.unifap.br\/eletrica\/files\/2020\/09\/Resultado-da-Disciplina-Int.-a-Met.-Da-Pesq.-Cient\u00edfica-e-Tecnol\u00f3gica-1.pdf\">Resultado da Disciplina Int. a Met. Da Pesq. Cient\u00edfica e Tecnol\u00f3gica<\/a><\/p><p><a href=\"http:\/\/www2.unifap.br\/eletrica\/files\/2020\/09\/Resultado-da-Disciplina-Introdu\u00e7\u00e3o-a-Teoria-de-Controle-1.pdf\">Resultado da Disciplina Introdu\u00e7\u00e3o a Teoria de Controle<\/a><\/p><p><a href=\"http:\/\/www2.unifap.br\/eletrica\/files\/2020\/09\/Resultado-da-Disciplina-Introdu\u00e7\u00e3o-aos-Sistemas-de-Energia-El\u00e9trica-1.pdf\">Resultado da Disciplina Introdu\u00e7\u00e3o aos Sistemas de Energia El\u00e9trica<\/a><\/p><p><a href=\"http:\/\/www2.unifap.br\/eletrica\/files\/2020\/09\/Resultado-da-Disciplina-Introdu\u00e7\u00e3o-Materiais-El\u00e9tricos.pdf\">Resultado da Disciplina Introdu\u00e7\u00e3o Materiais El\u00e9tricos<\/a><\/p><p><a href=\"http:\/\/www2.unifap.br\/eletrica\/files\/2020\/09\/Resultado-da-Disciplina-Introdu\u00e7\u00e3o-Sistemas-El\u00e9tricos-de-Pot\u00eancia-II.pdf\">Resultado da Disciplina Introdu\u00e7\u00e3o Sistemas El\u00e9tricos de Pot\u00eancia II<\/a><\/p><p><a href=\"http:\/\/www2.unifap.br\/eletrica\/files\/2020\/09\/Resultado-da-Disciplina-Introdu\u00e7\u00e3o-T\u00e9cnicas-Anal\u00edticas-para-Engenharia-El\u00e9trica.pdf\">Resultado da Disciplina Introdu\u00e7\u00e3o T\u00e9cnicas Anal\u00edticas para Engenharia El\u00e9trica<\/a><\/p><p><a href=\"http:\/\/www2.unifap.br\/eletrica\/files\/2020\/09\/Resultado-da-Disciplina-M\u00e9todos-Geol\u00e9tricos-para-Engenharia-1.pdf\">Resultado da Disciplina M\u00e9todos Geol\u00e9tricos para Engenharia<\/a><\/p><p><a href=\"http:\/\/www2.unifap.br\/eletrica\/files\/2020\/09\/Resultado-da-DisciplinaTransmiss\u00e3o-de-Energia.pdf\">Resultado da DisciplinaTransmiss\u00e3o de Energia<\/a><\/p>\t\t\t\t\t\t\t\t<\/div>\n\t\t\t\t<\/div>\n\t\t\t\t\t<\/div>\n\t\t<\/div>\n\t\t\t\t\t<\/div>\n\t\t<\/section>\n\t\t\t\t<\/div>\n\t\t","protected":false},"excerpt":{"rendered":"<p>avalia\u00e7\u00e3o discente Divulga\u00e7\u00e3o da pesquisa acad\u00eamica realizada nos per\u00edodos referente aos semestres 2018.2, 2019.1, 2019.2 e 2020.3 Introdu\u00e7\u00e3o: Os resultados apresentados a seguir, s\u00e3o oriundos da pesquisa realizada entre os alunos do Curso de Engenharia El\u00e9trica no per\u00edodo de 06\/04 a 10\/04 de 202116\/12 a 31\/12 , 10\/06 a 27\/06 de 2019 e 16\/12 a&hellip;<\/p>\n","protected":false},"author":2828,"featured_media":0,"parent":5164,"menu_order":5,"comment_status":"closed","ping_status":"closed","template":"fullwidth.php","meta":{"inline_featured_image":false,"ngg_post_thumbnail":0,"footnotes":""},"class_list":["post-6224","page","type-page","status-publish","hentry"],"_links":{"self":[{"href":"http:\/\/www2.unifap.br\/eletrica\/wp-json\/wp\/v2\/pages\/6224","targetHints":{"allow":["GET"]}}],"collection":[{"href":"http:\/\/www2.unifap.br\/eletrica\/wp-json\/wp\/v2\/pages"}],"about":[{"href":"http:\/\/www2.unifap.br\/eletrica\/wp-json\/wp\/v2\/types\/page"}],"author":[{"embeddable":true,"href":"http:\/\/www2.unifap.br\/eletrica\/wp-json\/wp\/v2\/users\/2828"}],"replies":[{"embeddable":true,"href":"http:\/\/www2.unifap.br\/eletrica\/wp-json\/wp\/v2\/comments?post=6224"}],"version-history":[{"count":39,"href":"http:\/\/www2.unifap.br\/eletrica\/wp-json\/wp\/v2\/pages\/6224\/revisions"}],"predecessor-version":[{"id":8278,"href":"http:\/\/www2.unifap.br\/eletrica\/wp-json\/wp\/v2\/pages\/6224\/revisions\/8278"}],"up":[{"embeddable":true,"href":"http:\/\/www2.unifap.br\/eletrica\/wp-json\/wp\/v2\/pages\/5164"}],"wp:attachment":[{"href":"http:\/\/www2.unifap.br\/eletrica\/wp-json\/wp\/v2\/media?parent=6224"}],"curies":[{"name":"wp","href":"https:\/\/api.w.org\/{rel}","templated":true}]}}