{"id":6611,"date":"2020-06-30T19:43:39","date_gmt":"2020-06-30T22:43:39","guid":{"rendered":"http:\/\/www2.unifap.br\/eletrica\/?page_id=6611"},"modified":"2020-06-30T21:54:20","modified_gmt":"2020-07-01T00:54:20","slug":"iv-semana-de-engenharia-eletrica","status":"publish","type":"page","link":"http:\/\/www2.unifap.br\/eletrica\/academico\/semana-da-engenharia-eletrica\/iv-semana-de-engenharia-eletrica\/","title":{"rendered":"IV Semana de Engenharia El\u00e9trica"},"content":{"rendered":"\t\t<div data-elementor-type=\"wp-page\" data-elementor-id=\"6611\" class=\"elementor elementor-6611\">\n\t\t\t\t\t\t<section class=\"elementor-section elementor-top-section elementor-element elementor-element-0289c63 elementor-section-boxed elementor-section-height-default elementor-section-height-default\" data-id=\"0289c63\" data-element_type=\"section\" data-e-type=\"section\">\n\t\t\t\t\t\t<div class=\"elementor-container elementor-column-gap-default\">\n\t\t\t\t\t<div class=\"elementor-column elementor-col-100 elementor-top-column elementor-element elementor-element-28bc822\" data-id=\"28bc822\" data-element_type=\"column\" data-e-type=\"column\">\n\t\t\t<div class=\"elementor-widget-wrap elementor-element-populated\">\n\t\t\t\t\t\t<div class=\"elementor-element elementor-element-530cd8f elementor-widget elementor-widget-image\" data-id=\"530cd8f\" data-element_type=\"widget\" data-e-type=\"widget\" data-widget_type=\"image.default\">\n\t\t\t\t<div class=\"elementor-widget-container\">\n\t\t\t\t\t\t\t\t\t\t\t\t\t\t\t<img fetchpriority=\"high\" decoding=\"async\" width=\"550\" height=\"209\" src=\"http:\/\/www2.unifap.br\/eletrica\/files\/2020\/06\/ivsemana.jpg\" class=\"attachment-large size-large wp-image-6579\" alt=\"\" srcset=\"http:\/\/www2.unifap.br\/eletrica\/files\/2020\/06\/ivsemana.jpg 720w, http:\/\/www2.unifap.br\/eletrica\/files\/2020\/06\/ivsemana-300x114.jpg 300w\" sizes=\"(max-width: 550px) 100vw, 550px\" \/>\t\t\t\t\t\t\t\t\t\t\t\t\t\t\t<\/div>\n\t\t\t\t<\/div>\n\t\t\t\t\t<\/div>\n\t\t<\/div>\n\t\t\t\t\t<\/div>\n\t\t<\/section>\n\t\t\t\t<section class=\"elementor-section elementor-top-section elementor-element elementor-element-1b3fb31 elementor-section-boxed elementor-section-height-default elementor-section-height-default\" data-id=\"1b3fb31\" data-element_type=\"section\" data-e-type=\"section\">\n\t\t\t\t\t\t<div class=\"elementor-container elementor-column-gap-default\">\n\t\t\t\t\t<div class=\"elementor-column elementor-col-100 elementor-top-column elementor-element elementor-element-07d45b0\" data-id=\"07d45b0\" data-element_type=\"column\" data-e-type=\"column\">\n\t\t\t<div class=\"elementor-widget-wrap elementor-element-populated\">\n\t\t\t\t\t\t<div class=\"elementor-element elementor-element-3baedc4 elementor-widget elementor-widget-text-editor\" data-id=\"3baedc4\" data-element_type=\"widget\" data-e-type=\"widget\" data-widget_type=\"text-editor.default\">\n\t\t\t\t<div class=\"elementor-widget-container\">\n\t\t\t\t\t\t\t\t\t<p><strong>IV Semana De Engenharia El\u00e9trica &#8211; Unifap<\/strong><\/p><p>No per\u00edodo de 09\/01\/2017 a 13\/01\/2017 ser\u00e1 realizada a Semana do Curso de Engenharia El\u00e9trica da Universidade Federal do Amap\u00e1. Na oportunidade teremos tr\u00eas momentos distintos:<br \/><br \/>a) Exposi\u00e7\u00e3o de projetos desenvolvidos no curso e de empresas interessadas em divulgar aos discentes seus trabalhos na \u00e1rea, que ocorrer\u00e1 no dia 12\/01 nos turnos vespertino e noturno.<br \/><br \/>b) mini-cursos espec\u00edficos ministrados por professores, alunos e empresas que desejam compartilhar conhecimentos com os acad\u00eamicos do curso, com hor\u00e1rios dispon\u00edveis para os tr\u00eas turnos, durante os dias 09\/01, 10\/01 e 11\/01, com carga hor\u00e1ria m\u00ednima de 12 horas (4 horas por dia).<br \/><br \/>c) circuito de palestra de profissionais, empresas, professores e alunos que possam trazer assuntos inovadores, estudo de caso profissional, oportunidades de emprego e est\u00e1gio de interesse fundamental \u00e0 forma\u00e7\u00e3o de nossos alunos. Cada palestra com dura\u00e7\u00e3o de 30 a 45 minutos, programadas para os turnos matutino e vespertino do dia 12\/01 e para os tr\u00eas turnos no dia 13\/01.<\/p>\t\t\t\t\t\t\t\t<\/div>\n\t\t\t\t<\/div>\n\t\t\t\t\t<\/div>\n\t\t<\/div>\n\t\t\t\t\t<\/div>\n\t\t<\/section>\n\t\t\t\t<section class=\"elementor-section elementor-top-section elementor-element elementor-element-fe114a9 elementor-section-boxed elementor-section-height-default elementor-section-height-default\" data-id=\"fe114a9\" data-element_type=\"section\" data-e-type=\"section\">\n\t\t\t\t\t\t<div class=\"elementor-container elementor-column-gap-default\">\n\t\t\t\t\t<div class=\"elementor-column elementor-col-100 elementor-top-column elementor-element elementor-element-8a6edb1\" data-id=\"8a6edb1\" data-element_type=\"column\" data-e-type=\"column\">\n\t\t\t<div class=\"elementor-widget-wrap elementor-element-populated\">\n\t\t\t\t\t\t<div class=\"elementor-element elementor-element-cce1977 elementor-widget elementor-widget-image-gallery\" data-id=\"cce1977\" data-element_type=\"widget\" data-e-type=\"widget\" data-widget_type=\"image-gallery.default\">\n\t\t\t\t<div class=\"elementor-widget-container\">\n\t\t\t\t\t\t\t<div class=\"elementor-image-gallery\">\n\t\t\t<div id='gallery-1' class='gallery galleryid-6611 gallery-columns-4 gallery-size-thumbnail'><figure class='gallery-item'>\n\t\t\t<div class='gallery-icon landscape'>\n\t\t\t\t<a data-elementor-open-lightbox=\"yes\" data-elementor-lightbox-slideshow=\"cce1977\" data-elementor-lightbox-title=\"ivsemana_palestra\" data-e-action-hash=\"#elementor-action%3Aaction%3Dlightbox%26settings%3DeyJpZCI6NjYxNSwidXJsIjoiaHR0cDpcL1wvd3d3Mi51bmlmYXAuYnJcL2VsZXRyaWNhXC9maWxlc1wvMjAyMFwvMDZcL2l2c2VtYW5hX3BhbGVzdHJhLnBuZyIsInNsaWRlc2hvdyI6ImNjZTE5NzcifQ%3D%3D\" href='http:\/\/www2.unifap.br\/eletrica\/files\/2020\/06\/ivsemana_palestra.png'><img decoding=\"async\" width=\"150\" height=\"150\" src=\"http:\/\/www2.unifap.br\/eletrica\/files\/2020\/06\/ivsemana_palestra-150x150.png\" class=\"attachment-thumbnail size-thumbnail\" alt=\"\" aria-describedby=\"gallery-1-6615\" \/><\/a>\n\t\t\t<\/div>\n\t\t\t\t<figcaption class='wp-caption-text gallery-caption' id='gallery-1-6615'>\n\t\t\t\tAutor: creaap\n\t\t\t\t<\/figcaption><\/figure>\n\t\t<\/div>\n\t\t<\/div>\n\t\t\t\t\t\t<\/div>\n\t\t\t\t<\/div>\n\t\t\t\t\t<\/div>\n\t\t<\/div>\n\t\t\t\t\t<\/div>\n\t\t<\/section>\n\t\t\t\t<section class=\"elementor-section elementor-top-section elementor-element elementor-element-b54e10f elementor-section-boxed elementor-section-height-default elementor-section-height-default\" data-id=\"b54e10f\" data-element_type=\"section\" data-e-type=\"section\">\n\t\t\t\t\t\t<div class=\"elementor-container elementor-column-gap-default\">\n\t\t\t\t\t<div class=\"elementor-column elementor-col-100 elementor-top-column elementor-element elementor-element-7d9baea\" data-id=\"7d9baea\" data-element_type=\"column\" data-e-type=\"column\">\n\t\t\t<div class=\"elementor-widget-wrap elementor-element-populated\">\n\t\t\t\t\t\t<div class=\"elementor-element elementor-element-b3c562f elementor-widget elementor-widget-text-editor\" data-id=\"b3c562f\" data-element_type=\"widget\" data-e-type=\"widget\" data-widget_type=\"text-editor.default\">\n\t\t\t\t<div class=\"elementor-widget-container\">\n\t\t\t\t\t\t\t\t\t<p style=\"line-height: 20.25pt;background: white;margin: 0cm 0cm 15pt;text-align: left\"><span style=\"font-size: 8.0pt;font-family: 'Open Sans',serif;color: #777777\">Cr\u00e9ditos:<\/span><br \/><span style=\"font-size: 8.0pt;font-family: 'Open Sans',serif;color: #777777\">https:\/\/allevents.in\/macap%C3%A1\/iv-semana-de-engenharia-el%C3%A9trica-unifap\/327343420983824<\/span><br \/><span style=\"font-size: 8.0pt;font-family: 'Open Sans',serif;color: #777777\">https:\/\/www.creaap.org.br\/interatividade\/noticias\/detalhe\/1189<\/span><\/p>\t\t\t\t\t\t\t\t<\/div>\n\t\t\t\t<\/div>\n\t\t\t\t\t<\/div>\n\t\t<\/div>\n\t\t\t\t\t<\/div>\n\t\t<\/section>\n\t\t\t\t<\/div>\n\t\t","protected":false},"excerpt":{"rendered":"<p>IV Semana De Engenharia El\u00e9trica &#8211; Unifap No per\u00edodo de 09\/01\/2017 a 13\/01\/2017 ser\u00e1 realizada a Semana do Curso de Engenharia El\u00e9trica da Universidade Federal do Amap\u00e1. Na oportunidade teremos tr\u00eas momentos distintos: a) Exposi\u00e7\u00e3o de projetos desenvolvidos no curso e de empresas interessadas em divulgar aos discentes seus trabalhos na \u00e1rea, que ocorrer\u00e1 no&hellip;<\/p>\n","protected":false},"author":66,"featured_media":0,"parent":5976,"menu_order":4,"comment_status":"closed","ping_status":"closed","template":"fullwidth.php","meta":{"inline_featured_image":false,"ngg_post_thumbnail":0,"footnotes":""},"class_list":["post-6611","page","type-page","status-publish","hentry"],"_links":{"self":[{"href":"http:\/\/www2.unifap.br\/eletrica\/wp-json\/wp\/v2\/pages\/6611","targetHints":{"allow":["GET"]}}],"collection":[{"href":"http:\/\/www2.unifap.br\/eletrica\/wp-json\/wp\/v2\/pages"}],"about":[{"href":"http:\/\/www2.unifap.br\/eletrica\/wp-json\/wp\/v2\/types\/page"}],"author":[{"embeddable":true,"href":"http:\/\/www2.unifap.br\/eletrica\/wp-json\/wp\/v2\/users\/66"}],"replies":[{"embeddable":true,"href":"http:\/\/www2.unifap.br\/eletrica\/wp-json\/wp\/v2\/comments?post=6611"}],"version-history":[{"count":5,"href":"http:\/\/www2.unifap.br\/eletrica\/wp-json\/wp\/v2\/pages\/6611\/revisions"}],"predecessor-version":[{"id":6634,"href":"http:\/\/www2.unifap.br\/eletrica\/wp-json\/wp\/v2\/pages\/6611\/revisions\/6634"}],"up":[{"embeddable":true,"href":"http:\/\/www2.unifap.br\/eletrica\/wp-json\/wp\/v2\/pages\/5976"}],"wp:attachment":[{"href":"http:\/\/www2.unifap.br\/eletrica\/wp-json\/wp\/v2\/media?parent=6611"}],"curies":[{"name":"wp","href":"https:\/\/api.w.org\/{rel}","templated":true}]}}