{"id":6620,"date":"2020-06-30T21:16:15","date_gmt":"2020-07-01T00:16:15","guid":{"rendered":"http:\/\/www2.unifap.br\/eletrica\/?page_id=6620"},"modified":"2020-06-30T22:07:16","modified_gmt":"2020-07-01T01:07:16","slug":"vi-semana-de-engenharia-eletrica","status":"publish","type":"page","link":"http:\/\/www2.unifap.br\/eletrica\/academico\/semana-da-engenharia-eletrica\/vi-semana-de-engenharia-eletrica\/","title":{"rendered":"VI Semana de Engenharia El\u00e9trica"},"content":{"rendered":"\t\t<div data-elementor-type=\"wp-page\" data-elementor-id=\"6620\" class=\"elementor elementor-6620\">\n\t\t\t\t\t\t<section class=\"elementor-section elementor-top-section elementor-element elementor-element-398b9db elementor-section-boxed elementor-section-height-default elementor-section-height-default\" data-id=\"398b9db\" data-element_type=\"section\" data-e-type=\"section\">\n\t\t\t\t\t\t<div class=\"elementor-container elementor-column-gap-default\">\n\t\t\t\t\t<div class=\"elementor-column elementor-col-100 elementor-top-column elementor-element elementor-element-830b50e\" data-id=\"830b50e\" data-element_type=\"column\" data-e-type=\"column\">\n\t\t\t<div class=\"elementor-widget-wrap elementor-element-populated\">\n\t\t\t\t\t\t<div class=\"elementor-element elementor-element-36bd031 elementor-widget elementor-widget-image\" data-id=\"36bd031\" data-element_type=\"widget\" data-e-type=\"widget\" data-widget_type=\"image.default\">\n\t\t\t\t<div class=\"elementor-widget-container\">\n\t\t\t\t\t\t\t\t\t\t\t\t\t\t\t<img fetchpriority=\"high\" decoding=\"async\" width=\"550\" height=\"389\" src=\"https:\/\/www2.unifap.br\/eletrica\/files\/2020\/06\/vi_2-768x543.jpeg\" class=\"attachment-medium_large size-medium_large wp-image-6621\" alt=\"\" srcset=\"https:\/\/www2.unifap.br\/eletrica\/files\/2020\/06\/vi_2-768x543.jpeg 768w, https:\/\/www2.unifap.br\/eletrica\/files\/2020\/06\/vi_2-300x212.jpeg 300w, https:\/\/www2.unifap.br\/eletrica\/files\/2020\/06\/vi_2.jpeg 900w\" sizes=\"(max-width: 550px) 100vw, 550px\" \/>\t\t\t\t\t\t\t\t\t\t\t\t\t\t\t<\/div>\n\t\t\t\t<\/div>\n\t\t\t\t\t<\/div>\n\t\t<\/div>\n\t\t\t\t\t<\/div>\n\t\t<\/section>\n\t\t\t\t<section class=\"elementor-section elementor-top-section elementor-element elementor-element-b4c9a5c elementor-section-boxed elementor-section-height-default elementor-section-height-default\" data-id=\"b4c9a5c\" data-element_type=\"section\" data-e-type=\"section\">\n\t\t\t\t\t\t<div class=\"elementor-container elementor-column-gap-default\">\n\t\t\t\t\t<div class=\"elementor-column elementor-col-100 elementor-top-column elementor-element elementor-element-762c78c\" data-id=\"762c78c\" data-element_type=\"column\" data-e-type=\"column\">\n\t\t\t<div class=\"elementor-widget-wrap elementor-element-populated\">\n\t\t\t\t\t\t<div class=\"elementor-element elementor-element-217551c elementor-widget elementor-widget-text-editor\" data-id=\"217551c\" data-element_type=\"widget\" data-e-type=\"widget\" data-widget_type=\"text-editor.default\">\n\t\t\t\t<div class=\"elementor-widget-container\">\n\t\t\t\t\t\t\t\t\t<p>A VI Semana de Engenharia El\u00e9trica da UNIFAP (Universidade Federal do Amap\u00e1) tem como tema \u201cO profissional na sua \u00e1rea de atua\u00e7\u00e3o\u201d e busca mostrar aos participantes a flexibilidade do mercado da Engenharia El\u00e9trica, considerando que este possui uma vasta \u00e1rea de atua\u00e7\u00e3o, como Telecomunica\u00e7\u00f5es, Automa\u00e7\u00e3o, Energias Renov\u00e1veis, Sistemas El\u00e9tricos de Potencia e muitos outros.<\/p><p>As \u00e1reas acima citadas, ser\u00e3o exploradas atrav\u00e9s de diversas palestras com dura\u00e7\u00e3o de 1 hora e minicursos de 3 dias com 4 horas di\u00e1rias, tais eventos ter\u00e3o explica\u00e7\u00f5es te\u00f3ricas e atividades pr\u00e1ticas para que o aluno possa compreender e absorver o m\u00e1ximo de conte\u00fado poss\u00edvel, saindo de l\u00e1 com maior compreens\u00e3o da engenharia.<\/p><p>A VI SEEL tamb\u00e9m contar\u00e1 com visitas t\u00e9cnicas realizadas por nossos parceiros Eletrobr\u00e1s Eletronorte e Amcel Celulose, com a finalidade de mostrar na pr\u00e1tica o dia a dia de um Engenheiro Eletricista. J\u00e1 no \u00e2mbito de orienta\u00e7\u00e3o profissional, o evento promover\u00e1 uma Mesa Redonda com os a participa\u00e7\u00e3o de profissionais da \u00e1rea representando o CREA, a UNIFAP e empresas do setor privado, visando assim, tirar d\u00favidas como \u201d qual \u00e1rea devo seguir?\u201d e \u201ccomo est\u00e1 o mercado para engenheiros eletricistas no Amap\u00e1 e no Norte?\u201d.<\/p><p>Para finalizar a semana, no dia 25 ocorrer\u00e3o exposi\u00e7\u00f5es de projetos e empresas pela parte da manh\u00e3, o II torneio de FIFA 17 ocorrer\u00e1 a tarde e haver\u00e1 tamb\u00e9m a venda de comida. Tudo isso para encerrar a VI SEEL com muita alegria e descontra\u00e7\u00e3o.<\/p>\t\t\t\t\t\t\t\t<\/div>\n\t\t\t\t<\/div>\n\t\t\t\t\t<\/div>\n\t\t<\/div>\n\t\t\t\t\t<\/div>\n\t\t<\/section>\n\t\t\t\t<section class=\"elementor-section elementor-top-section elementor-element elementor-element-bf20f35 elementor-section-boxed elementor-section-height-default elementor-section-height-default\" data-id=\"bf20f35\" data-element_type=\"section\" data-e-type=\"section\">\n\t\t\t\t\t\t<div class=\"elementor-container elementor-column-gap-default\">\n\t\t\t\t\t<div class=\"elementor-column elementor-col-100 elementor-top-column elementor-element elementor-element-1d6d406\" data-id=\"1d6d406\" data-element_type=\"column\" data-e-type=\"column\">\n\t\t\t<div class=\"elementor-widget-wrap elementor-element-populated\">\n\t\t\t\t\t\t<div class=\"elementor-element elementor-element-ef38569 elementor-widget elementor-widget-image\" data-id=\"ef38569\" data-element_type=\"widget\" data-e-type=\"widget\" data-widget_type=\"image.default\">\n\t\t\t\t<div class=\"elementor-widget-container\">\n\t\t\t\t\t\t\t\t\t\t\t\t\t\t\t<img decoding=\"async\" width=\"550\" height=\"267\" src=\"https:\/\/www2.unifap.br\/eletrica\/files\/2020\/06\/vi_programa\u00e7ao.jpeg\" class=\"attachment-large size-large wp-image-6622\" alt=\"\" srcset=\"https:\/\/www2.unifap.br\/eletrica\/files\/2020\/06\/vi_programa\u00e7ao.jpeg 769w, https:\/\/www2.unifap.br\/eletrica\/files\/2020\/06\/vi_programa\u00e7ao-300x146.jpeg 300w\" sizes=\"(max-width: 550px) 100vw, 550px\" \/>\t\t\t\t\t\t\t\t\t\t\t\t\t\t\t<\/div>\n\t\t\t\t<\/div>\n\t\t\t\t\t<\/div>\n\t\t<\/div>\n\t\t\t\t\t<\/div>\n\t\t<\/section>\n\t\t\t\t<section class=\"elementor-section elementor-top-section elementor-element elementor-element-ab569b0 elementor-section-boxed elementor-section-height-default elementor-section-height-default\" data-id=\"ab569b0\" data-element_type=\"section\" data-e-type=\"section\">\n\t\t\t\t\t\t<div class=\"elementor-container elementor-column-gap-default\">\n\t\t\t\t\t<div class=\"elementor-column elementor-col-100 elementor-top-column elementor-element elementor-element-1f18b56\" data-id=\"1f18b56\" data-element_type=\"column\" data-e-type=\"column\">\n\t\t\t<div class=\"elementor-widget-wrap elementor-element-populated\">\n\t\t\t\t\t\t<div class=\"elementor-element elementor-element-4af937f elementor-widget elementor-widget-image\" data-id=\"4af937f\" data-element_type=\"widget\" data-e-type=\"widget\" data-widget_type=\"image.default\">\n\t\t\t\t<div class=\"elementor-widget-container\">\n\t\t\t\t\t\t\t\t\t\t\t\t\t\t\t<img decoding=\"async\" width=\"550\" height=\"143\" src=\"https:\/\/www2.unifap.br\/eletrica\/files\/2020\/06\/vi_leg.jpeg\" class=\"attachment-large size-large wp-image-6623\" alt=\"\" srcset=\"https:\/\/www2.unifap.br\/eletrica\/files\/2020\/06\/vi_leg.jpeg 800w, https:\/\/www2.unifap.br\/eletrica\/files\/2020\/06\/vi_leg-300x78.jpeg 300w, https:\/\/www2.unifap.br\/eletrica\/files\/2020\/06\/vi_leg-768x200.jpeg 768w\" sizes=\"(max-width: 550px) 100vw, 550px\" \/>\t\t\t\t\t\t\t\t\t\t\t\t\t\t\t<\/div>\n\t\t\t\t<\/div>\n\t\t\t\t\t<\/div>\n\t\t<\/div>\n\t\t\t\t\t<\/div>\n\t\t<\/section>\n\t\t\t\t<section class=\"elementor-section elementor-top-section elementor-element elementor-element-e37560f elementor-section-boxed elementor-section-height-default elementor-section-height-default\" data-id=\"e37560f\" data-element_type=\"section\" data-e-type=\"section\">\n\t\t\t\t\t\t<div class=\"elementor-container elementor-column-gap-default\">\n\t\t\t\t\t<div class=\"elementor-column elementor-col-100 elementor-top-column elementor-element elementor-element-28bf871\" data-id=\"28bf871\" data-element_type=\"column\" data-e-type=\"column\">\n\t\t\t<div class=\"elementor-widget-wrap elementor-element-populated\">\n\t\t\t\t\t\t<div class=\"elementor-element elementor-element-4f28410 elementor-widget elementor-widget-text-editor\" data-id=\"4f28410\" data-element_type=\"widget\" data-e-type=\"widget\" data-widget_type=\"text-editor.default\">\n\t\t\t\t<div class=\"elementor-widget-container\">\n\t\t\t\t\t\t\t\t\t<p style=\"line-height: 20.25pt;background: white;margin: 0cm 0cm 15pt;text-align: left\" align=\"right\"><span style=\"font-size: 8.0pt;font-family: 'Open Sans',serif;color: #777777\">Cr\u00e9ditos: https:\/\/eletricaunifap.wordpress.com\/2017\/11\/03\/vi-seel-semana-de-engenharia-eletrica-da-unifap\/<\/span><\/p>\t\t\t\t\t\t\t\t<\/div>\n\t\t\t\t<\/div>\n\t\t\t\t\t<\/div>\n\t\t<\/div>\n\t\t\t\t\t<\/div>\n\t\t<\/section>\n\t\t\t\t<\/div>\n\t\t","protected":false},"excerpt":{"rendered":"<p>A VI Semana de Engenharia El\u00e9trica da UNIFAP (Universidade Federal do Amap\u00e1) tem como tema \u201cO profissional na sua \u00e1rea de atua\u00e7\u00e3o\u201d e busca mostrar aos participantes a flexibilidade do mercado da Engenharia El\u00e9trica, considerando que este possui uma vasta \u00e1rea de atua\u00e7\u00e3o, como Telecomunica\u00e7\u00f5es, Automa\u00e7\u00e3o, Energias Renov\u00e1veis, Sistemas El\u00e9tricos de Potencia e muitos outros.&hellip;<\/p>\n","protected":false},"author":66,"featured_media":0,"parent":5976,"menu_order":6,"comment_status":"closed","ping_status":"closed","template":"fullwidth.php","meta":{"inline_featured_image":false,"ngg_post_thumbnail":0,"footnotes":""},"class_list":["post-6620","page","type-page","status-publish","hentry"],"_links":{"self":[{"href":"http:\/\/www2.unifap.br\/eletrica\/wp-json\/wp\/v2\/pages\/6620","targetHints":{"allow":["GET"]}}],"collection":[{"href":"http:\/\/www2.unifap.br\/eletrica\/wp-json\/wp\/v2\/pages"}],"about":[{"href":"http:\/\/www2.unifap.br\/eletrica\/wp-json\/wp\/v2\/types\/page"}],"author":[{"embeddable":true,"href":"http:\/\/www2.unifap.br\/eletrica\/wp-json\/wp\/v2\/users\/66"}],"replies":[{"embeddable":true,"href":"http:\/\/www2.unifap.br\/eletrica\/wp-json\/wp\/v2\/comments?post=6620"}],"version-history":[{"count":8,"href":"http:\/\/www2.unifap.br\/eletrica\/wp-json\/wp\/v2\/pages\/6620\/revisions"}],"predecessor-version":[{"id":6639,"href":"http:\/\/www2.unifap.br\/eletrica\/wp-json\/wp\/v2\/pages\/6620\/revisions\/6639"}],"up":[{"embeddable":true,"href":"http:\/\/www2.unifap.br\/eletrica\/wp-json\/wp\/v2\/pages\/5976"}],"wp:attachment":[{"href":"http:\/\/www2.unifap.br\/eletrica\/wp-json\/wp\/v2\/media?parent=6620"}],"curies":[{"name":"wp","href":"https:\/\/api.w.org\/{rel}","templated":true}]}}