{"id":6640,"date":"2020-06-30T22:27:40","date_gmt":"2020-07-01T01:27:40","guid":{"rendered":"http:\/\/www2.unifap.br\/eletrica\/?page_id=6640"},"modified":"2020-06-30T22:34:35","modified_gmt":"2020-07-01T01:34:35","slug":"vii-semana-de-engenharia-eletrica","status":"publish","type":"page","link":"http:\/\/www2.unifap.br\/eletrica\/academico\/semana-da-engenharia-eletrica\/vii-semana-de-engenharia-eletrica\/","title":{"rendered":"VII Semana de Engenharia El\u00e9trica"},"content":{"rendered":"\t\t<div data-elementor-type=\"wp-page\" data-elementor-id=\"6640\" class=\"elementor elementor-6640\">\n\t\t\t\t\t\t<section class=\"elementor-section elementor-top-section elementor-element elementor-element-7367324 elementor-section-boxed elementor-section-height-default elementor-section-height-default\" data-id=\"7367324\" data-element_type=\"section\" data-e-type=\"section\">\n\t\t\t\t\t\t<div class=\"elementor-container elementor-column-gap-default\">\n\t\t\t\t\t<div class=\"elementor-column elementor-col-100 elementor-top-column elementor-element elementor-element-cdb92bd\" data-id=\"cdb92bd\" data-element_type=\"column\" data-e-type=\"column\">\n\t\t\t<div class=\"elementor-widget-wrap elementor-element-populated\">\n\t\t\t\t\t\t<div class=\"elementor-element elementor-element-59d6bfc elementor-widget elementor-widget-image\" data-id=\"59d6bfc\" data-element_type=\"widget\" data-e-type=\"widget\" data-widget_type=\"image.default\">\n\t\t\t\t<div class=\"elementor-widget-container\">\n\t\t\t\t\t\t\t\t\t\t\t\t\t\t\t<img fetchpriority=\"high\" decoding=\"async\" width=\"550\" height=\"337\" src=\"http:\/\/www2.unifap.br\/eletrica\/files\/2020\/06\/Viisemana_2.jpg\" class=\"attachment-large size-large wp-image-6645\" alt=\"\" srcset=\"http:\/\/www2.unifap.br\/eletrica\/files\/2020\/06\/Viisemana_2.jpg 787w, http:\/\/www2.unifap.br\/eletrica\/files\/2020\/06\/Viisemana_2-300x184.jpg 300w, http:\/\/www2.unifap.br\/eletrica\/files\/2020\/06\/Viisemana_2-768x470.jpg 768w, http:\/\/www2.unifap.br\/eletrica\/files\/2020\/06\/Viisemana_2-570x350.jpg 570w\" sizes=\"(max-width: 550px) 100vw, 550px\" \/>\t\t\t\t\t\t\t\t\t\t\t\t\t\t\t<\/div>\n\t\t\t\t<\/div>\n\t\t\t\t\t<\/div>\n\t\t<\/div>\n\t\t\t\t\t<\/div>\n\t\t<\/section>\n\t\t\t\t<section class=\"elementor-section elementor-top-section elementor-element elementor-element-cb72838 elementor-section-boxed elementor-section-height-default elementor-section-height-default\" data-id=\"cb72838\" data-element_type=\"section\" data-e-type=\"section\">\n\t\t\t\t\t\t<div class=\"elementor-container elementor-column-gap-default\">\n\t\t\t\t\t<div class=\"elementor-column elementor-col-100 elementor-top-column elementor-element elementor-element-b39ad12\" data-id=\"b39ad12\" data-element_type=\"column\" data-e-type=\"column\">\n\t\t\t<div class=\"elementor-widget-wrap elementor-element-populated\">\n\t\t\t\t\t\t<div class=\"elementor-element elementor-element-bdf77d8 elementor-widget elementor-widget-text-editor\" data-id=\"bdf77d8\" data-element_type=\"widget\" data-e-type=\"widget\" data-widget_type=\"text-editor.default\">\n\t\t\t\t<div class=\"elementor-widget-container\">\n\t\t\t\t\t\t\t\t\t<p>A\u00a0Semana de Engenharia El\u00e9trica da Unifap\u00a0este ano est\u00e1 em sua 7\u00b0 edi\u00e7\u00e3o, e em comemora\u00e7\u00e3o aos 10 anos do curso de Engenharia El\u00e9trica, vem com o tema: &#8220;Mem\u00f3rias e Perspectivas&#8221;, buscando reflex\u00f5es sobre a hist\u00f3ria da Engenharia, e sua expectativa\u00a0para o futuro, debatendo as principais\u00a0pautas para o amanh\u00e3\u00a0da tecnologia e ci\u00eancia no mundo.<\/p><p>O evento ter\u00e1 inicio dia 19\/11 e t\u00e9rmino dia 23\/11, com a programa\u00e7\u00e3o repleta de palestras, exposi\u00e7\u00f5es, minicursos, e visitas t\u00e9cnicas para todos\u00a0que tiverem interesse em participar. Com diversos momentos\u00a0de entretenimento,\u00a0debates\u00a0e mesas redondas, al\u00e9m de um\u00a0cronograma\u00a0diferenciado\u00a0para os alunos do Ensino M\u00e9dio e Fundamental. Voc\u00ea n\u00e3o pode ficar de fora!<\/p><p>\u00a0<\/p>\t\t\t\t\t\t\t\t<\/div>\n\t\t\t\t<\/div>\n\t\t\t\t\t<\/div>\n\t\t<\/div>\n\t\t\t\t\t<\/div>\n\t\t<\/section>\n\t\t\t\t<section class=\"elementor-section elementor-top-section elementor-element elementor-element-e11fcd6 elementor-section-boxed elementor-section-height-default elementor-section-height-default\" data-id=\"e11fcd6\" data-element_type=\"section\" data-e-type=\"section\">\n\t\t\t\t\t\t<div class=\"elementor-container elementor-column-gap-default\">\n\t\t\t\t\t<div class=\"elementor-column elementor-col-100 elementor-top-column elementor-element elementor-element-0621cb3\" data-id=\"0621cb3\" data-element_type=\"column\" data-e-type=\"column\">\n\t\t\t<div class=\"elementor-widget-wrap elementor-element-populated\">\n\t\t\t\t\t\t<div class=\"elementor-element elementor-element-2e38f59 elementor-widget elementor-widget-image\" data-id=\"2e38f59\" data-element_type=\"widget\" data-e-type=\"widget\" data-widget_type=\"image.default\">\n\t\t\t\t<div class=\"elementor-widget-container\">\n\t\t\t\t\t\t\t\t\t\t\t\t\t\t\t<img decoding=\"async\" width=\"550\" height=\"251\" src=\"http:\/\/www2.unifap.br\/eletrica\/files\/2020\/06\/Vii_prog.png\" class=\"attachment-large size-large wp-image-6646\" alt=\"\" srcset=\"http:\/\/www2.unifap.br\/eletrica\/files\/2020\/06\/Vii_prog.png 871w, http:\/\/www2.unifap.br\/eletrica\/files\/2020\/06\/Vii_prog-300x137.png 300w, http:\/\/www2.unifap.br\/eletrica\/files\/2020\/06\/Vii_prog-768x351.png 768w\" sizes=\"(max-width: 550px) 100vw, 550px\" \/>\t\t\t\t\t\t\t\t\t\t\t\t\t\t\t<\/div>\n\t\t\t\t<\/div>\n\t\t\t\t\t<\/div>\n\t\t<\/div>\n\t\t\t\t\t<\/div>\n\t\t<\/section>\n\t\t\t\t<section class=\"elementor-section elementor-top-section elementor-element elementor-element-d87143e elementor-section-boxed elementor-section-height-default elementor-section-height-default\" data-id=\"d87143e\" data-element_type=\"section\" data-e-type=\"section\">\n\t\t\t\t\t\t<div class=\"elementor-container elementor-column-gap-default\">\n\t\t\t\t\t<div class=\"elementor-column elementor-col-100 elementor-top-column elementor-element elementor-element-f68c540\" data-id=\"f68c540\" data-element_type=\"column\" data-e-type=\"column\">\n\t\t\t<div class=\"elementor-widget-wrap elementor-element-populated\">\n\t\t\t\t\t\t<div class=\"elementor-element elementor-element-62b9529 elementor-widget elementor-widget-text-editor\" data-id=\"62b9529\" data-element_type=\"widget\" data-e-type=\"widget\" data-widget_type=\"text-editor.default\">\n\t\t\t\t<div class=\"elementor-widget-container\">\n\t\t\t\t\t\t\t\t\t<p>Palestras<\/p><p>P1: Casas Sustent\u00e1vel &#8211; Pedro Aquino<br \/>P2: An\u00e1lise de Tens\u00e3o e Corrente com Arduino &#8211; Prof. Mr. Dimitri Mahmud<br \/>P3: Efici\u00eancia Energ\u00e9tica- Taigo Alves<br \/>P4: Evolu\u00e7\u00e3o da Telefonia M\u00f3vel &#8211; Edward Aires<br \/>P5:\u00a0O desafio da &#8220;Universaliza\u00e7\u00e3o&#8221; da Telefonia M\u00f3vel no Brasil &#8211; Eng. Thyago Guimar\u00e3es<br \/>P6: Licenciamento Ambiental no Setor El\u00e9trico &#8211; Marcos Coutinho<br \/>P7: Movimento Empresa J\u00fanior e casos de sucesso de EJs de Engenharia El\u00e9trica &#8211; Beatriz Cardoso e Ramon Rodrigues<br \/>P8: Inteligencia Artificial &#8211; Prof. Dr. Geraldo Maranh\u00e3o<\/p><p>P9: Empreendedorismo na Ind\u00fastria 4.0 &#8211; Prof. Cl\u00e1udio M\u00e1rcio<\/p><p>P10: Do Marco Zero para Oxford &#8211; Alexandry Donin<br \/>P11: Experi\u00eancia em manuten\u00e7\u00e3o e opera\u00e7\u00e3o de Usinas Hidrel\u00e9tricas de Empresa de Energia- Eng. Benedito Rodrigues<\/p><p>P12: Legisla\u00e7\u00e3o Profissional, Cen\u00e1rios e Perspectivas para a Engenharia do Brasil e no Amap\u00e1 &#8211; Crea\/Ap<\/p><p>P13:\u00a0Funcionamento da Secretaria do Estado de Infraestrutura &#8211;\u00a0Arquiteto Alcir Matos<\/p><p>Minicursos<\/p><p>M1: Caracteriza\u00e7\u00e3o de Potencial E\u00f3lico &#8211; Prof. Dr Alaan Ubaiara<br \/>M2: Instala\u00e7\u00f5es El\u00e9tricas &#8211; Prof. Luiz Eduardo<br \/>M3: Acionamento de Motores El\u00e9tricos &#8211; Jhonn Nunes<br \/>M4: MATLAB &#8211; Allan Guilherme<br \/>M5: Manuten\u00e7\u00e3o de Aparelhos Eletr\u00f4nicos &#8211; Igor Ferreira<br \/>M6: Simula\u00e7\u00e3o Din\u00e2mica de SEP &#8211; Jo\u00e3o Dilberto e Prof. Dr. Douglas Oliveira<\/p><p>Oficinas<\/p><p>O1: Rob\u00f3tica para Ensino M\u00e9dio &#8211; Prof. Rotativo<br \/>O2: Desenvolvimento de Jogos e Aplicativos para Ensino M\u00e9dio &#8211; Prof. Rotativo<\/p><p>Visita T\u00e9cnica<\/p><p>V1:\u00a0Empresa de Energia Solar (Minasol) &#8211; Pain\u00e9is Fotovoltaicos<\/p><p>V2: Empresa Amcel\u00a0&#8211; Amap\u00e1\u00a0Florestal\u00a0e\u00a0Celulose\u00a0S.A<\/p><p>* Inscri\u00e7\u00e3o\u00a0somente de forma presencial\u00a0no bloco de Engenharia El\u00e9trica e Ci\u00eancias da Computa\u00e7\u00e3o (Dcet)<\/p><p>\u00c9 permitida somente uma Visita T\u00e9cnica por participante<\/p>\t\t\t\t\t\t\t\t<\/div>\n\t\t\t\t<\/div>\n\t\t\t\t\t<\/div>\n\t\t<\/div>\n\t\t\t\t\t<\/div>\n\t\t<\/section>\n\t\t\t\t<section class=\"elementor-section elementor-top-section elementor-element elementor-element-b2e89b5 elementor-section-boxed elementor-section-height-default elementor-section-height-default\" data-id=\"b2e89b5\" data-element_type=\"section\" data-e-type=\"section\">\n\t\t\t\t\t\t<div class=\"elementor-container elementor-column-gap-default\">\n\t\t\t\t\t<div class=\"elementor-column elementor-col-100 elementor-top-column elementor-element elementor-element-e46f796\" data-id=\"e46f796\" data-element_type=\"column\" data-e-type=\"column\">\n\t\t\t<div class=\"elementor-widget-wrap elementor-element-populated\">\n\t\t\t\t\t\t<div class=\"elementor-element elementor-element-251878e elementor-widget elementor-widget-text-editor\" data-id=\"251878e\" data-element_type=\"widget\" data-e-type=\"widget\" data-widget_type=\"text-editor.default\">\n\t\t\t\t<div class=\"elementor-widget-container\">\n\t\t\t\t\t\t\t\t\t<p><span style=\"font-family: 'Open Sans', serif;font-size: 8pt\">Cr\u00e9ditos: https:\/\/seelunifap.wixsite.com\/viiseel<\/span><\/p>\t\t\t\t\t\t\t\t<\/div>\n\t\t\t\t<\/div>\n\t\t\t\t\t<\/div>\n\t\t<\/div>\n\t\t\t\t\t<\/div>\n\t\t<\/section>\n\t\t\t\t<\/div>\n\t\t","protected":false},"excerpt":{"rendered":"<p>A&nbsp;Semana de Engenharia El\u00e9trica da Unifap&nbsp;este ano est\u00e1 em sua 7\u00b0 edi\u00e7\u00e3o, e em comemora\u00e7\u00e3o aos 10 anos do curso de Engenharia El\u00e9trica, vem com o tema: &#8220;Mem\u00f3rias e Perspectivas&#8221;, buscando reflex\u00f5es sobre a hist\u00f3ria da Engenharia, e sua expectativa&nbsp;para o futuro, debatendo as principais&nbsp;pautas para o amanh\u00e3&nbsp;da tecnologia e ci\u00eancia no mundo. O evento&hellip;<\/p>\n","protected":false},"author":66,"featured_media":0,"parent":5976,"menu_order":7,"comment_status":"closed","ping_status":"closed","template":"fullwidth.php","meta":{"inline_featured_image":false,"ngg_post_thumbnail":0,"footnotes":""},"class_list":["post-6640","page","type-page","status-publish","hentry"],"_links":{"self":[{"href":"http:\/\/www2.unifap.br\/eletrica\/wp-json\/wp\/v2\/pages\/6640","targetHints":{"allow":["GET"]}}],"collection":[{"href":"http:\/\/www2.unifap.br\/eletrica\/wp-json\/wp\/v2\/pages"}],"about":[{"href":"http:\/\/www2.unifap.br\/eletrica\/wp-json\/wp\/v2\/types\/page"}],"author":[{"embeddable":true,"href":"http:\/\/www2.unifap.br\/eletrica\/wp-json\/wp\/v2\/users\/66"}],"replies":[{"embeddable":true,"href":"http:\/\/www2.unifap.br\/eletrica\/wp-json\/wp\/v2\/comments?post=6640"}],"version-history":[{"count":3,"href":"http:\/\/www2.unifap.br\/eletrica\/wp-json\/wp\/v2\/pages\/6640\/revisions"}],"predecessor-version":[{"id":6649,"href":"http:\/\/www2.unifap.br\/eletrica\/wp-json\/wp\/v2\/pages\/6640\/revisions\/6649"}],"up":[{"embeddable":true,"href":"http:\/\/www2.unifap.br\/eletrica\/wp-json\/wp\/v2\/pages\/5976"}],"wp:attachment":[{"href":"http:\/\/www2.unifap.br\/eletrica\/wp-json\/wp\/v2\/media?parent=6640"}],"curies":[{"name":"wp","href":"https:\/\/api.w.org\/{rel}","templated":true}]}}