{"id":6651,"date":"2020-06-30T22:37:55","date_gmt":"2020-07-01T01:37:55","guid":{"rendered":"http:\/\/www2.unifap.br\/eletrica\/?page_id=6651"},"modified":"2020-06-30T22:46:48","modified_gmt":"2020-07-01T01:46:48","slug":"viii-semana-de-engenharia-eletrica","status":"publish","type":"page","link":"http:\/\/www2.unifap.br\/eletrica\/academico\/semana-da-engenharia-eletrica\/viii-semana-de-engenharia-eletrica\/","title":{"rendered":"VIII Semana de Engenharia El\u00e9trica"},"content":{"rendered":"\t\t<div data-elementor-type=\"wp-page\" data-elementor-id=\"6651\" class=\"elementor elementor-6651\">\n\t\t\t\t\t\t<section class=\"elementor-section elementor-top-section elementor-element elementor-element-71f95d2 elementor-section-boxed elementor-section-height-default elementor-section-height-default\" data-id=\"71f95d2\" data-element_type=\"section\" data-e-type=\"section\">\n\t\t\t\t\t\t<div class=\"elementor-container elementor-column-gap-default\">\n\t\t\t\t\t<div class=\"elementor-column elementor-col-100 elementor-top-column elementor-element elementor-element-ef15ac8\" data-id=\"ef15ac8\" data-element_type=\"column\" data-e-type=\"column\">\n\t\t\t<div class=\"elementor-widget-wrap elementor-element-populated\">\n\t\t\t\t\t\t<div class=\"elementor-element elementor-element-2f54296 elementor-widget elementor-widget-image\" data-id=\"2f54296\" data-element_type=\"widget\" data-e-type=\"widget\" data-widget_type=\"image.default\">\n\t\t\t\t<div class=\"elementor-widget-container\">\n\t\t\t\t\t\t\t\t\t\t\t\t\t\t\t<img fetchpriority=\"high\" decoding=\"async\" width=\"550\" height=\"733\" src=\"http:\/\/www2.unifap.br\/eletrica\/files\/2019\/11\/IMG-20191125-WA0097-1-768x1024.jpg\" class=\"attachment-large size-large wp-image-3631\" alt=\"\" srcset=\"http:\/\/www2.unifap.br\/eletrica\/files\/2019\/11\/IMG-20191125-WA0097-1-768x1024.jpg 768w, http:\/\/www2.unifap.br\/eletrica\/files\/2019\/11\/IMG-20191125-WA0097-1-e1592543613566.jpg 225w\" sizes=\"(max-width: 550px) 100vw, 550px\" \/>\t\t\t\t\t\t\t\t\t\t\t\t\t\t\t<\/div>\n\t\t\t\t<\/div>\n\t\t\t\t\t<\/div>\n\t\t<\/div>\n\t\t\t\t\t<\/div>\n\t\t<\/section>\n\t\t\t\t<section class=\"elementor-section elementor-top-section elementor-element elementor-element-8ac7627 elementor-section-boxed elementor-section-height-default elementor-section-height-default\" data-id=\"8ac7627\" data-element_type=\"section\" data-e-type=\"section\">\n\t\t\t\t\t\t<div class=\"elementor-container elementor-column-gap-default\">\n\t\t\t\t\t<div class=\"elementor-column elementor-col-100 elementor-top-column elementor-element elementor-element-d081405\" data-id=\"d081405\" data-element_type=\"column\" data-e-type=\"column\">\n\t\t\t<div class=\"elementor-widget-wrap elementor-element-populated\">\n\t\t\t\t\t\t<div class=\"elementor-element elementor-element-f2067f5 elementor-widget elementor-widget-text-editor\" data-id=\"f2067f5\" data-element_type=\"widget\" data-e-type=\"widget\" data-widget_type=\"text-editor.default\">\n\t\t\t\t<div class=\"elementor-widget-container\">\n\t\t\t\t\t\t\t\t\t<p>As 3 primeiras revolu\u00e7\u00f5es industriais trouxeram a produ\u00e7\u00e3o em massa, as linhas de montagem, a eletricidade e a tecnologia da informa\u00e7\u00e3o, elevando a renda dos trabalhadores e fazendo da competi\u00e7\u00e3o tecnol\u00f3gica o cerne do desenvolvimento econ\u00f4mico. A quarta revolu\u00e7\u00e3o industrial, cujo impacto \u00e9 mais profundo e exponencial, se caracteriza por um conjunto de tecnologias que permitem a fus\u00e3o do mundo f\u00edsico, digital e biol\u00f3gico.<\/p><p>A 8\u00aa edi\u00e7\u00e3o da Semana de Engenharia El\u00e9trica traz renomados especialistas para abordar a Revolu\u00e7\u00e3o 4.0, expor e discutir suas aplica\u00e7\u00f5es.<\/p><p>A Semana de Engenharia El\u00e9trica faz parte de um conjunto de atividades e estrat\u00e9gias contempladas no projeto pedag\u00f3gico do Curso de Gradua\u00e7\u00e3o em Engenharia El\u00e9trica com objetivo de socializar conhecimentos e promover a integra\u00e7\u00e3o entre professores, t\u00e9cnicos, alunos e comunidade externa. A cada ano \u00e9 elaborado uma programa\u00e7\u00e3o de eventos com dura\u00e7\u00e3o de uma semana, aproximadamente, contemplando diversas atividades, dentre as principais: Palestras, Minicursos, Visita T\u00e9cnica e Exposi\u00e7\u00e3o de Trabalhos Acad\u00eamicos.<\/p>\t\t\t\t\t\t\t\t<\/div>\n\t\t\t\t<\/div>\n\t\t\t\t\t<\/div>\n\t\t<\/div>\n\t\t\t\t\t<\/div>\n\t\t<\/section>\n\t\t\t\t<section class=\"elementor-section elementor-top-section elementor-element elementor-element-43678a3 elementor-section-boxed elementor-section-height-default elementor-section-height-default\" data-id=\"43678a3\" data-element_type=\"section\" data-e-type=\"section\">\n\t\t\t\t\t\t<div class=\"elementor-container elementor-column-gap-default\">\n\t\t\t\t\t<div class=\"elementor-column elementor-col-100 elementor-top-column elementor-element elementor-element-6a08aeb\" data-id=\"6a08aeb\" data-element_type=\"column\" data-e-type=\"column\">\n\t\t\t<div class=\"elementor-widget-wrap elementor-element-populated\">\n\t\t\t\t\t\t<div class=\"elementor-element elementor-element-660bb49 elementor-widget elementor-widget-text-editor\" data-id=\"660bb49\" data-element_type=\"widget\" data-e-type=\"widget\" data-widget_type=\"text-editor.default\">\n\t\t\t\t<div class=\"elementor-widget-container\">\n\t\t\t\t\t\t\t\t\t<p><span style=\"font-family: 'Open Sans', serif;font-size: 8pt\">Cr\u00e9ditos: https:\/\/doity.com.br\/8ee<\/span><\/p>\t\t\t\t\t\t\t\t<\/div>\n\t\t\t\t<\/div>\n\t\t\t\t\t<\/div>\n\t\t<\/div>\n\t\t\t\t\t<\/div>\n\t\t<\/section>\n\t\t\t\t<\/div>\n\t\t","protected":false},"excerpt":{"rendered":"<p>As 3 primeiras revolu\u00e7\u00f5es industriais trouxeram a produ\u00e7\u00e3o em massa, as linhas de montagem, a eletricidade e a tecnologia da informa\u00e7\u00e3o, elevando a renda dos trabalhadores e fazendo da competi\u00e7\u00e3o tecnol\u00f3gica o cerne do desenvolvimento econ\u00f4mico. A quarta revolu\u00e7\u00e3o industrial, cujo impacto \u00e9 mais profundo e exponencial, se caracteriza por um conjunto de tecnologias que&hellip;<\/p>\n","protected":false},"author":66,"featured_media":0,"parent":5976,"menu_order":8,"comment_status":"closed","ping_status":"closed","template":"fullwidth.php","meta":{"inline_featured_image":false,"ngg_post_thumbnail":0,"footnotes":""},"class_list":["post-6651","page","type-page","status-publish","hentry"],"_links":{"self":[{"href":"http:\/\/www2.unifap.br\/eletrica\/wp-json\/wp\/v2\/pages\/6651","targetHints":{"allow":["GET"]}}],"collection":[{"href":"http:\/\/www2.unifap.br\/eletrica\/wp-json\/wp\/v2\/pages"}],"about":[{"href":"http:\/\/www2.unifap.br\/eletrica\/wp-json\/wp\/v2\/types\/page"}],"author":[{"embeddable":true,"href":"http:\/\/www2.unifap.br\/eletrica\/wp-json\/wp\/v2\/users\/66"}],"replies":[{"embeddable":true,"href":"http:\/\/www2.unifap.br\/eletrica\/wp-json\/wp\/v2\/comments?post=6651"}],"version-history":[{"count":2,"href":"http:\/\/www2.unifap.br\/eletrica\/wp-json\/wp\/v2\/pages\/6651\/revisions"}],"predecessor-version":[{"id":6655,"href":"http:\/\/www2.unifap.br\/eletrica\/wp-json\/wp\/v2\/pages\/6651\/revisions\/6655"}],"up":[{"embeddable":true,"href":"http:\/\/www2.unifap.br\/eletrica\/wp-json\/wp\/v2\/pages\/5976"}],"wp:attachment":[{"href":"http:\/\/www2.unifap.br\/eletrica\/wp-json\/wp\/v2\/media?parent=6651"}],"curies":[{"name":"wp","href":"https:\/\/api.w.org\/{rel}","templated":true}]}}