{"id":337,"date":"2014-01-06T14:05:07","date_gmt":"2014-01-06T14:05:07","guid":{"rendered":"http:\/\/www2.unifap.br\/enfermagem\/?page_id=337"},"modified":"2026-04-08T16:05:20","modified_gmt":"2026-04-08T16:05:20","slug":"docentes-enfermagem-marco-zero","status":"publish","type":"page","link":"http:\/\/www2.unifap.br\/enfermagem\/docentes-enfermagem-marco-zero\/","title":{"rendered":"Corpo Docente"},"content":{"rendered":"<p><a href=\"http:\/\/www2.unifap.br\/enfermagem\/files\/2022\/07\/Docentes-enfermagem-atualizado-2022.png\"><img fetchpriority=\"high\" decoding=\"async\" class=\"alignnone size-full wp-image-2688\" src=\"http:\/\/www2.unifap.br\/enfermagem\/files\/2022\/07\/Docentes-enfermagem-atualizado-2022.png\" alt=\"\" width=\"3895\" height=\"4917\"><\/a><\/p>\n<table style=\"height: 1713px\" width=\"1382\">\n<tbody>\n<tr>\n<td width=\"38\">&nbsp;<\/td>\n<td width=\"281\"><strong>Professor<\/strong><\/td>\n<td width=\"113\"><strong>T\u00edtulo<\/strong><\/td>\n<td width=\"170\"><strong>Link Curr\u00edculo <\/strong><strong>Lattes<\/strong><\/td>\n<\/tr>\n<tr>\n<td width=\"38\">1<\/td>\n<td width=\"281\"><strong>Anneli Mercedes Celis de C\u00e1rdenas<\/strong><\/td>\n<td width=\"113\">Doutora<\/td>\n<td width=\"170\"><a style=\"color: #0000ff\" href=\"http:\/\/lattes.cnpq.br\/5754933755242793\">http:\/\/lattes.cnpq.br<\/a><a style=\"color: #0000ff\" href=\"http:\/\/lattes.cnpq.br\/5754933755242793\">\/5754933755242793<\/a><\/td>\n<\/tr>\n<tr>\n<td width=\"38\">2<\/td>\n<td width=\"281\"><b>Cleidjane Gomes Faustino<\/b><\/td>\n<td width=\"113\">Doutora<\/td>\n<td width=\"170\">&nbsp;<\/td>\n<\/tr>\n<tr>\n<td width=\"38\">3<\/td>\n<td width=\"281\"><strong>Camila Rodrigues Barbosa Nemer<\/strong><\/td>\n<td width=\"113\">Doutora<\/td>\n<td width=\"170\"><span style=\"color: #0000ff\"><a style=\"color: #0000ff\" href=\"http:\/\/lattes.cnpq.br\/9193622763928241\">http:\/\/lattes.cnpq.br<\/a><a style=\"color: #0000ff\" href=\"http:\/\/lattes.cnpq.br\/9193622763928241\">\/9193622763928241<\/a><\/span><\/td>\n<\/tr>\n<tr>\n<td width=\"38\">4<\/td>\n<td width=\"281\"><strong>Carlos Rinaldo Nogueira Martins<\/strong><\/td>\n<td width=\"113\">Doutor<\/td>\n<td width=\"170\"><a href=\"http:\/\/lattes.cnpq.br\/0117831537098951\"><span style=\"color: #0000ff\">http:\/\/lattes.cnpq.br<\/span><\/a><span style=\"color: #0000ff\"><a style=\"color: #0000ff\" href=\"http:\/\/lattes.cnpq.br\/0117831537098951\">\/0117831537098951<\/a><\/span><\/td>\n<\/tr>\n<tr>\n<td width=\"38\">5<\/td>\n<td width=\"281\"><strong>Clodoaldo Tentes Cortes<\/strong><\/td>\n<td width=\"113\">Doutor<\/td>\n<td width=\"170\"><span style=\"color: #0000ff\"><a style=\"color: #0000ff\" href=\"http:\/\/lattes.cnpq.br\/9489426188166592\">http:\/\/lattes.cnpq.br<\/a><a style=\"color: #0000ff\" href=\"http:\/\/lattes.cnpq.br\/9489426188166592\">\/9489426188166592<\/a><\/span><\/td>\n<\/tr>\n<tr>\n<td width=\"38\">6<\/td>\n<td width=\"281\"><strong>Cl\u00f3vis Luciano Giacomet<\/strong><\/td>\n<td width=\"113\">Doutor<\/td>\n<td width=\"170\"><a href=\"http:\/\/lattes.cnpq.br\/6078983262456101\"><span style=\"color: #0000ff\">http:\/\/lattes.cnpq.br\/6078983262456101<\/span><\/a>&nbsp;<\/td>\n<\/tr>\n<tr>\n<td width=\"38\">7<\/td>\n<td width=\"281\"><strong>D\u00e9bora Prestes da Silva Melo<br \/>\n<\/strong><\/td>\n<td width=\"113\">Mestre<\/td>\n<td width=\"170\"><span style=\"color: #0000ff\"><a style=\"color: #0000ff\" href=\"http:\/\/lattes.cnpq.br\/7809121295666985\">http:\/\/lattes.cnpq.br<\/a><a style=\"color: #0000ff\" href=\"http:\/\/lattes.cnpq.br\/7809121295666985\">\/7809121295666985<\/a><\/span><\/td>\n<\/tr>\n<tr>\n<td width=\"38\">8<\/td>\n<td width=\"281\"><strong>Dirley Cardoso Moreira<\/strong><\/td>\n<td width=\"113\">Doutora<\/td>\n<td width=\"170\"><span style=\"color: #0000ff\"><a style=\"color: #0000ff\" href=\"http:\/\/lattes.cnpq.br\/9324508932433014\">http:\/\/lattes.cnpq.br<\/a><a style=\"color: #0000ff\" href=\"http:\/\/lattes.cnpq.br\/9324508932433014\">\/9324508932433014<\/a><\/span><\/td>\n<\/tr>\n<tr>\n<td width=\"38\">9<\/td>\n<td width=\"281\"><strong>Edmundo Souza Moura Filho<\/strong><\/td>\n<td width=\"113\">Especialista<\/td>\n<td width=\"170\"><span style=\"color: #0000ff\"><a style=\"color: #0000ff\" href=\"http:\/\/lattes.cnpq.br\/4011403017368462\">http:\/\/lattes.cnpq.br<\/a><a style=\"color: #0000ff\" href=\"http:\/\/lattes.cnpq.br\/4011403017368462\">\/4011403017368462<\/a><\/span><\/td>\n<\/tr>\n<tr>\n<td width=\"38\">10<\/td>\n<td width=\"281\"><strong>Erika Tatiane de Almeida Fernandes Rodrigues<\/strong><\/td>\n<td width=\"113\">Doutora<\/td>\n<td width=\"170\"><a href=\"http:\/\/lattes.cnpq.br\/0107445728557054\"><span style=\"color: #0000ff\">http:\/\/lattes.cnpq.br<\/span><\/a><span style=\"color: #0000ff\"><a style=\"color: #0000ff\" href=\"http:\/\/lattes.cnpq.br\/0107445728557054\">\/0107445728557054<\/a><\/span><\/td>\n<\/tr>\n<tr>\n<td width=\"38\">11<\/td>\n<td width=\"281\"><strong>Florinaldo Carreteiro Pantoja<\/strong><\/td>\n<td width=\"113\">Doutor<\/td>\n<td width=\"170\"><span style=\"color: #0000ff\"><a style=\"color: #0000ff\" href=\"http:\/\/lattes.cnpq.br\/4315771497338231\">http:\/\/lattes.cnpq.br<\/a><a style=\"color: #0000ff\" href=\"http:\/\/lattes.cnpq.br\/4315771497338231\">\/4315771497338231<\/a><\/span><\/td>\n<\/tr>\n<tr>\n<td width=\"38\">12<\/td>\n<td width=\"281\"><strong>Francineide Pereira Pena<\/strong><\/td>\n<td width=\"113\">Doutora<\/td>\n<td width=\"170\"><span style=\"color: #0000ff\"><a style=\"color: #0000ff\" href=\"http:\/\/lattes.cnpq.br\/5547490063776157\">http:\/\/lattes.cnpq.br<\/a><a style=\"color: #0000ff\" href=\"http:\/\/lattes.cnpq.br\/5547490063776157\">\/5547490063776157<\/a><\/span><\/td>\n<\/tr>\n<tr>\n<td width=\"38\">13<\/td>\n<td width=\"281\"><strong>Gard\u00eania Menezes de Ara\u00fajo<\/strong><\/td>\n<td width=\"113\">Mestre<\/td>\n<td width=\"170\"><span style=\"color: #0000ff\"><a style=\"color: #0000ff\" href=\"http:\/\/lattes.cnpq.br\/9559818867400444\">http:\/\/lattes.cnpq.br\/9559818867400444<\/a><\/span><\/td>\n<\/tr>\n<tr>\n<td width=\"38\">14<\/td>\n<td width=\"281\"><strong>Gerusa Dayanne de Oliveira Medeiros<\/strong><\/td>\n<td width=\"113\">Mestre<\/td>\n<td width=\"170\"><span style=\"color: #0000ff\"><a style=\"color: #0000ff\" href=\"http:\/\/lattes.cnpq.br\/7722212367105111\">http:\/\/lattes.cnpq.br<\/a><a style=\"color: #0000ff\" href=\"http:\/\/lattes.cnpq.br\/7722212367105111\">\/7722212367105111<\/a><\/span><\/td>\n<\/tr>\n<tr>\n<td width=\"38\">15<\/td>\n<td width=\"281\"><strong>Inana Fauro de Ara\u00fajo<\/strong><\/td>\n<td width=\"113\">Doutora<\/td>\n<td width=\"170\"><span style=\"color: #0000ff\"><a style=\"color: #0000ff\" href=\"http:\/\/lattes.cnpq.br\/6820112062270746\">http:\/\/lattes.cnpq.br\/6820112062270746<\/a><\/span><\/td>\n<\/tr>\n<tr>\n<td width=\"38\">16<\/td>\n<td width=\"281\"><strong>Jo\u00e3o Farias da Trindade<\/strong><\/td>\n<td width=\"113\">Doutor<\/td>\n<td width=\"170\"><a style=\"color: #0000ff\" href=\"http:\/\/lattes.cnpq.br\/3490249929052367\">http:\/\/lattes.cnpq.br<\/a><a style=\"color: #0000ff\" href=\"http:\/\/lattes.cnpq.br\/3490249929052367\">\/3490249929052367<\/a><\/td>\n<\/tr>\n<tr>\n<td width=\"38\">17<\/td>\n<td width=\"281\"><strong>Jos\u00e9 Lu\u00eds da Cunha Pena<\/strong><\/td>\n<td width=\"113\">Doutor<\/td>\n<td width=\"170\"><a style=\"color: #ff4b33\" href=\"http:\/\/lattes.cnpq.br\/0079553721029121\"><span style=\"color: #0000ff\">http:\/\/lattes.cnpq.br<\/span><\/a><span style=\"color: #0000ff\"><a style=\"color: #0000ff\" href=\"http:\/\/lattes.cnpq.br\/0079553721029121\">\/0079553721029121<\/a><\/span><\/td>\n<\/tr>\n<tr>\n<td width=\"38\">18<\/td>\n<td width=\"281\"><strong>Jos\u00e9 Luiz Pican\u00e7o da Silva<\/strong><\/td>\n<td width=\"113\">Especialista<\/td>\n<td width=\"170\"><a style=\"color: #0000ff\" href=\"http:\/\/lattes.cnpq.br\/0646172175467622\">http:\/\/lattes.cnpq.br<\/a><a style=\"color: #0000ff\" href=\"http:\/\/lattes.cnpq.br\/0646172175467622\">\/0646172175467622<\/a><\/td>\n<\/tr>\n<tr>\n<td width=\"38\">19<\/td>\n<td width=\"281\"><strong>Klingerry da Silva Penafort<\/strong><\/td>\n<td width=\"113\">Mestre<\/td>\n<td width=\"170\"><a style=\"color: #0000ff\" href=\"http:\/\/lattes.cnpq.br\/8569314099009061\">http:\/\/lattes.cnpq.b<\/a><a style=\"color: #0000ff\" href=\"http:\/\/lattes.cnpq.br\/8569314099009061\">r\/8569314099009061<\/a><\/td>\n<\/tr>\n<tr>\n<td width=\"38\">20<\/td>\n<td width=\"281\"><b>Leilson da Silva Lima<\/b><\/td>\n<td width=\"113\">Mestre<\/td>\n<td width=\"170\">&nbsp;<\/td>\n<\/tr>\n<tr>\n<td width=\"38\">21<\/td>\n<td width=\"281\"><strong>Leth\u00edcia Barreto Brand\u00e3o<\/strong><\/td>\n<td width=\"113\">Doutora<\/td>\n<td width=\"170\"><a style=\"color: #0000ff\" href=\"http:\/\/lattes.cnpq.br\/3561114338076976\">http:\/\/lattes.cnpq.br\/3561114338076976<\/a><\/td>\n<\/tr>\n<tr>\n<td width=\"38\">22<\/td>\n<td width=\"281\"><strong>L\u00facio Andr\u00e9 Viana Dias<\/strong><\/td>\n<td width=\"113\">Doutor<\/td>\n<td width=\"170\"><a style=\"color: #0000ff\" href=\"http:\/\/lattes.cnpq.br\/5038105812515471\">http:\/\/lattes.cnpq.br<\/a><a style=\"color: #0000ff\" href=\"http:\/\/lattes.cnpq.br\/5038105812515471\">\/5038105812515471<\/a><\/td>\n<\/tr>\n<tr>\n<td width=\"38\">23<\/td>\n<td width=\"281\"><strong>Luzilena de Sousa Prud\u00eancio<\/strong><\/td>\n<td width=\"113\">Doutora<\/td>\n<td width=\"170\"><a style=\"color: #0000ff\" href=\"http:\/\/lattes.cnpq.br\/9530554407871026\">http:\/\/lattes.cnpq.br<\/a><a style=\"color: #0000ff\" href=\"http:\/\/lattes.cnpq.br\/9530554407871026\">\/9530554407871026<\/a><\/td>\n<\/tr>\n<tr>\n<td width=\"38\">24<\/td>\n<td width=\"281\"><strong>Maria Izabel C\u00f4rtes Volpe<\/strong><\/td>\n<td width=\"113\">Doutora<\/td>\n<td width=\"170\"><a style=\"color: #0000ff\" href=\"http:\/\/lattes.cnpq.br\/3913689546568227\">http:\/\/lattes.cnpq.br<\/a><a style=\"color: #0000ff\" href=\"http:\/\/lattes.cnpq.br\/3913689546568227\">\/3913689546568227<\/a><\/td>\n<\/tr>\n<tr>\n<td width=\"38\">25<\/td>\n<td width=\"281\"><strong>Maria Virginia Filgueiras de Assis Mello<\/strong><\/td>\n<td width=\"113\">Doutora<\/td>\n<td width=\"170\"><a style=\"color: #0000ff\" href=\"http:\/\/lattes.cnpq.br\/0995257431964701\">http:\/\/lattes.cnpq.br<\/a><a style=\"color: #0000ff\" href=\"http:\/\/lattes.cnpq.br\/0995257431964701\">\/0995257431964701<\/a><\/td>\n<\/tr>\n<tr>\n<td width=\"38\">26<\/td>\n<td width=\"281\"><strong>Marlucilena Pinheiro da Silva<\/strong><\/td>\n<td width=\"113\">Doutora<\/td>\n<td width=\"170\"><a style=\"color: #0000ff\" href=\"http:\/\/lattes.cnpq.br\/3789934872661445\">http:\/\/lattes.cnpq.br<\/a><a style=\"color: #0000ff\" href=\"http:\/\/lattes.cnpq.br\/3789934872661445\">\/3789934872661445<\/a><\/td>\n<\/tr>\n<tr>\n<td width=\"38\">27<\/td>\n<td width=\"281\"><strong>N\u00e1dia Cecilia Barros Tostes<\/strong><\/td>\n<td width=\"113\">Mestre<\/td>\n<td width=\"170\"><a style=\"color: #0000ff\" href=\"http:\/\/lattes.cnpq.br\/8511078455943286\">http:\/\/lattes.cnpq.br<\/a><a style=\"color: #0000ff\" href=\"http:\/\/lattes.cnpq.br\/8511078455943286\">\/8511078455943286<\/a><\/td>\n<\/tr>\n<tr>\n<td width=\"38\">28<\/td>\n<td width=\"281\"><strong>N\u00e1dia Cristine Coelho Eug\u00eanio<\/strong><\/td>\n<td width=\"113\">Mestre<\/td>\n<td width=\"170\"><a href=\"http:\/\/lattes.cnpq.br\/4949191254625854\"><span style=\"color: #0000ff\">http:\/\/lattes.cnpq.br<\/span><\/a><span style=\"color: #0000ff\"><a style=\"color: #0000ff\" href=\"http:\/\/lattes.cnpq.br\/4949191254625854\">\/4949191254625854<\/a><\/span><\/td>\n<\/tr>\n<tr>\n<td width=\"38\">29<\/td>\n<td width=\"281\"><strong>Nely Dayse Santos da Mata<\/strong><\/td>\n<td width=\"113\">Doutora<\/td>\n<td width=\"170\"><a href=\"http:\/\/lattes.cnpq.br\/0529429570261510\"><span style=\"color: #0000ff\">http:\/\/lattes.cnpq.br<\/span><\/a><span style=\"color: #0000ff\"><a style=\"color: #0000ff\" href=\"http:\/\/lattes.cnpq.br\/0529429570261510\">\/0529429570261510<\/a><\/span><\/td>\n<\/tr>\n<tr>\n<td width=\"38\">30<\/td>\n<td width=\"281\"><strong>Rosana Oliveira do Nascimento<\/strong><\/td>\n<td width=\"113\">Mestre<\/td>\n<td width=\"170\"><a style=\"color: #0000ff\" href=\"http:\/\/lattes.cnpq.br\/5432318947663418\">http:\/\/lattes.cnpq.br<\/a><a style=\"color: #0000ff\" href=\"http:\/\/lattes.cnpq.br\/5432318947663418\">\/5432318947663418<\/a><\/td>\n<\/tr>\n<tr>\n<td width=\"38\">31<\/td>\n<td width=\"281\"><strong>Rosemary Ferreira de Andrade<\/strong><\/td>\n<td width=\"113\">Doutora<\/td>\n<td width=\"170\"><a style=\"color: #0000ff\" href=\"http:\/\/lattes.cnpq.br\/9551442492893319\">http:\/\/lattes.cnpq.br<\/a><a style=\"color: #0000ff\" href=\"http:\/\/lattes.cnpq.br\/9551442492893319\">\/9551442492893319<\/a><\/td>\n<\/tr>\n<tr>\n<td width=\"38\">32<\/td>\n<td width=\"281\"><strong>Rosilda Alves da Silva Isla Chamilco<\/strong><\/td>\n<td width=\"113\">Doutora<\/td>\n<td width=\"170\"><a href=\"http:\/\/lattes.cnpq.br\/9442494320910487\"><span style=\"color: #0000ff\">http:\/\/lattes.cnpq.br<\/span><\/a><span style=\"color: #0000ff\"><a style=\"color: #0000ff\" href=\"http:\/\/lattes.cnpq.br\/9442494320910487\">\/9442494320910487<\/a><\/span><\/td>\n<\/tr>\n<tr>\n<td width=\"38\">33<\/td>\n<td width=\"281\"><strong>Rubens Alex de Oliveira Menezes<\/strong><\/td>\n<td width=\"113\">Doutor<\/td>\n<td width=\"170\"><a style=\"color: #0000ff\" href=\"http:\/\/lattes.cnpq.br\/7080095883066477\">http:\/\/lattes.cnpq.br\/7080095883066477<\/a><\/td>\n<\/tr>\n<tr>\n<td width=\"38\">34<\/td>\n<td width=\"281\"><strong>Samea Marine Pimentel Verga<\/strong><\/td>\n<td width=\"113\">Doutora<\/td>\n<td width=\"170\"><a style=\"color: #ff4b33\" href=\"http:\/\/lattes.cnpq.br\/7929733623700037\"><span style=\"color: #0000ff\">http:\/\/lattes.cnpq.br<\/span><\/a><span style=\"color: #0000ff\"><a style=\"color: #0000ff\" href=\"http:\/\/lattes.cnpq.br\/7929733623700037\">\/7929733623700037<\/a><\/span><\/td>\n<\/tr>\n<tr>\n<td width=\"38\">35<\/td>\n<td width=\"281\"><strong>Silvia Elena Dias Martuchi<\/strong><\/td>\n<td width=\"113\">Mestre<\/td>\n<td width=\"170\"><a style=\"color: #0000ff\" href=\"http:\/\/lattes.cnpq.br\/9200143909379813\">http:\/\/lattes.cnpq.br<\/a><a style=\"color: #0000ff\" href=\"http:\/\/lattes.cnpq.br\/9200143909379813\">\/9200143909379813<\/a><\/td>\n<\/tr>\n<tr>\n<td width=\"38\">36<\/td>\n<td width=\"281\"><strong>Tatiana do Socorro dos S Calandrini<\/strong><\/td>\n<td width=\"113\">Doutora<\/td>\n<td width=\"170\"><a style=\"color: #0000ff\" href=\"http:\/\/lattes.cnpq.br\/9646872750954617\">http:\/\/lattes.cnpq.br<\/a><a style=\"color: #0000ff\" href=\"http:\/\/lattes.cnpq.br\/9646872750954617\">\/9646872750954617<\/a><\/td>\n<\/tr>\n<tr>\n<td width=\"38\">37<\/td>\n<td width=\"281\"><strong>Vanessa da Silva Oliveira<\/strong><\/td>\n<td width=\"113\">Doutora<\/td>\n<td width=\"170\"><a style=\"color: #0000ff\" href=\"http:\/\/lattes.cnpq.br\/882235093142346\">http:\/\/lattes.cnpq.br<\/a><a style=\"color: #0000ff\" href=\"http:\/\/lattes.cnpq.br\/882235093142346\">\/882235093142346<\/a><\/td>\n<\/tr>\n<tr>\n<td width=\"38\">38<\/td>\n<td width=\"281\"><strong>Ver\u00f4nica Batista Cambraia Favacho<\/strong><\/td>\n<td width=\"113\">Doutora<\/td>\n<td width=\"170\"><a style=\"color: #0000ff\" href=\"http:\/\/lattes.cnpq.br\/5015446397881476\">http:\/\/lattes.cnpq.br<\/a><a style=\"color: #0000ff\" href=\"http:\/\/lattes.cnpq.br\/5015446397881476\">\/5015446397881476<\/a><\/td>\n<\/tr>\n<tr>\n<td width=\"38\">39<\/td>\n<td width=\"281\"><strong>Walter de Souza Tavares<\/strong><\/td>\n<td width=\"113\">Doutor<\/td>\n<td width=\"170\"><a style=\"color: #ff4b33\" href=\"http:\/\/lattes.cnpq.br\/5085038840802665\"><span style=\"color: #0000ff\">http:\/\/lattes.cnpq.br\/5085038840802665<\/span><\/a><\/td>\n<\/tr>\n<tr>\n<td width=\"38\">&nbsp;<\/td>\n<td width=\"281\">&nbsp;<\/td>\n<td width=\"113\">&nbsp;<\/td>\n<td width=\"170\">&nbsp;<\/td>\n<\/tr>\n<tr>\n<td width=\"38\">&nbsp;<\/td>\n<td width=\"281\">&nbsp;<\/td>\n<td width=\"113\">&nbsp;<\/td>\n<td width=\"170\">&nbsp;<\/td>\n<\/tr>\n<\/tbody>\n<\/table>\n","protected":false},"excerpt":{"rendered":"<p>&nbsp; Professor T\u00edtulo Link Curr\u00edculo Lattes 1 Anneli Mercedes Celis de C\u00e1rdenas Doutora http:\/\/lattes.cnpq.br\/5754933755242793 2 Cleidjane Gomes Faustino Doutora &nbsp; 3 Camila Rodrigues Barbosa Nemer Doutora http:\/\/lattes.cnpq.br\/9193622763928241 4 Carlos Rinaldo Nogueira Martins Doutor http:\/\/lattes.cnpq.br\/0117831537098951 5 Clodoaldo Tentes Cortes Doutor http:\/\/lattes.cnpq.br\/9489426188166592 6 Cl\u00f3vis Luciano Giacomet Doutor http:\/\/lattes.cnpq.br\/6078983262456101&nbsp; 7 D\u00e9bora Prestes da \u2026 <a class=\"continue-reading-link\" href=\"http:\/\/www2.unifap.br\/enfermagem\/docentes-enfermagem-marco-zero\/\"> Continue Lendo <span class=\"meta-nav\">&rarr; <\/span><\/a><\/p>\n","protected":false},"author":400,"featured_media":0,"parent":0,"menu_order":4,"comment_status":"open","ping_status":"open","template":"","meta":{"inline_featured_image":false,"ngg_post_thumbnail":0,"footnotes":""},"class_list":["post-337","page","type-page","status-publish","hentry"],"_links":{"self":[{"href":"http:\/\/www2.unifap.br\/enfermagem\/wp-json\/wp\/v2\/pages\/337","targetHints":{"allow":["GET"]}}],"collection":[{"href":"http:\/\/www2.unifap.br\/enfermagem\/wp-json\/wp\/v2\/pages"}],"about":[{"href":"http:\/\/www2.unifap.br\/enfermagem\/wp-json\/wp\/v2\/types\/page"}],"author":[{"embeddable":true,"href":"http:\/\/www2.unifap.br\/enfermagem\/wp-json\/wp\/v2\/users\/400"}],"replies":[{"embeddable":true,"href":"http:\/\/www2.unifap.br\/enfermagem\/wp-json\/wp\/v2\/comments?post=337"}],"version-history":[{"count":115,"href":"http:\/\/www2.unifap.br\/enfermagem\/wp-json\/wp\/v2\/pages\/337\/revisions"}],"predecessor-version":[{"id":3831,"href":"http:\/\/www2.unifap.br\/enfermagem\/wp-json\/wp\/v2\/pages\/337\/revisions\/3831"}],"wp:attachment":[{"href":"http:\/\/www2.unifap.br\/enfermagem\/wp-json\/wp\/v2\/media?parent=337"}],"curies":[{"name":"wp","href":"https:\/\/api.w.org\/{rel}","templated":true}]}}