{"id":43,"date":"2008-10-14T20:01:40","date_gmt":"2008-10-14T20:01:40","guid":{"rendered":"http:\/\/pororoca.unifap.br\/enfermagem\/?page_id=43"},"modified":"2023-08-22T13:31:04","modified_gmt":"2023-08-22T13:31:04","slug":"ppc-matriz-curricular-planosdeensino","status":"publish","type":"page","link":"http:\/\/www2.unifap.br\/enfermagem\/ppc-matriz-curricular-planosdeensino\/","title":{"rendered":"PPC, Matriz Curricular, Ementas e Planos de ensino"},"content":{"rendered":"<pre><span style=\"color: #0000ff\"><a style=\"color: #0000ff\" href=\"http:\/\/www2.unifap.br\/enfermagem\/files\/2020\/12\/ENFERMAGEM-BACHARELADO.pdf\"><strong>PPC da Matriz 223 - Bacharelado<\/strong><\/a><\/span><strong>\r\n<span style=\"color: #0000ff\"><a href=\"http:\/\/www2.unifap.br\/enfermagem\/files\/2023\/08\/Estrutura-Curricular.pdf\"><span style=\"color: #0000ff\">Estrutura Curricular - Bacharelado<\/span><\/a> <\/span><span style=\"color: #ff0000\"><span style=\"color: #ff6600\">(<\/span>A partir do ano 2014)\r\n<span style=\"color: #0000ff\"><a style=\"color: #0000ff\" href=\"http:\/\/www2.unifap.br\/enfermagem\/files\/2023\/02\/EMENTAS-No-2_2023-CCE_MATRIZ-223.pdf\">Ementas do Bacharelado<\/a><\/span>\r\n<\/span><\/strong><\/pre>\n<pre><strong><span style=\"color: #ff0000\"><span style=\"color: #0000ff\"><span style=\"color: #000000\"><span style=\"color: #ff6600\"><a style=\"color: #0000ff\" href=\"http:\/\/www2.unifap.br\/enfermagem\/files\/2023\/02\/EMENTA-No-3_2023-CCE.pdf\">Estrutura Curricular - Licenciatura<\/a> (De 2009 at\u00e9 2013) \r\n<\/span><\/span><a style=\"color: #0000ff\" href=\"http:\/\/www2.unifap.br\/enfermagem\/files\/2008\/10\/Ementas-da-Matriz-184.rar\">Planos de ensino da matriz 184<\/a><\/span><\/span><\/strong><\/pre>\n<pre><strong><span style=\"color: #ff0000\"><span style=\"color: #0000ff\"> <a style=\"color: #0000ff\" href=\"http:\/\/www2.unifap.br\/enfermagem\/files\/2008\/10\/Ementas-da-matriz-183.rar\">Planos de ensino da matriz 183<\/a> <span style=\"color: #ff6600\">(At\u00e9 o ano 2008)<\/span><\/span><\/span><\/strong><\/pre>\n<p><strong>PLANOS DE ENSINO DA MATRIZ 223<\/strong><\/p>\n<pre><span style=\"color: #000000\"><strong>1\u00ba SEMESTRE:<\/strong>\r\n<span style=\"color: #0000ff\">\r\n<a style=\"color: #0000ff\" href=\"http:\/\/www2.unifap.br\/enfermagem\/files\/2021\/12\/Plano-de-ensino-de-Biomol.pdf\">Biologia molecular<\/a>\r\n<a style=\"color: #0000ff\" href=\"http:\/\/www2.unifap.br\/enfermagem\/files\/2021\/12\/1.ANATOMIA-HUMANA.pdf\">Anatomia humana<\/a>\r\n<a style=\"color: #0000ff\" href=\"http:\/\/www2.unifap.br\/enfermagem\/files\/2021\/12\/CITOLOGIA-E-HISTOLOGIA.pdf\">Citologia e histologia<\/a>\r\n<a style=\"color: #0000ff\" href=\"http:\/\/www2.unifap.br\/enfermagem\/files\/2021\/12\/Bioqu\u00edmica-geral.pdf\">Bioqu\u00edmica geral<\/a>\r\n<a style=\"color: #0000ff\" href=\"http:\/\/www2.unifap.br\/enfermagem\/files\/2021\/12\/Patologia-Geral.pdf\">Patologia Geral<\/a>\r\n<a style=\"color: #0000ff\" href=\"http:\/\/www2.unifap.br\/enfermagem\/files\/2021\/12\/INTRODU\u00c7\u00c3O-A-TEORIA-SOCIOL\u00d3GICA-APLICADA-A-SA\u00daDE.pdf\">Introdu\u00e7\u00e3o \u00e0 teoria sociol\u00f3gica aplicada \u00e0 sa\u00fade<\/a>\r\n<a style=\"color: #0000ff\" href=\"http:\/\/www2.unifap.br\/enfermagem\/files\/2022\/01\/Introdu\u00e7\u00e3o-\u00e0-filosofia-.pdf\">Introdu\u00e7\u00e3o \u00e0 filosofia<\/a>\r\n<a style=\"color: #0000ff\" href=\"http:\/\/www2.unifap.br\/enfermagem\/files\/2021\/12\/INTRODU\u00c7\u00c3O-\u00c0-ANTROPOLOGIA.pdf\">Introdu\u00e7\u00e3o \u00e0 antropologia<\/a>\r\n<\/span>\r\n<strong>2\u00ba SEMESTRE:<\/strong>\r\n<span style=\"color: #0000ff\">\r\n<a style=\"color: #0000ff\" href=\"http:\/\/www2.unifap.br\/enfermagem\/files\/2023\/01\/Microbiologia-geral.pdf\">Microbiologia geral<\/a>\r\n<a style=\"color: #0000ff\" href=\"http:\/\/www2.unifap.br\/enfermagem\/files\/2023\/01\/Imunologia.pdf\">Imunologia<\/a>\r\n<a style=\"color: #0000ff\" href=\"http:\/\/www2.unifap.br\/enfermagem\/files\/2021\/12\/HISTORIA-E-TEORIAS-DE-ENFERMAGEM.pdf\">Hist\u00f3ria e teorias de enfermagem<\/a>\r\n<a style=\"color: #0000ff\" href=\"http:\/\/www2.unifap.br\/enfermagem\/files\/2021\/12\/Fisiologia-e-Biof\u00edsica.pdf\">Fisiologia e biof\u00edsica<\/a>\r\n<a style=\"color: #0000ff\" href=\"http:\/\/www2.unifap.br\/enfermagem\/files\/2021\/12\/FARMACOLOGIA-GERAL.pdf\">Farmacologia geral<\/a>\r\n<a style=\"color: #0000ff\" href=\"http:\/\/www2.unifap.br\/enfermagem\/files\/2021\/12\/INSTRUMENTOS-E-PROCESSOS-DE-ENFERMAGEM.pdf\">Instrumentos e processos de enfermagem<\/a>\r\n<a style=\"color: #0000ff\" href=\"http:\/\/www2.unifap.br\/enfermagem\/files\/2022\/12\/Saude-coletiva-I.docx.pdf\">Sa\u00fade coletiva I<\/a>\r\n<a style=\"color: #0000ff\" href=\"http:\/\/www2.unifap.br\/enfermagem\/files\/2021\/12\/GEN\u00c9TICA.pdf\">Gen\u00e9tica<\/a><\/span>\r\n\r\n<strong>3\u00ba SEMESTRE:<\/strong>\r\n\r\n<span style=\"color: #0000ff\"><a style=\"color: #0000ff\" href=\"http:\/\/www2.unifap.br\/enfermagem\/files\/2021\/12\/PARASITOLOGIA-GERAL.pdf\">Parasitologia geral<\/a>\r\n<a style=\"color: #0000ff\" href=\"http:\/\/www2.unifap.br\/enfermagem\/files\/2021\/12\/SEMIOLOGIA-E-SEMIOT\u00c9CNICA-1.pdf\">Semiologia e semiot\u00e9cnica<\/a>\r\n<a style=\"color: #0000ff\" href=\"http:\/\/www2.unifap.br\/enfermagem\/files\/2021\/12\/Enfermagem-em-doen\u00e7as-transmiss\u00edveis.pdf\">Enfermagem em doen\u00e7as transmiss\u00edveis<\/a>\r\n<a style=\"color: #0000ff\" href=\"http:\/\/www2.unifap.br\/enfermagem\/files\/2021\/12\/FARMACOLOGIA-CL\u00cdNICA.pdf\">Farmacologia cl\u00ednica<\/a>\r\n<a style=\"color: #0000ff\" href=\"http:\/\/www2.unifap.br\/enfermagem\/files\/2021\/12\/ADMINISTRA\u00c7\u00c3O-EM-SERVI\u00c7OS-DE-SA\u00daDE.pdf\">Administra\u00e7\u00e3o em servi\u00e7os de sa\u00fade<\/a>\r\n<a style=\"color: #0000ff\" href=\"http:\/\/www2.unifap.br\/enfermagem\/files\/2021\/12\/NUTRICAO.pdf\">Nutri\u00e7\u00e3o<\/a>\r\n<a style=\"color: #0000ff\" href=\"http:\/\/www2.unifap.br\/enfermagem\/files\/2022\/12\/Saude-coletiva-II.pdf\">Sa\u00fade coletiva II<\/a><\/span>\r\n\r\n<strong>4\u00ba SEMESTRE:<\/strong>\r\n\r\n<span style=\"color: #0000ff\"><a style=\"color: #0000ff\" href=\"http:\/\/www2.unifap.br\/enfermagem\/files\/2021\/12\/Enfermagem-Materno-Infantil-na-Aten\u00e7\u00e3o-B\u00e1sica.pdf\">Enfermagem materno infantil na aten\u00e7\u00e3o b\u00e1sica<\/a>\r\n<a style=\"color: #0000ff\" href=\"http:\/\/www2.unifap.br\/enfermagem\/files\/2021\/12\/PSICOLOGIA-DO-DESENVOLVIMENTO.pdf\">Psicologia do desenvolvimento<\/a>\r\n<a style=\"color: #0000ff\" href=\"http:\/\/www2.unifap.br\/enfermagem\/files\/2021\/12\/ENFERMAGEM-NA-SA\u00daDE-DO-ADULTO-E-DO-IDOSO.pdf\">Enfermagem na sa\u00fade do adulto e do idoso<\/a>\r\n<a style=\"color: #0000ff\" href=\"http:\/\/www2.unifap.br\/enfermagem\/files\/2021\/12\/\u00c9tica-bio\u00e9tica-e-legisla\u00e7\u00e3o-em-enfermagem.pdf\">\u00c9tica, bio\u00e9tica e legisla\u00e7\u00e3o<\/a>\r\n<a style=\"color: #0000ff\" href=\"http:\/\/www2.unifap.br\/enfermagem\/files\/2021\/12\/Epidemiologia-e-Biostat\u00edstica.pdf\">Epidemiologia e bioestat\u00edstica<\/a><\/span><strong> \r\n\r\n5\u00ba SEMESTRE:<\/strong>\r\n<span style=\"color: #0000ff\">\r\n<a style=\"color: #0000ff\" href=\"http:\/\/www2.unifap.br\/enfermagem\/files\/2021\/12\/Enfermagem-ginecol\u00f3gica-obst\u00e9trica-e-neonatal-1.pdf\">Enfermagem ginecol\u00f3gica, obst\u00e9trica e neonatal<\/a>\r\n<a style=\"color: #0000ff\" href=\"http:\/\/www2.unifap.br\/enfermagem\/files\/2021\/12\/METODOS-E-TECNICAS-DE-PESQUISA.pdf\">M\u00e9todos e t\u00e9cnicas de pesquisa<\/a>\r\n<a style=\"color: #0000ff\" href=\"http:\/\/www2.unifap.br\/enfermagem\/files\/2021\/12\/Plano-de-Curso-Enfermagem-Clinica-Cirurgica.pdf\">Enfermagem cl\u00ednica e cir\u00fargica<\/a>\r\n<a style=\"color: #0000ff\" href=\"http:\/\/www2.unifap.br\/enfermagem\/files\/2021\/12\/Plano-de-sa\u00fade-mental.pdf\">Enfermagem em sa\u00fade mental<\/a>\r\n<a style=\"color: #0000ff\" href=\"http:\/\/www2.unifap.br\/enfermagem\/files\/2021\/12\/DID\u00c1TICA-GERAL.pdf\">Did\u00e1tica geral<\/a><\/span>\r\n\r\n<strong>6\u00ba SEMESTRE:<\/strong>\r\n<span style=\"color: #0000ff\">\r\n<a style=\"color: #0000ff\" href=\"http:\/\/www2.unifap.br\/enfermagem\/files\/2021\/12\/Enfermagem-pedi\u00e1trica.pdf\">Enfermagem pedi\u00e1trica<\/a>\r\n<a style=\"color: #0000ff\" href=\"http:\/\/www2.unifap.br\/enfermagem\/files\/2021\/12\/PESQUISA-EM-ENFERMAGEM.pdf\">Pesquisa em enfermagem<\/a>\r\n<a style=\"color: #0000ff\" href=\"http:\/\/www2.unifap.br\/enfermagem\/files\/2021\/12\/ENFERMAGEM-EM-AMBIENTES-DE-ALTA-COMPLEXIDADE.pdf\">Enfermagem em ambientes de alta complexidade<\/a>\r\n<a style=\"color: #0000ff\" href=\"http:\/\/www2.unifap.br\/enfermagem\/files\/2021\/12\/ENFERMAGEM-PSIQUI\u00c1TRICA.pdf\">Enfermagem psiqui\u00e1trica<\/a>\r\n<a href=\"http:\/\/www2.unifap.br\/enfermagem\/files\/2023\/01\/Emergencia_Plano-de-ensino.pdf\"><span style=\"color: #0000ff\">Enfermagem em urg\u00eancia e emerg\u00eancia<\/span><\/a><\/span>\r\n\r\n<strong>7\u00ba SEMESTRE:<\/strong>\r\n\r\n<span style=\"color: #0000ff\"><a href=\"http:\/\/www2.unifap.br\/enfermagem\/files\/2023\/07\/Plano_de_Ensino-Estagio_I.pdf\"><span style=\"color: #0000ff\">Est\u00e1gio supervisionado em enfermagem I<\/span><\/a>\r\n<a style=\"color: #0000ff\" href=\"http:\/\/www2.unifap.br\/enfermagem\/files\/2021\/12\/ADMINISTRA\u00c7\u00c3O-EM-ENFERMAGEM.pdf\">Administra\u00e7\u00e3o em enfermagem<\/a>\r\n<a style=\"color: #0000ff\" href=\"http:\/\/www2.unifap.br\/enfermagem\/files\/2022\/01\/Plano-de-Ensino_TCCI.pdf\">Trabalho de conclus\u00e3o de curso I<\/a>\r\n\r\n<\/span>\r\n<strong>\r\n8\u00ba SEMESTRE:<\/strong>\r\n\r\n<span style=\"color: #0000ff\"><a style=\"color: #0000ff\" href=\"http:\/\/www2.unifap.br\/enfermagem\/files\/2022\/01\/Plano-de-Ensino-EstagII.pdf\">Est\u00e1gio supervisionado em enfermagem II<\/a>\r\n<a style=\"color: #0000ff\" href=\"http:\/\/www2.unifap.br\/enfermagem\/files\/2021\/12\/INFORMATICA-APLICADA-EM-SA\u00daDE.pdf\">Inform\u00e1tica aplicada \u00e0 sa\u00fade<\/a>\r\n<a style=\"color: #0000ff\" href=\"http:\/\/www2.unifap.br\/enfermagem\/files\/2022\/01\/PLANO-DE-ENSINO-TCC-II.pdf\">Trabalho de conclus\u00e3o de curso II<\/a><\/span>\r\n<strong>\r\nDISCIPLINAS OPTATIVAS:<\/strong><\/span>\r\n\r\n<span style=\"color: #0000ff\"><a style=\"color: #0000ff\" href=\"http:\/\/www2.unifap.br\/enfermagem\/files\/2021\/12\/EDUCA\u00c7\u00c3O-PERMANENTE.pdf\">Educa\u00e7\u00e3o permanente em sa\u00fade<\/a>\r\n<a href=\"http:\/\/www2.unifap.br\/enfermagem\/files\/2023\/01\/Plano-de-ensino_SBE.pdf\"><span style=\"color: #0000ff\">Introdu\u00e7\u00e3o ao cuidado em sa\u00fade baseado em evid\u00eancias<\/span><\/a><\/span>\r\n<\/pre>\n<pre>OBS.: Caso n\u00e3o consiga baixar os arquivos no seu navegador, <strong>tente com a janela an\u00f4nima<\/strong>, ap\u00f3s clicar com o bot\u00e3o direito e atualize a p\u00e1gina<span style=\"font-family: Georgia, 'Times New Roman', 'Bitstream Charter', Times, serif\">.<\/span><\/pre>\n","protected":false},"excerpt":{"rendered":"<p>PPC da Matriz 223 &#8211; Bacharelado Estrutura Curricular &#8211; Bacharelado (A partir do ano 2014) Ementas do Bacharelado Estrutura Curricular &#8211; Licenciatura (De 2009 at\u00e9 2013) Planos de ensino da matriz 184 Planos de ensino da matriz 183 (At\u00e9 o ano 2008) PLANOS DE ENSINO DA MATRIZ 223 1\u00ba SEMESTRE: \u2026 <a class=\"continue-reading-link\" href=\"http:\/\/www2.unifap.br\/enfermagem\/ppc-matriz-curricular-planosdeensino\/\"> Continue Lendo <span class=\"meta-nav\">&rarr; <\/span><\/a><\/p>\n","protected":false},"author":68,"featured_media":0,"parent":0,"menu_order":4,"comment_status":"closed","ping_status":"closed","template":"","meta":{"inline_featured_image":false,"ngg_post_thumbnail":0,"footnotes":""},"class_list":["post-43","page","type-page","status-publish","hentry"],"_links":{"self":[{"href":"http:\/\/www2.unifap.br\/enfermagem\/wp-json\/wp\/v2\/pages\/43","targetHints":{"allow":["GET"]}}],"collection":[{"href":"http:\/\/www2.unifap.br\/enfermagem\/wp-json\/wp\/v2\/pages"}],"about":[{"href":"http:\/\/www2.unifap.br\/enfermagem\/wp-json\/wp\/v2\/types\/page"}],"author":[{"embeddable":true,"href":"http:\/\/www2.unifap.br\/enfermagem\/wp-json\/wp\/v2\/users\/68"}],"replies":[{"embeddable":true,"href":"http:\/\/www2.unifap.br\/enfermagem\/wp-json\/wp\/v2\/comments?post=43"}],"version-history":[{"count":81,"href":"http:\/\/www2.unifap.br\/enfermagem\/wp-json\/wp\/v2\/pages\/43\/revisions"}],"predecessor-version":[{"id":3362,"href":"http:\/\/www2.unifap.br\/enfermagem\/wp-json\/wp\/v2\/pages\/43\/revisions\/3362"}],"wp:attachment":[{"href":"http:\/\/www2.unifap.br\/enfermagem\/wp-json\/wp\/v2\/media?parent=43"}],"curies":[{"name":"wp","href":"https:\/\/api.w.org\/{rel}","templated":true}]}}