{"id":853,"date":"2020-02-05T19:56:15","date_gmt":"2020-02-05T19:56:15","guid":{"rendered":"http:\/\/www2.unifap.br\/enfermagem\/?page_id=853"},"modified":"2020-03-12T15:32:19","modified_gmt":"2020-03-12T15:32:19","slug":"documentos-normativos","status":"publish","type":"page","link":"http:\/\/www2.unifap.br\/enfermagem\/documentos-normativos\/","title":{"rendered":"Documentos Normativos"},"content":{"rendered":"<p style=\"text-align: left\">S\u00e3o documentos que estabelecem regras, diretrizes ou caracter\u00edsticas para \u00e0s atividades acad\u00eamicas e de docentes dentro da Universidade Federal do Amap\u00e1. Adicionalmente, esses documentos de maneira geral englobam documentos como normas, especifica\u00e7\u00f5es t\u00e9cnicas, c\u00f3digos de pr\u00e1tica e regulamentos. Os termos para diferentes tipos de documentos normativos s\u00e3o definidos considerando o documento e seu conte\u00fado como uma entidade \u00fanica.<\/p>\n<p>&nbsp;<\/p>\n<p>&nbsp;<\/p>\n<p>&nbsp;<\/p>\n","protected":false},"excerpt":{"rendered":"<p>S\u00e3o documentos que estabelecem regras, diretrizes ou caracter\u00edsticas para \u00e0s atividades acad\u00eamicas e de docentes dentro da Universidade Federal do Amap\u00e1. Adicionalmente, esses documentos de maneira geral englobam documentos como normas, especifica\u00e7\u00f5es t\u00e9cnicas, c\u00f3digos de pr\u00e1tica e regulamentos. Os termos para diferentes tipos de documentos normativos s\u00e3o definidos considerando o \u2026 <a class=\"continue-reading-link\" href=\"http:\/\/www2.unifap.br\/enfermagem\/documentos-normativos\/\"> Continue Lendo <span class=\"meta-nav\">&rarr; <\/span><\/a><\/p>\n","protected":false},"author":3853,"featured_media":0,"parent":0,"menu_order":0,"comment_status":"closed","ping_status":"closed","template":"","meta":{"inline_featured_image":false,"ngg_post_thumbnail":0,"footnotes":""},"class_list":["post-853","page","type-page","status-publish","hentry"],"_links":{"self":[{"href":"http:\/\/www2.unifap.br\/enfermagem\/wp-json\/wp\/v2\/pages\/853","targetHints":{"allow":["GET"]}}],"collection":[{"href":"http:\/\/www2.unifap.br\/enfermagem\/wp-json\/wp\/v2\/pages"}],"about":[{"href":"http:\/\/www2.unifap.br\/enfermagem\/wp-json\/wp\/v2\/types\/page"}],"author":[{"embeddable":true,"href":"http:\/\/www2.unifap.br\/enfermagem\/wp-json\/wp\/v2\/users\/3853"}],"replies":[{"embeddable":true,"href":"http:\/\/www2.unifap.br\/enfermagem\/wp-json\/wp\/v2\/comments?post=853"}],"version-history":[{"count":9,"href":"http:\/\/www2.unifap.br\/enfermagem\/wp-json\/wp\/v2\/pages\/853\/revisions"}],"predecessor-version":[{"id":988,"href":"http:\/\/www2.unifap.br\/enfermagem\/wp-json\/wp\/v2\/pages\/853\/revisions\/988"}],"wp:attachment":[{"href":"http:\/\/www2.unifap.br\/enfermagem\/wp-json\/wp\/v2\/media?parent=853"}],"curies":[{"name":"wp","href":"https:\/\/api.w.org\/{rel}","templated":true}]}}