{"id":992,"date":"2020-03-12T15:36:12","date_gmt":"2020-03-12T15:36:12","guid":{"rendered":"http:\/\/www2.unifap.br\/enfermagem\/?page_id=992"},"modified":"2022-12-07T14:18:25","modified_gmt":"2022-12-07T14:18:25","slug":"pet-enfermagem","status":"publish","type":"page","link":"http:\/\/www2.unifap.br\/enfermagem\/pet-enfermagem\/","title":{"rendered":"PET Enfermagem"},"content":{"rendered":"<h2 class=\"entry-title\"><em>Edital de Sele\u00e7\u00e3o do PET ENFERMAGEM<\/em><\/h2>\n<h2 class=\"entry-title\"><em><strong>30\/09\/2022&nbsp;<\/strong><span style=\"color: #0000ff\"><a style=\"color: #0000ff\" href=\"http:\/\/www2.unifap.br\/enfermagem\/files\/2022\/09\/Edital_selecao_2022_PET_ENF-1.pdf\">Edital de selec\u00e3o_2022_PET_ENF<\/a><\/span><\/em><\/h2>\n<h2 class=\"entry-title\"><em><strong>16\/11\/2022&nbsp;<\/strong><span style=\"color: #0000ff\"><a style=\"color: #0000ff\" href=\"http:\/\/www2.unifap.br\/enfermagem\/files\/2022\/11\/Resultado-provisorio-das-inscricoes-homologadas-da-1a-etapa.pdf\">Resultado provis\u00f3rio das inscri\u00e7\u00f5es<\/a><\/span><\/em><\/h2>\n<h2 class=\"entry-title\"><em><strong>18\/11\/2022&nbsp;<\/strong><span style=\"color: #0000ff\"><a style=\"color: #0000ff\" href=\"http:\/\/www2.unifap.br\/enfermagem\/files\/2022\/11\/Resultado-definitivo-das-inscricoes-homologadas.pdf\">Resultado definitivo das inscri\u00e7\u00f5es<\/a><\/span><\/em><\/h2>\n<h2 class=\"entry-title\"><em><strong>23\/11\/2022<\/strong> <span style=\"color: #0000ff\"><a style=\"color: #0000ff\" href=\"http:\/\/www2.unifap.br\/enfermagem\/files\/2022\/11\/RESULTADO-PROVISORIO-PS-PET-2022.pdf\">Resultado provis\u00f3rio da prova escrita<\/a><\/span><\/em><\/h2>\n<h2 class=\"entry-title\"><em><strong>05\/12\/2022<\/strong> <span style=\"color: #0000ff\"><a href=\"http:\/\/www2.unifap.br\/enfermagem\/files\/2022\/12\/Resultado-Provisorio_PSPET-2022.pdf\"><span style=\"color: #0000ff\">Resultado provis\u00f3rio do processo seletivo<\/span><\/a><\/span><\/em><\/h2>\n<h2 class=\"entry-title\"><em><strong>07\/12\/2022<\/strong> <span style=\"color: #0000ff\"><a href=\"http:\/\/www2.unifap.br\/enfermagem\/files\/2022\/12\/Resultado-final_PSPET-2022.pdf\"><span style=\"color: #0000ff\">Resultado final_PSPET 2022<\/span><\/a><\/span><\/em><\/h2>\n<hr>\n<h4>25\/10\/2021 &#8211; Edital de sele\u00e7\u00e3o PET 2021 &#8211; <a href=\"http:\/\/www2.unifap.br\/enfermagem\/files\/2021\/10\/Edital_selecao_2021_PET_ENF_1.pdf\" target=\"_blank\" rel=\"noopener noreferrer\">selecao_2021_PET_ENF<\/a><\/h4>\n<p><strong>PRORROGA\u00c7\u00c3O DO PRAZO DE INSCRI\u00c7\u00c3O AT\u00c9 O DIA 14.11.2021 (At\u00e9 \u00e0s 23:59 &#8211; hor\u00e1rio de Bras\u00edlia). Ademais informamos que os demais prazos n\u00e3o sofrer\u00e3o altera\u00e7\u00f5es e est\u00e3o descritos conforme edital.<\/strong><\/p>\n<p>14\/11\/2021 &#8211; <a href=\"http:\/\/www2.unifap.br\/enfermagem\/files\/2021\/11\/Cronograma-de-atividades-do-processo-de-sele\u00e7\u00e3o_PET.pdf\" target=\"_blank\" rel=\"noopener noreferrer\">Cronograma de atividades do processo de sele\u00e7\u00e3o PET<\/a><\/p>\n<p>14\/11\/2021 &#8211; <a href=\"http:\/\/www2.unifap.br\/enfermagem\/files\/2021\/11\/Lista-provisoria-dos-inscritos_PET.pdf\" target=\"_blank\" rel=\"noopener noreferrer\">Lista provis\u00f3ria dos inscritos PET<\/a><\/p>\n<p>18\/11\/2021 &#8211; <a href=\"http:\/\/www2.unifap.br\/enfermagem\/files\/2021\/11\/Rela\u00e7\u00e3o-dos-candidatos-inscritos.pdf\" target=\"_blank\" rel=\"noopener noreferrer\">Lista definitiva dos inscritos<\/a><\/p>\n<p>22\/11\/2021 &#8211; <a href=\"http:\/\/www2.unifap.br\/enfermagem\/files\/2021\/11\/Retifica\u00e7\u00e3o_Edital_PET-2021.pdf\" target=\"_blank\" rel=\"noopener noreferrer\">Retifica\u00e7\u00e3o_Edital_PET-2021<\/a><\/p>\n<p>22\/11\/2021 &#8211; <a href=\"http:\/\/www2.unifap.br\/enfermagem\/files\/2021\/11\/RESULTADO-PET-2fase_Prova-escrita.pdf\" target=\"_blank\" rel=\"noopener noreferrer\">RESULTADO PET 2 fase -Prova escrita<\/a><\/p>\n<p>24\/11\/2021 &#8211; <a href=\"http:\/\/www2.unifap.br\/enfermagem\/files\/2021\/11\/RESULTADO-FINAL-PS-PET-2021_-2fase_Prova-escrita.pdf\" target=\"_blank\" rel=\"noopener noreferrer\">RESULTADO FINAL PS PET 2021_ 2fase_Prova escrita<\/a><\/p>\n<p>25\/11\/2021 &#8211;<a href=\"http:\/\/www2.unifap.br\/enfermagem\/files\/2021\/11\/ENTREVISTAS_-PS-PET-2021.pdf\" target=\"_blank\" rel=\"noopener noreferrer\">ENTREVISTAS_ PS PET 2021<\/a><\/p>\n<p>06\/12\/2021 &#8211; <a href=\"http:\/\/www2.unifap.br\/enfermagem\/files\/2021\/12\/RESULTADO-PROVIS\u00d3RIO-DO-PS-PET-ENFERMAGEM-2021.pdf\">RESULTADO PROVIS\u00d3RIO DO PS PET ENFERMAGEM 2021<\/a><\/p>\n<p>08\/12\/2021 &#8211;<a href=\"http:\/\/www2.unifap.br\/enfermagem\/files\/2021\/12\/Resultado-PSPET-2021.pdf\">Resultado PSPET 2021<\/a><\/p>\n<hr>\n<h4>21\/10\/2021 &#8211; Apadrinhamento de calouros PET-Enfermagem &#8211; <a href=\"http:\/\/www2.unifap.br\/enfermagem\/files\/2021\/10\/Apadrinha-pet.pdf\" target=\"_blank\" rel=\"noopener noreferrer\">Apadrinha-pet<\/a><\/h4>\n<hr>\n<h4><span style=\"color: #000000\">12\/03\/2020 &#8211; Planejamento Pet 2020 &#8211;&nbsp;<\/span><a href=\"http:\/\/www2.unifap.br\/enfermagem\/files\/2020\/03\/Planejamento-PET-2020-1.pdf\">Planejamento PET 2020<\/a><\/h4>\n","protected":false},"excerpt":{"rendered":"<p>Edital de Sele\u00e7\u00e3o do PET ENFERMAGEM 30\/09\/2022&nbsp;Edital de selec\u00e3o_2022_PET_ENF 16\/11\/2022&nbsp;Resultado provis\u00f3rio das inscri\u00e7\u00f5es 18\/11\/2022&nbsp;Resultado definitivo das inscri\u00e7\u00f5es 23\/11\/2022 Resultado provis\u00f3rio da prova escrita 05\/12\/2022 Resultado provis\u00f3rio do processo seletivo 07\/12\/2022 Resultado final_PSPET 2022 25\/10\/2021 &#8211; Edital de sele\u00e7\u00e3o PET 2021 &#8211; selecao_2021_PET_ENF PRORROGA\u00c7\u00c3O DO PRAZO DE INSCRI\u00c7\u00c3O AT\u00c9 O DIA \u2026 <a class=\"continue-reading-link\" href=\"http:\/\/www2.unifap.br\/enfermagem\/pet-enfermagem\/\"> Continue Lendo <span class=\"meta-nav\">&rarr; <\/span><\/a><\/p>\n","protected":false},"author":3847,"featured_media":0,"parent":0,"menu_order":0,"comment_status":"closed","ping_status":"closed","template":"","meta":{"inline_featured_image":false,"ngg_post_thumbnail":0,"footnotes":""},"class_list":["post-992","page","type-page","status-publish","hentry"],"_links":{"self":[{"href":"http:\/\/www2.unifap.br\/enfermagem\/wp-json\/wp\/v2\/pages\/992","targetHints":{"allow":["GET"]}}],"collection":[{"href":"http:\/\/www2.unifap.br\/enfermagem\/wp-json\/wp\/v2\/pages"}],"about":[{"href":"http:\/\/www2.unifap.br\/enfermagem\/wp-json\/wp\/v2\/types\/page"}],"author":[{"embeddable":true,"href":"http:\/\/www2.unifap.br\/enfermagem\/wp-json\/wp\/v2\/users\/3847"}],"replies":[{"embeddable":true,"href":"http:\/\/www2.unifap.br\/enfermagem\/wp-json\/wp\/v2\/comments?post=992"}],"version-history":[{"count":45,"href":"http:\/\/www2.unifap.br\/enfermagem\/wp-json\/wp\/v2\/pages\/992\/revisions"}],"predecessor-version":[{"id":2908,"href":"http:\/\/www2.unifap.br\/enfermagem\/wp-json\/wp\/v2\/pages\/992\/revisions\/2908"}],"wp:attachment":[{"href":"http:\/\/www2.unifap.br\/enfermagem\/wp-json\/wp\/v2\/media?parent=992"}],"curies":[{"name":"wp","href":"https:\/\/api.w.org\/{rel}","templated":true}]}}