{"id":319,"date":"2017-05-04T08:24:52","date_gmt":"2017-05-04T08:24:52","guid":{"rendered":"http:\/\/www2.unifap.br\/engcivil\/?page_id=319"},"modified":"2018-10-24T20:43:51","modified_gmt":"2018-10-24T20:43:51","slug":"semana-de-engenharia-civil","status":"publish","type":"page","link":"http:\/\/www2.unifap.br\/engcivil\/eventos\/semana-de-engenharia-civil\/","title":{"rendered":"Semana de Engenharia Civil 2018"},"content":{"rendered":"<p><strong><a href=\"https:\/\/goo.gl\/forms\/BUJZBAXW2nUSeul52\">Programa\u00e7\u00e3o e Incri\u00e7\u00f5es<\/a><\/strong><\/p>\n<p><strong><a href=\"http:\/\/www2.unifap.br\/engcivil\/files\/2017\/05\/III-SEC-Cartaz-com-data-v1.jpg\"><img fetchpriority=\"high\" decoding=\"async\" class=\"alignnone size-full wp-image-517\" alt=\"III SEC [Cartaz com data] v1\" src=\"http:\/\/www2.unifap.br\/engcivil\/files\/2017\/05\/III-SEC-Cartaz-com-data-v1.jpg\" width=\"905\" height=\"1280\" srcset=\"http:\/\/www2.unifap.br\/engcivil\/files\/2017\/05\/III-SEC-Cartaz-com-data-v1.jpg 905w, http:\/\/www2.unifap.br\/engcivil\/files\/2017\/05\/III-SEC-Cartaz-com-data-v1-212x300.jpg 212w, http:\/\/www2.unifap.br\/engcivil\/files\/2017\/05\/III-SEC-Cartaz-com-data-v1-724x1024.jpg 724w\" sizes=\"(max-width: 905px) 100vw, 905px\" \/><\/a><\/strong><\/p>\n","protected":false},"excerpt":{"rendered":"<p>Programa\u00e7\u00e3o e Incri\u00e7\u00f5es<\/p>\n","protected":false},"author":409,"featured_media":0,"parent":349,"menu_order":0,"comment_status":"open","ping_status":"open","template":"","meta":{"inline_featured_image":false,"ngg_post_thumbnail":0,"footnotes":""},"class_list":["post-319","page","type-page","status-publish","hentry","entry"],"_links":{"self":[{"href":"http:\/\/www2.unifap.br\/engcivil\/wp-json\/wp\/v2\/pages\/319","targetHints":{"allow":["GET"]}}],"collection":[{"href":"http:\/\/www2.unifap.br\/engcivil\/wp-json\/wp\/v2\/pages"}],"about":[{"href":"http:\/\/www2.unifap.br\/engcivil\/wp-json\/wp\/v2\/types\/page"}],"author":[{"embeddable":true,"href":"http:\/\/www2.unifap.br\/engcivil\/wp-json\/wp\/v2\/users\/409"}],"replies":[{"embeddable":true,"href":"http:\/\/www2.unifap.br\/engcivil\/wp-json\/wp\/v2\/comments?post=319"}],"version-history":[{"count":5,"href":"http:\/\/www2.unifap.br\/engcivil\/wp-json\/wp\/v2\/pages\/319\/revisions"}],"predecessor-version":[{"id":521,"href":"http:\/\/www2.unifap.br\/engcivil\/wp-json\/wp\/v2\/pages\/319\/revisions\/521"}],"up":[{"embeddable":true,"href":"http:\/\/www2.unifap.br\/engcivil\/wp-json\/wp\/v2\/pages\/349"}],"wp:attachment":[{"href":"http:\/\/www2.unifap.br\/engcivil\/wp-json\/wp\/v2\/media?parent=319"}],"curies":[{"name":"wp","href":"https:\/\/api.w.org\/{rel}","templated":true}]}}