{"id":14,"date":"2016-01-20T17:39:43","date_gmt":"2016-01-20T17:39:43","guid":{"rendered":"http:\/\/www2.unifap.br\/erabed\/?page_id=14"},"modified":"2016-01-25T01:55:05","modified_gmt":"2016-01-25T01:55:05","slug":"organizacao","status":"publish","type":"page","link":"http:\/\/www2.unifap.br\/erabed\/organizacao\/","title":{"rendered":"A Organiza\u00e7\u00e3o"},"content":{"rendered":"<p><strong>S\u00e3o os coordenadores do Encontro, em ordem alfab\u00e9tica:<\/strong><\/p>\n<p><strong>Daniel Santiago Chaves Ribeiro (CHAVES, D.)<\/strong> \u00e9\u00a0professor adjunto de Hist\u00f3ria Contempor\u00e2nea e diretor da Editora Universit\u00e1ria da Universidade Federal do Amap\u00e1 (Unifap). Doutor em Hist\u00f3ria Comparada pelo Programa de P\u00f3s-Gradua\u00e7\u00e3o em Hist\u00f3ria Comparada (UFRJ), \u00e9 docente permanente do Programa de P\u00f3s-Gradua\u00e7\u00e3o em Mestrado em Desenvolvimento Regional (PPGMDR) e do Curso de Especializa\u00e7\u00e3o em Hist\u00f3ria e Historiografia da Amaz\u00f4nia da Unifap. \u00c9 pesquisador s\u00eanior do Observat\u00f3rio de Fronteiras do Plat\u00f4 das Guianas (OBFRON) e do C\u00edrculo de Pesquisas do Tempo Presente (CPTP), ambos da Unifap.<\/p>\n<p><strong>Paulo Gustavo Pellegrino Correa (CORREA, P. G. P.)<\/strong> \u00e9\u00a0Mestre em Ci\u00eancia Pol\u00edtica com bolsa do programa Pr\u00f3-Defesa (Capes\/MD) pela Universidade Federal de S\u00e3o Carlos (UFSCar), pesquisando a participa\u00e7\u00e3o do Brasil na miss\u00e3o de paz no Haiti. Doutor em Ci\u00eancia Pol\u00edtica na mesma institui\u00e7\u00e3o com pesquisa intitulada &#8220;As iniciativas de Integra\u00e7\u00e3o e Seguran\u00e7a dos pa\u00edses amaz\u00f4nicos e o papel do Brasil neste contexto&#8221;. Pesquisador visitante na Uiversidade de Waikato, Nova Zel\u00e2ndia (2012). Possui curso de aperfei\u00e7oamento pela National Defense University (EUA) na \u00e1rea de seguran\u00e7a e defesa: &#8220;Strategy and Defense Policy&#8221; (2008) e &#8220;Strategy and International Security Course&#8221; (2011). Membro dos seguintes Grupos de Estudos: For\u00e7as Armadas e Pol\u00edtica; NPPA- N\u00facleo de Pesquisa sobre o Pac\u00edfico e Amaz\u00f4nia e do Observat\u00f3rio das Fronteiras do Plat\u00f4 das Guianas (OBFRON). Professor de Seguran\u00e7a Internacional e Pol\u00edtica Externa Brasileira no curso de Rela\u00e7\u00f5es Internacionais da Universidade Federal do Amap\u00e1 com pesquisa direcionada \u00e0s quest\u00f5es de seguran\u00e7a no Plat\u00f4 das Guianas.<\/p>\n<p><strong>Tiago Luedy Silva (LUEDY, T.)<\/strong> \u00e9 professor efetivo em regime de Dedica\u00e7\u00e3o Exclusiva do curso de Rela\u00e7\u00f5es Internacionais da Universidade Federal do Amap\u00e1 (UNIFAP). Especialista em Rela\u00e7\u00f5es Internacionais pela Universidade Federal da Bahia (UFBA). Bacharel em Rela\u00e7\u00f5es Internacionais pelo Centro Universit\u00e1rio da Bahia. Coordenador do N\u00facleo Estrat\u00e9gico Amaz\u00f4nico (NEA) do Instituto SUREAR para a Promo\u00e7\u00e3o da Integra\u00e7\u00e3o Latino-Americana. Diretor do Laborat\u00f3rio de Rela\u00e7\u00f5es Internacionais e Geopol\u00edtica (LABRIGEO) da UNIFAP. Membro da International Political Science Association (IPSA), da American Political Science Association (APSA) e do Instituto de Pesquisas Sociais (IPS). Pesquisador da \u00e1rea de internacionaliza\u00e7\u00e3o para o desenvolvimento e integra\u00e7\u00e3o regional. Desenvolve estudos na \u00e1rea de Paradiplomacia, Coopera\u00e7\u00e3o Internacional e Quest\u00f5es Internacionais Contempor\u00e2neas.<\/p>\n<p>O I Encontro Regional Norte da Associa\u00e7\u00e3o Brasileira de Estudos de Defesa (ERABED-Norte) tem apoio dos grupos de pesquisa\u00a0Observat\u00f3rio das Fronteiras do Plat\u00f4 das Guianas (OBFRON) e\u00a0Laborat\u00f3rio de Rela\u00e7\u00f5es Internacionais e Geopol\u00edtica (LABRIGEO).<\/p>\n","protected":false},"excerpt":{"rendered":"<p>S\u00e3o os coordenadores do Encontro, em ordem alfab\u00e9tica: Daniel Santiago Chaves Ribeiro (CHAVES, D.) \u00e9\u00a0professor adjunto de Hist\u00f3ria Contempor\u00e2nea e diretor da Editora Universit\u00e1ria da Universidade Federal do Amap\u00e1 (Unifap). Doutor em Hist\u00f3ria Comparada pelo Programa de P\u00f3s-Gradua\u00e7\u00e3o em Hist\u00f3ria&hellip; <\/p>\n<p><a href=\"http:\/\/www2.unifap.br\/erabed\/organizacao\/\" class=\"readmore-button\">Continue Reading<\/a><\/p>\n","protected":false},"author":168,"featured_media":0,"parent":0,"menu_order":7,"comment_status":"open","ping_status":"open","template":"","meta":{"inline_featured_image":false,"ngg_post_thumbnail":0,"footnotes":""},"class_list":["post-14","page","type-page","status-publish","hentry"],"_links":{"self":[{"href":"http:\/\/www2.unifap.br\/erabed\/wp-json\/wp\/v2\/pages\/14","targetHints":{"allow":["GET"]}}],"collection":[{"href":"http:\/\/www2.unifap.br\/erabed\/wp-json\/wp\/v2\/pages"}],"about":[{"href":"http:\/\/www2.unifap.br\/erabed\/wp-json\/wp\/v2\/types\/page"}],"author":[{"embeddable":true,"href":"http:\/\/www2.unifap.br\/erabed\/wp-json\/wp\/v2\/users\/168"}],"replies":[{"embeddable":true,"href":"http:\/\/www2.unifap.br\/erabed\/wp-json\/wp\/v2\/comments?post=14"}],"version-history":[{"count":4,"href":"http:\/\/www2.unifap.br\/erabed\/wp-json\/wp\/v2\/pages\/14\/revisions"}],"predecessor-version":[{"id":36,"href":"http:\/\/www2.unifap.br\/erabed\/wp-json\/wp\/v2\/pages\/14\/revisions\/36"}],"wp:attachment":[{"href":"http:\/\/www2.unifap.br\/erabed\/wp-json\/wp\/v2\/media?parent=14"}],"curies":[{"name":"wp","href":"https:\/\/api.w.org\/{rel}","templated":true}]}}