{"id":16,"date":"2016-01-20T17:40:07","date_gmt":"2016-01-20T17:40:07","guid":{"rendered":"http:\/\/www2.unifap.br\/erabed\/?page_id=16"},"modified":"2016-02-23T05:02:50","modified_gmt":"2016-02-23T05:02:50","slug":"local-e-contato","status":"publish","type":"page","link":"http:\/\/www2.unifap.br\/erabed\/local-e-contato\/","title":{"rendered":"Local e contato"},"content":{"rendered":"<p style=\"text-align: center\">\n<p style=\"text-align: center\">\n<p style=\"text-align: center\">\n<p style=\"text-align: center\">\u00a0O evento ocorrer\u00e1 no Hall do CIPP\/Aranha, que \u00e9 localizado no Campus Marco Zero da Unifap (Rod. Juscelino Kubitschek, KM-02 Jardim Marco Zero Macap\u00e1). O Restaurante Universit\u00e1rio \u00e9 uma refer\u00eancia de proximidade.<\/p>\n<p style=\"text-align: center\"><a href=\"http:\/\/www2.unifap.br\/erabed\/files\/2016\/01\/Sem-t\u00edtulo1.jpg\"><img fetchpriority=\"high\" decoding=\"async\" class=\"aligncenter  wp-image-67\" alt=\"Sem t\u00edtulo\" src=\"http:\/\/www2.unifap.br\/erabed\/files\/2016\/01\/Sem-t\u00edtulo1.jpg\" width=\"730\" height=\"371\" srcset=\"http:\/\/www2.unifap.br\/erabed\/files\/2016\/01\/Sem-t\u00edtulo1.jpg 912w, http:\/\/www2.unifap.br\/erabed\/files\/2016\/01\/Sem-t\u00edtulo1-300x152.jpg 300w\" sizes=\"(max-width: 730px) 100vw, 730px\" \/><\/a><\/p>\n","protected":false},"excerpt":{"rendered":"<p>\u00a0O evento ocorrer\u00e1 no Hall do CIPP\/Aranha, que \u00e9 localizado no Campus Marco Zero da Unifap (Rod. Juscelino Kubitschek, KM-02 Jardim Marco Zero Macap\u00e1). O Restaurante Universit\u00e1rio \u00e9 uma refer\u00eancia de proximidade.<\/p>\n","protected":false},"author":168,"featured_media":0,"parent":0,"menu_order":6,"comment_status":"open","ping_status":"closed","template":"","meta":{"inline_featured_image":false,"ngg_post_thumbnail":0,"footnotes":""},"class_list":["post-16","page","type-page","status-publish","hentry"],"_links":{"self":[{"href":"http:\/\/www2.unifap.br\/erabed\/wp-json\/wp\/v2\/pages\/16","targetHints":{"allow":["GET"]}}],"collection":[{"href":"http:\/\/www2.unifap.br\/erabed\/wp-json\/wp\/v2\/pages"}],"about":[{"href":"http:\/\/www2.unifap.br\/erabed\/wp-json\/wp\/v2\/types\/page"}],"author":[{"embeddable":true,"href":"http:\/\/www2.unifap.br\/erabed\/wp-json\/wp\/v2\/users\/168"}],"replies":[{"embeddable":true,"href":"http:\/\/www2.unifap.br\/erabed\/wp-json\/wp\/v2\/comments?post=16"}],"version-history":[{"count":3,"href":"http:\/\/www2.unifap.br\/erabed\/wp-json\/wp\/v2\/pages\/16\/revisions"}],"predecessor-version":[{"id":69,"href":"http:\/\/www2.unifap.br\/erabed\/wp-json\/wp\/v2\/pages\/16\/revisions\/69"}],"wp:attachment":[{"href":"http:\/\/www2.unifap.br\/erabed\/wp-json\/wp\/v2\/media?parent=16"}],"curies":[{"name":"wp","href":"https:\/\/api.w.org\/{rel}","templated":true}]}}