{"id":20,"date":"2016-01-20T17:41:36","date_gmt":"2016-01-20T17:41:36","guid":{"rendered":"http:\/\/www2.unifap.br\/erabed\/?page_id=20"},"modified":"2016-01-29T17:26:44","modified_gmt":"2016-01-29T17:26:44","slug":"o-evento","status":"publish","type":"page","link":"http:\/\/www2.unifap.br\/erabed\/o-evento\/","title":{"rendered":"O evento"},"content":{"rendered":"<p>&nbsp;<\/p>\n<p>A metodologia a ser aplicada neste encontro \u00e9 a realiza\u00e7\u00e3o em car\u00e1ter p\u00fablico, com a dura\u00e7\u00e3o de 2 (dois) dias, em atividades nos turnos da manh\u00e3, tarde e noite, com convidados nacionais e internacionais, em mesas redondas mediadas pelos organizadores da proposta, com possibilidades de mini cursos e apresenta\u00e7\u00e3o de trabalhos cient\u00edficos em painel.<\/p>\n<p>S\u00e3o objetivos do Encontro:<\/p>\n<p>1. Reunir especialistas p\u00f3s-graduados, de diversas institui\u00e7\u00f5es do pa\u00eds, para debate p\u00fablico sobre temas relativos \u00e0 Defesa e Seguran\u00e7a Internacional;<\/p>\n<p>2. Permear as atividades e a\u00e7\u00f5es de extens\u00e3o, com desdobramentos para pesquisa e ensino, do Departamento de Filosofia e Ci\u00eancias Humanas, sobre os temas de interesse deste Encontro;<\/p>\n<p>3. Apresentar as principais discuss\u00f5es acad\u00eamicas e coloquiais da \u00e1rea de Defesa e Seguran\u00e7a Internacional produzidas no Amap\u00e1 para uma rede de especialistas, supracitada;<\/p>\n<p>4. Realizar trocas de conhecimento entre diferentes pesquisadores, docentes, discentes, comiss\u00e1rios e funcion\u00e1rios de Estado, t\u00e9cnicos e ouvintes leigos interessados;<\/p>\n<p>5. Proporcionar um espa\u00e7o de fala privilegiado a pesquisadores, docentes, discentes, t\u00e9cnicos e ouvintes para a populariza\u00e7\u00e3o da \u00e1rea no Amap\u00e1.<\/p>\n<p>A atividade se justifica na medida em que a proposta possui ineditismo, no \u00e2mbito da Unifap e do estado do Amap\u00e1, no que diz respeito a atividades sobre o campo interdisciplinar de debates em Rela\u00e7\u00f5es Internacionais, Seguran\u00e7a Internacional e Defesa, com possibilidade de apoio da Associa\u00e7\u00e3o Brasileira de Estudos de Defesa (ABED), entidade nacional representativa sobre o tema.<\/p>\n<p>Ademais, a oportunidade de tais debates \u00e9 oportuna, no mesmo passo, quando o deslocamento imediato da reuni\u00e3o de pesquisadores\/as e docentes se d\u00e1 atrav\u00e9s de evento p\u00fablico, com palestras de car\u00e1ter gratuito e com expectativa de atingir p\u00fablico alvo demandante (discentes de humanidades e outras \u00e1reas, comunidade interessada, funcion\u00e1rios e comiss\u00e1rios de Estado e p\u00fablico leigo) que possui notada car\u00eancia na tem\u00e1tica, por sua vez estrat\u00e9gica para a condi\u00e7\u00e3o fronteiri\u00e7a do Amap\u00e1.<\/p>\n<p>&nbsp;<\/p>\n<p><strong>Comp\u00f5em o Conselho Cient\u00edfico do I ERABED:<\/strong><\/p>\n<p><em>Alexandre Fuccille (UNESP)<\/em><\/p>\n<p><em>Camilo Pereira Carneiro Filho (UFRGS)<\/em><\/p>\n<p><em>Gutemberg de Vilhena Silva (Unifap)<\/em><\/p>\n<p><em>Jadson Luis Rebelo Porto (Unifap)<\/em><\/p>\n<p><em>Jodival Maur\u00edcio da Costa (Unifap)<\/em><\/p>\n<p>&nbsp;<\/p>\n<p>&nbsp;<\/p>\n","protected":false},"excerpt":{"rendered":"<p>&nbsp; A metodologia a ser aplicada neste encontro \u00e9 a realiza\u00e7\u00e3o em car\u00e1ter p\u00fablico, com a dura\u00e7\u00e3o de 2 (dois) dias, em atividades nos turnos da manh\u00e3, tarde e noite, com convidados nacionais e internacionais, em mesas redondas mediadas pelos&hellip; <\/p>\n<p><a href=\"http:\/\/www2.unifap.br\/erabed\/o-evento\/\" class=\"readmore-button\">Continue Reading<\/a><\/p>\n","protected":false},"author":168,"featured_media":0,"parent":0,"menu_order":0,"comment_status":"open","ping_status":"open","template":"","meta":{"inline_featured_image":false,"ngg_post_thumbnail":0,"footnotes":""},"class_list":["post-20","page","type-page","status-publish","hentry"],"_links":{"self":[{"href":"http:\/\/www2.unifap.br\/erabed\/wp-json\/wp\/v2\/pages\/20","targetHints":{"allow":["GET"]}}],"collection":[{"href":"http:\/\/www2.unifap.br\/erabed\/wp-json\/wp\/v2\/pages"}],"about":[{"href":"http:\/\/www2.unifap.br\/erabed\/wp-json\/wp\/v2\/types\/page"}],"author":[{"embeddable":true,"href":"http:\/\/www2.unifap.br\/erabed\/wp-json\/wp\/v2\/users\/168"}],"replies":[{"embeddable":true,"href":"http:\/\/www2.unifap.br\/erabed\/wp-json\/wp\/v2\/comments?post=20"}],"version-history":[{"count":4,"href":"http:\/\/www2.unifap.br\/erabed\/wp-json\/wp\/v2\/pages\/20\/revisions"}],"predecessor-version":[{"id":53,"href":"http:\/\/www2.unifap.br\/erabed\/wp-json\/wp\/v2\/pages\/20\/revisions\/53"}],"wp:attachment":[{"href":"http:\/\/www2.unifap.br\/erabed\/wp-json\/wp\/v2\/media?parent=20"}],"curies":[{"name":"wp","href":"https:\/\/api.w.org\/{rel}","templated":true}]}}