{"id":16,"date":"2020-04-28T21:59:36","date_gmt":"2020-04-29T00:59:36","guid":{"rendered":"http:\/\/www2.unifap.br\/escoladh\/?page_id=16"},"modified":"2020-05-02T12:54:02","modified_gmt":"2020-05-02T15:54:02","slug":"quem-somos","status":"publish","type":"page","link":"http:\/\/www2.unifap.br\/escoladh\/quem-somos\/","title":{"rendered":"Quem somos"},"content":{"rendered":"<p>A Escola de Forma\u00e7\u00e3o em Direitos Humanos e Pol\u00edticas P\u00fablicas \u00e9 o setor de ensino do <strong><a href=\"http:\/\/observatoriodh.com.br\/\">Observat\u00f3rio da Democracia, Direitos Humanos e Pol\u00edticas P\u00fablicas<\/a><\/strong>, vinculado \u00e0 Universidade Federal do Amap\u00e1<\/p>\n<p><strong>OBJETIVO<\/strong><\/p>\n<p>Coordenar todas as a\u00e7\u00f5es de forma\u00e7\u00e3o ofertadas pelo Observat\u00f3rio, por meio da oferta de cursos de p\u00f3s-gradua\u00e7\u00e3o, aperfei\u00e7oamento e capacita\u00e7\u00e3o na \u00e1rea de direitos humanos e pol\u00edticas p\u00fablicas.<\/p>\n<p><strong>P\u00daBLICO ESTRAT\u00c9GICO<\/strong><\/p>\n<p>Gestores e t\u00e9cnicos de pol\u00edticas p\u00fablicas, integrantes de organiza\u00e7\u00f5es n\u00e3o-governamentais, institui\u00e7\u00f5es p\u00fablicas e movimentos sociais, al\u00e9m de pesquisadores e estudantes interessados na agenda de pesquisa e forma\u00e7\u00e3o em direitos humanos e pol\u00edticas p\u00fablicas<\/p>\n","protected":false},"excerpt":{"rendered":"<p>A Escola de Forma\u00e7\u00e3o em Direitos Humanos e Pol\u00edticas P\u00fablicas \u00e9 o setor de ensino do Observat\u00f3rio da Democracia, Direitos Humanos e Pol\u00edticas P\u00fablicas, vinculado \u00e0 Universidade Federal do Amap\u00e1 OBJETIVO Coordenar todas as a\u00e7\u00f5es de forma\u00e7\u00e3o ofertadas pelo Observat\u00f3rio,&hellip; <\/p>\n<p><a href=\"http:\/\/www2.unifap.br\/escoladh\/quem-somos\/\" class=\"readmore-button\">Continue Reading<\/a><\/p>\n","protected":false},"author":396,"featured_media":0,"parent":0,"menu_order":0,"comment_status":"closed","ping_status":"closed","template":"","meta":{"inline_featured_image":false,"ngg_post_thumbnail":0,"footnotes":""},"class_list":["post-16","page","type-page","status-publish","hentry"],"_links":{"self":[{"href":"http:\/\/www2.unifap.br\/escoladh\/wp-json\/wp\/v2\/pages\/16","targetHints":{"allow":["GET"]}}],"collection":[{"href":"http:\/\/www2.unifap.br\/escoladh\/wp-json\/wp\/v2\/pages"}],"about":[{"href":"http:\/\/www2.unifap.br\/escoladh\/wp-json\/wp\/v2\/types\/page"}],"author":[{"embeddable":true,"href":"http:\/\/www2.unifap.br\/escoladh\/wp-json\/wp\/v2\/users\/396"}],"replies":[{"embeddable":true,"href":"http:\/\/www2.unifap.br\/escoladh\/wp-json\/wp\/v2\/comments?post=16"}],"version-history":[{"count":6,"href":"http:\/\/www2.unifap.br\/escoladh\/wp-json\/wp\/v2\/pages\/16\/revisions"}],"predecessor-version":[{"id":57,"href":"http:\/\/www2.unifap.br\/escoladh\/wp-json\/wp\/v2\/pages\/16\/revisions\/57"}],"wp:attachment":[{"href":"http:\/\/www2.unifap.br\/escoladh\/wp-json\/wp\/v2\/media?parent=16"}],"curies":[{"name":"wp","href":"https:\/\/api.w.org\/{rel}","templated":true}]}}