{"id":22,"date":"2020-04-28T22:02:05","date_gmt":"2020-04-29T01:02:05","guid":{"rendered":"http:\/\/www2.unifap.br\/escoladh\/?page_id=22"},"modified":"2023-06-06T14:07:54","modified_gmt":"2023-06-06T17:07:54","slug":"cursos-ofertados","status":"publish","type":"page","link":"http:\/\/www2.unifap.br\/escoladh\/cursos-ofertados\/","title":{"rendered":"Cursos Ofertados"},"content":{"rendered":"<p><strong>Curso de Forma\u00e7\u00e3o \u2013 Viol\u00eancia de G\u00eanero e pol\u00edticas p\u00fablicas em territ\u00f3rios rurais, quilombolas e ribeirinhos do Amap\u00e1<br \/>\nCarga hor\u00e1ria:<\/strong>30 horas<strong><br \/>\n<\/strong>O curso tem como objetivo formar os atores da rede prote\u00e7\u00e3o \u00e0 mulher no Amap\u00e1 para compreender a viol\u00eancia de g\u00eanero, a din\u00e2mica e desafios das pol\u00edticas p\u00fablicas sob a \u00f3tica integral e transversal do atendimento e discutir quest\u00f5es peculiares envolvendo a viol\u00eancia de g\u00eanero nas comunidades rurais, quilombolas e ribeirinhas<a href=\"https:\/\/observatoriodh.com.br\/?p=4158\">. <strong><em>A proposta integra a\u00e7\u00e3o de pesquisa desenvolvida pela Unifap (Pesquisa Mapeamento e caracteriza\u00e7\u00e3o da viol\u00eancia de g\u00eanero no contexto das comunidades ribeirinhas e rurais do Amap\u00e1 (Financiador Programa de Pesquisa para o SUS \u2013 Gest\u00e3o compartilhada em Sa\u00fade\/PPSUS\/Funda\u00e7\u00e3o de Amparo \u00e0 Pesquisa do Amap\u00e1), por meio do Observat\u00f3rio da Democracia, Direitos Humanos e Pol\u00edticas P\u00fablicas da Universidade Federal do Amap\u00e1<\/em><\/strong><\/a><br \/>\n<strong>Equipe<\/strong>: Antonio Carlos Sardinha; Patricia Rocha Chaves; Nelma Nunes; Eliany Nazar\u00e9 Rodrigues Rodrigues,&nbsp; Ana Cristina de Paula Mau\u00e9s Soares;&nbsp; Marineide Pereira de Almeida;&nbsp; Carla Isadora Barbosa Canto.<br \/>\n<strong>Dura\u00e7\u00e3o do Curso<\/strong>: julho de 2023<br \/>\n<strong>P\u00fablico priorit\u00e1rio<\/strong>:&nbsp; integrantes da RAM (Rede de atendimento \u00e0 mulher v\u00edtima de viol\u00eancia), t\u00e9cnicos e gestores de pol\u00edticas para mulheres do Amap\u00e1, integrantes de organiza\u00e7\u00f5es e movimentos sociais de mulheres.&nbsp;<br \/>\n<strong>Situa\u00e7\u00e3o<\/strong>: EM EXECU\u00c7\u00c3O<\/p>\n<p><strong>Curso de Forma\u00e7\u00e3o &#8211; Mulheres Defensoras de Direitos nos territ\u00f3rios rurais, ribeirinhos e quilombolas<\/strong><br \/>\n<strong>Carga hor\u00e1ria<\/strong>: 60 horas<br \/>\nO Curso de Forma\u00e7\u00e3o &#8211; Mulheres Defensoras de Direitos em territ\u00f3rios rurais, ribeirinho e quilombolas integra a\u00e7\u00e3o de pesquisa desenvolvida pela Unifap (Pesquisa Mapeamento e caracteriza\u00e7\u00e3o da viol\u00eancia de g\u00eanero no contexto das comunidades ribeirinhas e rurais do Amap\u00e1 (Financiador Programa de Pesquisa para o SUS \u2013 Gest\u00e3o compartilhada em Sa\u00fade\/PPSUS\/Funda\u00e7\u00e3o de Amparo \u00e0 Pesquisa do Amap\u00e1), por meio do Observat\u00f3rio da Democracia, Direitos Humanos e Pol\u00edticas P\u00fablicas da Unifap. O curso tem como objetivo ofertar forma\u00e7\u00e3o sobre os principais direitos (civis, trabalhistas), sobre formas e estrat\u00e9gias legais e pol\u00edticas p\u00fablicas de prote\u00e7\u00e3o e defesa em casos de viol\u00eancia de g\u00eanero, de forma a qualificar as mulheres como defensoras de direitos junto aos seus territ\u00f3rios. Espera-se oferecer tr\u00eas edi\u00e7\u00f5es do curso em tr\u00eas territ\u00f3rios espec\u00edficos:1- Assentamento Bom Jesus dos Fernandes, localizado no munic\u00edpio de Tartarugalzinho (um dos maiores do estado); 2-O quilombo urbano Lagoa dos \u00cdndios se situa nas imedia\u00e7\u00f5es de dois principais munic\u00edpios Macap\u00e1 e Santana, no estado do Amap\u00e1; 3- comunidade foz do Rio Mazag\u00e3o Velho (comunidade ribeirinha de v\u00e1rzea).&nbsp;<br \/>\n<strong>P\u00fablico priorit\u00e1rio<\/strong>: mulheres em situa\u00e7\u00e3o de vulnerabilidade em territ\u00f3rios rurais, ribeirinhos e quilombolas em tr\u00eas territ\u00f3rios:&nbsp;1- Assentamento Bom Jesus dos Fernandes, localizado no munic\u00edpio de Tartarugalzinho (um dos maiores do estado); 2-O quilombo urbano Lagoa dos \u00cdndios se situa nas imedia\u00e7\u00f5es de dois principais munic\u00edpios Macap\u00e1 e Santana, no estado do Amap\u00e1; 3- comunidade foz do Rio Mazag\u00e3o Velho (comunidade ribeirinha de v\u00e1rzea)<br \/>\n<strong>Situa\u00e7\u00e3o<\/strong>: PREVISTO<\/p>\n<p><strong>Curso de Especializa\u00e7\u00e3o em Estudos Culturais e Pol\u00edticas P\u00fablicas<\/strong><br \/>\n<strong>Carga hor\u00e1ria<\/strong>: 390 horas<br \/>\nO curso de car\u00e1ter interdisciplinar \u00e9 ofertado para profissionais formados em todas as \u00e1reas de conhecimento, especialmente das \u00e1reas de ci\u00eancias humanas e sociais, com foco na forma\u00e7\u00e3o de pesquisadores capazes de diagnosticar, planejar e executar demandas voltadas a produ\u00e7\u00e3o de conhecimento sobre a realidade local, a partir do campo de estudos da cultura, suas interfaces e sob a \u00f3tica do pensamento decolonial e de conhecimentos dissidentes.<br \/>\n<strong>Mais informa\u00e7\u00f5es<\/strong>: <a href=\"https:\/\/www2.unifap.br\/poscult\/\">www2.unifap.br\/poscut<\/a><br \/>\n<strong>Situa\u00e7\u00e3o<\/strong>: CONCLU\u00cdDO<\/p>\n<p><strong>Curso de Forma\u00e7\u00e3o &#8211; Introdu\u00e7\u00e3o e fundamentos de Educa\u00e7\u00e3o em Direitos Humanos<\/strong><br \/>\n<strong>Carga hor\u00e1ria<\/strong>: 12 horas<br \/>\nO Curso pretende formar equipe t\u00e9cnica formada por servidores e gestores da Secretaria de Estado da Educa\u00e7\u00e3o do Amap\u00e1 e Secretaria Municipal de Educa\u00e7\u00e3o de Macap\u00e1 para elabora\u00e7\u00e3o dos planos de gest\u00e3o em educa\u00e7\u00e3o em direitos humanos. O curso integra a\u00e7\u00e3o de consultoria realizada pelo Observat\u00f3rio da Democracia, Direitos Humanos e Pol\u00edticas P\u00fablicas, com apoio da Cl\u00ednica de Direitos Humanos, <strong><a href=\"http:\/\/observatoriodh.com.br\/?p=4171\">como a\u00e7\u00e3o estrat\u00e9gica da Rede Brasileira de Educa\u00e7\u00e3o em Direitos Humanos no Amap\u00e1<\/a><\/strong>.&nbsp;<br \/>\n<strong>Dura\u00e7\u00e3o do Curso<\/strong>:&nbsp; abril de 2021.<br \/>\n<strong>P\u00fablico priorit\u00e1rio: <\/strong>professores e gestores da rede p\u00fablica de ensino do Amap\u00e1&nbsp;<br \/>\n<strong>Situa\u00e7\u00e3o<\/strong>: CONCLU\u00cdDO<\/p>\n<p><strong>Curso de Aperfei\u00e7oamento em Pr\u00e1ticas de Atendimento \u00e0 popula\u00e7\u00e3o LGBT<\/strong><br \/>\n<strong>Carga hor\u00e1ria: <\/strong>180 horas<br \/>\nO curso tem como objetivo formar t\u00e9cnicos que atuam nas pol\u00edticas p\u00fablicas municipais da \u00e1rea de seguran\u00e7a, sa\u00fade, educa\u00e7\u00e3o, direitos humanos, assist\u00eancia social, habita\u00e7\u00e3o, cultura, esporte e lazer, al\u00e9m de gestores, conselheiros de pol\u00edticas p\u00fablicas e integrantes dos movimentos sociais que atuam na \u00e1rea de direitos humanos de LGBTs para compreens\u00e3o de fundamentos em direitos humanos, diversidade de g\u00eanero e sexual, com \u00eanfase em pr\u00e1ticas de atendimento humanizado e em rede. O objetivo do curso \u00e9 formar na perspectiva do atendimento integral e em rede, formatando diretrizes para constru\u00e7\u00e3o da pol\u00edtica municipal de atendimento \u00e0 popula\u00e7\u00e3o LGBT de Macap\u00e1.<br \/>\n<strong>Gest\u00e3o e financiamento do curso<\/strong>: Prefeitura Municipal de Macap\u00e1\/Secretaria Municipal de Direitos Humanos\/Coordena\u00e7\u00e3o para Promo\u00e7\u00e3o da livre orienta\u00e7\u00e3o sexual (RECURSO DE EMENDA PARLAMENTAR)<br \/>\n<strong>Apoio t\u00e9cnico-pedag\u00f3gico<\/strong>: Escola de Forma\u00e7\u00e3o em Direitos Humanos e Pol\u00edticas P\u00fablicas\/Observat\u00f3rio da Democracia, Direitos Humanos e Pol\u00edticas P\u00fablicas\/Unifap<br \/>\n<strong>Oferta<\/strong>: Exclusiva a servidores e agentes p\u00fablicos municipais (demanda direcionada)<br \/>\n<strong>Dura\u00e7\u00e3o do Curso<\/strong> &#8211; Outubro de 2020<br \/>\n<strong>Situa\u00e7\u00e3o<\/strong>: CONCLU\u00cdDO<\/p>\n<p><strong>Curso de Especializa\u00e7\u00e3o em G\u00eanero e Diversidade na Escola&nbsp;<\/strong><br \/>\n<strong>Carga hor\u00e1ria<\/strong>: 360 horas<br \/>\nO Curso \u00e9 oferecido pela Universidade Federal do Amap\u00e1 com financiamento do Minist\u00e9rio da Educa\u00e7\u00e3o (SECADI\/MEC). A proposta&nbsp; \u00e9 forma\u00e7\u00e3o cr\u00edtica-reflexiva capaz de subsidiar a atividade pedag\u00f3gica docente para a diversidade sexual e g\u00eanero na escola na perspectiva de contribuir&nbsp; para a forma\u00e7\u00e3o acad\u00eamica de profissionais da educa\u00e7\u00e3o e para uma abordagem da orienta\u00e7\u00e3o sexual e g\u00eanero sob a \u00f3tica dos direitos humanos e do direito \u00e0 educa\u00e7\u00e3o.<br \/>\n<strong>P\u00fablico priorit\u00e1rio<\/strong>: professores e gestores da Rede Estadual de Ensino do Amap\u00e1 e das redes municipais de ensino de Macap\u00e1 e Santana, ativistas e integrantes dos movimentos sociais<br \/>\n<strong>Dura\u00e7\u00e3o do Curso<\/strong>: 2014 a 2016<br \/>\n<strong>Situa\u00e7\u00e3o<\/strong>: CONCLU\u00cdDO<br \/>\n<strong>Mais informa\u00e7\u00f5es<\/strong>: <a href=\"https:\/\/www2.unifap.br\/gde\/\">https:\/\/www2.unifap.br\/gde\/<\/a><\/p>\n","protected":false},"excerpt":{"rendered":"<p>Curso de Forma\u00e7\u00e3o \u2013 Viol\u00eancia de G\u00eanero e pol\u00edticas p\u00fablicas em territ\u00f3rios rurais, quilombolas e ribeirinhos do Amap\u00e1 Carga hor\u00e1ria:30 horas O curso tem como objetivo formar os atores da rede prote\u00e7\u00e3o \u00e0 mulher no Amap\u00e1 para compreender a viol\u00eancia&hellip; <\/p>\n<p><a href=\"http:\/\/www2.unifap.br\/escoladh\/cursos-ofertados\/\" class=\"readmore-button\">Continue Reading<\/a><\/p>\n","protected":false},"author":396,"featured_media":0,"parent":0,"menu_order":0,"comment_status":"closed","ping_status":"closed","template":"","meta":{"inline_featured_image":false,"ngg_post_thumbnail":0,"footnotes":""},"class_list":["post-22","page","type-page","status-publish","hentry"],"_links":{"self":[{"href":"http:\/\/www2.unifap.br\/escoladh\/wp-json\/wp\/v2\/pages\/22","targetHints":{"allow":["GET"]}}],"collection":[{"href":"http:\/\/www2.unifap.br\/escoladh\/wp-json\/wp\/v2\/pages"}],"about":[{"href":"http:\/\/www2.unifap.br\/escoladh\/wp-json\/wp\/v2\/types\/page"}],"author":[{"embeddable":true,"href":"http:\/\/www2.unifap.br\/escoladh\/wp-json\/wp\/v2\/users\/396"}],"replies":[{"embeddable":true,"href":"http:\/\/www2.unifap.br\/escoladh\/wp-json\/wp\/v2\/comments?post=22"}],"version-history":[{"count":10,"href":"http:\/\/www2.unifap.br\/escoladh\/wp-json\/wp\/v2\/pages\/22\/revisions"}],"predecessor-version":[{"id":135,"href":"http:\/\/www2.unifap.br\/escoladh\/wp-json\/wp\/v2\/pages\/22\/revisions\/135"}],"wp:attachment":[{"href":"http:\/\/www2.unifap.br\/escoladh\/wp-json\/wp\/v2\/media?parent=22"}],"curies":[{"name":"wp","href":"https:\/\/api.w.org\/{rel}","templated":true}]}}