{"id":26,"date":"2020-04-28T22:03:38","date_gmt":"2020-04-29T01:03:38","guid":{"rendered":"http:\/\/www2.unifap.br\/escoladh\/?page_id=26"},"modified":"2023-05-23T14:33:28","modified_gmt":"2023-05-23T17:33:28","slug":"processos-seletivos","status":"publish","type":"page","link":"http:\/\/www2.unifap.br\/escoladh\/processos-seletivos\/","title":{"rendered":"Processos seletivos"},"content":{"rendered":"<p><strong>Cursos com processos seletivos e com sele\u00e7\u00e3o p\u00fablica:<\/p>\n<p>1 &#8211;&nbsp;Curso de Especializa\u00e7\u00e3o em Estudos Culturais e Pol\u00edticas P\u00fablicas:<\/strong><br \/>\nAcompanhamento em&nbsp;<a href=\"https:\/\/www2.unifap.br\/poscult\/processos-seletivos-finalizados\/\">https:\/\/www2.unifap.br\/poscult\/processos-seletivos-finalizados\/<\/a><\/p>\n","protected":false},"excerpt":{"rendered":"<p>Cursos com processos seletivos e com sele\u00e7\u00e3o p\u00fablica: 1 &#8211;&nbsp;Curso de Especializa\u00e7\u00e3o em Estudos Culturais e Pol\u00edticas P\u00fablicas: Acompanhamento em&nbsp;https:\/\/www2.unifap.br\/poscult\/processos-seletivos-finalizados\/<\/p>\n","protected":false},"author":396,"featured_media":0,"parent":0,"menu_order":0,"comment_status":"closed","ping_status":"closed","template":"","meta":{"inline_featured_image":false,"ngg_post_thumbnail":0,"footnotes":""},"class_list":["post-26","page","type-page","status-publish","hentry"],"_links":{"self":[{"href":"http:\/\/www2.unifap.br\/escoladh\/wp-json\/wp\/v2\/pages\/26","targetHints":{"allow":["GET"]}}],"collection":[{"href":"http:\/\/www2.unifap.br\/escoladh\/wp-json\/wp\/v2\/pages"}],"about":[{"href":"http:\/\/www2.unifap.br\/escoladh\/wp-json\/wp\/v2\/types\/page"}],"author":[{"embeddable":true,"href":"http:\/\/www2.unifap.br\/escoladh\/wp-json\/wp\/v2\/users\/396"}],"replies":[{"embeddable":true,"href":"http:\/\/www2.unifap.br\/escoladh\/wp-json\/wp\/v2\/comments?post=26"}],"version-history":[{"count":9,"href":"http:\/\/www2.unifap.br\/escoladh\/wp-json\/wp\/v2\/pages\/26\/revisions"}],"predecessor-version":[{"id":90,"href":"http:\/\/www2.unifap.br\/escoladh\/wp-json\/wp\/v2\/pages\/26\/revisions\/90"}],"wp:attachment":[{"href":"http:\/\/www2.unifap.br\/escoladh\/wp-json\/wp\/v2\/media?parent=26"}],"curies":[{"name":"wp","href":"https:\/\/api.w.org\/{rel}","templated":true}]}}