{"id":31,"date":"2013-06-17T11:28:29","date_gmt":"2013-06-17T11:28:29","guid":{"rendered":"http:\/\/www2.unifap.br\/estatuinte\/?page_id=31"},"modified":"2014-04-08T19:42:04","modified_gmt":"2014-04-08T19:42:04","slug":"comissao-estatuinte","status":"publish","type":"page","link":"http:\/\/www2.unifap.br\/estatuinte\/comissao-estatuinte\/","title":{"rendered":"COMISS\u00c3O ESTATUINTE"},"content":{"rendered":"<p>Representantes da Administra\u00e7\u00e3o<\/p>\n<ul>\n<li>MARLENE OLIVEIRA DA SILVA ALMEIDA<\/li>\n<li>ROBERTO MESSIAS BEZERRA<\/li>\n<\/ul>\n<p>Representantes Docentes<\/p>\n<ul>\n<li>TADEU LOPES MACHADO<\/li>\n<li>ERIKA PINTO DE AZEVEDO (PRESIDENTE)<\/li>\n<\/ul>\n<p>Representantes T\u00e9cnico Administrativo<\/p>\n<ul>\n<li>LIDIANE FURTADO FERREIRA RODRIGUES<\/li>\n<li>SANDRA MOTA RODRIGUES (RELATORA)<\/li>\n<\/ul>\n<p>Representantes Discentes<\/p>\n<ul>\n<li>MAX DOUGLAS FREITAS YATACO<\/li>\n<li>WELLITON PATRICK BRASIL<\/li>\n<\/ul>\n<p><a href=\"http:\/\/www2.unifap.br\/estatuinte\/files\/2013\/06\/Portaria-Comiss\u00e3o-Estatuinte.pdf\">Portaria Comiss\u00e3o Estatuinte<\/a><\/p>\n<p><a href=\"http:\/\/www2.unifap.br\/estatuinte\/files\/2013\/06\/relatorio_portaria-atual.pdf\">relatorio_portaria atual<\/a><\/p>\n","protected":false},"excerpt":{"rendered":"<p>Representantes da Administra\u00e7\u00e3o MARLENE OLIVEIRA DA SILVA ALMEIDA ROBERTO MESSIAS BEZERRA Representantes Docentes TADEU LOPES MACHADO ERIKA PINTO DE AZEVEDO (PRESIDENTE) Representantes T\u00e9cnico Administrativo LIDIANE FURTADO FERREIRA RODRIGUES SANDRA MOTA RODRIGUES (RELATORA) Representantes Discentes MAX DOUGLAS FREITAS YATACO WELLITON PATRICK&hellip; <\/p>\n<p><a href=\"http:\/\/www2.unifap.br\/estatuinte\/comissao-estatuinte\/\" class=\"readmore-button\">Continue Reading<\/a><\/p>\n","protected":false},"author":5,"featured_media":0,"parent":0,"menu_order":0,"comment_status":"open","ping_status":"open","template":"","meta":{"inline_featured_image":false,"ngg_post_thumbnail":0,"footnotes":""},"class_list":["post-31","page","type-page","status-publish","hentry"],"_links":{"self":[{"href":"http:\/\/www2.unifap.br\/estatuinte\/wp-json\/wp\/v2\/pages\/31","targetHints":{"allow":["GET"]}}],"collection":[{"href":"http:\/\/www2.unifap.br\/estatuinte\/wp-json\/wp\/v2\/pages"}],"about":[{"href":"http:\/\/www2.unifap.br\/estatuinte\/wp-json\/wp\/v2\/types\/page"}],"author":[{"embeddable":true,"href":"http:\/\/www2.unifap.br\/estatuinte\/wp-json\/wp\/v2\/users\/5"}],"replies":[{"embeddable":true,"href":"http:\/\/www2.unifap.br\/estatuinte\/wp-json\/wp\/v2\/comments?post=31"}],"version-history":[{"count":6,"href":"http:\/\/www2.unifap.br\/estatuinte\/wp-json\/wp\/v2\/pages\/31\/revisions"}],"predecessor-version":[{"id":44,"href":"http:\/\/www2.unifap.br\/estatuinte\/wp-json\/wp\/v2\/pages\/31\/revisions\/44"}],"wp:attachment":[{"href":"http:\/\/www2.unifap.br\/estatuinte\/wp-json\/wp\/v2\/media?parent=31"}],"curies":[{"name":"wp","href":"https:\/\/api.w.org\/{rel}","templated":true}]}}