{"id":35,"date":"2013-06-17T11:30:25","date_gmt":"2013-06-17T11:30:25","guid":{"rendered":"http:\/\/www2.unifap.br\/estatuinte\/?page_id=35"},"modified":"2014-04-08T19:47:34","modified_gmt":"2014-04-08T19:47:34","slug":"agenda-de-trabalho","status":"publish","type":"page","link":"http:\/\/www2.unifap.br\/estatuinte\/agenda-de-trabalho\/","title":{"rendered":"AGENDA DE TRABALHO"},"content":{"rendered":"<p><!--[if gte mso 9]&gt;    &lt;![endif]--><\/p>\n<p class=\"MsoNormal\" style=\"margin-bottom: 0.0001pt;text-indent: 35.4pt;line-height: normal;text-align: center\"><!--[if gte mso 9]&gt;  Normal 0   21   false false false  PT-BR X-NONE X-NONE                           &lt;![endif]--><!--[if gte mso 9]&gt;                                                                                                                                            &lt;![endif]--><!--[if gte mso 10]&gt;--><br \/>\n<strong>Convidamos<\/strong> toda a comunidade acad\u00eamica para o debate:<\/p>\n<p class=\"MsoNormal\" style=\"margin: 0cm 0cm 0.0001pt 71.4pt;text-indent: -18pt;line-height: normal;text-align: center\"><span style=\"font-family: Symbol\"><span>\u00b7<span> <\/span><\/span><\/span><strong>Universidade brasileira: concep\u00e7\u00f5es e implica\u00e7\u00f5es, <\/strong>que ser\u00e1 realizado no dia 10<strong> de abril de 2014, \u00e0s 17:00 horas na Cantina Central.<\/strong><\/p>\n<p class=\"MsoNormal\" style=\"margin-bottom: 0.0001pt;text-indent: 35.4pt;line-height: normal;text-align: center\"><strong>E Palestra com Prof. <\/strong><strong><span style=\"color: #222222;background: white\">Luiz Henrique Schuch (UFPel<span class=\"apple-converted-space\"> )<\/span>, sobre o processo<\/span><\/strong><span style=\"color: #222222;background: white\"> <strong>Estatuinte, <\/strong><\/span><strong>no audit\u00f3rio Multiuso no dia 25\/04 \u00e0s 14:30 horas<\/strong><\/p>\n<p class=\"MsoNormal\" style=\"margin-bottom: 0.0001pt;line-height: normal;text-align: center\"><strong>A Comiss\u00e3o Estatuinte da UNIFAP \u2013 CEUFAP<\/strong><\/p>\n<p class=\"MsoNormal\" style=\"margin-bottom: .0001pt;text-align: center\"><strong> <\/strong><\/p>\n<p class=\"MsoNormal\" style=\"margin-bottom: .0001pt;text-align: center\"><strong>Contato: opiniaoestatuinteunifap@gmail.com<\/strong><\/p>\n<p class=\"MsoNormal\" style=\"margin-bottom: .0001pt;text-align: center\"><strong>P\u00e1gina: <a href=\"http:\/\/www2.unifap.br\/estatuinte\">http:\/\/www2.unifap.br\/estatuinte<\/a><\/strong><\/p>\n<p class=\"MsoNormal\" style=\"text-align: center\">&nbsp;<\/p>\n<p>&nbsp;<\/p>\n<p><a href=\"http:\/\/www2.unifap.br\/estatuinte\/files\/2013\/06\/Estatuinte.pdf\">Estatuinte<\/a><\/p>\n","protected":false},"excerpt":{"rendered":"<p>Convidamos toda a comunidade acad\u00eamica para o debate: \u00b7 Universidade brasileira: concep\u00e7\u00f5es e implica\u00e7\u00f5es, que ser\u00e1 realizado no dia 10 de abril de 2014, \u00e0s 17:00 horas na Cantina Central. E Palestra com Prof. Luiz Henrique Schuch (UFPel ), sobre&hellip; <\/p>\n<p><a href=\"http:\/\/www2.unifap.br\/estatuinte\/agenda-de-trabalho\/\" class=\"readmore-button\">Continue Reading<\/a><\/p>\n","protected":false},"author":5,"featured_media":0,"parent":0,"menu_order":0,"comment_status":"open","ping_status":"open","template":"","meta":{"inline_featured_image":false,"ngg_post_thumbnail":0,"footnotes":""},"class_list":["post-35","page","type-page","status-publish","hentry"],"_links":{"self":[{"href":"http:\/\/www2.unifap.br\/estatuinte\/wp-json\/wp\/v2\/pages\/35","targetHints":{"allow":["GET"]}}],"collection":[{"href":"http:\/\/www2.unifap.br\/estatuinte\/wp-json\/wp\/v2\/pages"}],"about":[{"href":"http:\/\/www2.unifap.br\/estatuinte\/wp-json\/wp\/v2\/types\/page"}],"author":[{"embeddable":true,"href":"http:\/\/www2.unifap.br\/estatuinte\/wp-json\/wp\/v2\/users\/5"}],"replies":[{"embeddable":true,"href":"http:\/\/www2.unifap.br\/estatuinte\/wp-json\/wp\/v2\/comments?post=35"}],"version-history":[{"count":4,"href":"http:\/\/www2.unifap.br\/estatuinte\/wp-json\/wp\/v2\/pages\/35\/revisions"}],"predecessor-version":[{"id":53,"href":"http:\/\/www2.unifap.br\/estatuinte\/wp-json\/wp\/v2\/pages\/35\/revisions\/53"}],"wp:attachment":[{"href":"http:\/\/www2.unifap.br\/estatuinte\/wp-json\/wp\/v2\/media?parent=35"}],"curies":[{"name":"wp","href":"https:\/\/api.w.org\/{rel}","templated":true}]}}