{"id":15,"date":"2010-01-10T18:57:13","date_gmt":"2010-01-10T18:57:13","guid":{"rendered":"http:\/\/pororoca.unifap.br\/farmacia\/?page_id=15"},"modified":"2014-04-03T19:08:50","modified_gmt":"2014-04-03T19:08:50","slug":"docentes","status":"publish","type":"page","link":"http:\/\/www2.unifap.br\/farmacia\/dados-gerais-do-curso\/docentes","title":{"rendered":"Docentes"},"content":{"rendered":"<div><span style=\"font-size: small\"><span style=\"line-height: 24px\"><strong>Prof. Dr. Tit. Jos\u00e9 Carlos Tavares Carvalho<\/strong>&nbsp;<\/p>\n<p>P\u00f3s-Doutor em Farmacologia pelo IFP- Berlim- Alemanha<\/p>\n<p>Doutor em F\u00e1rmacos e Medicamentos pela USP- S\u00e3o Paulo<\/p>\n<p>Farmac\u00eautico pela Universidade Federal do Par\u00e1 -UFPA<\/p>\n<p>http:\/\/lattes.cnpq.br\/4251174810000113<\/p>\n<p><strong>Prof. Dr. Francisco F\u00e1bio Oliveira de Sousa<\/strong><\/p>\n<p>P\u00f3s- Doutor em Ci\u00eancias da Sa\u00fade<\/p>\n<p>Doutor em Investigaci\u00f3n y Desarrollo de Medicamentos pela Universidade de Santiago de Compostela.<\/p>\n<p>Farmac\u00eautico pela Universidade Federal do Cear\u00e1 -UFC<\/p>\n<p>http:\/\/lattes.cnpq.br\/3737865995129925<\/p>\n<p><strong>Prof. Dr. Roberto Messias Bezerra<\/strong><\/p>\n<p>Doutor em Qu\u00edmica Org\u00e2nica pela USP\/S\u00e3o Carlos<\/p>\n<p>Licenciado em Qu\u00edmica pela Universidade Federal do Mato Grosso -UFMT<\/p>\n<p><strong> <\/strong><\/p>\n<p>http:\/\/lattes.cnpq.br\/1515642850517082<\/p>\n<p><strong>Profa. Dra. Sheylla Susan Moreira da Silva de Almeida<\/strong><\/p>\n<p>Doutora em Qu\u00edmica pela Universidade Federal de S\u00e3o Carlos<\/p>\n<p>Farmac\u00eautica pela\u00a0Universidade Federal do Par\u00e1-UFPA<\/p>\n<p>http:\/\/lattes.cnpq.br\/5096255590649678<\/p>\n<p><strong>Profa. Dra. Silvia Maria Mathes Faustino<\/strong><\/p>\n<p>Doutora em Biologia Comparada pela USP\/Ribeir\u00e3o Preto<\/p>\n<p>Bi\u00f3loga pela USP\/Ribeir\u00e3o Preto<\/p>\n<p>http:\/\/lattes.cnpq.br\/7743053016321109<\/p>\n<p><strong>Profa. Dra. Alessandra Azevedo Nascimento de Medeiros<\/strong><\/p>\n<p>Doutora em Farmacologia pela Universidade Federal da Para\u00edba<\/p>\n<p>Farmac\u00eautica pela Universidade Federal da Para\u00edba-UFPB<\/p>\n<p>http:\/\/lattes.cnpq.br\/5767048181931211<\/p>\n<p><strong>Profa. Dra. Jociv\u00e2nia Oliveira da Silva<\/strong><\/p>\n<p>Doutora em Toxicologia pela USP\/Ribeir\u00e3o Preto<\/p>\n<p>Farmac\u00eautica-Bioqu\u00edmica pela\u00a0Universidade Federal do Par\u00e1-UFPA<\/p>\n<p>http:\/\/lattes.cnpq.br\/7737394264097385<\/p>\n<p><strong>Prof. Dra. Deyse de Souza Dantas<\/strong><\/p>\n<p>Doutora em Bioqu\u00edmica pela UNICAMP<\/p>\n<p>Farmac\u00eautica-Bioqu\u00edmica pela Universidade Federal do Rio Grande do Norte-UFRN<\/p>\n<p>http:\/\/lattes.cnpq.br\/3229830569545582<\/p>\n<p><strong>Prof. Dr. Madson Ralide Fonseca Gomes<\/strong><\/p>\n<p>Doutor em Ci\u00eancias Farmac\u00eauticas pela Universidade Federal do Rio Grande do Sul -UFRGS<\/p>\n<p>Farmac\u00eautico-Bioqu\u00edmico pela\u00a0Universidade Federal do Par\u00e1-\u00a0UFPA<\/p>\n<p>http:\/\/lattes.cnpq.br\/0513632107672072<\/p>\n<p><strong>Profa. Dra. Lorane Izabel da Silva Hage Melim<\/strong><\/p>\n<p>Doutora em Toxicologia pela USP\/Ribeir\u00e3o Preto<\/p>\n<p>Farmac\u00eautica pelo CESUPA<\/p>\n<p>http:\/\/lattes.cnpq.br\/2855597663270186<\/p>\n<p><strong>Prof. Dr. Caio Pinho Fernandes<\/strong><\/p>\n<p>Doutor em Ci\u00eancias (Biotecnologia Vegetal)<\/p>\n<p>Farmac\u00eautico pela Universidade Federal Fluminense-UFF<\/p>\n<p><strong>Prof. MSc. Aldo Aparecido Proietti Junior<\/strong><\/p>\n<p>Mestre em Ci\u00eancias \u2013 \u00c1rea de Concentra\u00e7\u00e3o Microbiologia pela USP \u2013 SP<\/p>\n<p>Farmac\u00eautico-Bioqu\u00edmico pela Universidade S\u00e3o Francisco \u2013 SP<\/p>\n<p>http:\/\/lattes.cnpq.br\/7819955376854773<\/p>\n<p><strong>Profa. MSc. Anna Eliza Maciel de Faria Mota Oliveira<\/strong><\/p>\n<p>Mestre em Ci\u00eancias da Sa\u00fade pela UNIFAP<\/p>\n<p>Farmac\u00eautica-Bioqu\u00edmica pela Universidade Federal de Ouro Preto -UFOP<\/p>\n<p><strong> <\/strong><\/p>\n<p>http:\/\/lattes.cnpq.br\/7761556901260621<\/p>\n<p><strong>Profa. MSc. Carolina Miranda de Sousa Lima<\/strong><\/p>\n<p>Mestre em Biologia de Agentes Infecciosos e Parasit\u00e1rios<\/p>\n<p>Farmac\u00eautica pelo CESUPA<\/p>\n<p>http:\/\/lattes.cnpq.br\/4561966930254514<\/p>\n<p><strong>Profa. MSc. Clarissa Silva Lima<\/strong><\/p>\n<p>Mestre em Biodiversidade pela UNIFAP<\/p>\n<p>Farmac\u00eautica pela\u00a0Universidade Federal do Par\u00e1-\u00a0UFPA<\/p>\n<p><strong> <\/strong><\/p>\n<p>http:\/\/lattes.cnpq.br\/9434674545991305<\/p>\n<p><strong>Prof. MSc. Hugo Alexandre Silva Favacho<\/strong><\/p>\n<p>Mestre em Farm\u00e1cia pela\u00a0Universidade Federal do Par\u00e1-UFPA<\/p>\n<p>Farmac\u00eautico pelo CESUPA<\/p>\n<p>http:\/\/lattes.cnpq.br\/8971820777853044<\/p>\n<p><strong>Profa. MSc. Mayara T\u00e2nia Pinheiro<\/strong><\/p>\n<p>Mestre em Ci\u00eancias da Sa\u00fade pela Universidade Federal do Maranh\u00e3o-UFMA<\/p>\n<p>Farmac\u00eautica pela Universidade Federal do Maranh\u00e3o-UFMA<\/p>\n<p>http:\/\/lattes.cnpq.br\/2644365458010288<\/p>\n<p><strong>Profa. MSc. Mayara Amoras Teles Fujishima<\/strong><\/p>\n<p>Mestre em An\u00e1lises Cl\u00ednicas pela Universidade Estadual de Maring\u00e1-UEM<\/p>\n<p>Farmac\u00eautica pelo CESUPA<\/p>\n<p>http:\/\/lattes.cnpq.br\/9429096874753269<\/p>\n<p><strong>Prof. MSc. Rafael Lima Resque<\/strong><\/p>\n<p>Mestre em Gen\u00e9tica e Biologia Molelular, pela UFPA<\/p>\n<p>Farmac\u00eautico pelo CESUPA<\/p>\n<p>http:\/\/lattes.cnpq.br\/6862708091934825<\/p>\n<p>&nbsp;<\/p>\n<p>&nbsp;<\/p>\n<p>&nbsp;<\/p>\n<p>&nbsp;<\/p>\n<p><\/span><\/span><\/div>\n<p><strong><span style=\"font-size: small;font-family: TimesNewRomanPS-BoldMT\"> <\/span><\/strong><\/p>\n","protected":false},"excerpt":{"rendered":"<p>Prof. Dr. Tit. Jos\u00e9 Carlos Tavares Carvalho&nbsp; P\u00f3s-Doutor em Farmacologia pelo IFP- Berlim- Alemanha Doutor em F\u00e1rmacos e Medicamentos pela USP- S\u00e3o Paulo Farmac\u00eautico pela Universidade Federal do Par\u00e1 -UFPA http:\/\/lattes.cnpq.br\/4251174810000113 Prof. Dr. Francisco F\u00e1bio Oliveira de Sousa P\u00f3s- Doutor em Ci\u00eancias da Sa\u00fade Doutor em Investigaci\u00f3n y Desarrollo de Medicamentos pela Universidade de Santiago&#8230;<\/p>\n","protected":false},"author":1,"featured_media":0,"parent":258,"menu_order":4,"comment_status":"closed","ping_status":"closed","template":"template-twocolumns-left.php","meta":{"inline_featured_image":false,"site-sidebar-layout":"default","site-content-layout":"","ast-site-content-layout":"default","site-content-style":"default","site-sidebar-style":"default","ast-global-header-display":"","ast-banner-title-visibility":"","ast-main-header-display":"","ast-hfb-above-header-display":"","ast-hfb-below-header-display":"","ast-hfb-mobile-header-display":"","site-post-title":"","ast-breadcrumbs-content":"","ast-featured-img":"","footer-sml-layout":"","theme-transparent-header-meta":"","adv-header-id-meta":"","stick-header-meta":"","header-above-stick-meta":"","header-main-stick-meta":"","header-below-stick-meta":"","astra-migrate-meta-layouts":"default","ast-page-background-enabled":"default","ast-page-background-meta":{"desktop":{"background-color":"var(--ast-global-color-4)","background-image":"","background-repeat":"repeat","background-position":"center center","background-size":"auto","background-attachment":"scroll","background-type":"","background-media":"","overlay-type":"","overlay-color":"","overlay-opacity":"","overlay-gradient":""},"tablet":{"background-color":"","background-image":"","background-repeat":"repeat","background-position":"center center","background-size":"auto","background-attachment":"scroll","background-type":"","background-media":"","overlay-type":"","overlay-color":"","overlay-opacity":"","overlay-gradient":""},"mobile":{"background-color":"","background-image":"","background-repeat":"repeat","background-position":"center center","background-size":"auto","background-attachment":"scroll","background-type":"","background-media":"","overlay-type":"","overlay-color":"","overlay-opacity":"","overlay-gradient":""}},"ast-content-background-meta":{"desktop":{"background-color":"var(--ast-global-color-5)","background-image":"","background-repeat":"repeat","background-position":"center center","background-size":"auto","background-attachment":"scroll","background-type":"","background-media":"","overlay-type":"","overlay-color":"","overlay-opacity":"","overlay-gradient":""},"tablet":{"background-color":"var(--ast-global-color-5)","background-image":"","background-repeat":"repeat","background-position":"center center","background-size":"auto","background-attachment":"scroll","background-type":"","background-media":"","overlay-type":"","overlay-color":"","overlay-opacity":"","overlay-gradient":""},"mobile":{"background-color":"var(--ast-global-color-5)","background-image":"","background-repeat":"repeat","background-position":"center center","background-size":"auto","background-attachment":"scroll","background-type":"","background-media":"","overlay-type":"","overlay-color":"","overlay-opacity":"","overlay-gradient":""}},"ngg_post_thumbnail":0,"footnotes":""},"class_list":["post-15","page","type-page","status-publish","hentry"],"_links":{"self":[{"href":"http:\/\/www2.unifap.br\/farmacia\/wp-json\/wp\/v2\/pages\/15","targetHints":{"allow":["GET"]}}],"collection":[{"href":"http:\/\/www2.unifap.br\/farmacia\/wp-json\/wp\/v2\/pages"}],"about":[{"href":"http:\/\/www2.unifap.br\/farmacia\/wp-json\/wp\/v2\/types\/page"}],"author":[{"embeddable":true,"href":"http:\/\/www2.unifap.br\/farmacia\/wp-json\/wp\/v2\/users\/1"}],"replies":[{"embeddable":true,"href":"http:\/\/www2.unifap.br\/farmacia\/wp-json\/wp\/v2\/comments?post=15"}],"version-history":[{"count":12,"href":"http:\/\/www2.unifap.br\/farmacia\/wp-json\/wp\/v2\/pages\/15\/revisions"}],"predecessor-version":[{"id":1082,"href":"http:\/\/www2.unifap.br\/farmacia\/wp-json\/wp\/v2\/pages\/15\/revisions\/1082"}],"up":[{"embeddable":true,"href":"http:\/\/www2.unifap.br\/farmacia\/wp-json\/wp\/v2\/pages\/258"}],"wp:attachment":[{"href":"http:\/\/www2.unifap.br\/farmacia\/wp-json\/wp\/v2\/media?parent=15"}],"curies":[{"name":"wp","href":"https:\/\/api.w.org\/{rel}","templated":true}]}}