{"id":254,"date":"2014-03-21T15:11:14","date_gmt":"2014-03-21T15:11:14","guid":{"rendered":"http:\/\/www2.unifap.br\/farmacia\/?page_id=254"},"modified":"2014-03-21T15:14:56","modified_gmt":"2014-03-21T15:14:56","slug":"competencias-e-habilidades","status":"publish","type":"page","link":"http:\/\/www2.unifap.br\/farmacia\/dados-gerais-do-curso\/competencias-e-habilidades","title":{"rendered":"Compet\u00eancias e Habilidades"},"content":{"rendered":"<p>Apesar do graduado receber uma forma\u00e7\u00e3o que lhe atribui compet\u00eancias e habilidades para atuar em todo \u00e2mbito profissional, a flexibilidade curricular lhe possibilitar\u00e1 o desenvolvimento de algumas habilidades mais espec\u00edficas dentro do campo de atua\u00e7\u00e3o do farmac\u00eautico.<\/p>\n<p>O profissional formado ser\u00e1 capaz de exercer as seguintes atividades:<\/p>\n<ol>\n<li>Pesquisa e desenvolvimento de f\u00e1rmacos de qualquer origem;<\/li>\n<li>Preparo de medicamentos magistrais e oficinais e cosm\u00e9ticos dentro das boas pr\u00e1ticas de manipula\u00e7\u00e3o em farm\u00e1cia;<\/li>\n<li>Dispensa\u00e7\u00e3o e orienta\u00e7\u00e3o de uso de medicamentos e correlatos;<\/li>\n<li>Interpreta\u00e7\u00e3o e avalia\u00e7\u00e3o de prescri\u00e7\u00f5es;<\/li>\n<li>Atua\u00e7\u00e3o em \u00f3rg\u00e3os de regulamenta\u00e7\u00e3o e fiscaliza\u00e7\u00e3o nas \u00e1reas de sua compet\u00eancia;<\/li>\n<li>Desenvolvimento e utiliza\u00e7\u00e3o de sistemas de orienta\u00e7\u00e3o e informa\u00e7\u00e3o farmacol\u00f3gica, toxicol\u00f3gica, preven\u00e7\u00e3o de doen\u00e7as e promo\u00e7\u00e3o de sa\u00fade;<\/li>\n<li>Planejamento, administra\u00e7\u00e3o e gest\u00e3o de estabelecimentos farmac\u00eauticos;<\/li>\n<li>Participa\u00e7\u00e3o na formula\u00e7\u00e3o de pol\u00edticas de sa\u00fade e em especial de medicamentos;<\/li>\n<li>Consultorias, assessorias e per\u00edcias relacionadas \u00e0 \u00e1rea das Ci\u00eancias Farmac\u00eauticas;<\/li>\n<li>Planejamento e execu\u00e7\u00e3o de projetos de pesquisa cient\u00edfica;<\/li>\n<li>Aplica\u00e7\u00e3o da metodologia cient\u00edfica e an\u00e1lise e interpreta\u00e7\u00e3o cr\u00edtica de artigos cient\u00edficos;<\/li>\n<li>Identifica\u00e7\u00e3o dos diversos marcadores de diagn\u00f3stico, progn\u00f3stico e acompanhamento terap\u00eautico;<\/li>\n<li>Realiza\u00e7\u00e3o, interpreta\u00e7\u00e3o e garantia de qualidade de an\u00e1lises cl\u00ednicas e toxicol\u00f3gicas;<\/li>\n<li>Avalia\u00e7\u00e3o de interfer\u00eancias de alimentos e medicamentos nos exames laboratoriais;<\/li>\n<li>Orienta\u00e7\u00e3o da escolha adequada do exame laboratorial para fins de diagn\u00f3stico das diferentes patologias incluindo intoxica\u00e7\u00f5es;<\/li>\n<li>Desenvolvimento, produ\u00e7\u00e3o e sele\u00e7\u00e3o de reagentes e m\u00e9todos para an\u00e1lises cl\u00ednicas e toxicol\u00f3gicas;<\/li>\n<li>Gerenciamento, responsabilidade t\u00e9cnica ou exerc\u00edcio de fun\u00e7\u00f5es especializadas em Laborat\u00f3rios de An\u00e1lises Cl\u00ednicas e Toxicol\u00f3gicas e correlatos;<\/li>\n<li>Orienta\u00e7\u00e3o e capacita\u00e7\u00e3o de equipes de trabalho em laborat\u00f3rios;<\/li>\n<li>Realiza\u00e7\u00e3o de per\u00edcias m\u00e9dico-legais;<\/li>\n<li>Desenvolvimento, sele\u00e7\u00e3o e produ\u00e7\u00e3o de insumos, f\u00e1rmacos sint\u00e9ticos, recombinantes e naturais, medicamentos, cosm\u00e9ticos e correlatos;<\/li>\n<li>Garantia e controle de qualidade de insumos farmac\u00eauticos, medicamentos, cosm\u00e9ticos e alimentos;<\/li>\n<li>Desenvolvimento e obten\u00e7\u00e3o de produtos por processos biotecnol\u00f3gicos;<\/li>\n<li>Avalia\u00e7\u00e3o das intera\u00e7\u00f5es medicamento- medicamento e medicamento- alimento;<\/li>\n<li>Gerenciamento, responsabilidade t\u00e9cnica ou exerc\u00edcio de fun\u00e7\u00f5es especializadas em estabelecimentos industriais nas \u00e1reas relativas \u00e0 profiss\u00e3o.<\/li>\n<\/ol>\n<p>&nbsp;<\/p>\n","protected":false},"excerpt":{"rendered":"<p>Apesar do graduado receber uma forma\u00e7\u00e3o que lhe atribui compet\u00eancias e habilidades para atuar em todo \u00e2mbito profissional, a flexibilidade curricular lhe possibilitar\u00e1 o desenvolvimento de algumas habilidades mais espec\u00edficas dentro do campo de atua\u00e7\u00e3o do farmac\u00eautico. O profissional formado ser\u00e1 capaz de exercer as seguintes atividades: Pesquisa e desenvolvimento de f\u00e1rmacos de qualquer origem;&#8230;<\/p>\n","protected":false},"author":428,"featured_media":0,"parent":258,"menu_order":3,"comment_status":"open","ping_status":"open","template":"","meta":{"inline_featured_image":false,"site-sidebar-layout":"default","site-content-layout":"","ast-site-content-layout":"default","site-content-style":"default","site-sidebar-style":"default","ast-global-header-display":"","ast-banner-title-visibility":"","ast-main-header-display":"","ast-hfb-above-header-display":"","ast-hfb-below-header-display":"","ast-hfb-mobile-header-display":"","site-post-title":"","ast-breadcrumbs-content":"","ast-featured-img":"","footer-sml-layout":"","theme-transparent-header-meta":"","adv-header-id-meta":"","stick-header-meta":"","header-above-stick-meta":"","header-main-stick-meta":"","header-below-stick-meta":"","astra-migrate-meta-layouts":"default","ast-page-background-enabled":"default","ast-page-background-meta":{"desktop":{"background-color":"var(--ast-global-color-4)","background-image":"","background-repeat":"repeat","background-position":"center center","background-size":"auto","background-attachment":"scroll","background-type":"","background-media":"","overlay-type":"","overlay-color":"","overlay-opacity":"","overlay-gradient":""},"tablet":{"background-color":"","background-image":"","background-repeat":"repeat","background-position":"center center","background-size":"auto","background-attachment":"scroll","background-type":"","background-media":"","overlay-type":"","overlay-color":"","overlay-opacity":"","overlay-gradient":""},"mobile":{"background-color":"","background-image":"","background-repeat":"repeat","background-position":"center center","background-size":"auto","background-attachment":"scroll","background-type":"","background-media":"","overlay-type":"","overlay-color":"","overlay-opacity":"","overlay-gradient":""}},"ast-content-background-meta":{"desktop":{"background-color":"var(--ast-global-color-5)","background-image":"","background-repeat":"repeat","background-position":"center center","background-size":"auto","background-attachment":"scroll","background-type":"","background-media":"","overlay-type":"","overlay-color":"","overlay-opacity":"","overlay-gradient":""},"tablet":{"background-color":"var(--ast-global-color-5)","background-image":"","background-repeat":"repeat","background-position":"center center","background-size":"auto","background-attachment":"scroll","background-type":"","background-media":"","overlay-type":"","overlay-color":"","overlay-opacity":"","overlay-gradient":""},"mobile":{"background-color":"var(--ast-global-color-5)","background-image":"","background-repeat":"repeat","background-position":"center center","background-size":"auto","background-attachment":"scroll","background-type":"","background-media":"","overlay-type":"","overlay-color":"","overlay-opacity":"","overlay-gradient":""}},"ngg_post_thumbnail":0,"footnotes":""},"class_list":["post-254","page","type-page","status-publish","hentry"],"_links":{"self":[{"href":"http:\/\/www2.unifap.br\/farmacia\/wp-json\/wp\/v2\/pages\/254","targetHints":{"allow":["GET"]}}],"collection":[{"href":"http:\/\/www2.unifap.br\/farmacia\/wp-json\/wp\/v2\/pages"}],"about":[{"href":"http:\/\/www2.unifap.br\/farmacia\/wp-json\/wp\/v2\/types\/page"}],"author":[{"embeddable":true,"href":"http:\/\/www2.unifap.br\/farmacia\/wp-json\/wp\/v2\/users\/428"}],"replies":[{"embeddable":true,"href":"http:\/\/www2.unifap.br\/farmacia\/wp-json\/wp\/v2\/comments?post=254"}],"version-history":[{"count":4,"href":"http:\/\/www2.unifap.br\/farmacia\/wp-json\/wp\/v2\/pages\/254\/revisions"}],"predecessor-version":[{"id":264,"href":"http:\/\/www2.unifap.br\/farmacia\/wp-json\/wp\/v2\/pages\/254\/revisions\/264"}],"up":[{"embeddable":true,"href":"http:\/\/www2.unifap.br\/farmacia\/wp-json\/wp\/v2\/pages\/258"}],"wp:attachment":[{"href":"http:\/\/www2.unifap.br\/farmacia\/wp-json\/wp\/v2\/media?parent=254"}],"curies":[{"name":"wp","href":"https:\/\/api.w.org\/{rel}","templated":true}]}}