{"id":270,"date":"2014-03-21T15:26:16","date_gmt":"2014-03-21T15:26:16","guid":{"rendered":"http:\/\/www2.unifap.br\/farmacia\/?page_id=270"},"modified":"2023-10-16T18:38:35","modified_gmt":"2023-10-16T21:38:35","slug":"dados-gerais-do-curso-2","status":"publish","type":"page","link":"http:\/\/www2.unifap.br\/farmacia\/dados-gerais-do-curso\/dados-gerais-do-curso-2","title":{"rendered":"Dados Gerais do Curso"},"content":{"rendered":"\t\t<div data-elementor-type=\"wp-page\" data-elementor-id=\"270\" class=\"elementor elementor-270\">\n\t\t\t\t\t\t<section class=\"elementor-section elementor-top-section elementor-element elementor-element-6365d885 elementor-section-boxed elementor-section-height-default elementor-section-height-default\" data-id=\"6365d885\" data-element_type=\"section\" data-e-type=\"section\">\n\t\t\t\t\t\t<div class=\"elementor-container elementor-column-gap-default\">\n\t\t\t\t\t<div class=\"elementor-column elementor-col-100 elementor-top-column elementor-element elementor-element-5fd7873c\" data-id=\"5fd7873c\" data-element_type=\"column\" data-e-type=\"column\">\n\t\t\t<div class=\"elementor-widget-wrap elementor-element-populated\">\n\t\t\t\t\t\t<div class=\"elementor-element elementor-element-7920f218 elementor-widget__width-initial elementor-widget elementor-widget-text-editor\" data-id=\"7920f218\" data-element_type=\"widget\" data-e-type=\"widget\" data-widget_type=\"text-editor.default\">\n\t\t\t\t<div class=\"elementor-widget-container\">\n\t\t\t\t\t\t\t\t\t<h2 style=\"text-align: center\">VAGAS<\/h2><h5>O Curso de Gradua\u00e7\u00e3o em Ci\u00eancias Farmac\u00eauticas oferecer\u00e1 50 vagas anuais.<\/h5><div>\u00a0<\/div><h2 style=\"text-align: center\"><strong>REGIME DE MATR\u00cdCULA<\/strong><\/h2><h5>Cr\u00e9dito semestral em m\u00f3dulos de 100 dias letivos.<\/h5><h2 style=\"text-align: center\"><strong>\u00a0<\/strong><\/h2><h2 style=\"text-align: center\"><strong>DURA\u00c7\u00c3O DO CURSO<\/strong><\/h2><h5>O curso ter\u00e1 dura\u00e7\u00e3o de 5.190 horas\/aulas, que dever\u00e3o ser integralizadas em, no m\u00ednimo 10 semestres e no m\u00e1ximo 15 semestres.<\/h5><header class=\"entry-header ast-no-thumbnail\"><h1 class=\"entry-title\" style=\"text-align: center\"><strong>\u00a0<\/strong><\/h1><h1 class=\"entry-title\" style=\"text-align: center\"><strong>OBJETIVOS DO CURSO<\/strong><\/h1><\/header><div class=\"entry-content clear\"><h5>Formar farmac\u00eauticos generalistas para atuar em todos os n\u00edveis de aten\u00e7\u00e3o \u00e0 sa\u00fade, dentro dos princ\u00edpios \u00e9ticos, com capacidade de exercer atividades referentes a f\u00e1rmacos e medicamentos, \u00e0s an\u00e1lises cl\u00ednicas e toxicol\u00f3gicas e ao controle, produ\u00e7\u00e3o e an\u00e1lise de alimentos, assegurando a qualidade e humaniza\u00e7\u00e3o do atendimento prestado aos indiv\u00edduos, fam\u00edlias e comunidade.<\/h5><div>\u00a0<\/div><\/div><header class=\"entry-header ast-no-thumbnail\"><h1 class=\"entry-title\" style=\"text-align: center\"><strong>\u00a0<\/strong><\/h1><h1 class=\"entry-title\" style=\"text-align: center\"><strong>PERFIL DO EGRESSO<\/strong><\/h1><\/header><div class=\"entry-content clear\"><h5>O Curso de Gradua\u00e7\u00e3o em Farm\u00e1cia fundamentado nas Diretrizes Curriculares tem como perfil do egresso, o Farmac\u00eautico, com forma\u00e7\u00e3o generalista, humanista, cr\u00edtica e reflexiva, para atuar em todos os n\u00edveis de aten\u00e7\u00e3o \u00e0 sa\u00fade, com base no rigor cient\u00edfico e intelectual. Capacitado ao exerc\u00edcio de atividades referentes aos f\u00e1rmacos e aos medicamentos, \u00e0s an\u00e1lises cl\u00ednicas e toxicol\u00f3gicas e ao controle, produ\u00e7\u00e3o e an\u00e1lise de alimentos, pautado em princ\u00edpios \u00e9ticos e na compreens\u00e3o da realidade social, cultural e econ\u00f4mica do seu meio, dirigindo sua atua\u00e7\u00e3o para a transforma\u00e7\u00e3o da realidade em benef\u00edcio da sociedade.<\/h5><\/div>\t\t\t\t\t\t\t\t<\/div>\n\t\t\t\t<\/div>\n\t\t\t\t\t<\/div>\n\t\t<\/div>\n\t\t\t\t\t<\/div>\n\t\t<\/section>\n\t\t\t\t<section class=\"elementor-section elementor-top-section elementor-element elementor-element-cbdcf39 elementor-section-boxed elementor-section-height-default elementor-section-height-default\" data-id=\"cbdcf39\" data-element_type=\"section\" data-e-type=\"section\">\n\t\t\t\t\t\t<div class=\"elementor-container elementor-column-gap-default\">\n\t\t\t\t\t<div class=\"elementor-column elementor-col-50 elementor-top-column elementor-element elementor-element-bb8d922\" data-id=\"bb8d922\" data-element_type=\"column\" data-e-type=\"column\">\n\t\t\t<div class=\"elementor-widget-wrap elementor-element-populated\">\n\t\t\t\t\t\t<div class=\"elementor-element elementor-element-43a78c0 elementor-widget-divider--separator-type-pattern elementor-widget-divider--view-line elementor-widget elementor-widget-divider\" data-id=\"43a78c0\" data-element_type=\"widget\" data-e-type=\"widget\" data-widget_type=\"divider.default\">\n\t\t\t\t<div class=\"elementor-widget-container\">\n\t\t\t\t\t\t\t<div class=\"elementor-divider\" style=\"--divider-pattern-url: url(&quot;data:image\/svg+xml,%3Csvg xmlns=&#039;http:\/\/www.w3.org\/2000\/svg&#039; preserveAspectRatio=&#039;none&#039; overflow=&#039;visible&#039; height=&#039;100%&#039; viewBox=&#039;0 0 24 24&#039; fill=&#039;none&#039; stroke=&#039;black&#039; stroke-width=&#039;1&#039; stroke-linecap=&#039;square&#039; stroke-miterlimit=&#039;10&#039;%3E%3Cpath d=&#039;M0,21c3.3,0,8.3-0.9,15.7-7.1c6.6-5.4,4.4-9.3,2.4-10.3c-3.4-1.8-7.7,1.3-7.3,8.8C11.2,20,17.1,21,24,21&#039;\/%3E%3C\/svg%3E&quot;);\">\n\t\t\t<span class=\"elementor-divider-separator\">\n\t\t\t\t\t\t<\/span>\n\t\t<\/div>\n\t\t\t\t\t\t<\/div>\n\t\t\t\t<\/div>\n\t\t\t\t<div class=\"elementor-element elementor-element-06df8a9 elementor-button-danger elementor-align-center elementor-widget elementor-widget-button\" data-id=\"06df8a9\" data-element_type=\"widget\" data-e-type=\"widget\" data-widget_type=\"button.default\">\n\t\t\t\t<div class=\"elementor-widget-container\">\n\t\t\t\t\t\t\t\t\t<div class=\"elementor-button-wrapper\">\n\t\t\t\t\t<a class=\"elementor-button elementor-button-link elementor-size-md\" href=\"https:\/\/www2.unifap.br\/farmacia\/matriz\">\n\t\t\t\t\t\t<span class=\"elementor-button-content-wrapper\">\n\t\t\t\t\t\t\t\t\t<span class=\"elementor-button-text\">CONHE\u00c7A A MATRIZ CURRICULAR DO CURSO<\/span>\n\t\t\t\t\t<\/span>\n\t\t\t\t\t<\/a>\n\t\t\t\t<\/div>\n\t\t\t\t\t\t\t\t<\/div>\n\t\t\t\t<\/div>\n\t\t\t\t\t<\/div>\n\t\t<\/div>\n\t\t\t\t<div class=\"elementor-column elementor-col-50 elementor-top-column elementor-element elementor-element-f342e8d\" data-id=\"f342e8d\" data-element_type=\"column\" data-e-type=\"column\">\n\t\t\t<div class=\"elementor-widget-wrap elementor-element-populated\">\n\t\t\t\t\t\t<div class=\"elementor-element elementor-element-e903543 elementor-widget-divider--separator-type-pattern elementor-widget-divider--view-line elementor-widget elementor-widget-divider\" data-id=\"e903543\" data-element_type=\"widget\" data-e-type=\"widget\" data-widget_type=\"divider.default\">\n\t\t\t\t<div class=\"elementor-widget-container\">\n\t\t\t\t\t\t\t<div class=\"elementor-divider\" style=\"--divider-pattern-url: url(&quot;data:image\/svg+xml,%3Csvg xmlns=&#039;http:\/\/www.w3.org\/2000\/svg&#039; preserveAspectRatio=&#039;none&#039; overflow=&#039;visible&#039; height=&#039;100%&#039; viewBox=&#039;0 0 24 24&#039; fill=&#039;none&#039; stroke=&#039;black&#039; stroke-width=&#039;1&#039; stroke-linecap=&#039;square&#039; stroke-miterlimit=&#039;10&#039;%3E%3Cpath d=&#039;M0,21c3.3,0,8.3-0.9,15.7-7.1c6.6-5.4,4.4-9.3,2.4-10.3c-3.4-1.8-7.7,1.3-7.3,8.8C11.2,20,17.1,21,24,21&#039;\/%3E%3C\/svg%3E&quot;);\">\n\t\t\t<span class=\"elementor-divider-separator\">\n\t\t\t\t\t\t<\/span>\n\t\t<\/div>\n\t\t\t\t\t\t<\/div>\n\t\t\t\t<\/div>\n\t\t\t\t<div class=\"elementor-element elementor-element-b46352a elementor-button-danger elementor-align-center elementor-widget elementor-widget-button\" data-id=\"b46352a\" data-element_type=\"widget\" data-e-type=\"widget\" data-widget_type=\"button.default\">\n\t\t\t\t<div class=\"elementor-widget-container\">\n\t\t\t\t\t\t\t\t\t<div class=\"elementor-button-wrapper\">\n\t\t\t\t\t<a class=\"elementor-button elementor-button-link elementor-size-sm\" href=\"https:\/\/www2.unifap.br\/farmacia\/dados-gerais-do-curso\/projeto-politico-pedagogico-do-curso\">\n\t\t\t\t\t\t<span class=\"elementor-button-content-wrapper\">\n\t\t\t\t\t\t\t\t\t<span class=\"elementor-button-text\">PROJETO POL\u00cdTICO PEDAG\u00d3GICO DO CURSO<\/span>\n\t\t\t\t\t<\/span>\n\t\t\t\t\t<\/a>\n\t\t\t\t<\/div>\n\t\t\t\t\t\t\t\t<\/div>\n\t\t\t\t<\/div>\n\t\t\t\t\t<\/div>\n\t\t<\/div>\n\t\t\t\t\t<\/div>\n\t\t<\/section>\n\t\t\t\t<\/div>\n\t\t","protected":false},"excerpt":{"rendered":"<p>VAGAS O Curso de Gradua\u00e7\u00e3o em Ci\u00eancias Farmac\u00eauticas oferecer\u00e1 50 vagas anuais. \u00a0 REGIME DE MATR\u00cdCULA Cr\u00e9dito semestral em m\u00f3dulos de 100 dias letivos. \u00a0 DURA\u00c7\u00c3O DO CURSO O curso ter\u00e1 dura\u00e7\u00e3o de 5.190 horas\/aulas, que dever\u00e3o ser integralizadas em, no m\u00ednimo 10 semestres e no m\u00e1ximo 15 semestres. \u00a0 OBJETIVOS DO CURSO Formar farmac\u00eauticos&#8230;<\/p>\n","protected":false},"author":428,"featured_media":0,"parent":258,"menu_order":0,"comment_status":"open","ping_status":"open","template":"","meta":{"inline_featured_image":false,"site-sidebar-layout":"default","site-content-layout":"default","ast-site-content-layout":"default","site-content-style":"default","site-sidebar-style":"default","ast-global-header-display":"","ast-banner-title-visibility":"","ast-main-header-display":"","ast-hfb-above-header-display":"","ast-hfb-below-header-display":"","ast-hfb-mobile-header-display":"","site-post-title":"","ast-breadcrumbs-content":"","ast-featured-img":"","footer-sml-layout":"","theme-transparent-header-meta":"default","adv-header-id-meta":"","stick-header-meta":"","header-above-stick-meta":"","header-main-stick-meta":"","header-below-stick-meta":"","astra-migrate-meta-layouts":"default","ast-page-background-enabled":"default","ast-page-background-meta":{"desktop":{"background-color":"var(--ast-global-color-4)","background-image":"","background-repeat":"repeat","background-position":"center center","background-size":"auto","background-attachment":"scroll","background-type":"","background-media":"","overlay-type":"","overlay-color":"","overlay-opacity":"","overlay-gradient":""},"tablet":{"background-color":"","background-image":"","background-repeat":"repeat","background-position":"center center","background-size":"auto","background-attachment":"scroll","background-type":"","background-media":"","overlay-type":"","overlay-color":"","overlay-opacity":"","overlay-gradient":""},"mobile":{"background-color":"","background-image":"","background-repeat":"repeat","background-position":"center center","background-size":"auto","background-attachment":"scroll","background-type":"","background-media":"","overlay-type":"","overlay-color":"","overlay-opacity":"","overlay-gradient":""}},"ast-content-background-meta":{"desktop":{"background-color":"var(--ast-global-color-5)","background-image":"","background-repeat":"repeat","background-position":"center center","background-size":"auto","background-attachment":"scroll","background-type":"","background-media":"","overlay-type":"","overlay-color":"","overlay-opacity":"","overlay-gradient":""},"tablet":{"background-color":"var(--ast-global-color-5)","background-image":"","background-repeat":"repeat","background-position":"center center","background-size":"auto","background-attachment":"scroll","background-type":"","background-media":"","overlay-type":"","overlay-color":"","overlay-opacity":"","overlay-gradient":""},"mobile":{"background-color":"var(--ast-global-color-5)","background-image":"","background-repeat":"repeat","background-position":"center center","background-size":"auto","background-attachment":"scroll","background-type":"","background-media":"","overlay-type":"","overlay-color":"","overlay-opacity":"","overlay-gradient":""}},"ngg_post_thumbnail":0,"footnotes":""},"class_list":["post-270","page","type-page","status-publish","hentry"],"_links":{"self":[{"href":"http:\/\/www2.unifap.br\/farmacia\/wp-json\/wp\/v2\/pages\/270","targetHints":{"allow":["GET"]}}],"collection":[{"href":"http:\/\/www2.unifap.br\/farmacia\/wp-json\/wp\/v2\/pages"}],"about":[{"href":"http:\/\/www2.unifap.br\/farmacia\/wp-json\/wp\/v2\/types\/page"}],"author":[{"embeddable":true,"href":"http:\/\/www2.unifap.br\/farmacia\/wp-json\/wp\/v2\/users\/428"}],"replies":[{"embeddable":true,"href":"http:\/\/www2.unifap.br\/farmacia\/wp-json\/wp\/v2\/comments?post=270"}],"version-history":[{"count":28,"href":"http:\/\/www2.unifap.br\/farmacia\/wp-json\/wp\/v2\/pages\/270\/revisions"}],"predecessor-version":[{"id":1113,"href":"http:\/\/www2.unifap.br\/farmacia\/wp-json\/wp\/v2\/pages\/270\/revisions\/1113"}],"up":[{"embeddable":true,"href":"http:\/\/www2.unifap.br\/farmacia\/wp-json\/wp\/v2\/pages\/258"}],"wp:attachment":[{"href":"http:\/\/www2.unifap.br\/farmacia\/wp-json\/wp\/v2\/media?parent=270"}],"curies":[{"name":"wp","href":"https:\/\/api.w.org\/{rel}","templated":true}]}}