{"id":291,"date":"2014-03-26T17:21:16","date_gmt":"2014-03-26T17:21:16","guid":{"rendered":"http:\/\/www2.unifap.br\/farmacia\/?page_id=291"},"modified":"2026-04-09T08:40:34","modified_gmt":"2026-04-09T11:40:34","slug":"coordenacao","status":"publish","type":"page","link":"http:\/\/www2.unifap.br\/farmacia\/coordenacao","title":{"rendered":"Coordena\u00e7\u00e3o do curso"},"content":{"rendered":"\t\t<div data-elementor-type=\"wp-post\" data-elementor-id=\"291\" class=\"elementor elementor-291\">\n\t\t\t\t\t\t<section class=\"elementor-section elementor-top-section elementor-element elementor-element-4adb8a4 elementor-section-boxed elementor-section-height-default elementor-section-height-default\" data-id=\"4adb8a4\" data-element_type=\"section\" data-e-type=\"section\">\n\t\t\t\t\t\t<div class=\"elementor-container elementor-column-gap-default\">\n\t\t\t\t\t<div class=\"elementor-column elementor-col-100 elementor-top-column elementor-element elementor-element-fbd7f9d\" data-id=\"fbd7f9d\" data-element_type=\"column\" data-e-type=\"column\">\n\t\t\t<div class=\"elementor-widget-wrap elementor-element-populated\">\n\t\t\t\t\t\t<div class=\"elementor-element elementor-element-eb1bb59 elementor-tabs-view-horizontal elementor-widget elementor-widget-tabs\" data-id=\"eb1bb59\" data-element_type=\"widget\" data-e-type=\"widget\" data-widget_type=\"tabs.default\">\n\t\t\t\t<div class=\"elementor-widget-container\">\n\t\t\t\t\t\t\t<div class=\"elementor-tabs\">\n\t\t\t<div class=\"elementor-tabs-wrapper\" role=\"tablist\" >\n\t\t\t\t\t\t\t\t\t<div id=\"elementor-tab-title-2461\" class=\"elementor-tab-title elementor-tab-desktop-title\" aria-selected=\"true\" data-tab=\"1\" role=\"tab\" tabindex=\"0\" aria-controls=\"elementor-tab-content-2461\" aria-expanded=\"false\">Coordenador<\/div>\n\t\t\t\t\t\t\t\t\t<div id=\"elementor-tab-title-2462\" class=\"elementor-tab-title elementor-tab-desktop-title\" aria-selected=\"false\" data-tab=\"2\" role=\"tab\" tabindex=\"-1\" aria-controls=\"elementor-tab-content-2462\" aria-expanded=\"false\">Vice-coordenadora<\/div>\n\t\t\t\t\t\t\t\t\t<div id=\"elementor-tab-title-2463\" class=\"elementor-tab-title elementor-tab-desktop-title\" aria-selected=\"false\" data-tab=\"3\" role=\"tab\" tabindex=\"-1\" aria-controls=\"elementor-tab-content-2463\" aria-expanded=\"false\">Atendimento<\/div>\n\t\t\t\t\t\t\t<\/div>\n\t\t\t<div class=\"elementor-tabs-content-wrapper\" role=\"tablist\" aria-orientation=\"vertical\">\n\t\t\t\t\t\t\t\t\t<div class=\"elementor-tab-title elementor-tab-mobile-title\" aria-selected=\"true\" data-tab=\"1\" role=\"tab\" tabindex=\"0\" aria-controls=\"elementor-tab-content-2461\" aria-expanded=\"false\">Coordenador<\/div>\n\t\t\t\t\t<div id=\"elementor-tab-content-2461\" class=\"elementor-tab-content elementor-clearfix\" data-tab=\"1\" role=\"tabpanel\" aria-labelledby=\"elementor-tab-title-2461\" tabindex=\"0\" hidden=\"false\"><p>Prof. Dr. Glauber Vilhena da Costa<\/p>\n<p>Portaria&nbsp;<\/p><\/div>\n\t\t\t\t\t\t\t\t\t<div class=\"elementor-tab-title elementor-tab-mobile-title\" aria-selected=\"false\" data-tab=\"2\" role=\"tab\" tabindex=\"-1\" aria-controls=\"elementor-tab-content-2462\" aria-expanded=\"false\">Vice-coordenadora<\/div>\n\t\t\t\t\t<div id=\"elementor-tab-content-2462\" class=\"elementor-tab-content elementor-clearfix\" data-tab=\"2\" role=\"tabpanel\" aria-labelledby=\"elementor-tab-title-2462\" tabindex=\"0\" hidden=\"hidden\"><p>Profa. Dra. Erika Rodrigues Guimar\u00e3es Costa<\/p><\/div>\n\t\t\t\t\t\t\t\t\t<div class=\"elementor-tab-title elementor-tab-mobile-title\" aria-selected=\"false\" data-tab=\"3\" role=\"tab\" tabindex=\"-1\" aria-controls=\"elementor-tab-content-2463\" aria-expanded=\"false\">Atendimento<\/div>\n\t\t\t\t\t<div id=\"elementor-tab-content-2463\" class=\"elementor-tab-content elementor-clearfix\" data-tab=\"3\" role=\"tabpanel\" aria-labelledby=\"elementor-tab-title-2463\" tabindex=\"0\" hidden=\"hidden\"><p style=\"text-align: center\"><strong>Solicita\u00e7\u00f5es: Secretaria acad\u00eamica do DCBS &#8211; Segundo andar do pr\u00e9dio do DCBS.<\/strong><\/p><p style=\"text-align: center\"><strong>Segunda a Sexta-feira<\/strong><\/p><p style=\"text-align: center\"><strong>Hor\u00e1rio: 8 as 18 h<\/strong><\/p><p style=\"text-align: center\"><strong>E-mail: farmacia@unifap.br<\/strong><\/p><\/div>\n\t\t\t\t\t\t\t<\/div>\n\t\t<\/div>\n\t\t\t\t\t\t<\/div>\n\t\t\t\t<\/div>\n\t\t\t\t\t<\/div>\n\t\t<\/div>\n\t\t\t\t\t<\/div>\n\t\t<\/section>\n\t\t\t\t<\/div>\n\t\t","protected":false},"excerpt":{"rendered":"<p>Coordenador Vice-coordenadora Atendimento Coordenador Prof. Dr. Glauber Vilhena da Costa Portaria&nbsp; Vice-coordenadora Profa. Dra. Erika Rodrigues Guimar\u00e3es Costa Atendimento Solicita\u00e7\u00f5es: Secretaria acad\u00eamica do DCBS &#8211; Segundo andar do pr\u00e9dio do DCBS. Segunda a Sexta-feira Hor\u00e1rio: 8 as 18 h E-mail: farmacia@unifap.br<\/p>\n","protected":false},"author":428,"featured_media":0,"parent":0,"menu_order":0,"comment_status":"open","ping_status":"open","template":"","meta":{"inline_featured_image":false,"site-sidebar-layout":"default","site-content-layout":"default","ast-site-content-layout":"default","site-content-style":"default","site-sidebar-style":"default","ast-global-header-display":"","ast-banner-title-visibility":"","ast-main-header-display":"","ast-hfb-above-header-display":"","ast-hfb-below-header-display":"","ast-hfb-mobile-header-display":"","site-post-title":"","ast-breadcrumbs-content":"","ast-featured-img":"","footer-sml-layout":"","theme-transparent-header-meta":"default","adv-header-id-meta":"","stick-header-meta":"","header-above-stick-meta":"","header-main-stick-meta":"","header-below-stick-meta":"","astra-migrate-meta-layouts":"default","ast-page-background-enabled":"default","ast-page-background-meta":{"desktop":{"background-color":"var(--ast-global-color-4)","background-image":"","background-repeat":"repeat","background-position":"center center","background-size":"auto","background-attachment":"scroll","background-type":"","background-media":"","overlay-type":"","overlay-color":"","overlay-opacity":"","overlay-gradient":""},"tablet":{"background-color":"","background-image":"","background-repeat":"repeat","background-position":"center center","background-size":"auto","background-attachment":"scroll","background-type":"","background-media":"","overlay-type":"","overlay-color":"","overlay-opacity":"","overlay-gradient":""},"mobile":{"background-color":"","background-image":"","background-repeat":"repeat","background-position":"center center","background-size":"auto","background-attachment":"scroll","background-type":"","background-media":"","overlay-type":"","overlay-color":"","overlay-opacity":"","overlay-gradient":""}},"ast-content-background-meta":{"desktop":{"background-color":"var(--ast-global-color-5)","background-image":"","background-repeat":"repeat","background-position":"center center","background-size":"auto","background-attachment":"scroll","background-type":"","background-media":"","overlay-type":"","overlay-color":"","overlay-opacity":"","overlay-gradient":""},"tablet":{"background-color":"var(--ast-global-color-5)","background-image":"","background-repeat":"repeat","background-position":"center center","background-size":"auto","background-attachment":"scroll","background-type":"","background-media":"","overlay-type":"","overlay-color":"","overlay-opacity":"","overlay-gradient":""},"mobile":{"background-color":"var(--ast-global-color-5)","background-image":"","background-repeat":"repeat","background-position":"center center","background-size":"auto","background-attachment":"scroll","background-type":"","background-media":"","overlay-type":"","overlay-color":"","overlay-opacity":"","overlay-gradient":""}},"ngg_post_thumbnail":0,"footnotes":""},"class_list":["post-291","page","type-page","status-publish","hentry"],"_links":{"self":[{"href":"http:\/\/www2.unifap.br\/farmacia\/wp-json\/wp\/v2\/pages\/291","targetHints":{"allow":["GET"]}}],"collection":[{"href":"http:\/\/www2.unifap.br\/farmacia\/wp-json\/wp\/v2\/pages"}],"about":[{"href":"http:\/\/www2.unifap.br\/farmacia\/wp-json\/wp\/v2\/types\/page"}],"author":[{"embeddable":true,"href":"http:\/\/www2.unifap.br\/farmacia\/wp-json\/wp\/v2\/users\/428"}],"replies":[{"embeddable":true,"href":"http:\/\/www2.unifap.br\/farmacia\/wp-json\/wp\/v2\/comments?post=291"}],"version-history":[{"count":29,"href":"http:\/\/www2.unifap.br\/farmacia\/wp-json\/wp\/v2\/pages\/291\/revisions"}],"predecessor-version":[{"id":1440,"href":"http:\/\/www2.unifap.br\/farmacia\/wp-json\/wp\/v2\/pages\/291\/revisions\/1440"}],"wp:attachment":[{"href":"http:\/\/www2.unifap.br\/farmacia\/wp-json\/wp\/v2\/media?parent=291"}],"curies":[{"name":"wp","href":"https:\/\/api.w.org\/{rel}","templated":true}]}}