{"id":588,"date":"2019-06-03T16:33:44","date_gmt":"2019-06-03T19:33:44","guid":{"rendered":"http:\/\/www2.unifap.br\/farmacia\/?page_id=588"},"modified":"2025-05-15T11:47:36","modified_gmt":"2025-05-15T14:47:36","slug":"colacao-de-grau-outorga","status":"publish","type":"page","link":"http:\/\/www2.unifap.br\/farmacia\/colacao-de-grau-outorga","title":{"rendered":"Cola\u00e7\u00e3o de Grau (Outorga)"},"content":{"rendered":"\t\t<div data-elementor-type=\"wp-post\" data-elementor-id=\"588\" class=\"elementor elementor-588\">\n\t\t\t\t\t\t<section class=\"elementor-section elementor-top-section elementor-element elementor-element-5adf5d6 elementor-section-boxed elementor-section-height-default elementor-section-height-default\" data-id=\"5adf5d6\" data-element_type=\"section\" data-e-type=\"section\">\n\t\t\t\t\t\t<div class=\"elementor-container elementor-column-gap-default\">\n\t\t\t\t\t<div class=\"elementor-column elementor-col-100 elementor-top-column elementor-element elementor-element-040af69\" data-id=\"040af69\" data-element_type=\"column\" data-e-type=\"column\">\n\t\t\t<div class=\"elementor-widget-wrap elementor-element-populated\">\n\t\t\t\t\t\t<div class=\"elementor-element elementor-element-29464b4 elementor-widget elementor-widget-heading\" data-id=\"29464b4\" data-element_type=\"widget\" data-e-type=\"widget\" data-widget_type=\"heading.default\">\n\t\t\t\t<div class=\"elementor-widget-container\">\n\t\t\t\t\t<h2 class=\"elementor-heading-title elementor-size-default\">Orienta\u00e7\u00f5es aos discentes:<\/h2>\t\t\t\t<\/div>\n\t\t\t\t<\/div>\n\t\t\t\t\t<\/div>\n\t\t<\/div>\n\t\t\t\t\t<\/div>\n\t\t<\/section>\n\t\t\t\t<section class=\"elementor-section elementor-top-section elementor-element elementor-element-d58033d elementor-section-boxed elementor-section-height-default elementor-section-height-default\" data-id=\"d58033d\" data-element_type=\"section\" data-e-type=\"section\">\n\t\t\t\t\t\t<div class=\"elementor-container elementor-column-gap-default\">\n\t\t\t\t\t<div class=\"elementor-column elementor-col-100 elementor-top-column elementor-element elementor-element-6d5bf1c\" data-id=\"6d5bf1c\" data-element_type=\"column\" data-e-type=\"column\">\n\t\t\t<div class=\"elementor-widget-wrap elementor-element-populated\">\n\t\t\t\t\t\t<div class=\"elementor-element elementor-element-cab0d8a elementor-button-success elementor-align-center elementor-widget elementor-widget-button\" data-id=\"cab0d8a\" data-element_type=\"widget\" data-e-type=\"widget\" data-widget_type=\"button.default\">\n\t\t\t\t<div class=\"elementor-widget-container\">\n\t\t\t\t\t\t\t\t\t<div class=\"elementor-button-wrapper\">\n\t\t\t\t\t<a class=\"elementor-button elementor-button-link elementor-size-sm elementor-animation-pulse\" href=\"#\">\n\t\t\t\t\t\t<span class=\"elementor-button-content-wrapper\">\n\t\t\t\t\t\t\t\t\t<span class=\"elementor-button-text\">REQUERIMENTO PADR\u00c3O<\/span>\n\t\t\t\t\t<\/span>\n\t\t\t\t\t<\/a>\n\t\t\t\t<\/div>\n\t\t\t\t\t\t\t\t<\/div>\n\t\t\t\t<\/div>\n\t\t\t\t<div class=\"elementor-element elementor-element-51004e8 elementor-widget elementor-widget-text-editor\" data-id=\"51004e8\" data-element_type=\"widget\" data-e-type=\"widget\" data-widget_type=\"text-editor.default\">\n\t\t\t\t<div class=\"elementor-widget-container\">\n\t\t\t\t\t\t\t\t\t<h1 style=\"color: #202124;font-family: docs-Roboto;font-size: 14.6667px;font-style: normal;font-weight: 400\">\u00a0<\/h1><h1 style=\"color: #202124;font-family: docs-Roboto;font-size: 14.6667px;font-style: normal;font-weight: 400\"><strong style=\"font-size: 14.6667px\"><u>LISTA DE DOCUMENTOS PARA SOLICITAR A COLA\u00c7\u00c3O DE GRAU<\/u><\/strong><\/h1><h1 style=\"font-family: docs-Roboto;font-size: 14.6667px;font-style: normal\"><span style=\"font-weight: normal\"><u>ANEXAR<\/u><span style=\"font-size: 16px\"><u> OS ARQUIVOS ABAIXO EM PDF \u00daNICO SEGUINDO A ORDEM ABAIXO:<\/u><\/span><\/span><\/h1><div style=\"color: #202124;font-family: docs-Roboto;background-color: #f1f3f4\"><u>\u00a0<\/u><\/div><div style=\"color: #202124;font-family: docs-Roboto;background-color: #f1f3f4\"><u>O ARQUIVO DEVE SER IDENTIFICADO COM O NOME DO(A) ALUNO (A)<\/u><\/div><h2 style=\"color: #202124;font-family: docs-Roboto;font-size: 14.6667px;font-style: normal;font-weight: 400;text-align: center\"><strong>1 &#8211; Requerimento padr\u00e3o (preenchido e assinado pelo(a) discente)<\/strong><\/h2><h2 style=\"color: #202124;font-family: docs-Roboto;font-size: 14.6667px;font-style: normal;font-weight: 400;text-align: center\"><strong>2 &#8211; RG \u2013 frente e verso;<\/strong><\/h2><h2 style=\"color: #202124;font-family: docs-Roboto;font-size: 14.6667px;font-style: normal;font-weight: 400;text-align: center\"><strong>3 &#8211; CPF \u2013 frente e verso;<\/strong><\/h2><h2 style=\"color: #202124;font-family: docs-Roboto;font-size: 14.6667px;font-style: normal;font-weight: 400;text-align: center\"><strong>4 &#8211;\u00a0<span style=\"font-size: 11pt;letter-spacing: 0px\">Comprovante de Resid\u00eancia;<\/span><\/strong><\/h2><h2 style=\"color: #202124;font-family: docs-Roboto;font-size: 14.6667px;font-style: normal;font-weight: 400;text-align: center\"><strong><span style=\"font-size: 11pt;letter-spacing: 0px\">5 -T\u00edtulo eleitoral \u2013 frente e verso;<\/span><\/strong><\/h2><h2 style=\"color: #202124;font-family: docs-Roboto;font-size: 14.6667px;font-style: normal;font-weight: 400;text-align: center\"><strong>6 &#8211;\u00a0<span style=\"font-size: 11pt;letter-spacing: 0px\">Certid\u00e3o de quita\u00e7\u00e3o eleitoral \u2013 TRE;<\/span><\/strong><\/h2><h2 style=\"color: #202124;font-family: docs-Roboto;font-size: 14.6667px;font-style: normal;font-weight: 400;text-align: center\"><strong>7 &#8211; Certificado militar \u2013 frente e verso (apenas para Homens);<\/strong><\/h2><h2 style=\"color: #202124;font-family: docs-Roboto;font-size: 14.6667px;font-style: normal;font-weight: 400;text-align: center\"><strong>8 &#8211; Certid\u00e3o de nascimento e\/ou casamento;<\/strong><\/h2><h2 style=\"color: #202124;font-family: docs-Roboto;font-size: 14.6667px;font-style: normal;font-weight: 400;text-align: center\"><strong><span style=\"font-size: 11pt;letter-spacing: 0px\">9 &#8211; Declara\u00e7\u00e3o de adimpl\u00eancia da biblioteca;<\/span><\/strong><\/h2><h2 style=\"color: #202124;font-family: docs-Roboto;font-size: 14.6667px;font-style: normal;font-weight: 400;text-align: center\"><strong>10 &#8211; Hist\u00f3rico do Ensino M\u00e9dio;<\/strong><\/h2><h2 style=\"color: #202124;font-family: docs-Roboto;font-size: 14.6667px;font-style: normal;font-weight: 400;text-align: center\"><strong>11 &#8211; Certificado de conclus\u00e3o do ensino m\u00e9dio \u2013 frente e verso (Autenticado pela SEED ).<\/strong><\/h2><div><strong>\u00a0<\/strong><\/div><h5><strong>ENVIAR OS DOCUMENTOS PARA A SECRETARIA ACAD\u00caMICA DO DCBS ATRAV\u00c9S DO ENDERE\u00c7O:<\/strong><br \/><span style=\"color: #ff0000\"><u><b>atendimentodcbs@unifap.br<\/b><\/u><\/span><\/h5><div style=\"height: 16px;margin-bottom: 2px;color: #202124;font-family: 'Google Sans', Roboto, RobotoDraft, Helvetica, Arial, sans-serif;font-size: 13px;text-align: start\"><div style=\"clear: both;height: 0px\">\u00a0<\/div><\/div>\t\t\t\t\t\t\t\t<\/div>\n\t\t\t\t<\/div>\n\t\t\t\t\t<\/div>\n\t\t<\/div>\n\t\t\t\t\t<\/div>\n\t\t<\/section>\n\t\t\t\t<section class=\"elementor-section elementor-top-section elementor-element elementor-element-d0b18d4 elementor-section-boxed elementor-section-height-default elementor-section-height-default\" data-id=\"d0b18d4\" data-element_type=\"section\" data-e-type=\"section\">\n\t\t\t\t\t\t<div class=\"elementor-container elementor-column-gap-default\">\n\t\t\t\t\t<div class=\"elementor-column elementor-col-100 elementor-top-column elementor-element elementor-element-74e68ef\" data-id=\"74e68ef\" data-element_type=\"column\" data-e-type=\"column\">\n\t\t\t<div class=\"elementor-widget-wrap elementor-element-populated\">\n\t\t\t\t\t\t<div class=\"elementor-element elementor-element-ef72476 elementor-widget elementor-widget-text-editor\" data-id=\"ef72476\" data-element_type=\"widget\" data-e-type=\"widget\" data-widget_type=\"text-editor.default\">\n\t\t\t\t<div class=\"elementor-widget-container\">\n\t\t\t\t\t\t\t\t\t<p>Lorem ipsum dolor sit amet, consectetur adipiscing elit. Ut elit tellus, luctus nec ullamcorper mattis, pulvinar dapibus leo.<\/p>\t\t\t\t\t\t\t\t<\/div>\n\t\t\t\t<\/div>\n\t\t\t\t\t<\/div>\n\t\t<\/div>\n\t\t\t\t\t<\/div>\n\t\t<\/section>\n\t\t\t\t<section class=\"elementor-section elementor-top-section elementor-element elementor-element-d724869 elementor-section-boxed elementor-section-height-default elementor-section-height-default\" data-id=\"d724869\" data-element_type=\"section\" data-e-type=\"section\">\n\t\t\t\t\t\t<div class=\"elementor-container elementor-column-gap-default\">\n\t\t\t\t\t<div class=\"elementor-column elementor-col-100 elementor-top-column elementor-element elementor-element-a67688c\" data-id=\"a67688c\" data-element_type=\"column\" data-e-type=\"column\">\n\t\t\t<div class=\"elementor-widget-wrap\">\n\t\t\t\t\t\t\t<\/div>\n\t\t<\/div>\n\t\t\t\t\t<\/div>\n\t\t<\/section>\n\t\t\t\t<\/div>\n\t\t","protected":false},"excerpt":{"rendered":"<p>Orienta\u00e7\u00f5es aos discentes: REQUERIMENTO PADR\u00c3O \u00a0 LISTA DE DOCUMENTOS PARA SOLICITAR A COLA\u00c7\u00c3O DE GRAU ANEXAR OS ARQUIVOS ABAIXO EM PDF \u00daNICO SEGUINDO A ORDEM ABAIXO: \u00a0O ARQUIVO DEVE SER IDENTIFICADO COM O NOME DO(A) ALUNO (A) 1 &#8211; Requerimento padr\u00e3o (preenchido e assinado pelo(a) discente) 2 &#8211; RG \u2013 frente e verso; 3 &#8211;&#8230;<\/p>\n","protected":false},"author":205,"featured_media":0,"parent":0,"menu_order":0,"comment_status":"closed","ping_status":"closed","template":"","meta":{"inline_featured_image":false,"site-sidebar-layout":"default","site-content-layout":"","ast-site-content-layout":"default","site-content-style":"default","site-sidebar-style":"default","ast-global-header-display":"","ast-banner-title-visibility":"","ast-main-header-display":"","ast-hfb-above-header-display":"","ast-hfb-below-header-display":"","ast-hfb-mobile-header-display":"","site-post-title":"","ast-breadcrumbs-content":"","ast-featured-img":"","footer-sml-layout":"","theme-transparent-header-meta":"","adv-header-id-meta":"","stick-header-meta":"","header-above-stick-meta":"","header-main-stick-meta":"","header-below-stick-meta":"","astra-migrate-meta-layouts":"default","ast-page-background-enabled":"default","ast-page-background-meta":{"desktop":{"background-color":"var(--ast-global-color-4)","background-image":"","background-repeat":"repeat","background-position":"center center","background-size":"auto","background-attachment":"scroll","background-type":"","background-media":"","overlay-type":"","overlay-color":"","overlay-opacity":"","overlay-gradient":""},"tablet":{"background-color":"","background-image":"","background-repeat":"repeat","background-position":"center center","background-size":"auto","background-attachment":"scroll","background-type":"","background-media":"","overlay-type":"","overlay-color":"","overlay-opacity":"","overlay-gradient":""},"mobile":{"background-color":"","background-image":"","background-repeat":"repeat","background-position":"center center","background-size":"auto","background-attachment":"scroll","background-type":"","background-media":"","overlay-type":"","overlay-color":"","overlay-opacity":"","overlay-gradient":""}},"ast-content-background-meta":{"desktop":{"background-color":"var(--ast-global-color-5)","background-image":"","background-repeat":"repeat","background-position":"center center","background-size":"auto","background-attachment":"scroll","background-type":"","background-media":"","overlay-type":"","overlay-color":"","overlay-opacity":"","overlay-gradient":""},"tablet":{"background-color":"var(--ast-global-color-5)","background-image":"","background-repeat":"repeat","background-position":"center center","background-size":"auto","background-attachment":"scroll","background-type":"","background-media":"","overlay-type":"","overlay-color":"","overlay-opacity":"","overlay-gradient":""},"mobile":{"background-color":"var(--ast-global-color-5)","background-image":"","background-repeat":"repeat","background-position":"center center","background-size":"auto","background-attachment":"scroll","background-type":"","background-media":"","overlay-type":"","overlay-color":"","overlay-opacity":"","overlay-gradient":""}},"ngg_post_thumbnail":0,"footnotes":""},"class_list":["post-588","page","type-page","status-publish","hentry"],"_links":{"self":[{"href":"http:\/\/www2.unifap.br\/farmacia\/wp-json\/wp\/v2\/pages\/588","targetHints":{"allow":["GET"]}}],"collection":[{"href":"http:\/\/www2.unifap.br\/farmacia\/wp-json\/wp\/v2\/pages"}],"about":[{"href":"http:\/\/www2.unifap.br\/farmacia\/wp-json\/wp\/v2\/types\/page"}],"author":[{"embeddable":true,"href":"http:\/\/www2.unifap.br\/farmacia\/wp-json\/wp\/v2\/users\/205"}],"replies":[{"embeddable":true,"href":"http:\/\/www2.unifap.br\/farmacia\/wp-json\/wp\/v2\/comments?post=588"}],"version-history":[{"count":44,"href":"http:\/\/www2.unifap.br\/farmacia\/wp-json\/wp\/v2\/pages\/588\/revisions"}],"predecessor-version":[{"id":1424,"href":"http:\/\/www2.unifap.br\/farmacia\/wp-json\/wp\/v2\/pages\/588\/revisions\/1424"}],"wp:attachment":[{"href":"http:\/\/www2.unifap.br\/farmacia\/wp-json\/wp\/v2\/media?parent=588"}],"curies":[{"name":"wp","href":"https:\/\/api.w.org\/{rel}","templated":true}]}}